{"id":30902,"date":"2025-08-29T21:32:54","date_gmt":"2025-08-29T21:32:54","guid":{"rendered":"https:\/\/crime-passionnel.com\/?post_type=product&#038;p=30902"},"modified":"2026-01-28T19:36:55","modified_gmt":"2026-01-28T19:36:55","slug":"varanasi","status":"publish","type":"product","link":"https:\/\/crime-passionnel.com\/da\/vare\/varanasi\/","title":{"rendered":"Varanasi"},"content":{"rendered":"<p>Varanasi er inspireret af min rejse til Indien i 2017, og den fort\u00e6ller, hvad der er forblevet i mit hjerte, sind, sj\u00e6l og n\u00e6se. Varanasi er et helligt og profant lugtsted, fuld af kontraster og betydninger. Jeg komponerede denne parfume ved at lade mig lede af de viscerale f\u00f8lelser, jeg f\u00f8lte den dag, jeg m\u00e6rkede Ganges' hellige vand i mine h\u00e6nder, jeg pr\u00f8vede at s\u00f8ge i min dufthukommelse og fandt den kilde, hvorfra alt blev skabt.<\/p>\n<p>Varanasi er en olfaktorisk mandala, hvor de akvatiske, animalske og viscerale noter fra Grey Amber vugger vores sj\u00e6l. Ritualet begynder med de varme og r\u00f8de krydrede noter af safran, muskatn\u00f8d og kardemomme. En svimlende tilgang til blomsterhjertet, amuletter af roser og jasmin, en st\u00f8vet og tr\u00e6agtig krop af Ambrette og Cypriol. Som en sadhu d\u00e6kket af hvid aske tager ritualet form blandt de hellige noter af nard, r\u00f8gelse og gurjum.<\/p>\n<p>Parfume bliver en magisk oplevelse uden kompromis. En hvirvlende sang stiger op i Varanasi-natten, templet, skyggerne, der g\u00e5r rundt, Oud, Vetiver og en mystisk l\u00e6derakkord omslutter vores krop. Lyden af ukendte instrumenter. P\u00e5 den langsomme flod kommer daggryet, Varanasi er stedet, hvor spiritualitet sublimerer mennesket. Hvor sj\u00e6le vil fors\u00f8ge at finde tilflugt. Varanasi er en magnetisk duft.<\/p>\n<p>&nbsp;<\/p>\n<p>Ingredienser<\/p>\n<p>Noter: Oud, l\u00e6derakkord, ambergris, gurjum, safran, spikenard, r\u00f8gelse, vetiver, ambrette, cypriol, muskatn\u00f8d, kardemomme, jasmin, rose.<\/p>","protected":false},"excerpt":{"rendered":"<p class=\"p1\">Indiens sj\u00e6l<\/p>","protected":false},"featured_media":31164,"template":"","meta":{"_acf_changed":false},"product_brand":[],"product_cat":[418,15],"product_tag":[],"class_list":{"0":"post-30902","1":"product","2":"type-product","3":"status-publish","4":"has-post-thumbnail","6":"product_cat-new-arrivals","7":"product_cat-perfumes","8":"pa_brands-meo-fusciuni","9":"pa_projection-moderate","10":"pa_sizes-2ml-sample","11":"pa_sizes-100ml","12":"pa_style-woody","13":"pa_style-smoky","15":"first","16":"instock","17":"taxable","18":"shipping-taxable","19":"purchasable","20":"product-type-variable","21":"add-to-wishlist-before_image"},"acf":[],"yoast_head":"<!-- This site is optimized with the Yoast SEO plugin v27.1.1 - https:\/\/yoast.com\/product\/yoast-seo-wordpress\/ -->\n<title>Varanasi Extrait de Parfum - Crime Passionnel Perfumes<\/title>\n<meta name=\"robots\" content=\"index, follow, max-snippet:-1, max-image-preview:large, max-video-preview:-1\" \/>\n<link rel=\"canonical\" href=\"https:\/\/crime-passionnel.com\/da\/vare\/varanasi\/\" \/>\n<meta property=\"og:locale\" content=\"da_DK\" \/>\n<meta property=\"og:type\" content=\"article\" \/>\n<meta property=\"og:title\" content=\"Varanasi Extrait de Parfum - Crime Passionnel Perfumes\" \/>\n<meta property=\"og:description\" content=\"The soul of India\" \/>\n<meta property=\"og:url\" content=\"https:\/\/crime-passionnel.com\/da\/vare\/varanasi\/\" \/>\n<meta property=\"og:site_name\" content=\"Crime Passionnel\" \/>\n<meta property=\"article:publisher\" content=\"https:\/\/www.facebook.com\/crimepassionnel\/\" \/>\n<meta property=\"article:modified_time\" content=\"2026-01-28T19:36:55+00:00\" \/>\n<meta property=\"og:image\" content=\"https:\/\/crime-passionnel.com\/wp-content\/uploads\/2025\/08\/Varanasi-scaled-1.jpg\" \/>\n\t<meta property=\"og:image:width\" content=\"1945\" \/>\n\t<meta property=\"og:image:height\" content=\"2560\" \/>\n\t<meta property=\"og:image:type\" content=\"image\/jpeg\" \/>\n<meta name=\"twitter:card\" content=\"summary_large_image\" \/>\n<meta name=\"twitter:label1\" content=\"Estimeret l\u00e6setid\" \/>\n\t<meta name=\"twitter:data1\" content=\"2 minutter\" \/>\n<script type=\"application\/ld+json\" class=\"yoast-schema-graph\">{\"@context\":\"https:\/\/schema.org\",\"@graph\":[{\"@type\":\"WebPage\",\"@id\":\"https:\/\/crime-passionnel.com\/product\/varanasi\/\",\"url\":\"https:\/\/crime-passionnel.com\/product\/varanasi\/\",\"name\":\"Varanasi Extrait de Parfum - Crime Passionnel Perfumes\",\"isPartOf\":{\"@id\":\"https:\/\/crime-passionnel.com\/#website\"},\"primaryImageOfPage\":{\"@id\":\"https:\/\/crime-passionnel.com\/product\/varanasi\/#primaryimage\"},\"image\":{\"@id\":\"https:\/\/crime-passionnel.com\/product\/varanasi\/#primaryimage\"},\"thumbnailUrl\":\"https:\/\/crime-passionnel.com\/wp-content\/uploads\/2025\/08\/Varanasi-scaled-1.jpg\",\"datePublished\":\"2025-08-29T21:32:54+00:00\",\"dateModified\":\"2026-01-28T19:36:55+00:00\",\"breadcrumb\":{\"@id\":\"https:\/\/crime-passionnel.com\/product\/varanasi\/#breadcrumb\"},\"inLanguage\":\"da-DK\",\"potentialAction\":[{\"@type\":\"ReadAction\",\"target\":[\"https:\/\/crime-passionnel.com\/product\/varanasi\/\"]}]},{\"@type\":\"ImageObject\",\"inLanguage\":\"da-DK\",\"@id\":\"https:\/\/crime-passionnel.com\/product\/varanasi\/#primaryimage\",\"url\":\"https:\/\/crime-passionnel.com\/wp-content\/uploads\/2025\/08\/Varanasi-scaled-1.jpg\",\"contentUrl\":\"https:\/\/crime-passionnel.com\/wp-content\/uploads\/2025\/08\/Varanasi-scaled-1.jpg\",\"width\":1945,\"height\":2560},{\"@type\":\"BreadcrumbList\",\"@id\":\"https:\/\/crime-passionnel.com\/product\/varanasi\/#breadcrumb\",\"itemListElement\":[{\"@type\":\"ListItem\",\"position\":1,\"name\":\"Home\",\"item\":\"https:\/\/crime-passionnel.com\/\"},{\"@type\":\"ListItem\",\"position\":2,\"name\":\"Products\",\"item\":\"https:\/\/crime-passionnel.com\/products\/\"},{\"@type\":\"ListItem\",\"position\":3,\"name\":\"Varanasi\"}]},{\"@type\":\"WebSite\",\"@id\":\"https:\/\/crime-passionnel.com\/#website\",\"url\":\"https:\/\/crime-passionnel.com\/\",\"name\":\"Crime Passionnel\",\"description\":\"\",\"publisher\":{\"@id\":\"https:\/\/crime-passionnel.com\/#organization\"},\"potentialAction\":[{\"@type\":\"SearchAction\",\"target\":{\"@type\":\"EntryPoint\",\"urlTemplate\":\"https:\/\/crime-passionnel.com\/?s={search_term_string}\"},\"query-input\":{\"@type\":\"PropertyValueSpecification\",\"valueRequired\":true,\"valueName\":\"search_term_string\"}}],\"inLanguage\":\"da-DK\"},{\"@type\":\"Organization\",\"@id\":\"https:\/\/crime-passionnel.com\/#organization\",\"name\":\"Crime Passionnel\",\"url\":\"https:\/\/crime-passionnel.com\/\",\"logo\":{\"@type\":\"ImageObject\",\"inLanguage\":\"da-DK\",\"@id\":\"https:\/\/crime-passionnel.com\/#\/schema\/logo\/image\/\",\"url\":\"https:\/\/crime-passionnel.com\/wp-content\/uploads\/2021\/07\/logo.png\",\"contentUrl\":\"https:\/\/crime-passionnel.com\/wp-content\/uploads\/2021\/07\/logo.png\",\"width\":128,\"height\":50,\"caption\":\"Crime Passionnel\"},\"image\":{\"@id\":\"https:\/\/crime-passionnel.com\/#\/schema\/logo\/image\/\"},\"sameAs\":[\"https:\/\/www.facebook.com\/crimepassionnel\/\",\"https:\/\/www.instagram.com\/crime.passionnel\/\"]}]}<\/script>\n<!-- \/ Yoast SEO plugin. -->","yoast_head_json":{"title":"Varanasi Extrait de Parfum - Crime Passionnel Perfumes","robots":{"index":"index","follow":"follow","max-snippet":"max-snippet:-1","max-image-preview":"max-image-preview:large","max-video-preview":"max-video-preview:-1"},"canonical":"https:\/\/crime-passionnel.com\/da\/vare\/varanasi\/","og_locale":"da_DK","og_type":"article","og_title":"Varanasi Extrait de Parfum - Crime Passionnel Perfumes","og_description":"The soul of India","og_url":"https:\/\/crime-passionnel.com\/da\/vare\/varanasi\/","og_site_name":"Crime Passionnel","article_publisher":"https:\/\/www.facebook.com\/crimepassionnel\/","article_modified_time":"2026-01-28T19:36:55+00:00","og_image":[{"width":1945,"height":2560,"url":"https:\/\/crime-passionnel.com\/wp-content\/uploads\/2025\/08\/Varanasi-scaled-1.jpg","type":"image\/jpeg"}],"twitter_card":"summary_large_image","twitter_misc":{"Estimeret l\u00e6setid":"2 minutter"},"schema":{"@context":"https:\/\/schema.org","@graph":[{"@type":"WebPage","@id":"https:\/\/crime-passionnel.com\/product\/varanasi\/","url":"https:\/\/crime-passionnel.com\/product\/varanasi\/","name":"Varanasi Extrait de Parfum - Crime Passionnel Perfumes","isPartOf":{"@id":"https:\/\/crime-passionnel.com\/#website"},"primaryImageOfPage":{"@id":"https:\/\/crime-passionnel.com\/product\/varanasi\/#primaryimage"},"image":{"@id":"https:\/\/crime-passionnel.com\/product\/varanasi\/#primaryimage"},"thumbnailUrl":"https:\/\/crime-passionnel.com\/wp-content\/uploads\/2025\/08\/Varanasi-scaled-1.jpg","datePublished":"2025-08-29T21:32:54+00:00","dateModified":"2026-01-28T19:36:55+00:00","breadcrumb":{"@id":"https:\/\/crime-passionnel.com\/product\/varanasi\/#breadcrumb"},"inLanguage":"da-DK","potentialAction":[{"@type":"ReadAction","target":["https:\/\/crime-passionnel.com\/product\/varanasi\/"]}]},{"@type":"ImageObject","inLanguage":"da-DK","@id":"https:\/\/crime-passionnel.com\/product\/varanasi\/#primaryimage","url":"https:\/\/crime-passionnel.com\/wp-content\/uploads\/2025\/08\/Varanasi-scaled-1.jpg","contentUrl":"https:\/\/crime-passionnel.com\/wp-content\/uploads\/2025\/08\/Varanasi-scaled-1.jpg","width":1945,"height":2560},{"@type":"BreadcrumbList","@id":"https:\/\/crime-passionnel.com\/product\/varanasi\/#breadcrumb","itemListElement":[{"@type":"ListItem","position":1,"name":"Home","item":"https:\/\/crime-passionnel.com\/"},{"@type":"ListItem","position":2,"name":"Products","item":"https:\/\/crime-passionnel.com\/products\/"},{"@type":"ListItem","position":3,"name":"Varanasi"}]},{"@type":"WebSite","@id":"https:\/\/crime-passionnel.com\/#website","url":"https:\/\/crime-passionnel.com\/","name":"Forbrydelse og lidenskab","description":"","publisher":{"@id":"https:\/\/crime-passionnel.com\/#organization"},"potentialAction":[{"@type":"SearchAction","target":{"@type":"EntryPoint","urlTemplate":"https:\/\/crime-passionnel.com\/?s={search_term_string}"},"query-input":{"@type":"PropertyValueSpecification","valueRequired":true,"valueName":"search_term_string"}}],"inLanguage":"da-DK"},{"@type":"Organization","@id":"https:\/\/crime-passionnel.com\/#organization","name":"Forbrydelse og lidenskab","url":"https:\/\/crime-passionnel.com\/","logo":{"@type":"ImageObject","inLanguage":"da-DK","@id":"https:\/\/crime-passionnel.com\/#\/schema\/logo\/image\/","url":"https:\/\/crime-passionnel.com\/wp-content\/uploads\/2021\/07\/logo.png","contentUrl":"https:\/\/crime-passionnel.com\/wp-content\/uploads\/2021\/07\/logo.png","width":128,"height":50,"caption":"Crime Passionnel"},"image":{"@id":"https:\/\/crime-passionnel.com\/#\/schema\/logo\/image\/"},"sameAs":["https:\/\/www.facebook.com\/crimepassionnel\/","https:\/\/www.instagram.com\/crime.passionnel\/"]}]}},"_links":{"self":[{"href":"https:\/\/crime-passionnel.com\/da\/wp-json\/wp\/v2\/product\/30902","targetHints":{"allow":["GET"]}}],"collection":[{"href":"https:\/\/crime-passionnel.com\/da\/wp-json\/wp\/v2\/product"}],"about":[{"href":"https:\/\/crime-passionnel.com\/da\/wp-json\/wp\/v2\/types\/product"}],"wp:featuredmedia":[{"embeddable":true,"href":"https:\/\/crime-passionnel.com\/da\/wp-json\/wp\/v2\/media\/31164"}],"wp:attachment":[{"href":"https:\/\/crime-passionnel.com\/da\/wp-json\/wp\/v2\/media?parent=30902"}],"wp:term":[{"taxonomy":"product_brand","embeddable":true,"href":"https:\/\/crime-passionnel.com\/da\/wp-json\/wp\/v2\/product_brand?post=30902"},{"taxonomy":"product_cat","embeddable":true,"href":"https:\/\/crime-passionnel.com\/da\/wp-json\/wp\/v2\/product_cat?post=30902"},{"taxonomy":"product_tag","embeddable":true,"href":"https:\/\/crime-passionnel.com\/da\/wp-json\/wp\/v2\/product_tag?post=30902"}],"curies":[{"name":"wp","href":"https:\/\/api.w.org\/{rel}","templated":true}]}}