{"id":3036,"date":"2022-01-18T22:46:11","date_gmt":"2022-01-18T22:46:11","guid":{"rendered":"http:\/\/crimepassionnel.nextwebdev.lt\/?post_type=product&#038;p=3036"},"modified":"2026-04-01T19:51:03","modified_gmt":"2026-04-01T19:51:03","slug":"reliqvia","status":"publish","type":"product","link":"https:\/\/crime-passionnel.com\/da\/vare\/reliqvia\/","title":{"rendered":"Reliqvia"},"content":{"rendered":"<p>\"Reliqvia\" stammer fra det latinske verbum \"relinquo\", som betyder \"jeg forlader\". Det latinske udtryk \"reliquiae\" og p\u00e5 gr\u00e6sk \"\u03bb\u03b5\u03af\u03c8\u03b1\u03bd\u03b1\" forst\u00e5s generelt som \"det, der er tilbage\", og henviser til den menneskelige krop eller en del af den. I kristen sammenh\u00e6ng taler vi med dette ord om en del af kroppen eller en genstand, der tilh\u00f8rte Kristus, den hellige jomfru eller de jordiske rester af dem, der er anerkendt som martyrer og helgener, og mere generelt om andre genstande, der har v\u00e6ret i kontakt med deres krop.<br \/>\nEfter hyldesten til Mario Giacomelli med \"Io non ho mani che mi accarezzino il volto\" vender Filippo tilbage til Senegallia for at beskrive et sted, der simpelthen er ekstraordin\u00e6rt, rigt p\u00e5 historie og kunstv\u00e6rker, en stor forvaring af vigtige relikvier fra Kristi lidelseshistorie: \"Det hellige kors' kirke\", der betragtes som en af juvelerne i den italienske barok. Dette oratorium fra 1608 blev bygget af \"Broderskabet for Sakramentet og Det Hellige Kors\", der stadig fungerer i dag, og hvor Filippo er en del af det med specifikke stillinger som organist og kunstnerisk leder.<\/p>\n<p>Reliqvia taler om v\u00e6ggene, der er d\u00e6kket af forgyldt tr\u00e6, fint udsmykket med udsk\u00e6ringer og relieffer, taler om de indhyllede trin mod det store h\u00f8jalter, som et gyldent broderi, hvor statuen af den d\u00f8de Kristus opbevares indeni, et tr\u00e6v\u00e6rk fra det syttende \u00e5rhundrede, der kun er synligt en gang om \u00e5ret. Men han \u00f8nsker ogs\u00e5 p\u00e5 en syn\u00e6stetisk m\u00e5de at indramme altertavlen af Federico Barocci, \"Kristi transport til graven\" , et af de smukkeste v\u00e6rker af maleren fra Urbino udf\u00f8rt i 1582, og som han ogs\u00e5 designede rammen til.<\/p>\n<p>&nbsp;<\/p>\n<p>INGREDIENSER<\/p>\n<p>Topnoter: Elemi, s\u00f8d appelsin, solb\u00e6r, muskatn\u00f8d, noter af r\u00f8g, tobaksblade<\/p>\n<p>Hjertenoter: Appelsinblomst, skotsk fyr, nelliker, lentisk, amyris<\/p>\n<p>Basisnoter: Patchouli, r\u00f8gelse, kashmirtr\u00e6, guajaktr\u00e6, sandeltr\u00e6<\/p>","protected":false},"excerpt":{"rendered":"<p>Skimmelsvamp, r\u00f8gelse og gotisk m\u00f8rke<\/p>","protected":false},"featured_media":4189,"template":"","meta":{"_acf_changed":false},"product_brand":[],"product_cat":[15],"product_tag":[],"class_list":{"0":"post-3036","1":"product","2":"type-product","3":"status-publish","4":"has-post-thumbnail","6":"product_cat-perfumes","7":"pa_brands-unum","8":"pa_projection-moderate","9":"pa_sizes-2ml-sample","10":"pa_sizes-100ml","11":"pa_style-oriental","12":"pa_style-woody","14":"first","15":"instock","16":"taxable","17":"shipping-taxable","18":"purchasable","19":"product-type-variable","20":"add-to-wishlist-before_image"},"acf":[],"yoast_head":"<!-- This site is optimized with the Yoast SEO plugin v27.1.1 - https:\/\/yoast.com\/product\/yoast-seo-wordpress\/ -->\n<title>Reliqvia Extrait de Parfum - Crime Passionnel Perfumes<\/title>\n<meta name=\"description\" content=\"Reliqvia speaks of the walls covered in gilded wood, finely decorated with carvings, speaks of the incensed steps towards the great high altar.\" \/>\n<meta name=\"robots\" content=\"index, follow, max-snippet:-1, max-image-preview:large, max-video-preview:-1\" \/>\n<link rel=\"canonical\" href=\"https:\/\/crime-passionnel.com\/da\/vare\/reliqvia\/\" \/>\n<meta property=\"og:locale\" content=\"da_DK\" \/>\n<meta property=\"og:type\" content=\"article\" \/>\n<meta property=\"og:title\" content=\"Reliqvia Extrait de Parfum - Crime Passionnel Perfumes\" \/>\n<meta property=\"og:description\" content=\"Reliqvia speaks of the walls covered in gilded wood, finely decorated with carvings, speaks of the incensed steps towards the great high altar.\" \/>\n<meta property=\"og:url\" content=\"https:\/\/crime-passionnel.com\/da\/vare\/reliqvia\/\" \/>\n<meta property=\"og:site_name\" content=\"Crime Passionnel\" \/>\n<meta property=\"article:publisher\" content=\"https:\/\/www.facebook.com\/crimepassionnel\/\" \/>\n<meta property=\"article:modified_time\" content=\"2026-04-01T19:51:03+00:00\" \/>\n<meta property=\"og:image\" content=\"https:\/\/crime-passionnel.com\/wp-content\/uploads\/2022\/01\/RELIQVIA-scaled.jpg\" \/>\n\t<meta property=\"og:image:width\" content=\"1459\" \/>\n\t<meta property=\"og:image:height\" content=\"1920\" \/>\n\t<meta property=\"og:image:type\" content=\"image\/jpeg\" \/>\n<meta name=\"twitter:card\" content=\"summary_large_image\" \/>\n<meta name=\"twitter:label1\" content=\"Estimeret l\u00e6setid\" \/>\n\t<meta name=\"twitter:data1\" content=\"2 minutter\" \/>\n<script type=\"application\/ld+json\" class=\"yoast-schema-graph\">{\"@context\":\"https:\/\/schema.org\",\"@graph\":[{\"@type\":\"WebPage\",\"@id\":\"https:\/\/crime-passionnel.com\/product\/reliqvia\/\",\"url\":\"https:\/\/crime-passionnel.com\/product\/reliqvia\/\",\"name\":\"Reliqvia Extrait de Parfum - Crime Passionnel Perfumes\",\"isPartOf\":{\"@id\":\"https:\/\/crime-passionnel.com\/#website\"},\"primaryImageOfPage\":{\"@id\":\"https:\/\/crime-passionnel.com\/product\/reliqvia\/#primaryimage\"},\"image\":{\"@id\":\"https:\/\/crime-passionnel.com\/product\/reliqvia\/#primaryimage\"},\"thumbnailUrl\":\"https:\/\/crime-passionnel.com\/wp-content\/uploads\/2022\/01\/RELIQVIA-scaled.jpg\",\"datePublished\":\"2022-01-18T22:46:11+00:00\",\"dateModified\":\"2026-04-01T19:51:03+00:00\",\"description\":\"Reliqvia speaks of the walls covered in gilded wood, finely decorated with carvings, speaks of the incensed steps towards the great high altar.\",\"breadcrumb\":{\"@id\":\"https:\/\/crime-passionnel.com\/product\/reliqvia\/#breadcrumb\"},\"inLanguage\":\"da-DK\",\"potentialAction\":[{\"@type\":\"ReadAction\",\"target\":[\"https:\/\/crime-passionnel.com\/product\/reliqvia\/\"]}]},{\"@type\":\"ImageObject\",\"inLanguage\":\"da-DK\",\"@id\":\"https:\/\/crime-passionnel.com\/product\/reliqvia\/#primaryimage\",\"url\":\"https:\/\/crime-passionnel.com\/wp-content\/uploads\/2022\/01\/RELIQVIA-scaled.jpg\",\"contentUrl\":\"https:\/\/crime-passionnel.com\/wp-content\/uploads\/2022\/01\/RELIQVIA-scaled.jpg\",\"width\":1459,\"height\":1920,\"caption\":\"Reliqvia Extrait de Parfum\"},{\"@type\":\"BreadcrumbList\",\"@id\":\"https:\/\/crime-passionnel.com\/product\/reliqvia\/#breadcrumb\",\"itemListElement\":[{\"@type\":\"ListItem\",\"position\":1,\"name\":\"Home\",\"item\":\"https:\/\/crime-passionnel.com\/\"},{\"@type\":\"ListItem\",\"position\":2,\"name\":\"Products\",\"item\":\"https:\/\/crime-passionnel.com\/products\/\"},{\"@type\":\"ListItem\",\"position\":3,\"name\":\"Reliqvia\"}]},{\"@type\":\"WebSite\",\"@id\":\"https:\/\/crime-passionnel.com\/#website\",\"url\":\"https:\/\/crime-passionnel.com\/\",\"name\":\"Crime Passionnel\",\"description\":\"\",\"publisher\":{\"@id\":\"https:\/\/crime-passionnel.com\/#organization\"},\"potentialAction\":[{\"@type\":\"SearchAction\",\"target\":{\"@type\":\"EntryPoint\",\"urlTemplate\":\"https:\/\/crime-passionnel.com\/?s={search_term_string}\"},\"query-input\":{\"@type\":\"PropertyValueSpecification\",\"valueRequired\":true,\"valueName\":\"search_term_string\"}}],\"inLanguage\":\"da-DK\"},{\"@type\":\"Organization\",\"@id\":\"https:\/\/crime-passionnel.com\/#organization\",\"name\":\"Crime Passionnel\",\"url\":\"https:\/\/crime-passionnel.com\/\",\"logo\":{\"@type\":\"ImageObject\",\"inLanguage\":\"da-DK\",\"@id\":\"https:\/\/crime-passionnel.com\/#\/schema\/logo\/image\/\",\"url\":\"https:\/\/crime-passionnel.com\/wp-content\/uploads\/2021\/07\/logo.png\",\"contentUrl\":\"https:\/\/crime-passionnel.com\/wp-content\/uploads\/2021\/07\/logo.png\",\"width\":128,\"height\":50,\"caption\":\"Crime Passionnel\"},\"image\":{\"@id\":\"https:\/\/crime-passionnel.com\/#\/schema\/logo\/image\/\"},\"sameAs\":[\"https:\/\/www.facebook.com\/crimepassionnel\/\",\"https:\/\/www.instagram.com\/crime.passionnel\/\"]}]}<\/script>\n<!-- \/ Yoast SEO plugin. -->","yoast_head_json":{"title":"Reliqvia Extrait de Parfum - Crime Passionnel Perfumes","description":"Reliqvia speaks of the walls covered in gilded wood, finely decorated with carvings, speaks of the incensed steps towards the great high altar.","robots":{"index":"index","follow":"follow","max-snippet":"max-snippet:-1","max-image-preview":"max-image-preview:large","max-video-preview":"max-video-preview:-1"},"canonical":"https:\/\/crime-passionnel.com\/da\/vare\/reliqvia\/","og_locale":"da_DK","og_type":"article","og_title":"Reliqvia Extrait de Parfum - Crime Passionnel Perfumes","og_description":"Reliqvia speaks of the walls covered in gilded wood, finely decorated with carvings, speaks of the incensed steps towards the great high altar.","og_url":"https:\/\/crime-passionnel.com\/da\/vare\/reliqvia\/","og_site_name":"Crime Passionnel","article_publisher":"https:\/\/www.facebook.com\/crimepassionnel\/","article_modified_time":"2026-04-01T19:51:03+00:00","og_image":[{"width":1459,"height":1920,"url":"https:\/\/crime-passionnel.com\/wp-content\/uploads\/2022\/01\/RELIQVIA-scaled.jpg","type":"image\/jpeg"}],"twitter_card":"summary_large_image","twitter_misc":{"Estimeret l\u00e6setid":"2 minutter"},"schema":{"@context":"https:\/\/schema.org","@graph":[{"@type":"WebPage","@id":"https:\/\/crime-passionnel.com\/product\/reliqvia\/","url":"https:\/\/crime-passionnel.com\/product\/reliqvia\/","name":"Reliqvia Extrait de Parfum - Crime Passionnel Perfumes","isPartOf":{"@id":"https:\/\/crime-passionnel.com\/#website"},"primaryImageOfPage":{"@id":"https:\/\/crime-passionnel.com\/product\/reliqvia\/#primaryimage"},"image":{"@id":"https:\/\/crime-passionnel.com\/product\/reliqvia\/#primaryimage"},"thumbnailUrl":"https:\/\/crime-passionnel.com\/wp-content\/uploads\/2022\/01\/RELIQVIA-scaled.jpg","datePublished":"2022-01-18T22:46:11+00:00","dateModified":"2026-04-01T19:51:03+00:00","description":"Reliqvia speaks of the walls covered in gilded wood, finely decorated with carvings, speaks of the incensed steps towards the great high altar.","breadcrumb":{"@id":"https:\/\/crime-passionnel.com\/product\/reliqvia\/#breadcrumb"},"inLanguage":"da-DK","potentialAction":[{"@type":"ReadAction","target":["https:\/\/crime-passionnel.com\/product\/reliqvia\/"]}]},{"@type":"ImageObject","inLanguage":"da-DK","@id":"https:\/\/crime-passionnel.com\/product\/reliqvia\/#primaryimage","url":"https:\/\/crime-passionnel.com\/wp-content\/uploads\/2022\/01\/RELIQVIA-scaled.jpg","contentUrl":"https:\/\/crime-passionnel.com\/wp-content\/uploads\/2022\/01\/RELIQVIA-scaled.jpg","width":1459,"height":1920,"caption":"Reliqvia Extrait de Parfum"},{"@type":"BreadcrumbList","@id":"https:\/\/crime-passionnel.com\/product\/reliqvia\/#breadcrumb","itemListElement":[{"@type":"ListItem","position":1,"name":"Home","item":"https:\/\/crime-passionnel.com\/"},{"@type":"ListItem","position":2,"name":"Products","item":"https:\/\/crime-passionnel.com\/products\/"},{"@type":"ListItem","position":3,"name":"Reliqvia"}]},{"@type":"WebSite","@id":"https:\/\/crime-passionnel.com\/#website","url":"https:\/\/crime-passionnel.com\/","name":"Forbrydelse og lidenskab","description":"","publisher":{"@id":"https:\/\/crime-passionnel.com\/#organization"},"potentialAction":[{"@type":"SearchAction","target":{"@type":"EntryPoint","urlTemplate":"https:\/\/crime-passionnel.com\/?s={search_term_string}"},"query-input":{"@type":"PropertyValueSpecification","valueRequired":true,"valueName":"search_term_string"}}],"inLanguage":"da-DK"},{"@type":"Organization","@id":"https:\/\/crime-passionnel.com\/#organization","name":"Forbrydelse og lidenskab","url":"https:\/\/crime-passionnel.com\/","logo":{"@type":"ImageObject","inLanguage":"da-DK","@id":"https:\/\/crime-passionnel.com\/#\/schema\/logo\/image\/","url":"https:\/\/crime-passionnel.com\/wp-content\/uploads\/2021\/07\/logo.png","contentUrl":"https:\/\/crime-passionnel.com\/wp-content\/uploads\/2021\/07\/logo.png","width":128,"height":50,"caption":"Crime Passionnel"},"image":{"@id":"https:\/\/crime-passionnel.com\/#\/schema\/logo\/image\/"},"sameAs":["https:\/\/www.facebook.com\/crimepassionnel\/","https:\/\/www.instagram.com\/crime.passionnel\/"]}]}},"_links":{"self":[{"href":"https:\/\/crime-passionnel.com\/da\/wp-json\/wp\/v2\/product\/3036","targetHints":{"allow":["GET"]}}],"collection":[{"href":"https:\/\/crime-passionnel.com\/da\/wp-json\/wp\/v2\/product"}],"about":[{"href":"https:\/\/crime-passionnel.com\/da\/wp-json\/wp\/v2\/types\/product"}],"wp:featuredmedia":[{"embeddable":true,"href":"https:\/\/crime-passionnel.com\/da\/wp-json\/wp\/v2\/media\/4189"}],"wp:attachment":[{"href":"https:\/\/crime-passionnel.com\/da\/wp-json\/wp\/v2\/media?parent=3036"}],"wp:term":[{"taxonomy":"product_brand","embeddable":true,"href":"https:\/\/crime-passionnel.com\/da\/wp-json\/wp\/v2\/product_brand?post=3036"},{"taxonomy":"product_cat","embeddable":true,"href":"https:\/\/crime-passionnel.com\/da\/wp-json\/wp\/v2\/product_cat?post=3036"},{"taxonomy":"product_tag","embeddable":true,"href":"https:\/\/crime-passionnel.com\/da\/wp-json\/wp\/v2\/product_tag?post=3036"}],"curies":[{"name":"wp","href":"https:\/\/api.w.org\/{rel}","templated":true}]}}