{"id":3021,"date":"2022-01-18T21:58:40","date_gmt":"2022-01-18T21:58:40","guid":{"rendered":"http:\/\/crimepassionnel.nextwebdev.lt\/?post_type=product&#038;p=3021"},"modified":"2026-05-14T18:33:55","modified_gmt":"2026-05-14T18:33:55","slug":"io-non-ho-mani-che-mi-accarezzino-il-volto","status":"publish","type":"product","link":"https:\/\/crime-passionnel.com\/da\/vare\/io-non-ho-mani-che-mi-accarezzino-il-volto\/","title":{"rendered":"Io Non Ho Mani Che Mi Accarezzino il Volto"},"content":{"rendered":"<p>En hyldest til fotografen Mario Giacomelli, hvis stil og geni Filippo genkender:<\/p>\n<p>\u201dJeg var fascineret af ham med det samme. Hans hvide h\u00e5r, der stod ham om hovedet som en sky, cigaren han r\u00f8g p\u00e5, hans duft af tobak og bl\u00e6k.\u201d \u2013 Filippo Sorcinelli.\nDet var disse pr\u00e6cise ord, og tanker, der blev oversat til parfume.<\/p>\n<p>&nbsp;<\/p>\n<p>INGREDIENSER<\/p>\n<p>Topnoter: Petitgrain. Bergamot. Galbanum. Myrra.<\/p>\n<p>Mellemnoter: Cedertr\u00e6. Geranium. Salvie. Kanelblade. Styrax. Ylang-Ylang.<\/p>\n<p>Basenoter: R\u00f8gelse. Benzoin. Tonka b\u00f8nner. Tobak abs. Ambroxan. Sandeltr\u00e6.<\/p>","protected":false},"excerpt":{"rendered":"<p>Kanel \/ Bl\u00e6k \/ Tobak \/ L\u00e6der<\/p>","protected":false},"featured_media":4192,"template":"","meta":{"_acf_changed":false},"product_brand":[],"product_cat":[15],"product_tag":[],"class_list":{"0":"post-3021","1":"product","2":"type-product","3":"status-publish","4":"has-post-thumbnail","6":"product_cat-perfumes","7":"pa_brands-unum","8":"pa_projection-stron","9":"pa_sizes-100ml","10":"pa_sizes-2ml-sample","11":"pa_style-oriental","12":"pa_style-spicy","13":"pa_style-woody","15":"first","16":"instock","17":"taxable","18":"shipping-taxable","19":"purchasable","20":"product-type-variable","21":"add-to-wishlist-before_image"},"acf":[],"yoast_head":"<!-- This site is optimized with the Yoast SEO plugin v27.5 - https:\/\/yoast.com\/product\/yoast-seo-wordpress\/ -->\n<title>Io Non Ho Mani Che Mi Accarezzino il Volto Extrait de Parfum<\/title>\n<meta name=\"description\" content=\"The name of the fragrance is the same as the project carried out in the Seminar of Senigallia among the young in the dress cloth.\" \/>\n<meta name=\"robots\" content=\"index, follow, max-snippet:-1, max-image-preview:large, max-video-preview:-1\" \/>\n<link rel=\"canonical\" href=\"https:\/\/crime-passionnel.com\/da\/vare\/io-non-ho-mani-che-mi-accarezzino-il-volto\/\" \/>\n<meta property=\"og:locale\" content=\"da_DK\" \/>\n<meta property=\"og:type\" content=\"article\" \/>\n<meta property=\"og:title\" content=\"Io Non Ho Mani Che Mi Accarezzino il Volto Extrait de Parfum\" \/>\n<meta property=\"og:description\" content=\"The name of the fragrance is the same as the project carried out in the Seminar of Senigallia among the young in the dress cloth.\" \/>\n<meta property=\"og:url\" content=\"https:\/\/crime-passionnel.com\/da\/vare\/io-non-ho-mani-che-mi-accarezzino-il-volto\/\" \/>\n<meta property=\"og:site_name\" content=\"Crime Passionnel\" \/>\n<meta property=\"article:publisher\" content=\"https:\/\/www.facebook.com\/crimepassionnel\/\" \/>\n<meta property=\"article:modified_time\" content=\"2026-05-14T18:33:55+00:00\" \/>\n<meta property=\"og:image\" content=\"https:\/\/crime-passionnel.com\/wp-content\/uploads\/2022\/01\/IO-NON-HO-MANI-7-scaled.jpg\" \/>\n\t<meta property=\"og:image:width\" content=\"1459\" \/>\n\t<meta property=\"og:image:height\" content=\"1920\" \/>\n\t<meta property=\"og:image:type\" content=\"image\/jpeg\" \/>\n<meta name=\"twitter:card\" content=\"summary_large_image\" \/>\n<meta name=\"twitter:label1\" content=\"Estimeret l\u00e6setid\" \/>\n\t<meta name=\"twitter:data1\" content=\"1 minut\" \/>\n<script type=\"application\/ld+json\" class=\"yoast-schema-graph\">{\"@context\":\"https:\\\/\\\/schema.org\",\"@graph\":[{\"@type\":\"WebPage\",\"@id\":\"https:\\\/\\\/crime-passionnel.com\\\/product\\\/io-non-ho-mani-che-mi-accarezzino-il-volto\\\/\",\"url\":\"https:\\\/\\\/crime-passionnel.com\\\/product\\\/io-non-ho-mani-che-mi-accarezzino-il-volto\\\/\",\"name\":\"Io Non Ho Mani Che Mi Accarezzino il Volto Extrait de Parfum\",\"isPartOf\":{\"@id\":\"https:\\\/\\\/crime-passionnel.com\\\/#website\"},\"primaryImageOfPage\":{\"@id\":\"https:\\\/\\\/crime-passionnel.com\\\/product\\\/io-non-ho-mani-che-mi-accarezzino-il-volto\\\/#primaryimage\"},\"image\":{\"@id\":\"https:\\\/\\\/crime-passionnel.com\\\/product\\\/io-non-ho-mani-che-mi-accarezzino-il-volto\\\/#primaryimage\"},\"thumbnailUrl\":\"https:\\\/\\\/crime-passionnel.com\\\/wp-content\\\/uploads\\\/2022\\\/01\\\/IO-NON-HO-MANI-7-scaled.jpg\",\"datePublished\":\"2022-01-18T21:58:40+00:00\",\"dateModified\":\"2026-05-14T18:33:55+00:00\",\"description\":\"The name of the fragrance is the same as the project carried out in the Seminar of Senigallia among the young in the dress cloth.\",\"breadcrumb\":{\"@id\":\"https:\\\/\\\/crime-passionnel.com\\\/product\\\/io-non-ho-mani-che-mi-accarezzino-il-volto\\\/#breadcrumb\"},\"inLanguage\":\"da-DK\",\"potentialAction\":[{\"@type\":\"ReadAction\",\"target\":[\"https:\\\/\\\/crime-passionnel.com\\\/product\\\/io-non-ho-mani-che-mi-accarezzino-il-volto\\\/\"]}]},{\"@type\":\"ImageObject\",\"inLanguage\":\"da-DK\",\"@id\":\"https:\\\/\\\/crime-passionnel.com\\\/product\\\/io-non-ho-mani-che-mi-accarezzino-il-volto\\\/#primaryimage\",\"url\":\"https:\\\/\\\/crime-passionnel.com\\\/wp-content\\\/uploads\\\/2022\\\/01\\\/IO-NON-HO-MANI-7-scaled.jpg\",\"contentUrl\":\"https:\\\/\\\/crime-passionnel.com\\\/wp-content\\\/uploads\\\/2022\\\/01\\\/IO-NON-HO-MANI-7-scaled.jpg\",\"width\":1459,\"height\":1920,\"caption\":\"Io Non Ho Mani Che Mi Accarezzino il Volto\"},{\"@type\":\"BreadcrumbList\",\"@id\":\"https:\\\/\\\/crime-passionnel.com\\\/product\\\/io-non-ho-mani-che-mi-accarezzino-il-volto\\\/#breadcrumb\",\"itemListElement\":[{\"@type\":\"ListItem\",\"position\":1,\"name\":\"Home\",\"item\":\"https:\\\/\\\/crime-passionnel.com\\\/\"},{\"@type\":\"ListItem\",\"position\":2,\"name\":\"Products\",\"item\":\"https:\\\/\\\/crime-passionnel.com\\\/products\\\/\"},{\"@type\":\"ListItem\",\"position\":3,\"name\":\"Io Non Ho Mani Che Mi Accarezzino il Volto\"}]},{\"@type\":\"WebSite\",\"@id\":\"https:\\\/\\\/crime-passionnel.com\\\/#website\",\"url\":\"https:\\\/\\\/crime-passionnel.com\\\/\",\"name\":\"Crime Passionnel\",\"description\":\"\",\"publisher\":{\"@id\":\"https:\\\/\\\/crime-passionnel.com\\\/#organization\"},\"potentialAction\":[{\"@type\":\"SearchAction\",\"target\":{\"@type\":\"EntryPoint\",\"urlTemplate\":\"https:\\\/\\\/crime-passionnel.com\\\/?s={search_term_string}\"},\"query-input\":{\"@type\":\"PropertyValueSpecification\",\"valueRequired\":true,\"valueName\":\"search_term_string\"}}],\"inLanguage\":\"da-DK\"},{\"@type\":\"Organization\",\"@id\":\"https:\\\/\\\/crime-passionnel.com\\\/#organization\",\"name\":\"Crime Passionnel\",\"url\":\"https:\\\/\\\/crime-passionnel.com\\\/\",\"logo\":{\"@type\":\"ImageObject\",\"inLanguage\":\"da-DK\",\"@id\":\"https:\\\/\\\/crime-passionnel.com\\\/#\\\/schema\\\/logo\\\/image\\\/\",\"url\":\"https:\\\/\\\/crime-passionnel.com\\\/wp-content\\\/uploads\\\/2021\\\/07\\\/logo.png\",\"contentUrl\":\"https:\\\/\\\/crime-passionnel.com\\\/wp-content\\\/uploads\\\/2021\\\/07\\\/logo.png\",\"width\":128,\"height\":50,\"caption\":\"Crime Passionnel\"},\"image\":{\"@id\":\"https:\\\/\\\/crime-passionnel.com\\\/#\\\/schema\\\/logo\\\/image\\\/\"},\"sameAs\":[\"https:\\\/\\\/www.facebook.com\\\/crimepassionnel\\\/\",\"https:\\\/\\\/www.instagram.com\\\/crime.passionnel\\\/\"]}]}<\/script>\n<!-- \/ Yoast SEO plugin. -->","yoast_head_json":{"title":"Io Non Ho Mani Che Mi Accarezzino il Volto Extrait de Parfum","description":"Navnet p\u00e5 duften er det samme som det projekt, der blev gennemf\u00f8rt p\u00e5 seminaret i Senigallia blandt de unge i kl\u00e6dedragten.","robots":{"index":"index","follow":"follow","max-snippet":"max-snippet:-1","max-image-preview":"max-image-preview:large","max-video-preview":"max-video-preview:-1"},"canonical":"https:\/\/crime-passionnel.com\/da\/vare\/io-non-ho-mani-che-mi-accarezzino-il-volto\/","og_locale":"da_DK","og_type":"article","og_title":"Io Non Ho Mani Che Mi Accarezzino il Volto Extrait de Parfum","og_description":"The name of the fragrance is the same as the project carried out in the Seminar of Senigallia among the young in the dress cloth.","og_url":"https:\/\/crime-passionnel.com\/da\/vare\/io-non-ho-mani-che-mi-accarezzino-il-volto\/","og_site_name":"Crime Passionnel","article_publisher":"https:\/\/www.facebook.com\/crimepassionnel\/","article_modified_time":"2026-05-14T18:33:55+00:00","og_image":[{"width":1459,"height":1920,"url":"https:\/\/crime-passionnel.com\/wp-content\/uploads\/2022\/01\/IO-NON-HO-MANI-7-scaled.jpg","type":"image\/jpeg"}],"twitter_card":"summary_large_image","twitter_misc":{"Estimeret l\u00e6setid":"1 minut"},"schema":{"@context":"https:\/\/schema.org","@graph":[{"@type":"WebPage","@id":"https:\/\/crime-passionnel.com\/product\/io-non-ho-mani-che-mi-accarezzino-il-volto\/","url":"https:\/\/crime-passionnel.com\/product\/io-non-ho-mani-che-mi-accarezzino-il-volto\/","name":"Io Non Ho Mani Che Mi Accarezzino il Volto Extrait de Parfum","isPartOf":{"@id":"https:\/\/crime-passionnel.com\/#website"},"primaryImageOfPage":{"@id":"https:\/\/crime-passionnel.com\/product\/io-non-ho-mani-che-mi-accarezzino-il-volto\/#primaryimage"},"image":{"@id":"https:\/\/crime-passionnel.com\/product\/io-non-ho-mani-che-mi-accarezzino-il-volto\/#primaryimage"},"thumbnailUrl":"https:\/\/crime-passionnel.com\/wp-content\/uploads\/2022\/01\/IO-NON-HO-MANI-7-scaled.jpg","datePublished":"2022-01-18T21:58:40+00:00","dateModified":"2026-05-14T18:33:55+00:00","description":"Navnet p\u00e5 duften er det samme som det projekt, der blev gennemf\u00f8rt p\u00e5 seminaret i Senigallia blandt de unge i kl\u00e6dedragten.","breadcrumb":{"@id":"https:\/\/crime-passionnel.com\/product\/io-non-ho-mani-che-mi-accarezzino-il-volto\/#breadcrumb"},"inLanguage":"da-DK","potentialAction":[{"@type":"ReadAction","target":["https:\/\/crime-passionnel.com\/product\/io-non-ho-mani-che-mi-accarezzino-il-volto\/"]}]},{"@type":"ImageObject","inLanguage":"da-DK","@id":"https:\/\/crime-passionnel.com\/product\/io-non-ho-mani-che-mi-accarezzino-il-volto\/#primaryimage","url":"https:\/\/crime-passionnel.com\/wp-content\/uploads\/2022\/01\/IO-NON-HO-MANI-7-scaled.jpg","contentUrl":"https:\/\/crime-passionnel.com\/wp-content\/uploads\/2022\/01\/IO-NON-HO-MANI-7-scaled.jpg","width":1459,"height":1920,"caption":"Io Non Ho Mani Che Mi Accarezzino il Volto"},{"@type":"BreadcrumbList","@id":"https:\/\/crime-passionnel.com\/product\/io-non-ho-mani-che-mi-accarezzino-il-volto\/#breadcrumb","itemListElement":[{"@type":"ListItem","position":1,"name":"Home","item":"https:\/\/crime-passionnel.com\/"},{"@type":"ListItem","position":2,"name":"Products","item":"https:\/\/crime-passionnel.com\/products\/"},{"@type":"ListItem","position":3,"name":"Io Non Ho Mani Che Mi Accarezzino il Volto"}]},{"@type":"WebSite","@id":"https:\/\/crime-passionnel.com\/#website","url":"https:\/\/crime-passionnel.com\/","name":"Forbrydelse og lidenskab","description":"","publisher":{"@id":"https:\/\/crime-passionnel.com\/#organization"},"potentialAction":[{"@type":"SearchAction","target":{"@type":"EntryPoint","urlTemplate":"https:\/\/crime-passionnel.com\/?s={search_term_string}"},"query-input":{"@type":"PropertyValueSpecification","valueRequired":true,"valueName":"search_term_string"}}],"inLanguage":"da-DK"},{"@type":"Organization","@id":"https:\/\/crime-passionnel.com\/#organization","name":"Forbrydelse og lidenskab","url":"https:\/\/crime-passionnel.com\/","logo":{"@type":"ImageObject","inLanguage":"da-DK","@id":"https:\/\/crime-passionnel.com\/#\/schema\/logo\/image\/","url":"https:\/\/crime-passionnel.com\/wp-content\/uploads\/2021\/07\/logo.png","contentUrl":"https:\/\/crime-passionnel.com\/wp-content\/uploads\/2021\/07\/logo.png","width":128,"height":50,"caption":"Crime Passionnel"},"image":{"@id":"https:\/\/crime-passionnel.com\/#\/schema\/logo\/image\/"},"sameAs":["https:\/\/www.facebook.com\/crimepassionnel\/","https:\/\/www.instagram.com\/crime.passionnel\/"]}]}},"_links":{"self":[{"href":"https:\/\/crime-passionnel.com\/da\/wp-json\/wp\/v2\/product\/3021","targetHints":{"allow":["GET"]}}],"collection":[{"href":"https:\/\/crime-passionnel.com\/da\/wp-json\/wp\/v2\/product"}],"about":[{"href":"https:\/\/crime-passionnel.com\/da\/wp-json\/wp\/v2\/types\/product"}],"wp:featuredmedia":[{"embeddable":true,"href":"https:\/\/crime-passionnel.com\/da\/wp-json\/wp\/v2\/media\/4192"}],"wp:attachment":[{"href":"https:\/\/crime-passionnel.com\/da\/wp-json\/wp\/v2\/media?parent=3021"}],"wp:term":[{"taxonomy":"product_brand","embeddable":true,"href":"https:\/\/crime-passionnel.com\/da\/wp-json\/wp\/v2\/product_brand?post=3021"},{"taxonomy":"product_cat","embeddable":true,"href":"https:\/\/crime-passionnel.com\/da\/wp-json\/wp\/v2\/product_cat?post=3021"},{"taxonomy":"product_tag","embeddable":true,"href":"https:\/\/crime-passionnel.com\/da\/wp-json\/wp\/v2\/product_tag?post=3021"}],"curies":[{"name":"wp","href":"https:\/\/api.w.org\/{rel}","templated":true}]}}