{"id":30117,"date":"2025-06-26T15:31:31","date_gmt":"2025-06-26T15:31:31","guid":{"rendered":"https:\/\/crime-passionnel.com\/?post_type=product&#038;p=30117"},"modified":"2026-05-04T13:38:05","modified_gmt":"2026-05-04T13:38:05","slug":"sea-my-love","status":"publish","type":"product","link":"https:\/\/crime-passionnel.com\/da\/vare\/sea-my-love\/","title":{"rendered":"Havet min k\u00e6rlighed"},"content":{"rendered":"<div class=\"page\" title=\"Side 6\">\n<div class=\"section\">\n<div class=\"layoutArea\">\n<div class=\"column\">\n<div class=\"page\" title=\"Side 7\">\n<div class=\"layoutArea\">\n<div class=\"column\">\n<div class=\"page\" title=\"Side 2\">\n<div class=\"layoutArea\">\n<div class=\"column\">\n<p>Sea My Love tr\u00e6kker inspiration fra havets mystiske dybder og ufattelige hemmeligheder, der gemmer p\u00e5 legenderne om s\u00f8slangen. Et fascinerende v\u00e6sen og regent over havet afgrunde. S\u00e5 dybt nede, at solens str\u00e5ler m\u00e5 give op, glitrer dens sk\u00e6l med et evigt \u00e6terisk lys, der reflekterer \u00e5rtusinders hemmeligheder \u2013 ikke engang b\u00f8lgerne t\u00f8r hviske.<\/p>\n<p>Som solen g\u00e5r ned, og horisonten eksploderer i et spektakul\u00e6rt display af koboltbl\u00e5 og gyldne nuancer, holder havet vejret. Pludselige vibrationer spreder sig b\u00f8lgerne, med en s\u00e5dan intensitet, at det virker naturligt, at en bestialsk styrke st\u00e5r bag.<\/p>\n<p>Den fantastiske S\u00f8slange bryder overfladen, og sk\u00e6rer sig igennem de skummende vandmasser med hypnotisk elegance. Dets bev\u00e6gelser v\u00e6kker kraftfulde str\u00f8mme til live og skaber undervands storme og hvirvelvinde af glemte f\u00f8lelser. Blink og han er v\u00e6k. Hans majest\u00e6tiske tilstedev\u00e6relse varer kun momenter, s\u00e5 dykker han ned igen, hvor han kan forsvare sit rige og fortsat vogte over havets dybest hemmeligheder.<\/p>\n<p>Myte eller realitet? Det f\u00e5r vi aldrig at vide.<\/p>\n<p class=\"translation-block\">Sea My Love er en duft hvor r\u00e5styrke, lys og det sofistikerede, leger med str\u00f8mhvirvler og modvind. Hud-l\u00e6der, animalsk sukker, jasmin-oxygen, saltet mandarin, musket amber; disse kombinationer af nye og intense noter fort\u00e6ller os om k\u00e6rlighed, storhed, frig\u00f8relse og styrke.<\/p>\n<p>&nbsp;<\/p>\n<p>INGREDIENSER<\/p>\n<\/div>\n<\/div>\n<\/div>\n<\/div>\n<\/div>\n<\/div>\n<\/div>\n<\/div>\n<\/div>\n<\/div>\n<p>Topnoter: Mandarin, Salt<\/p>\n<p>Hjertenoter: L\u00e6der, Jasmin, Marinenoter<\/p>\n<p>Basenoter: Amber, Musk, Patchouli, Benzoin<\/p>","protected":false},"excerpt":{"rendered":"<div class=\"page\" title=\"Side 2\">\n<div class=\"layoutArea\">\n<div class=\"column\">\n<p>Havets hemmelighedsfulde dybder<\/p>\n<\/div>\n<\/div>\n<\/div>","protected":false},"featured_media":30123,"template":"","meta":{"_acf_changed":false},"product_brand":[],"product_cat":[418,15],"product_tag":[],"class_list":{"0":"post-30117","1":"product","2":"type-product","3":"status-publish","4":"has-post-thumbnail","6":"product_cat-new-arrivals","7":"product_cat-perfumes","8":"pa_brands-strphane-humbert-lucas","9":"pa_projection-moderate","10":"pa_sizes-2ml-sample","11":"pa_sizes-50ml","12":"pa_style-fresh","13":"pa_style-marine","15":"first","16":"instock","17":"taxable","18":"shipping-taxable","19":"purchasable","20":"product-type-variable","21":"add-to-wishlist-before_image"},"acf":[],"yoast_head":"<!-- This site is optimized with the Yoast SEO plugin v27.5 - https:\/\/yoast.com\/product\/yoast-seo-wordpress\/ -->\n<title>Sea My Love Eau de Parfum - Crime Passionnel<\/title>\n<meta name=\"description\" content=\"God of Fire perfume is inspired from the legend of Xiuhtecuhtli, god of fire, creator of all life, day and light in the Aztec mythology.\" \/>\n<meta name=\"robots\" content=\"index, follow, max-snippet:-1, max-image-preview:large, max-video-preview:-1\" \/>\n<link rel=\"canonical\" href=\"https:\/\/crime-passionnel.com\/da\/vare\/sea-my-love\/\" \/>\n<meta property=\"og:locale\" content=\"da_DK\" \/>\n<meta property=\"og:type\" content=\"article\" \/>\n<meta property=\"og:title\" content=\"Sea My Love Eau de Parfum - Crime Passionnel\" \/>\n<meta property=\"og:description\" content=\"God of Fire perfume is inspired from the legend of Xiuhtecuhtli, god of fire, creator of all life, day and light in the Aztec mythology.\" \/>\n<meta property=\"og:url\" content=\"https:\/\/crime-passionnel.com\/da\/vare\/sea-my-love\/\" \/>\n<meta property=\"og:site_name\" content=\"Crime Passionnel\" \/>\n<meta property=\"article:publisher\" content=\"https:\/\/www.facebook.com\/crimepassionnel\/\" \/>\n<meta property=\"article:modified_time\" content=\"2026-05-04T13:38:05+00:00\" \/>\n<meta property=\"og:image\" content=\"https:\/\/crime-passionnel.com\/wp-content\/uploads\/2025\/06\/Sea-My-Love-scaled.jpg\" \/>\n\t<meta property=\"og:image:width\" content=\"1945\" \/>\n\t<meta property=\"og:image:height\" content=\"2560\" \/>\n\t<meta property=\"og:image:type\" content=\"image\/jpeg\" \/>\n<meta name=\"twitter:card\" content=\"summary_large_image\" \/>\n<meta name=\"twitter:label1\" content=\"Estimeret l\u00e6setid\" \/>\n\t<meta name=\"twitter:data1\" content=\"2 minutter\" \/>\n<script type=\"application\/ld+json\" class=\"yoast-schema-graph\">{\"@context\":\"https:\\\/\\\/schema.org\",\"@graph\":[{\"@type\":\"WebPage\",\"@id\":\"https:\\\/\\\/crime-passionnel.com\\\/product\\\/sea-my-love\\\/\",\"url\":\"https:\\\/\\\/crime-passionnel.com\\\/product\\\/sea-my-love\\\/\",\"name\":\"Sea My Love Eau de Parfum - Crime Passionnel\",\"isPartOf\":{\"@id\":\"https:\\\/\\\/crime-passionnel.com\\\/#website\"},\"primaryImageOfPage\":{\"@id\":\"https:\\\/\\\/crime-passionnel.com\\\/product\\\/sea-my-love\\\/#primaryimage\"},\"image\":{\"@id\":\"https:\\\/\\\/crime-passionnel.com\\\/product\\\/sea-my-love\\\/#primaryimage\"},\"thumbnailUrl\":\"https:\\\/\\\/crime-passionnel.com\\\/wp-content\\\/uploads\\\/2025\\\/06\\\/Sea-My-Love-scaled.jpg\",\"datePublished\":\"2025-06-26T15:31:31+00:00\",\"dateModified\":\"2026-05-04T13:38:05+00:00\",\"description\":\"God of Fire perfume is inspired from the legend of Xiuhtecuhtli, god of fire, creator of all life, day and light in the Aztec mythology.\",\"breadcrumb\":{\"@id\":\"https:\\\/\\\/crime-passionnel.com\\\/product\\\/sea-my-love\\\/#breadcrumb\"},\"inLanguage\":\"da-DK\",\"potentialAction\":[{\"@type\":\"ReadAction\",\"target\":[\"https:\\\/\\\/crime-passionnel.com\\\/product\\\/sea-my-love\\\/\"]}]},{\"@type\":\"ImageObject\",\"inLanguage\":\"da-DK\",\"@id\":\"https:\\\/\\\/crime-passionnel.com\\\/product\\\/sea-my-love\\\/#primaryimage\",\"url\":\"https:\\\/\\\/crime-passionnel.com\\\/wp-content\\\/uploads\\\/2025\\\/06\\\/Sea-My-Love-scaled.jpg\",\"contentUrl\":\"https:\\\/\\\/crime-passionnel.com\\\/wp-content\\\/uploads\\\/2025\\\/06\\\/Sea-My-Love-scaled.jpg\",\"width\":1945,\"height\":2560,\"caption\":\"Sea-My-Love\"},{\"@type\":\"BreadcrumbList\",\"@id\":\"https:\\\/\\\/crime-passionnel.com\\\/product\\\/sea-my-love\\\/#breadcrumb\",\"itemListElement\":[{\"@type\":\"ListItem\",\"position\":1,\"name\":\"Home\",\"item\":\"https:\\\/\\\/crime-passionnel.com\\\/\"},{\"@type\":\"ListItem\",\"position\":2,\"name\":\"Products\",\"item\":\"https:\\\/\\\/crime-passionnel.com\\\/products\\\/\"},{\"@type\":\"ListItem\",\"position\":3,\"name\":\"Sea My Love\"}]},{\"@type\":\"WebSite\",\"@id\":\"https:\\\/\\\/crime-passionnel.com\\\/#website\",\"url\":\"https:\\\/\\\/crime-passionnel.com\\\/\",\"name\":\"Crime Passionnel\",\"description\":\"\",\"publisher\":{\"@id\":\"https:\\\/\\\/crime-passionnel.com\\\/#organization\"},\"potentialAction\":[{\"@type\":\"SearchAction\",\"target\":{\"@type\":\"EntryPoint\",\"urlTemplate\":\"https:\\\/\\\/crime-passionnel.com\\\/?s={search_term_string}\"},\"query-input\":{\"@type\":\"PropertyValueSpecification\",\"valueRequired\":true,\"valueName\":\"search_term_string\"}}],\"inLanguage\":\"da-DK\"},{\"@type\":\"Organization\",\"@id\":\"https:\\\/\\\/crime-passionnel.com\\\/#organization\",\"name\":\"Crime Passionnel\",\"url\":\"https:\\\/\\\/crime-passionnel.com\\\/\",\"logo\":{\"@type\":\"ImageObject\",\"inLanguage\":\"da-DK\",\"@id\":\"https:\\\/\\\/crime-passionnel.com\\\/#\\\/schema\\\/logo\\\/image\\\/\",\"url\":\"https:\\\/\\\/crime-passionnel.com\\\/wp-content\\\/uploads\\\/2021\\\/07\\\/logo.png\",\"contentUrl\":\"https:\\\/\\\/crime-passionnel.com\\\/wp-content\\\/uploads\\\/2021\\\/07\\\/logo.png\",\"width\":128,\"height\":50,\"caption\":\"Crime Passionnel\"},\"image\":{\"@id\":\"https:\\\/\\\/crime-passionnel.com\\\/#\\\/schema\\\/logo\\\/image\\\/\"},\"sameAs\":[\"https:\\\/\\\/www.facebook.com\\\/crimepassionnel\\\/\",\"https:\\\/\\\/www.instagram.com\\\/crime.passionnel\\\/\"]}]}<\/script>\n<!-- \/ Yoast SEO plugin. -->","yoast_head_json":{"title":"Sea My Love Eau de Parfum - Crime Passionnel","description":"God of Fire-parfumen er inspireret af legenden om Xiuhtecuhtli, ildens gud, skaberen af alt liv, dag og lys i den aztekiske mytologi.","robots":{"index":"index","follow":"follow","max-snippet":"max-snippet:-1","max-image-preview":"max-image-preview:large","max-video-preview":"max-video-preview:-1"},"canonical":"https:\/\/crime-passionnel.com\/da\/vare\/sea-my-love\/","og_locale":"da_DK","og_type":"article","og_title":"Sea My Love Eau de Parfum - Crime Passionnel","og_description":"God of Fire perfume is inspired from the legend of Xiuhtecuhtli, god of fire, creator of all life, day and light in the Aztec mythology.","og_url":"https:\/\/crime-passionnel.com\/da\/vare\/sea-my-love\/","og_site_name":"Crime Passionnel","article_publisher":"https:\/\/www.facebook.com\/crimepassionnel\/","article_modified_time":"2026-05-04T13:38:05+00:00","og_image":[{"width":1945,"height":2560,"url":"https:\/\/crime-passionnel.com\/wp-content\/uploads\/2025\/06\/Sea-My-Love-scaled.jpg","type":"image\/jpeg"}],"twitter_card":"summary_large_image","twitter_misc":{"Estimeret l\u00e6setid":"2 minutter"},"schema":{"@context":"https:\/\/schema.org","@graph":[{"@type":"WebPage","@id":"https:\/\/crime-passionnel.com\/product\/sea-my-love\/","url":"https:\/\/crime-passionnel.com\/product\/sea-my-love\/","name":"Sea My Love Eau de Parfum - Crime Passionnel","isPartOf":{"@id":"https:\/\/crime-passionnel.com\/#website"},"primaryImageOfPage":{"@id":"https:\/\/crime-passionnel.com\/product\/sea-my-love\/#primaryimage"},"image":{"@id":"https:\/\/crime-passionnel.com\/product\/sea-my-love\/#primaryimage"},"thumbnailUrl":"https:\/\/crime-passionnel.com\/wp-content\/uploads\/2025\/06\/Sea-My-Love-scaled.jpg","datePublished":"2025-06-26T15:31:31+00:00","dateModified":"2026-05-04T13:38:05+00:00","description":"God of Fire-parfumen er inspireret af legenden om Xiuhtecuhtli, ildens gud, skaberen af alt liv, dag og lys i den aztekiske mytologi.","breadcrumb":{"@id":"https:\/\/crime-passionnel.com\/product\/sea-my-love\/#breadcrumb"},"inLanguage":"da-DK","potentialAction":[{"@type":"ReadAction","target":["https:\/\/crime-passionnel.com\/product\/sea-my-love\/"]}]},{"@type":"ImageObject","inLanguage":"da-DK","@id":"https:\/\/crime-passionnel.com\/product\/sea-my-love\/#primaryimage","url":"https:\/\/crime-passionnel.com\/wp-content\/uploads\/2025\/06\/Sea-My-Love-scaled.jpg","contentUrl":"https:\/\/crime-passionnel.com\/wp-content\/uploads\/2025\/06\/Sea-My-Love-scaled.jpg","width":1945,"height":2560,"caption":"Sea-My-Love"},{"@type":"BreadcrumbList","@id":"https:\/\/crime-passionnel.com\/product\/sea-my-love\/#breadcrumb","itemListElement":[{"@type":"ListItem","position":1,"name":"Home","item":"https:\/\/crime-passionnel.com\/"},{"@type":"ListItem","position":2,"name":"Products","item":"https:\/\/crime-passionnel.com\/products\/"},{"@type":"ListItem","position":3,"name":"Sea My Love"}]},{"@type":"WebSite","@id":"https:\/\/crime-passionnel.com\/#website","url":"https:\/\/crime-passionnel.com\/","name":"Forbrydelse og lidenskab","description":"","publisher":{"@id":"https:\/\/crime-passionnel.com\/#organization"},"potentialAction":[{"@type":"SearchAction","target":{"@type":"EntryPoint","urlTemplate":"https:\/\/crime-passionnel.com\/?s={search_term_string}"},"query-input":{"@type":"PropertyValueSpecification","valueRequired":true,"valueName":"search_term_string"}}],"inLanguage":"da-DK"},{"@type":"Organization","@id":"https:\/\/crime-passionnel.com\/#organization","name":"Forbrydelse og lidenskab","url":"https:\/\/crime-passionnel.com\/","logo":{"@type":"ImageObject","inLanguage":"da-DK","@id":"https:\/\/crime-passionnel.com\/#\/schema\/logo\/image\/","url":"https:\/\/crime-passionnel.com\/wp-content\/uploads\/2021\/07\/logo.png","contentUrl":"https:\/\/crime-passionnel.com\/wp-content\/uploads\/2021\/07\/logo.png","width":128,"height":50,"caption":"Crime Passionnel"},"image":{"@id":"https:\/\/crime-passionnel.com\/#\/schema\/logo\/image\/"},"sameAs":["https:\/\/www.facebook.com\/crimepassionnel\/","https:\/\/www.instagram.com\/crime.passionnel\/"]}]}},"_links":{"self":[{"href":"https:\/\/crime-passionnel.com\/da\/wp-json\/wp\/v2\/product\/30117","targetHints":{"allow":["GET"]}}],"collection":[{"href":"https:\/\/crime-passionnel.com\/da\/wp-json\/wp\/v2\/product"}],"about":[{"href":"https:\/\/crime-passionnel.com\/da\/wp-json\/wp\/v2\/types\/product"}],"wp:featuredmedia":[{"embeddable":true,"href":"https:\/\/crime-passionnel.com\/da\/wp-json\/wp\/v2\/media\/30123"}],"wp:attachment":[{"href":"https:\/\/crime-passionnel.com\/da\/wp-json\/wp\/v2\/media?parent=30117"}],"wp:term":[{"taxonomy":"product_brand","embeddable":true,"href":"https:\/\/crime-passionnel.com\/da\/wp-json\/wp\/v2\/product_brand?post=30117"},{"taxonomy":"product_cat","embeddable":true,"href":"https:\/\/crime-passionnel.com\/da\/wp-json\/wp\/v2\/product_cat?post=30117"},{"taxonomy":"product_tag","embeddable":true,"href":"https:\/\/crime-passionnel.com\/da\/wp-json\/wp\/v2\/product_tag?post=30117"}],"curies":[{"name":"wp","href":"https:\/\/api.w.org\/{rel}","templated":true}]}}