{"id":29898,"date":"2025-06-04T20:34:50","date_gmt":"2025-06-04T20:34:50","guid":{"rendered":"https:\/\/crime-passionnel.com\/?post_type=product&#038;p=29898"},"modified":"2026-04-01T07:22:18","modified_gmt":"2026-04-01T07:22:18","slug":"pistache","status":"publish","type":"product","link":"https:\/\/crime-passionnel.com\/da\/vare\/pistache\/","title":{"rendered":"Pistache"},"content":{"rendered":"<div class=\"page\" title=\"Side 4\">\n<div class=\"layoutArea\">\n<div class=\"column\">\n<p>Italiensk pistacie er her pr\u00e6senteret fl\u00f8jlsbl\u00f8dt og fortryllende med s\u00f8dme og dybde.<\/p>\n<p>Med Pistache pr\u00e6senterer Laurent Mazzone en original og fantastisk fortolkning af en sj\u00e6lden ingrediens; nemlig italiensk pistacie. Her fremvist i al sin aromatiske righed og dybde.<\/p>\n<p>Tro til \u00e5nden af \u201cLes Eaux Pures\u201d kollektionen bringer denne kreation n\u00f8gleingrediensen frem i sin reneste form, opl\u00f8ftet og forst\u00f8rret med pr\u00e6cision og n\u00e6nsomhed.<\/p>\n<p>Fra f\u00f8rste note tr\u00e6der pistacien frem med sin raffinerede teksturer, der fremkalder en n\u00e6rmest taktil fornemmelse af bl\u00f8dhed. M\u00f8rk kakao og kaffe bringer elegance og intensitet til kompositionen. Et strejf af hvide blomster introducerer en lysende kontrast, der afbalancerer de ristede accenter p\u00e5 fineste vis. Slutteligt indfinder et pust af musk sig, der elegant afrunder helheden.<\/p>\n<\/div>\n<\/div>\n<\/div>\n<p>&nbsp;<\/p>\n<p>INGREDIENSER<\/p>\n<p>Topnoter: Pistaciecreme<\/p>\n<p>Hjertenoter: Kakao abs, Kaffe abs, Hvide blomster<\/p>\n<p>Basenoter: Tonka b\u00f8nner abs, Sandeltr\u00e6, Musk<\/p>","protected":false},"excerpt":{"rendered":"<div class=\"page\" title=\"Side 4\">\n<div class=\"layoutArea\">\n<div class=\"column\">\n<p>Italiensk pistacie<\/p>\n<\/div>\n<\/div>\n<\/div>","protected":false},"featured_media":29906,"template":"","meta":{"_acf_changed":false},"product_brand":[],"product_cat":[418,15],"product_tag":[],"class_list":{"0":"post-29898","1":"product","2":"type-product","3":"status-publish","4":"has-post-thumbnail","6":"product_cat-new-arrivals","7":"product_cat-perfumes","8":"pa_brands-lm-parfums","9":"pa_projection-intimate-closer-to-skin","10":"pa_sizes-2ml-sample","11":"pa_sizes-100ml","12":"pa_style-sweet","13":"pa_style-gourmand","15":"first","16":"instock","17":"taxable","18":"shipping-taxable","19":"purchasable","20":"product-type-variable","21":"add-to-wishlist-before_image"},"acf":[],"yoast_head":"<!-- This site is optimized with the Yoast SEO plugin v27.1.1 - https:\/\/yoast.com\/product\/yoast-seo-wordpress\/ -->\n<title>Pistache Eau de Parfum - Crime Passionnel Perfumes Online<\/title>\n<meta name=\"description\" content=\"Aqua Zenzero by Laurent Mazzone Parfums is a whirlwind of spices that sweeps you away. A fiery score, in which ginger shines as bright as ever.\" \/>\n<meta name=\"robots\" content=\"index, follow, max-snippet:-1, max-image-preview:large, max-video-preview:-1\" \/>\n<link rel=\"canonical\" href=\"https:\/\/crime-passionnel.com\/da\/vare\/pistache\/\" \/>\n<meta property=\"og:locale\" content=\"da_DK\" \/>\n<meta property=\"og:type\" content=\"article\" \/>\n<meta property=\"og:title\" content=\"Pistache Eau de Parfum - Crime Passionnel Perfumes Online\" \/>\n<meta property=\"og:description\" content=\"Aqua Zenzero by Laurent Mazzone Parfums is a whirlwind of spices that sweeps you away. A fiery score, in which ginger shines as bright as ever.\" \/>\n<meta property=\"og:url\" content=\"https:\/\/crime-passionnel.com\/da\/vare\/pistache\/\" \/>\n<meta property=\"og:site_name\" content=\"Crime Passionnel\" \/>\n<meta property=\"article:publisher\" content=\"https:\/\/www.facebook.com\/crimepassionnel\/\" \/>\n<meta property=\"article:modified_time\" content=\"2026-04-01T07:22:18+00:00\" \/>\n<meta property=\"og:image\" content=\"https:\/\/crime-passionnel.com\/wp-content\/uploads\/2025\/06\/Pistache-scaled.jpg\" \/>\n\t<meta property=\"og:image:width\" content=\"1945\" \/>\n\t<meta property=\"og:image:height\" content=\"2560\" \/>\n\t<meta property=\"og:image:type\" content=\"image\/jpeg\" \/>\n<meta name=\"twitter:card\" content=\"summary_large_image\" \/>\n<meta name=\"twitter:label1\" content=\"Estimeret l\u00e6setid\" \/>\n\t<meta name=\"twitter:data1\" content=\"2 minutter\" \/>\n<script type=\"application\/ld+json\" class=\"yoast-schema-graph\">{\"@context\":\"https:\/\/schema.org\",\"@graph\":[{\"@type\":\"WebPage\",\"@id\":\"https:\/\/crime-passionnel.com\/product\/pistache\/\",\"url\":\"https:\/\/crime-passionnel.com\/product\/pistache\/\",\"name\":\"Pistache Eau de Parfum - Crime Passionnel Perfumes Online\",\"isPartOf\":{\"@id\":\"https:\/\/crime-passionnel.com\/#website\"},\"primaryImageOfPage\":{\"@id\":\"https:\/\/crime-passionnel.com\/product\/pistache\/#primaryimage\"},\"image\":{\"@id\":\"https:\/\/crime-passionnel.com\/product\/pistache\/#primaryimage\"},\"thumbnailUrl\":\"https:\/\/crime-passionnel.com\/wp-content\/uploads\/2025\/06\/Pistache-scaled.jpg\",\"datePublished\":\"2025-06-04T20:34:50+00:00\",\"dateModified\":\"2026-04-01T07:22:18+00:00\",\"description\":\"Aqua Zenzero by Laurent Mazzone Parfums is a whirlwind of spices that sweeps you away. A fiery score, in which ginger shines as bright as ever.\",\"breadcrumb\":{\"@id\":\"https:\/\/crime-passionnel.com\/product\/pistache\/#breadcrumb\"},\"inLanguage\":\"da-DK\",\"potentialAction\":[{\"@type\":\"ReadAction\",\"target\":[\"https:\/\/crime-passionnel.com\/product\/pistache\/\"]}]},{\"@type\":\"ImageObject\",\"inLanguage\":\"da-DK\",\"@id\":\"https:\/\/crime-passionnel.com\/product\/pistache\/#primaryimage\",\"url\":\"https:\/\/crime-passionnel.com\/wp-content\/uploads\/2025\/06\/Pistache-scaled.jpg\",\"contentUrl\":\"https:\/\/crime-passionnel.com\/wp-content\/uploads\/2025\/06\/Pistache-scaled.jpg\",\"width\":1945,\"height\":2560,\"caption\":\"Pistache\"},{\"@type\":\"BreadcrumbList\",\"@id\":\"https:\/\/crime-passionnel.com\/product\/pistache\/#breadcrumb\",\"itemListElement\":[{\"@type\":\"ListItem\",\"position\":1,\"name\":\"Home\",\"item\":\"https:\/\/crime-passionnel.com\/\"},{\"@type\":\"ListItem\",\"position\":2,\"name\":\"Products\",\"item\":\"https:\/\/crime-passionnel.com\/products\/\"},{\"@type\":\"ListItem\",\"position\":3,\"name\":\"Pistache\"}]},{\"@type\":\"WebSite\",\"@id\":\"https:\/\/crime-passionnel.com\/#website\",\"url\":\"https:\/\/crime-passionnel.com\/\",\"name\":\"Crime Passionnel\",\"description\":\"\",\"publisher\":{\"@id\":\"https:\/\/crime-passionnel.com\/#organization\"},\"potentialAction\":[{\"@type\":\"SearchAction\",\"target\":{\"@type\":\"EntryPoint\",\"urlTemplate\":\"https:\/\/crime-passionnel.com\/?s={search_term_string}\"},\"query-input\":{\"@type\":\"PropertyValueSpecification\",\"valueRequired\":true,\"valueName\":\"search_term_string\"}}],\"inLanguage\":\"da-DK\"},{\"@type\":\"Organization\",\"@id\":\"https:\/\/crime-passionnel.com\/#organization\",\"name\":\"Crime Passionnel\",\"url\":\"https:\/\/crime-passionnel.com\/\",\"logo\":{\"@type\":\"ImageObject\",\"inLanguage\":\"da-DK\",\"@id\":\"https:\/\/crime-passionnel.com\/#\/schema\/logo\/image\/\",\"url\":\"https:\/\/crime-passionnel.com\/wp-content\/uploads\/2021\/07\/logo.png\",\"contentUrl\":\"https:\/\/crime-passionnel.com\/wp-content\/uploads\/2021\/07\/logo.png\",\"width\":128,\"height\":50,\"caption\":\"Crime Passionnel\"},\"image\":{\"@id\":\"https:\/\/crime-passionnel.com\/#\/schema\/logo\/image\/\"},\"sameAs\":[\"https:\/\/www.facebook.com\/crimepassionnel\/\",\"https:\/\/www.instagram.com\/crime.passionnel\/\"]}]}<\/script>\n<!-- \/ Yoast SEO plugin. -->","yoast_head_json":{"title":"Pistache Eau de Parfum - Crime Passionnel Perfumes Online","description":"Aqua Zenzero by Laurent Mazzone Parfums is a whirlwind of spices that sweeps you away. A fiery score, in which ginger shines as bright as ever.","robots":{"index":"index","follow":"follow","max-snippet":"max-snippet:-1","max-image-preview":"max-image-preview:large","max-video-preview":"max-video-preview:-1"},"canonical":"https:\/\/crime-passionnel.com\/da\/vare\/pistache\/","og_locale":"da_DK","og_type":"article","og_title":"Pistache Eau de Parfum - Crime Passionnel Perfumes Online","og_description":"Aqua Zenzero by Laurent Mazzone Parfums is a whirlwind of spices that sweeps you away. A fiery score, in which ginger shines as bright as ever.","og_url":"https:\/\/crime-passionnel.com\/da\/vare\/pistache\/","og_site_name":"Crime Passionnel","article_publisher":"https:\/\/www.facebook.com\/crimepassionnel\/","article_modified_time":"2026-04-01T07:22:18+00:00","og_image":[{"width":1945,"height":2560,"url":"https:\/\/crime-passionnel.com\/wp-content\/uploads\/2025\/06\/Pistache-scaled.jpg","type":"image\/jpeg"}],"twitter_card":"summary_large_image","twitter_misc":{"Estimeret l\u00e6setid":"2 minutter"},"schema":{"@context":"https:\/\/schema.org","@graph":[{"@type":"WebPage","@id":"https:\/\/crime-passionnel.com\/product\/pistache\/","url":"https:\/\/crime-passionnel.com\/product\/pistache\/","name":"Pistache Eau de Parfum - Crime Passionnel Perfumes Online","isPartOf":{"@id":"https:\/\/crime-passionnel.com\/#website"},"primaryImageOfPage":{"@id":"https:\/\/crime-passionnel.com\/product\/pistache\/#primaryimage"},"image":{"@id":"https:\/\/crime-passionnel.com\/product\/pistache\/#primaryimage"},"thumbnailUrl":"https:\/\/crime-passionnel.com\/wp-content\/uploads\/2025\/06\/Pistache-scaled.jpg","datePublished":"2025-06-04T20:34:50+00:00","dateModified":"2026-04-01T07:22:18+00:00","description":"Aqua Zenzero by Laurent Mazzone Parfums is a whirlwind of spices that sweeps you away. A fiery score, in which ginger shines as bright as ever.","breadcrumb":{"@id":"https:\/\/crime-passionnel.com\/product\/pistache\/#breadcrumb"},"inLanguage":"da-DK","potentialAction":[{"@type":"ReadAction","target":["https:\/\/crime-passionnel.com\/product\/pistache\/"]}]},{"@type":"ImageObject","inLanguage":"da-DK","@id":"https:\/\/crime-passionnel.com\/product\/pistache\/#primaryimage","url":"https:\/\/crime-passionnel.com\/wp-content\/uploads\/2025\/06\/Pistache-scaled.jpg","contentUrl":"https:\/\/crime-passionnel.com\/wp-content\/uploads\/2025\/06\/Pistache-scaled.jpg","width":1945,"height":2560,"caption":"Pistache"},{"@type":"BreadcrumbList","@id":"https:\/\/crime-passionnel.com\/product\/pistache\/#breadcrumb","itemListElement":[{"@type":"ListItem","position":1,"name":"Home","item":"https:\/\/crime-passionnel.com\/"},{"@type":"ListItem","position":2,"name":"Products","item":"https:\/\/crime-passionnel.com\/products\/"},{"@type":"ListItem","position":3,"name":"Pistache"}]},{"@type":"WebSite","@id":"https:\/\/crime-passionnel.com\/#website","url":"https:\/\/crime-passionnel.com\/","name":"Forbrydelse og lidenskab","description":"","publisher":{"@id":"https:\/\/crime-passionnel.com\/#organization"},"potentialAction":[{"@type":"SearchAction","target":{"@type":"EntryPoint","urlTemplate":"https:\/\/crime-passionnel.com\/?s={search_term_string}"},"query-input":{"@type":"PropertyValueSpecification","valueRequired":true,"valueName":"search_term_string"}}],"inLanguage":"da-DK"},{"@type":"Organization","@id":"https:\/\/crime-passionnel.com\/#organization","name":"Forbrydelse og lidenskab","url":"https:\/\/crime-passionnel.com\/","logo":{"@type":"ImageObject","inLanguage":"da-DK","@id":"https:\/\/crime-passionnel.com\/#\/schema\/logo\/image\/","url":"https:\/\/crime-passionnel.com\/wp-content\/uploads\/2021\/07\/logo.png","contentUrl":"https:\/\/crime-passionnel.com\/wp-content\/uploads\/2021\/07\/logo.png","width":128,"height":50,"caption":"Crime Passionnel"},"image":{"@id":"https:\/\/crime-passionnel.com\/#\/schema\/logo\/image\/"},"sameAs":["https:\/\/www.facebook.com\/crimepassionnel\/","https:\/\/www.instagram.com\/crime.passionnel\/"]}]}},"_links":{"self":[{"href":"https:\/\/crime-passionnel.com\/da\/wp-json\/wp\/v2\/product\/29898","targetHints":{"allow":["GET"]}}],"collection":[{"href":"https:\/\/crime-passionnel.com\/da\/wp-json\/wp\/v2\/product"}],"about":[{"href":"https:\/\/crime-passionnel.com\/da\/wp-json\/wp\/v2\/types\/product"}],"wp:featuredmedia":[{"embeddable":true,"href":"https:\/\/crime-passionnel.com\/da\/wp-json\/wp\/v2\/media\/29906"}],"wp:attachment":[{"href":"https:\/\/crime-passionnel.com\/da\/wp-json\/wp\/v2\/media?parent=29898"}],"wp:term":[{"taxonomy":"product_brand","embeddable":true,"href":"https:\/\/crime-passionnel.com\/da\/wp-json\/wp\/v2\/product_brand?post=29898"},{"taxonomy":"product_cat","embeddable":true,"href":"https:\/\/crime-passionnel.com\/da\/wp-json\/wp\/v2\/product_cat?post=29898"},{"taxonomy":"product_tag","embeddable":true,"href":"https:\/\/crime-passionnel.com\/da\/wp-json\/wp\/v2\/product_tag?post=29898"}],"curies":[{"name":"wp","href":"https:\/\/api.w.org\/{rel}","templated":true}]}}