{"id":2977,"date":"2022-01-17T21:42:08","date_gmt":"2022-01-17T21:42:08","guid":{"rendered":"http:\/\/crimepassionnel.nextwebdev.lt\/?post_type=product&#038;p=2977"},"modified":"2026-02-27T10:08:51","modified_gmt":"2026-02-27T10:08:51","slug":"pure-sensual-orchid","status":"publish","type":"product","link":"https:\/\/crime-passionnel.com\/da\/vare\/pure-sensual-orchid\/","title":{"rendered":"Ren sensuel orkid\u00e9"},"content":{"rendered":"<p>Pure Sensual Orchid v\u00e6kker den samme k\u00f8delige aura som originalen. Med noter der synger sensualitet fra uspolerede, m\u00e6lkede friske vaniljekorn. Som silkebl\u00f8d hud du f\u00e5r lyst til at bide i.<\/p>\n<p>Pure Sensual Orchid leger med dyrebare, moderne materialer og frigiver overd\u00e5digt sine hjertenoter. En bl\u00f8d, fyldig cocktail, hvor den overd\u00e5dige mandel og heliotrop m\u00f8der den subtile elegance fra p\u00e6on og hvid cedertr\u00e6. Safran og stjerneanis forstyrrer Sensual Orchid's s\u00f8dme med deres br\u00e6ndende kys.<br \/>\nSolrig Jasmin Sambac og Ylang-Ylang omslutter den glitrende duft af Labdanum og Benzoin i en lystfuld omfavnelse. Friske b\u00f8nner afsl\u00f8rer deres k\u00f8dfulde vanilje i al sin sexethed. Ravtr\u00e6 forl\u00e6nger fortryllelsen indtil daggry.<br \/>\nPure Sensual Orchid er en berusende score, hvis der nogensinde har v\u00e6ret en, og den tager selve essensen af originalen til det yderste: ren sensualitet.<\/p>\n<p>&nbsp;<\/p>\n<p>INGREDIENSER<\/p>\n<p>Topnoter: Manderin. Mandel. Neroli. Safran. Stjerne anis.<\/p>\n<p>Mellemnoter: Orkide. Jasmin sambac. Ylang-ylang. P\u00e6on. Heliotrope. Vaniljest\u00e6nger.<\/p>\n<p>Basenoter: Musk. Lyst tr\u00e6. Labdanum. Benzoin. Hvid ceder. Amber tr\u00e6.<\/p>","protected":false},"excerpt":{"rendered":"<p>Som et ekstra, silkebl\u00f8dt, lag hud du har lyst til at bide i<\/p>","protected":false},"featured_media":4763,"template":"","meta":{"_acf_changed":false},"product_brand":[],"product_cat":[15],"product_tag":[],"class_list":{"0":"post-2977","1":"product","2":"type-product","3":"status-publish","4":"has-post-thumbnail","6":"product_cat-perfumes","7":"pa_brands-lm-parfums","8":"pa_projection-moderate","9":"pa_sizes-2ml-sample","10":"pa_sizes-100ml","11":"pa_style-floral","12":"pa_style-sweet","14":"first","15":"instock","16":"taxable","17":"shipping-taxable","18":"purchasable","19":"product-type-variable","20":"add-to-wishlist-before_image"},"acf":[],"yoast_head":"<!-- This site is optimized with the Yoast SEO plugin v27.1.1 - https:\/\/yoast.com\/product\/yoast-seo-wordpress\/ -->\n<title>Pure Sensual Orchid Extrait de Parfum - Crime Passionnel<\/title>\n<meta name=\"description\" content=\"Pure Sensual Orchid evokes the same carnal aura of the original with a touch of sensuality. That of the milky, unctuous notes of fresh Vanilla beans.\" \/>\n<meta name=\"robots\" content=\"index, follow, max-snippet:-1, max-image-preview:large, max-video-preview:-1\" \/>\n<link rel=\"canonical\" href=\"https:\/\/crime-passionnel.com\/da\/vare\/pure-sensual-orchid\/\" \/>\n<meta property=\"og:locale\" content=\"da_DK\" \/>\n<meta property=\"og:type\" content=\"article\" \/>\n<meta property=\"og:title\" content=\"Pure Sensual Orchid Extrait de Parfum - Crime Passionnel\" \/>\n<meta property=\"og:description\" content=\"Pure Sensual Orchid evokes the same carnal aura of the original with a touch of sensuality. That of the milky, unctuous notes of fresh Vanilla beans.\" \/>\n<meta property=\"og:url\" content=\"https:\/\/crime-passionnel.com\/da\/vare\/pure-sensual-orchid\/\" \/>\n<meta property=\"og:site_name\" content=\"Crime Passionnel\" \/>\n<meta property=\"article:publisher\" content=\"https:\/\/www.facebook.com\/crimepassionnel\/\" \/>\n<meta property=\"article:modified_time\" content=\"2026-02-27T10:08:51+00:00\" \/>\n<meta property=\"og:image\" content=\"https:\/\/crime-passionnel.com\/wp-content\/uploads\/2022\/01\/PURE-SENSUAL-ORCHID_packshot_2189x2189.jpg\" \/>\n\t<meta property=\"og:image:width\" content=\"1459\" \/>\n\t<meta property=\"og:image:height\" content=\"1920\" \/>\n\t<meta property=\"og:image:type\" content=\"image\/jpeg\" \/>\n<meta name=\"twitter:card\" content=\"summary_large_image\" \/>\n<meta name=\"twitter:label1\" content=\"Estimeret l\u00e6setid\" \/>\n\t<meta name=\"twitter:data1\" content=\"1 minut\" \/>\n<script type=\"application\/ld+json\" class=\"yoast-schema-graph\">{\"@context\":\"https:\/\/schema.org\",\"@graph\":[{\"@type\":\"WebPage\",\"@id\":\"https:\/\/crime-passionnel.com\/product\/pure-sensual-orchid\/\",\"url\":\"https:\/\/crime-passionnel.com\/product\/pure-sensual-orchid\/\",\"name\":\"Pure Sensual Orchid Extrait de Parfum - Crime Passionnel\",\"isPartOf\":{\"@id\":\"https:\/\/crime-passionnel.com\/#website\"},\"primaryImageOfPage\":{\"@id\":\"https:\/\/crime-passionnel.com\/product\/pure-sensual-orchid\/#primaryimage\"},\"image\":{\"@id\":\"https:\/\/crime-passionnel.com\/product\/pure-sensual-orchid\/#primaryimage\"},\"thumbnailUrl\":\"https:\/\/crime-passionnel.com\/wp-content\/uploads\/2022\/01\/PURE-SENSUAL-ORCHID_packshot_2189x2189.jpg\",\"datePublished\":\"2022-01-17T21:42:08+00:00\",\"dateModified\":\"2026-02-27T10:08:51+00:00\",\"description\":\"Pure Sensual Orchid evokes the same carnal aura of the original with a touch of sensuality. That of the milky, unctuous notes of fresh Vanilla beans.\",\"breadcrumb\":{\"@id\":\"https:\/\/crime-passionnel.com\/product\/pure-sensual-orchid\/#breadcrumb\"},\"inLanguage\":\"da-DK\",\"potentialAction\":[{\"@type\":\"ReadAction\",\"target\":[\"https:\/\/crime-passionnel.com\/product\/pure-sensual-orchid\/\"]}]},{\"@type\":\"ImageObject\",\"inLanguage\":\"da-DK\",\"@id\":\"https:\/\/crime-passionnel.com\/product\/pure-sensual-orchid\/#primaryimage\",\"url\":\"https:\/\/crime-passionnel.com\/wp-content\/uploads\/2022\/01\/PURE-SENSUAL-ORCHID_packshot_2189x2189.jpg\",\"contentUrl\":\"https:\/\/crime-passionnel.com\/wp-content\/uploads\/2022\/01\/PURE-SENSUAL-ORCHID_packshot_2189x2189.jpg\",\"width\":1459,\"height\":1920,\"caption\":\"Pure Sensual Orchid Extrait de Parfum\"},{\"@type\":\"BreadcrumbList\",\"@id\":\"https:\/\/crime-passionnel.com\/product\/pure-sensual-orchid\/#breadcrumb\",\"itemListElement\":[{\"@type\":\"ListItem\",\"position\":1,\"name\":\"Home\",\"item\":\"https:\/\/crime-passionnel.com\/\"},{\"@type\":\"ListItem\",\"position\":2,\"name\":\"Products\",\"item\":\"https:\/\/crime-passionnel.com\/products\/\"},{\"@type\":\"ListItem\",\"position\":3,\"name\":\"Pure Sensual Orchid\"}]},{\"@type\":\"WebSite\",\"@id\":\"https:\/\/crime-passionnel.com\/#website\",\"url\":\"https:\/\/crime-passionnel.com\/\",\"name\":\"Crime Passionnel\",\"description\":\"\",\"publisher\":{\"@id\":\"https:\/\/crime-passionnel.com\/#organization\"},\"potentialAction\":[{\"@type\":\"SearchAction\",\"target\":{\"@type\":\"EntryPoint\",\"urlTemplate\":\"https:\/\/crime-passionnel.com\/?s={search_term_string}\"},\"query-input\":{\"@type\":\"PropertyValueSpecification\",\"valueRequired\":true,\"valueName\":\"search_term_string\"}}],\"inLanguage\":\"da-DK\"},{\"@type\":\"Organization\",\"@id\":\"https:\/\/crime-passionnel.com\/#organization\",\"name\":\"Crime Passionnel\",\"url\":\"https:\/\/crime-passionnel.com\/\",\"logo\":{\"@type\":\"ImageObject\",\"inLanguage\":\"da-DK\",\"@id\":\"https:\/\/crime-passionnel.com\/#\/schema\/logo\/image\/\",\"url\":\"https:\/\/crime-passionnel.com\/wp-content\/uploads\/2021\/07\/logo.png\",\"contentUrl\":\"https:\/\/crime-passionnel.com\/wp-content\/uploads\/2021\/07\/logo.png\",\"width\":128,\"height\":50,\"caption\":\"Crime Passionnel\"},\"image\":{\"@id\":\"https:\/\/crime-passionnel.com\/#\/schema\/logo\/image\/\"},\"sameAs\":[\"https:\/\/www.facebook.com\/crimepassionnel\/\",\"https:\/\/www.instagram.com\/crime.passionnel\/\"]}]}<\/script>\n<!-- \/ Yoast SEO plugin. -->","yoast_head_json":{"title":"Pure Sensual Orchid Extrait de Parfum - Crime Passionnel","description":"Pure Sensual Orchid evokes the same carnal aura of the original with a touch of sensuality. That of the milky, unctuous notes of fresh Vanilla beans.","robots":{"index":"index","follow":"follow","max-snippet":"max-snippet:-1","max-image-preview":"max-image-preview:large","max-video-preview":"max-video-preview:-1"},"canonical":"https:\/\/crime-passionnel.com\/da\/vare\/pure-sensual-orchid\/","og_locale":"da_DK","og_type":"article","og_title":"Pure Sensual Orchid Extrait de Parfum - Crime Passionnel","og_description":"Pure Sensual Orchid evokes the same carnal aura of the original with a touch of sensuality. That of the milky, unctuous notes of fresh Vanilla beans.","og_url":"https:\/\/crime-passionnel.com\/da\/vare\/pure-sensual-orchid\/","og_site_name":"Crime Passionnel","article_publisher":"https:\/\/www.facebook.com\/crimepassionnel\/","article_modified_time":"2026-02-27T10:08:51+00:00","og_image":[{"width":1459,"height":1920,"url":"https:\/\/crime-passionnel.com\/wp-content\/uploads\/2022\/01\/PURE-SENSUAL-ORCHID_packshot_2189x2189.jpg","type":"image\/jpeg"}],"twitter_card":"summary_large_image","twitter_misc":{"Estimeret l\u00e6setid":"1 minut"},"schema":{"@context":"https:\/\/schema.org","@graph":[{"@type":"WebPage","@id":"https:\/\/crime-passionnel.com\/product\/pure-sensual-orchid\/","url":"https:\/\/crime-passionnel.com\/product\/pure-sensual-orchid\/","name":"Pure Sensual Orchid Extrait de Parfum - Crime Passionnel","isPartOf":{"@id":"https:\/\/crime-passionnel.com\/#website"},"primaryImageOfPage":{"@id":"https:\/\/crime-passionnel.com\/product\/pure-sensual-orchid\/#primaryimage"},"image":{"@id":"https:\/\/crime-passionnel.com\/product\/pure-sensual-orchid\/#primaryimage"},"thumbnailUrl":"https:\/\/crime-passionnel.com\/wp-content\/uploads\/2022\/01\/PURE-SENSUAL-ORCHID_packshot_2189x2189.jpg","datePublished":"2022-01-17T21:42:08+00:00","dateModified":"2026-02-27T10:08:51+00:00","description":"Pure Sensual Orchid evokes the same carnal aura of the original with a touch of sensuality. That of the milky, unctuous notes of fresh Vanilla beans.","breadcrumb":{"@id":"https:\/\/crime-passionnel.com\/product\/pure-sensual-orchid\/#breadcrumb"},"inLanguage":"da-DK","potentialAction":[{"@type":"ReadAction","target":["https:\/\/crime-passionnel.com\/product\/pure-sensual-orchid\/"]}]},{"@type":"ImageObject","inLanguage":"da-DK","@id":"https:\/\/crime-passionnel.com\/product\/pure-sensual-orchid\/#primaryimage","url":"https:\/\/crime-passionnel.com\/wp-content\/uploads\/2022\/01\/PURE-SENSUAL-ORCHID_packshot_2189x2189.jpg","contentUrl":"https:\/\/crime-passionnel.com\/wp-content\/uploads\/2022\/01\/PURE-SENSUAL-ORCHID_packshot_2189x2189.jpg","width":1459,"height":1920,"caption":"Pure Sensual Orchid Extrait de Parfum"},{"@type":"BreadcrumbList","@id":"https:\/\/crime-passionnel.com\/product\/pure-sensual-orchid\/#breadcrumb","itemListElement":[{"@type":"ListItem","position":1,"name":"Home","item":"https:\/\/crime-passionnel.com\/"},{"@type":"ListItem","position":2,"name":"Products","item":"https:\/\/crime-passionnel.com\/products\/"},{"@type":"ListItem","position":3,"name":"Pure Sensual Orchid"}]},{"@type":"WebSite","@id":"https:\/\/crime-passionnel.com\/#website","url":"https:\/\/crime-passionnel.com\/","name":"Forbrydelse og lidenskab","description":"","publisher":{"@id":"https:\/\/crime-passionnel.com\/#organization"},"potentialAction":[{"@type":"SearchAction","target":{"@type":"EntryPoint","urlTemplate":"https:\/\/crime-passionnel.com\/?s={search_term_string}"},"query-input":{"@type":"PropertyValueSpecification","valueRequired":true,"valueName":"search_term_string"}}],"inLanguage":"da-DK"},{"@type":"Organization","@id":"https:\/\/crime-passionnel.com\/#organization","name":"Forbrydelse og lidenskab","url":"https:\/\/crime-passionnel.com\/","logo":{"@type":"ImageObject","inLanguage":"da-DK","@id":"https:\/\/crime-passionnel.com\/#\/schema\/logo\/image\/","url":"https:\/\/crime-passionnel.com\/wp-content\/uploads\/2021\/07\/logo.png","contentUrl":"https:\/\/crime-passionnel.com\/wp-content\/uploads\/2021\/07\/logo.png","width":128,"height":50,"caption":"Crime Passionnel"},"image":{"@id":"https:\/\/crime-passionnel.com\/#\/schema\/logo\/image\/"},"sameAs":["https:\/\/www.facebook.com\/crimepassionnel\/","https:\/\/www.instagram.com\/crime.passionnel\/"]}]}},"_links":{"self":[{"href":"https:\/\/crime-passionnel.com\/da\/wp-json\/wp\/v2\/product\/2977","targetHints":{"allow":["GET"]}}],"collection":[{"href":"https:\/\/crime-passionnel.com\/da\/wp-json\/wp\/v2\/product"}],"about":[{"href":"https:\/\/crime-passionnel.com\/da\/wp-json\/wp\/v2\/types\/product"}],"wp:featuredmedia":[{"embeddable":true,"href":"https:\/\/crime-passionnel.com\/da\/wp-json\/wp\/v2\/media\/4763"}],"wp:attachment":[{"href":"https:\/\/crime-passionnel.com\/da\/wp-json\/wp\/v2\/media?parent=2977"}],"wp:term":[{"taxonomy":"product_brand","embeddable":true,"href":"https:\/\/crime-passionnel.com\/da\/wp-json\/wp\/v2\/product_brand?post=2977"},{"taxonomy":"product_cat","embeddable":true,"href":"https:\/\/crime-passionnel.com\/da\/wp-json\/wp\/v2\/product_cat?post=2977"},{"taxonomy":"product_tag","embeddable":true,"href":"https:\/\/crime-passionnel.com\/da\/wp-json\/wp\/v2\/product_tag?post=2977"}],"curies":[{"name":"wp","href":"https:\/\/api.w.org\/{rel}","templated":true}]}}