{"id":29523,"date":"2025-05-20T19:57:42","date_gmt":"2025-05-20T19:57:42","guid":{"rendered":"https:\/\/crime-passionnel.com\/?post_type=product&#038;p=29523"},"modified":"2026-02-17T14:33:02","modified_gmt":"2026-02-17T14:33:02","slug":"broceliande","status":"publish","type":"product","link":"https:\/\/crime-passionnel.com\/da\/vare\/broceliande\/","title":{"rendered":"Broceliande"},"content":{"rendered":"<div id=\"product-description\" class=\"active\">\n<div class=\"page\" title=\"Side 35\">\n<p data-start=\"212\" data-end=\"404\">Ved at kombinere skovens kraft med dyreverdenens magi har SORA DORA skabt Broc\u00e9liande - en vild, hemmelig blanding, der v\u00e6kker og pirrer vores mest uforudsigelige instinkter.<\/p>\n<p data-start=\"406\" data-end=\"551\">Den begynder med et udbrud af citrus og s\u00f8de noter, der hviler p\u00e5 en undertone af karamel og kanel, f\u00f8r den afsl\u00f8rer en duft af ubeskrivelig kraft.<\/p>\n<p data-start=\"553\" data-end=\"727\">Lad dig forf\u00f8re af den fyldige bark fra egetr\u00e6sfade. N\u00e5r det t\u00f8rrer, afsl\u00f8rer tr\u00e6et blide whiskyaromaer.<br data-start=\"661\" data-end=\"664\" \/>Dybt inde l\u00e6gger saften sig til rette i et \u00f8nskv\u00e6rdigt, moskusagtigt mysterium.<\/p>\n<p>&nbsp;<\/p>\n<p>INGREDIENSER<\/p>\n<\/div>\n<\/div>\n<p>Topnoter: Essens af italiensk bergamot, essens af lime, essens af citron<\/p>\n<p>Varme noter: Essens af ingef\u00e6r, essens af korianderfr\u00f8, essens af ceylonkanel, iris<\/p>\n<p>Basisnoter: Sesam CO2, castoreum, civet, essens af pyrogen styrax, vanilje<\/p>","protected":false},"excerpt":{"rendered":"<p>MYSTISK - K\u00d8DELIG - DRISTIG<\/p>","protected":false},"featured_media":29529,"template":"","meta":{"_acf_changed":false},"product_brand":[],"product_cat":[418,15],"product_tag":[],"class_list":{"0":"post-29523","1":"product","2":"type-product","3":"status-publish","4":"has-post-thumbnail","6":"product_cat-new-arrivals","7":"product_cat-perfumes","8":"pa_brands-sora-dora","9":"pa_projection-moderate","10":"pa_sizes-2ml-sample","11":"pa_sizes-50ml","12":"pa_style-fresh","14":"first","15":"instock","16":"taxable","17":"shipping-taxable","18":"purchasable","19":"product-type-variable","20":"add-to-wishlist-before_image"},"acf":[],"yoast_head":"<!-- This site is optimized with the Yoast SEO plugin v27.1.1 - https:\/\/yoast.com\/product\/yoast-seo-wordpress\/ -->\n<title>Broceliande Extrait de Parfum - Crime Passionnel Perfumes<\/title>\n<meta name=\"robots\" content=\"index, follow, max-snippet:-1, max-image-preview:large, max-video-preview:-1\" \/>\n<link rel=\"canonical\" href=\"https:\/\/crime-passionnel.com\/da\/vare\/broceliande\/\" \/>\n<meta property=\"og:locale\" content=\"da_DK\" \/>\n<meta property=\"og:type\" content=\"article\" \/>\n<meta property=\"og:title\" content=\"Broceliande Extrait de Parfum - Crime Passionnel Perfumes\" \/>\n<meta property=\"og:description\" content=\"MYSTICAL - CARNAL - BOLD\" \/>\n<meta property=\"og:url\" content=\"https:\/\/crime-passionnel.com\/da\/vare\/broceliande\/\" \/>\n<meta property=\"og:site_name\" content=\"Crime Passionnel\" \/>\n<meta property=\"article:publisher\" content=\"https:\/\/www.facebook.com\/crimepassionnel\/\" \/>\n<meta property=\"article:modified_time\" content=\"2026-02-17T14:33:02+00:00\" \/>\n<meta property=\"og:image\" content=\"https:\/\/crime-passionnel.com\/wp-content\/uploads\/2025\/05\/Broceliande-scaled.jpg\" \/>\n\t<meta property=\"og:image:width\" content=\"1945\" \/>\n\t<meta property=\"og:image:height\" content=\"2560\" \/>\n\t<meta property=\"og:image:type\" content=\"image\/jpeg\" \/>\n<meta name=\"twitter:card\" content=\"summary_large_image\" \/>\n<meta name=\"twitter:label1\" content=\"Estimeret l\u00e6setid\" \/>\n\t<meta name=\"twitter:data1\" content=\"1 minut\" \/>\n<script type=\"application\/ld+json\" class=\"yoast-schema-graph\">{\"@context\":\"https:\/\/schema.org\",\"@graph\":[{\"@type\":\"WebPage\",\"@id\":\"https:\/\/crime-passionnel.com\/product\/broceliande\/\",\"url\":\"https:\/\/crime-passionnel.com\/product\/broceliande\/\",\"name\":\"Broceliande Extrait de Parfum - Crime Passionnel Perfumes\",\"isPartOf\":{\"@id\":\"https:\/\/crime-passionnel.com\/#website\"},\"primaryImageOfPage\":{\"@id\":\"https:\/\/crime-passionnel.com\/product\/broceliande\/#primaryimage\"},\"image\":{\"@id\":\"https:\/\/crime-passionnel.com\/product\/broceliande\/#primaryimage\"},\"thumbnailUrl\":\"https:\/\/crime-passionnel.com\/wp-content\/uploads\/2025\/05\/Broceliande-scaled.jpg\",\"datePublished\":\"2025-05-20T19:57:42+00:00\",\"dateModified\":\"2026-02-17T14:33:02+00:00\",\"breadcrumb\":{\"@id\":\"https:\/\/crime-passionnel.com\/product\/broceliande\/#breadcrumb\"},\"inLanguage\":\"da-DK\",\"potentialAction\":[{\"@type\":\"ReadAction\",\"target\":[\"https:\/\/crime-passionnel.com\/product\/broceliande\/\"]}]},{\"@type\":\"ImageObject\",\"inLanguage\":\"da-DK\",\"@id\":\"https:\/\/crime-passionnel.com\/product\/broceliande\/#primaryimage\",\"url\":\"https:\/\/crime-passionnel.com\/wp-content\/uploads\/2025\/05\/Broceliande-scaled.jpg\",\"contentUrl\":\"https:\/\/crime-passionnel.com\/wp-content\/uploads\/2025\/05\/Broceliande-scaled.jpg\",\"width\":1945,\"height\":2560,\"caption\":\"Broceliande\"},{\"@type\":\"BreadcrumbList\",\"@id\":\"https:\/\/crime-passionnel.com\/product\/broceliande\/#breadcrumb\",\"itemListElement\":[{\"@type\":\"ListItem\",\"position\":1,\"name\":\"Home\",\"item\":\"https:\/\/crime-passionnel.com\/\"},{\"@type\":\"ListItem\",\"position\":2,\"name\":\"Products\",\"item\":\"https:\/\/crime-passionnel.com\/products\/\"},{\"@type\":\"ListItem\",\"position\":3,\"name\":\"Broceliande\"}]},{\"@type\":\"WebSite\",\"@id\":\"https:\/\/crime-passionnel.com\/#website\",\"url\":\"https:\/\/crime-passionnel.com\/\",\"name\":\"Crime Passionnel\",\"description\":\"\",\"publisher\":{\"@id\":\"https:\/\/crime-passionnel.com\/#organization\"},\"potentialAction\":[{\"@type\":\"SearchAction\",\"target\":{\"@type\":\"EntryPoint\",\"urlTemplate\":\"https:\/\/crime-passionnel.com\/?s={search_term_string}\"},\"query-input\":{\"@type\":\"PropertyValueSpecification\",\"valueRequired\":true,\"valueName\":\"search_term_string\"}}],\"inLanguage\":\"da-DK\"},{\"@type\":\"Organization\",\"@id\":\"https:\/\/crime-passionnel.com\/#organization\",\"name\":\"Crime Passionnel\",\"url\":\"https:\/\/crime-passionnel.com\/\",\"logo\":{\"@type\":\"ImageObject\",\"inLanguage\":\"da-DK\",\"@id\":\"https:\/\/crime-passionnel.com\/#\/schema\/logo\/image\/\",\"url\":\"https:\/\/crime-passionnel.com\/wp-content\/uploads\/2021\/07\/logo.png\",\"contentUrl\":\"https:\/\/crime-passionnel.com\/wp-content\/uploads\/2021\/07\/logo.png\",\"width\":128,\"height\":50,\"caption\":\"Crime Passionnel\"},\"image\":{\"@id\":\"https:\/\/crime-passionnel.com\/#\/schema\/logo\/image\/\"},\"sameAs\":[\"https:\/\/www.facebook.com\/crimepassionnel\/\",\"https:\/\/www.instagram.com\/crime.passionnel\/\"]}]}<\/script>\n<!-- \/ Yoast SEO plugin. -->","yoast_head_json":{"title":"Broceliande Extrait de Parfum - Crime Passionnel Perfumes","robots":{"index":"index","follow":"follow","max-snippet":"max-snippet:-1","max-image-preview":"max-image-preview:large","max-video-preview":"max-video-preview:-1"},"canonical":"https:\/\/crime-passionnel.com\/da\/vare\/broceliande\/","og_locale":"da_DK","og_type":"article","og_title":"Broceliande Extrait de Parfum - Crime Passionnel Perfumes","og_description":"MYSTICAL - CARNAL - BOLD","og_url":"https:\/\/crime-passionnel.com\/da\/vare\/broceliande\/","og_site_name":"Crime Passionnel","article_publisher":"https:\/\/www.facebook.com\/crimepassionnel\/","article_modified_time":"2026-02-17T14:33:02+00:00","og_image":[{"width":1945,"height":2560,"url":"https:\/\/crime-passionnel.com\/wp-content\/uploads\/2025\/05\/Broceliande-scaled.jpg","type":"image\/jpeg"}],"twitter_card":"summary_large_image","twitter_misc":{"Estimeret l\u00e6setid":"1 minut"},"schema":{"@context":"https:\/\/schema.org","@graph":[{"@type":"WebPage","@id":"https:\/\/crime-passionnel.com\/product\/broceliande\/","url":"https:\/\/crime-passionnel.com\/product\/broceliande\/","name":"Broceliande Extrait de Parfum - Crime Passionnel Perfumes","isPartOf":{"@id":"https:\/\/crime-passionnel.com\/#website"},"primaryImageOfPage":{"@id":"https:\/\/crime-passionnel.com\/product\/broceliande\/#primaryimage"},"image":{"@id":"https:\/\/crime-passionnel.com\/product\/broceliande\/#primaryimage"},"thumbnailUrl":"https:\/\/crime-passionnel.com\/wp-content\/uploads\/2025\/05\/Broceliande-scaled.jpg","datePublished":"2025-05-20T19:57:42+00:00","dateModified":"2026-02-17T14:33:02+00:00","breadcrumb":{"@id":"https:\/\/crime-passionnel.com\/product\/broceliande\/#breadcrumb"},"inLanguage":"da-DK","potentialAction":[{"@type":"ReadAction","target":["https:\/\/crime-passionnel.com\/product\/broceliande\/"]}]},{"@type":"ImageObject","inLanguage":"da-DK","@id":"https:\/\/crime-passionnel.com\/product\/broceliande\/#primaryimage","url":"https:\/\/crime-passionnel.com\/wp-content\/uploads\/2025\/05\/Broceliande-scaled.jpg","contentUrl":"https:\/\/crime-passionnel.com\/wp-content\/uploads\/2025\/05\/Broceliande-scaled.jpg","width":1945,"height":2560,"caption":"Broceliande"},{"@type":"BreadcrumbList","@id":"https:\/\/crime-passionnel.com\/product\/broceliande\/#breadcrumb","itemListElement":[{"@type":"ListItem","position":1,"name":"Home","item":"https:\/\/crime-passionnel.com\/"},{"@type":"ListItem","position":2,"name":"Products","item":"https:\/\/crime-passionnel.com\/products\/"},{"@type":"ListItem","position":3,"name":"Broceliande"}]},{"@type":"WebSite","@id":"https:\/\/crime-passionnel.com\/#website","url":"https:\/\/crime-passionnel.com\/","name":"Forbrydelse og lidenskab","description":"","publisher":{"@id":"https:\/\/crime-passionnel.com\/#organization"},"potentialAction":[{"@type":"SearchAction","target":{"@type":"EntryPoint","urlTemplate":"https:\/\/crime-passionnel.com\/?s={search_term_string}"},"query-input":{"@type":"PropertyValueSpecification","valueRequired":true,"valueName":"search_term_string"}}],"inLanguage":"da-DK"},{"@type":"Organization","@id":"https:\/\/crime-passionnel.com\/#organization","name":"Forbrydelse og lidenskab","url":"https:\/\/crime-passionnel.com\/","logo":{"@type":"ImageObject","inLanguage":"da-DK","@id":"https:\/\/crime-passionnel.com\/#\/schema\/logo\/image\/","url":"https:\/\/crime-passionnel.com\/wp-content\/uploads\/2021\/07\/logo.png","contentUrl":"https:\/\/crime-passionnel.com\/wp-content\/uploads\/2021\/07\/logo.png","width":128,"height":50,"caption":"Crime Passionnel"},"image":{"@id":"https:\/\/crime-passionnel.com\/#\/schema\/logo\/image\/"},"sameAs":["https:\/\/www.facebook.com\/crimepassionnel\/","https:\/\/www.instagram.com\/crime.passionnel\/"]}]}},"_links":{"self":[{"href":"https:\/\/crime-passionnel.com\/da\/wp-json\/wp\/v2\/product\/29523","targetHints":{"allow":["GET"]}}],"collection":[{"href":"https:\/\/crime-passionnel.com\/da\/wp-json\/wp\/v2\/product"}],"about":[{"href":"https:\/\/crime-passionnel.com\/da\/wp-json\/wp\/v2\/types\/product"}],"wp:featuredmedia":[{"embeddable":true,"href":"https:\/\/crime-passionnel.com\/da\/wp-json\/wp\/v2\/media\/29529"}],"wp:attachment":[{"href":"https:\/\/crime-passionnel.com\/da\/wp-json\/wp\/v2\/media?parent=29523"}],"wp:term":[{"taxonomy":"product_brand","embeddable":true,"href":"https:\/\/crime-passionnel.com\/da\/wp-json\/wp\/v2\/product_brand?post=29523"},{"taxonomy":"product_cat","embeddable":true,"href":"https:\/\/crime-passionnel.com\/da\/wp-json\/wp\/v2\/product_cat?post=29523"},{"taxonomy":"product_tag","embeddable":true,"href":"https:\/\/crime-passionnel.com\/da\/wp-json\/wp\/v2\/product_tag?post=29523"}],"curies":[{"name":"wp","href":"https:\/\/api.w.org\/{rel}","templated":true}]}}