{"id":2874,"date":"2022-01-16T17:42:20","date_gmt":"2022-01-16T17:42:20","guid":{"rendered":"http:\/\/crimepassionnel.nextwebdev.lt\/?post_type=product&#038;p=2874"},"modified":"2026-01-23T16:49:48","modified_gmt":"2026-01-23T16:49:48","slug":"radikal-tuberose","status":"publish","type":"product","link":"https:\/\/crime-passionnel.com\/da\/vare\/radikal-tuberose\/","title":{"rendered":"Radikal Tuberose"},"content":{"rendered":"<p>En ode til den s\u00f8de, sensuelle duft af tuberose.<\/p>\n<p>Tiltr\u00e6kkende tuberose fra Indien folder sine gr\u00f8nne facetter ud, l\u00f8ftet op af galbanum og forfriskende yuzu. Jasmin understreger den solvarme charme fra denne eksotiske og str\u00e5lende blomst imens den fl\u00f8jlsagtige fersken g\u00f8r duften eksklusiv og sensuel \u2013 som en ber\u00f8ring.<\/p>\n<p>INGREDIENSER<\/p>\n<p>Topnoter: Yuzu. Galbanum.<\/p>\n<p>Mellemnoter: Tuberose. Jasmin, Indien.<\/p>\n<p>Basenoter: Lyse tr\u00e6noter. Ferskensorbet.<\/p>","protected":false},"excerpt":{"rendered":"<p>Tuberose under g\u00e5defulde jordnoter<\/p>","protected":false},"featured_media":4794,"template":"","meta":{"_acf_changed":false},"product_brand":[],"product_cat":[419,15],"product_tag":[],"class_list":{"0":"post-2874","1":"product","2":"type-product","3":"status-publish","4":"has-post-thumbnail","6":"product_cat-collectable-perfumes","7":"product_cat-perfumes","8":"pa_brands-lm-parfums","9":"pa_projection-moderate","10":"pa_sizes-2ml-sample","11":"pa_sizes-100ml","12":"pa_style-floral","13":"pa_style-woody","15":"first","16":"instock","17":"taxable","18":"shipping-taxable","19":"purchasable","20":"product-type-variable","21":"add-to-wishlist-before_image"},"acf":[],"yoast_head":"<!-- This site is optimized with the Yoast SEO plugin v27.1.1 - https:\/\/yoast.com\/product\/yoast-seo-wordpress\/ -->\n<title>Radikal Tuberose Extrait de Parfum - Crime Passionnel Perfumes<\/title>\n<meta name=\"description\" content=\"Compelling, Indian Tuberose unfolds its green facets, pushed by top notes of Galbanum and refreshed by the tart notes of Yuzu.\" \/>\n<meta name=\"robots\" content=\"index, follow, max-snippet:-1, max-image-preview:large, max-video-preview:-1\" \/>\n<link rel=\"canonical\" href=\"https:\/\/crime-passionnel.com\/da\/vare\/radikal-tuberose\/\" \/>\n<meta property=\"og:locale\" content=\"da_DK\" \/>\n<meta property=\"og:type\" content=\"article\" \/>\n<meta property=\"og:title\" content=\"Radikal Tuberose Extrait de Parfum - Crime Passionnel Perfumes\" \/>\n<meta property=\"og:description\" content=\"Compelling, Indian Tuberose unfolds its green facets, pushed by top notes of Galbanum and refreshed by the tart notes of Yuzu.\" \/>\n<meta property=\"og:url\" content=\"https:\/\/crime-passionnel.com\/da\/vare\/radikal-tuberose\/\" \/>\n<meta property=\"og:site_name\" content=\"Crime Passionnel\" \/>\n<meta property=\"article:publisher\" content=\"https:\/\/www.facebook.com\/crimepassionnel\/\" \/>\n<meta property=\"article:modified_time\" content=\"2026-01-23T16:49:48+00:00\" \/>\n<meta property=\"og:image\" content=\"https:\/\/crime-passionnel.com\/wp-content\/uploads\/2022\/01\/TUBEROSE_packshot_2189x2189.jpg\" \/>\n\t<meta property=\"og:image:width\" content=\"1459\" \/>\n\t<meta property=\"og:image:height\" content=\"1920\" \/>\n\t<meta property=\"og:image:type\" content=\"image\/jpeg\" \/>\n<meta name=\"twitter:card\" content=\"summary_large_image\" \/>\n<meta name=\"twitter:label1\" content=\"Estimeret l\u00e6setid\" \/>\n\t<meta name=\"twitter:data1\" content=\"1 minut\" \/>\n<script type=\"application\/ld+json\" class=\"yoast-schema-graph\">{\"@context\":\"https:\/\/schema.org\",\"@graph\":[{\"@type\":\"WebPage\",\"@id\":\"https:\/\/crime-passionnel.com\/product\/radikal-tuberose\/\",\"url\":\"https:\/\/crime-passionnel.com\/product\/radikal-tuberose\/\",\"name\":\"Radikal Tuberose Extrait de Parfum - Crime Passionnel Perfumes\",\"isPartOf\":{\"@id\":\"https:\/\/crime-passionnel.com\/#website\"},\"primaryImageOfPage\":{\"@id\":\"https:\/\/crime-passionnel.com\/product\/radikal-tuberose\/#primaryimage\"},\"image\":{\"@id\":\"https:\/\/crime-passionnel.com\/product\/radikal-tuberose\/#primaryimage\"},\"thumbnailUrl\":\"https:\/\/crime-passionnel.com\/wp-content\/uploads\/2022\/01\/TUBEROSE_packshot_2189x2189.jpg\",\"datePublished\":\"2022-01-16T17:42:20+00:00\",\"dateModified\":\"2026-01-23T16:49:48+00:00\",\"description\":\"Compelling, Indian Tuberose unfolds its green facets, pushed by top notes of Galbanum and refreshed by the tart notes of Yuzu.\",\"breadcrumb\":{\"@id\":\"https:\/\/crime-passionnel.com\/product\/radikal-tuberose\/#breadcrumb\"},\"inLanguage\":\"da-DK\",\"potentialAction\":[{\"@type\":\"ReadAction\",\"target\":[\"https:\/\/crime-passionnel.com\/product\/radikal-tuberose\/\"]}]},{\"@type\":\"ImageObject\",\"inLanguage\":\"da-DK\",\"@id\":\"https:\/\/crime-passionnel.com\/product\/radikal-tuberose\/#primaryimage\",\"url\":\"https:\/\/crime-passionnel.com\/wp-content\/uploads\/2022\/01\/TUBEROSE_packshot_2189x2189.jpg\",\"contentUrl\":\"https:\/\/crime-passionnel.com\/wp-content\/uploads\/2022\/01\/TUBEROSE_packshot_2189x2189.jpg\",\"width\":1459,\"height\":1920,\"caption\":\"Radikal Tuberose Extrait de Parfum\"},{\"@type\":\"BreadcrumbList\",\"@id\":\"https:\/\/crime-passionnel.com\/product\/radikal-tuberose\/#breadcrumb\",\"itemListElement\":[{\"@type\":\"ListItem\",\"position\":1,\"name\":\"Home\",\"item\":\"https:\/\/crime-passionnel.com\/\"},{\"@type\":\"ListItem\",\"position\":2,\"name\":\"Products\",\"item\":\"https:\/\/crime-passionnel.com\/products\/\"},{\"@type\":\"ListItem\",\"position\":3,\"name\":\"Radikal Tuberose\"}]},{\"@type\":\"WebSite\",\"@id\":\"https:\/\/crime-passionnel.com\/#website\",\"url\":\"https:\/\/crime-passionnel.com\/\",\"name\":\"Crime Passionnel\",\"description\":\"\",\"publisher\":{\"@id\":\"https:\/\/crime-passionnel.com\/#organization\"},\"potentialAction\":[{\"@type\":\"SearchAction\",\"target\":{\"@type\":\"EntryPoint\",\"urlTemplate\":\"https:\/\/crime-passionnel.com\/?s={search_term_string}\"},\"query-input\":{\"@type\":\"PropertyValueSpecification\",\"valueRequired\":true,\"valueName\":\"search_term_string\"}}],\"inLanguage\":\"da-DK\"},{\"@type\":\"Organization\",\"@id\":\"https:\/\/crime-passionnel.com\/#organization\",\"name\":\"Crime Passionnel\",\"url\":\"https:\/\/crime-passionnel.com\/\",\"logo\":{\"@type\":\"ImageObject\",\"inLanguage\":\"da-DK\",\"@id\":\"https:\/\/crime-passionnel.com\/#\/schema\/logo\/image\/\",\"url\":\"https:\/\/crime-passionnel.com\/wp-content\/uploads\/2021\/07\/logo.png\",\"contentUrl\":\"https:\/\/crime-passionnel.com\/wp-content\/uploads\/2021\/07\/logo.png\",\"width\":128,\"height\":50,\"caption\":\"Crime Passionnel\"},\"image\":{\"@id\":\"https:\/\/crime-passionnel.com\/#\/schema\/logo\/image\/\"},\"sameAs\":[\"https:\/\/www.facebook.com\/crimepassionnel\/\",\"https:\/\/www.instagram.com\/crime.passionnel\/\"]}]}<\/script>\n<!-- \/ Yoast SEO plugin. -->","yoast_head_json":{"title":"Radikal Tuberose Extrait de Parfum - Crime Passionnel Perfumes","description":"Compelling, Indian Tuberose unfolds its green facets, pushed by top notes of Galbanum and refreshed by the tart notes of Yuzu.","robots":{"index":"index","follow":"follow","max-snippet":"max-snippet:-1","max-image-preview":"max-image-preview:large","max-video-preview":"max-video-preview:-1"},"canonical":"https:\/\/crime-passionnel.com\/da\/vare\/radikal-tuberose\/","og_locale":"da_DK","og_type":"article","og_title":"Radikal Tuberose Extrait de Parfum - Crime Passionnel Perfumes","og_description":"Compelling, Indian Tuberose unfolds its green facets, pushed by top notes of Galbanum and refreshed by the tart notes of Yuzu.","og_url":"https:\/\/crime-passionnel.com\/da\/vare\/radikal-tuberose\/","og_site_name":"Crime Passionnel","article_publisher":"https:\/\/www.facebook.com\/crimepassionnel\/","article_modified_time":"2026-01-23T16:49:48+00:00","og_image":[{"width":1459,"height":1920,"url":"https:\/\/crime-passionnel.com\/wp-content\/uploads\/2022\/01\/TUBEROSE_packshot_2189x2189.jpg","type":"image\/jpeg"}],"twitter_card":"summary_large_image","twitter_misc":{"Estimeret l\u00e6setid":"1 minut"},"schema":{"@context":"https:\/\/schema.org","@graph":[{"@type":"WebPage","@id":"https:\/\/crime-passionnel.com\/product\/radikal-tuberose\/","url":"https:\/\/crime-passionnel.com\/product\/radikal-tuberose\/","name":"Radikal Tuberose Extrait de Parfum - Crime Passionnel Perfumes","isPartOf":{"@id":"https:\/\/crime-passionnel.com\/#website"},"primaryImageOfPage":{"@id":"https:\/\/crime-passionnel.com\/product\/radikal-tuberose\/#primaryimage"},"image":{"@id":"https:\/\/crime-passionnel.com\/product\/radikal-tuberose\/#primaryimage"},"thumbnailUrl":"https:\/\/crime-passionnel.com\/wp-content\/uploads\/2022\/01\/TUBEROSE_packshot_2189x2189.jpg","datePublished":"2022-01-16T17:42:20+00:00","dateModified":"2026-01-23T16:49:48+00:00","description":"Compelling, Indian Tuberose unfolds its green facets, pushed by top notes of Galbanum and refreshed by the tart notes of Yuzu.","breadcrumb":{"@id":"https:\/\/crime-passionnel.com\/product\/radikal-tuberose\/#breadcrumb"},"inLanguage":"da-DK","potentialAction":[{"@type":"ReadAction","target":["https:\/\/crime-passionnel.com\/product\/radikal-tuberose\/"]}]},{"@type":"ImageObject","inLanguage":"da-DK","@id":"https:\/\/crime-passionnel.com\/product\/radikal-tuberose\/#primaryimage","url":"https:\/\/crime-passionnel.com\/wp-content\/uploads\/2022\/01\/TUBEROSE_packshot_2189x2189.jpg","contentUrl":"https:\/\/crime-passionnel.com\/wp-content\/uploads\/2022\/01\/TUBEROSE_packshot_2189x2189.jpg","width":1459,"height":1920,"caption":"Radikal Tuberose Extrait de Parfum"},{"@type":"BreadcrumbList","@id":"https:\/\/crime-passionnel.com\/product\/radikal-tuberose\/#breadcrumb","itemListElement":[{"@type":"ListItem","position":1,"name":"Home","item":"https:\/\/crime-passionnel.com\/"},{"@type":"ListItem","position":2,"name":"Products","item":"https:\/\/crime-passionnel.com\/products\/"},{"@type":"ListItem","position":3,"name":"Radikal Tuberose"}]},{"@type":"WebSite","@id":"https:\/\/crime-passionnel.com\/#website","url":"https:\/\/crime-passionnel.com\/","name":"Forbrydelse og lidenskab","description":"","publisher":{"@id":"https:\/\/crime-passionnel.com\/#organization"},"potentialAction":[{"@type":"SearchAction","target":{"@type":"EntryPoint","urlTemplate":"https:\/\/crime-passionnel.com\/?s={search_term_string}"},"query-input":{"@type":"PropertyValueSpecification","valueRequired":true,"valueName":"search_term_string"}}],"inLanguage":"da-DK"},{"@type":"Organization","@id":"https:\/\/crime-passionnel.com\/#organization","name":"Forbrydelse og lidenskab","url":"https:\/\/crime-passionnel.com\/","logo":{"@type":"ImageObject","inLanguage":"da-DK","@id":"https:\/\/crime-passionnel.com\/#\/schema\/logo\/image\/","url":"https:\/\/crime-passionnel.com\/wp-content\/uploads\/2021\/07\/logo.png","contentUrl":"https:\/\/crime-passionnel.com\/wp-content\/uploads\/2021\/07\/logo.png","width":128,"height":50,"caption":"Crime Passionnel"},"image":{"@id":"https:\/\/crime-passionnel.com\/#\/schema\/logo\/image\/"},"sameAs":["https:\/\/www.facebook.com\/crimepassionnel\/","https:\/\/www.instagram.com\/crime.passionnel\/"]}]}},"_links":{"self":[{"href":"https:\/\/crime-passionnel.com\/da\/wp-json\/wp\/v2\/product\/2874","targetHints":{"allow":["GET"]}}],"collection":[{"href":"https:\/\/crime-passionnel.com\/da\/wp-json\/wp\/v2\/product"}],"about":[{"href":"https:\/\/crime-passionnel.com\/da\/wp-json\/wp\/v2\/types\/product"}],"wp:featuredmedia":[{"embeddable":true,"href":"https:\/\/crime-passionnel.com\/da\/wp-json\/wp\/v2\/media\/4794"}],"wp:attachment":[{"href":"https:\/\/crime-passionnel.com\/da\/wp-json\/wp\/v2\/media?parent=2874"}],"wp:term":[{"taxonomy":"product_brand","embeddable":true,"href":"https:\/\/crime-passionnel.com\/da\/wp-json\/wp\/v2\/product_brand?post=2874"},{"taxonomy":"product_cat","embeddable":true,"href":"https:\/\/crime-passionnel.com\/da\/wp-json\/wp\/v2\/product_cat?post=2874"},{"taxonomy":"product_tag","embeddable":true,"href":"https:\/\/crime-passionnel.com\/da\/wp-json\/wp\/v2\/product_tag?post=2874"}],"curies":[{"name":"wp","href":"https:\/\/api.w.org\/{rel}","templated":true}]}}