{"id":28406,"date":"2025-03-10T18:48:45","date_gmt":"2025-03-10T18:48:45","guid":{"rendered":"https:\/\/crime-passionnel.com\/?post_type=product&#038;p=28406"},"modified":"2026-04-08T10:10:58","modified_gmt":"2026-04-08T10:10:58","slug":"risvelium","status":"publish","type":"product","link":"https:\/\/crime-passionnel.com\/da\/vare\/risvelium\/","title":{"rendered":"Risvelium"},"content":{"rendered":"<p>Risvelium er dedikeret til det indre landskab af menneskeligt potentiale. Den h\u00e6drer dem, der t\u00f8r overskride gr\u00e6nserne af, hvad der er fysisk muligt. Og afsl\u00f8rer, at vores eksistens kun er et glimt af et langt st\u00f8rre perspektiv.<\/p>\n<p>Denne duft er en ceremoni, en bro mellem det, der kan ses og det usynlige. Et led der forbinder den fysiske verden med den \u00e5ndelige dimension. Den inviterer dig til at udforske hele universets sammenh\u00e6ngende energier. Risvelium tager b\u00e6reren p\u00e5 en duft-rejse igennem skjulte dimensioner af bevidstheden. Den fremkalder det \u00f8jeblik, hvor det spirituelle bryder igennem. Nedsmeltningen af den mentale barriere og den r\u00e5 intensitet af selvudvikling. Denne duft legemligg\u00f8r troen p\u00e5, at hvert individ har et gr\u00e6nsel\u00f8st potentiale, der bare venter p\u00e5 at bliver frigivet.<\/p>\n<p>Parfumen tjener som \u00e5bning til forst\u00e5elsen af, at den fysiske eksistens kun er en dimension af en langt st\u00f8rre virkelighed.<\/p>\n<p>&nbsp;<\/p>\n<p>INGREDIENSER<\/p>\n<p>Noter: Parfum\u00f8r afsl\u00f8rer ikke duftnoter.<span class=\"Apple-converted-space\">\u00a0<\/span><\/p>","protected":false},"excerpt":{"rendered":"<p>Opv\u00e5gnen<\/p>","protected":false},"featured_media":28412,"template":"","meta":{"_acf_changed":false},"product_brand":[],"product_cat":[418,15],"product_tag":[],"class_list":{"0":"post-28406","1":"product","2":"type-product","3":"status-publish","4":"has-post-thumbnail","6":"product_cat-new-arrivals","7":"product_cat-perfumes","8":"pa_brands-orto-parisi","9":"pa_projection-enormous","10":"pa_sizes-2ml-sample","11":"pa_sizes-50ml","12":"pa_style-fresh","14":"first","15":"instock","16":"taxable","17":"shipping-taxable","18":"purchasable","19":"product-type-variable","20":"has-default-attributes","21":"add-to-wishlist-before_image"},"acf":[],"yoast_head":"<!-- This site is optimized with the Yoast SEO plugin v27.4 - https:\/\/yoast.com\/product\/yoast-seo-wordpress\/ -->\n<title>Risvelium Extrait de Parfum - Crime Passionnel Perfumes<\/title>\n<meta name=\"description\" content=\"The World began with an explosion. The terrain was created by burning volcanic lava swallowing the surface underneath.\" \/>\n<meta name=\"robots\" content=\"index, follow, max-snippet:-1, max-image-preview:large, max-video-preview:-1\" \/>\n<link rel=\"canonical\" href=\"https:\/\/crime-passionnel.com\/da\/vare\/risvelium\/\" \/>\n<meta property=\"og:locale\" content=\"da_DK\" \/>\n<meta property=\"og:type\" content=\"article\" \/>\n<meta property=\"og:title\" content=\"Risvelium Extrait de Parfum - Crime Passionnel Perfumes\" \/>\n<meta property=\"og:description\" content=\"The World began with an explosion. The terrain was created by burning volcanic lava swallowing the surface underneath.\" \/>\n<meta property=\"og:url\" content=\"https:\/\/crime-passionnel.com\/da\/vare\/risvelium\/\" \/>\n<meta property=\"og:site_name\" content=\"Crime Passionnel\" \/>\n<meta property=\"article:publisher\" content=\"https:\/\/www.facebook.com\/crimepassionnel\/\" \/>\n<meta property=\"article:modified_time\" content=\"2026-04-08T10:10:58+00:00\" \/>\n<meta property=\"og:image\" content=\"https:\/\/crime-passionnel.com\/wp-content\/uploads\/2025\/03\/Risvelium-scaled.jpg\" \/>\n\t<meta property=\"og:image:width\" content=\"1945\" \/>\n\t<meta property=\"og:image:height\" content=\"2560\" \/>\n\t<meta property=\"og:image:type\" content=\"image\/jpeg\" \/>\n<meta name=\"twitter:card\" content=\"summary_large_image\" \/>\n<meta name=\"twitter:label1\" content=\"Estimeret l\u00e6setid\" \/>\n\t<meta name=\"twitter:data1\" content=\"1 minut\" \/>\n<script type=\"application\/ld+json\" class=\"yoast-schema-graph\">{\"@context\":\"https:\\\/\\\/schema.org\",\"@graph\":[{\"@type\":\"WebPage\",\"@id\":\"https:\\\/\\\/crime-passionnel.com\\\/product\\\/risvelium\\\/\",\"url\":\"https:\\\/\\\/crime-passionnel.com\\\/product\\\/risvelium\\\/\",\"name\":\"Risvelium Extrait de Parfum - Crime Passionnel Perfumes\",\"isPartOf\":{\"@id\":\"https:\\\/\\\/crime-passionnel.com\\\/#website\"},\"primaryImageOfPage\":{\"@id\":\"https:\\\/\\\/crime-passionnel.com\\\/product\\\/risvelium\\\/#primaryimage\"},\"image\":{\"@id\":\"https:\\\/\\\/crime-passionnel.com\\\/product\\\/risvelium\\\/#primaryimage\"},\"thumbnailUrl\":\"https:\\\/\\\/crime-passionnel.com\\\/wp-content\\\/uploads\\\/2025\\\/03\\\/Risvelium-scaled.jpg\",\"datePublished\":\"2025-03-10T18:48:45+00:00\",\"dateModified\":\"2026-04-08T10:10:58+00:00\",\"description\":\"The World began with an explosion. The terrain was created by burning volcanic lava swallowing the surface underneath.\",\"breadcrumb\":{\"@id\":\"https:\\\/\\\/crime-passionnel.com\\\/product\\\/risvelium\\\/#breadcrumb\"},\"inLanguage\":\"da-DK\",\"potentialAction\":[{\"@type\":\"ReadAction\",\"target\":[\"https:\\\/\\\/crime-passionnel.com\\\/product\\\/risvelium\\\/\"]}]},{\"@type\":\"ImageObject\",\"inLanguage\":\"da-DK\",\"@id\":\"https:\\\/\\\/crime-passionnel.com\\\/product\\\/risvelium\\\/#primaryimage\",\"url\":\"https:\\\/\\\/crime-passionnel.com\\\/wp-content\\\/uploads\\\/2025\\\/03\\\/Risvelium-scaled.jpg\",\"contentUrl\":\"https:\\\/\\\/crime-passionnel.com\\\/wp-content\\\/uploads\\\/2025\\\/03\\\/Risvelium-scaled.jpg\",\"width\":1945,\"height\":2560,\"caption\":\"Risvelium\"},{\"@type\":\"BreadcrumbList\",\"@id\":\"https:\\\/\\\/crime-passionnel.com\\\/product\\\/risvelium\\\/#breadcrumb\",\"itemListElement\":[{\"@type\":\"ListItem\",\"position\":1,\"name\":\"Home\",\"item\":\"https:\\\/\\\/crime-passionnel.com\\\/\"},{\"@type\":\"ListItem\",\"position\":2,\"name\":\"Products\",\"item\":\"https:\\\/\\\/crime-passionnel.com\\\/products\\\/\"},{\"@type\":\"ListItem\",\"position\":3,\"name\":\"Risvelium\"}]},{\"@type\":\"WebSite\",\"@id\":\"https:\\\/\\\/crime-passionnel.com\\\/#website\",\"url\":\"https:\\\/\\\/crime-passionnel.com\\\/\",\"name\":\"Crime Passionnel\",\"description\":\"\",\"publisher\":{\"@id\":\"https:\\\/\\\/crime-passionnel.com\\\/#organization\"},\"potentialAction\":[{\"@type\":\"SearchAction\",\"target\":{\"@type\":\"EntryPoint\",\"urlTemplate\":\"https:\\\/\\\/crime-passionnel.com\\\/?s={search_term_string}\"},\"query-input\":{\"@type\":\"PropertyValueSpecification\",\"valueRequired\":true,\"valueName\":\"search_term_string\"}}],\"inLanguage\":\"da-DK\"},{\"@type\":\"Organization\",\"@id\":\"https:\\\/\\\/crime-passionnel.com\\\/#organization\",\"name\":\"Crime Passionnel\",\"url\":\"https:\\\/\\\/crime-passionnel.com\\\/\",\"logo\":{\"@type\":\"ImageObject\",\"inLanguage\":\"da-DK\",\"@id\":\"https:\\\/\\\/crime-passionnel.com\\\/#\\\/schema\\\/logo\\\/image\\\/\",\"url\":\"https:\\\/\\\/crime-passionnel.com\\\/wp-content\\\/uploads\\\/2021\\\/07\\\/logo.png\",\"contentUrl\":\"https:\\\/\\\/crime-passionnel.com\\\/wp-content\\\/uploads\\\/2021\\\/07\\\/logo.png\",\"width\":128,\"height\":50,\"caption\":\"Crime Passionnel\"},\"image\":{\"@id\":\"https:\\\/\\\/crime-passionnel.com\\\/#\\\/schema\\\/logo\\\/image\\\/\"},\"sameAs\":[\"https:\\\/\\\/www.facebook.com\\\/crimepassionnel\\\/\",\"https:\\\/\\\/www.instagram.com\\\/crime.passionnel\\\/\"]}]}<\/script>\n<!-- \/ Yoast SEO plugin. -->","yoast_head_json":{"title":"Risvelium Extrait de Parfum - Crime Passionnel Perfumes","description":"The World began with an explosion. The terrain was created by burning volcanic lava swallowing the surface underneath.","robots":{"index":"index","follow":"follow","max-snippet":"max-snippet:-1","max-image-preview":"max-image-preview:large","max-video-preview":"max-video-preview:-1"},"canonical":"https:\/\/crime-passionnel.com\/da\/vare\/risvelium\/","og_locale":"da_DK","og_type":"article","og_title":"Risvelium Extrait de Parfum - Crime Passionnel Perfumes","og_description":"The World began with an explosion. The terrain was created by burning volcanic lava swallowing the surface underneath.","og_url":"https:\/\/crime-passionnel.com\/da\/vare\/risvelium\/","og_site_name":"Crime Passionnel","article_publisher":"https:\/\/www.facebook.com\/crimepassionnel\/","article_modified_time":"2026-04-08T10:10:58+00:00","og_image":[{"width":1945,"height":2560,"url":"https:\/\/crime-passionnel.com\/wp-content\/uploads\/2025\/03\/Risvelium-scaled.jpg","type":"image\/jpeg"}],"twitter_card":"summary_large_image","twitter_misc":{"Estimeret l\u00e6setid":"1 minut"},"schema":{"@context":"https:\/\/schema.org","@graph":[{"@type":"WebPage","@id":"https:\/\/crime-passionnel.com\/product\/risvelium\/","url":"https:\/\/crime-passionnel.com\/product\/risvelium\/","name":"Risvelium Extrait de Parfum - Crime Passionnel Perfumes","isPartOf":{"@id":"https:\/\/crime-passionnel.com\/#website"},"primaryImageOfPage":{"@id":"https:\/\/crime-passionnel.com\/product\/risvelium\/#primaryimage"},"image":{"@id":"https:\/\/crime-passionnel.com\/product\/risvelium\/#primaryimage"},"thumbnailUrl":"https:\/\/crime-passionnel.com\/wp-content\/uploads\/2025\/03\/Risvelium-scaled.jpg","datePublished":"2025-03-10T18:48:45+00:00","dateModified":"2026-04-08T10:10:58+00:00","description":"The World began with an explosion. The terrain was created by burning volcanic lava swallowing the surface underneath.","breadcrumb":{"@id":"https:\/\/crime-passionnel.com\/product\/risvelium\/#breadcrumb"},"inLanguage":"da-DK","potentialAction":[{"@type":"ReadAction","target":["https:\/\/crime-passionnel.com\/product\/risvelium\/"]}]},{"@type":"ImageObject","inLanguage":"da-DK","@id":"https:\/\/crime-passionnel.com\/product\/risvelium\/#primaryimage","url":"https:\/\/crime-passionnel.com\/wp-content\/uploads\/2025\/03\/Risvelium-scaled.jpg","contentUrl":"https:\/\/crime-passionnel.com\/wp-content\/uploads\/2025\/03\/Risvelium-scaled.jpg","width":1945,"height":2560,"caption":"Risvelium"},{"@type":"BreadcrumbList","@id":"https:\/\/crime-passionnel.com\/product\/risvelium\/#breadcrumb","itemListElement":[{"@type":"ListItem","position":1,"name":"Home","item":"https:\/\/crime-passionnel.com\/"},{"@type":"ListItem","position":2,"name":"Products","item":"https:\/\/crime-passionnel.com\/products\/"},{"@type":"ListItem","position":3,"name":"Risvelium"}]},{"@type":"WebSite","@id":"https:\/\/crime-passionnel.com\/#website","url":"https:\/\/crime-passionnel.com\/","name":"Forbrydelse og lidenskab","description":"","publisher":{"@id":"https:\/\/crime-passionnel.com\/#organization"},"potentialAction":[{"@type":"SearchAction","target":{"@type":"EntryPoint","urlTemplate":"https:\/\/crime-passionnel.com\/?s={search_term_string}"},"query-input":{"@type":"PropertyValueSpecification","valueRequired":true,"valueName":"search_term_string"}}],"inLanguage":"da-DK"},{"@type":"Organization","@id":"https:\/\/crime-passionnel.com\/#organization","name":"Forbrydelse og lidenskab","url":"https:\/\/crime-passionnel.com\/","logo":{"@type":"ImageObject","inLanguage":"da-DK","@id":"https:\/\/crime-passionnel.com\/#\/schema\/logo\/image\/","url":"https:\/\/crime-passionnel.com\/wp-content\/uploads\/2021\/07\/logo.png","contentUrl":"https:\/\/crime-passionnel.com\/wp-content\/uploads\/2021\/07\/logo.png","width":128,"height":50,"caption":"Crime Passionnel"},"image":{"@id":"https:\/\/crime-passionnel.com\/#\/schema\/logo\/image\/"},"sameAs":["https:\/\/www.facebook.com\/crimepassionnel\/","https:\/\/www.instagram.com\/crime.passionnel\/"]}]}},"_links":{"self":[{"href":"https:\/\/crime-passionnel.com\/da\/wp-json\/wp\/v2\/product\/28406","targetHints":{"allow":["GET"]}}],"collection":[{"href":"https:\/\/crime-passionnel.com\/da\/wp-json\/wp\/v2\/product"}],"about":[{"href":"https:\/\/crime-passionnel.com\/da\/wp-json\/wp\/v2\/types\/product"}],"wp:featuredmedia":[{"embeddable":true,"href":"https:\/\/crime-passionnel.com\/da\/wp-json\/wp\/v2\/media\/28412"}],"wp:attachment":[{"href":"https:\/\/crime-passionnel.com\/da\/wp-json\/wp\/v2\/media?parent=28406"}],"wp:term":[{"taxonomy":"product_brand","embeddable":true,"href":"https:\/\/crime-passionnel.com\/da\/wp-json\/wp\/v2\/product_brand?post=28406"},{"taxonomy":"product_cat","embeddable":true,"href":"https:\/\/crime-passionnel.com\/da\/wp-json\/wp\/v2\/product_cat?post=28406"},{"taxonomy":"product_tag","embeddable":true,"href":"https:\/\/crime-passionnel.com\/da\/wp-json\/wp\/v2\/product_tag?post=28406"}],"curies":[{"name":"wp","href":"https:\/\/api.w.org\/{rel}","templated":true}]}}