{"id":28392,"date":"2025-03-10T09:54:32","date_gmt":"2025-03-10T09:54:32","guid":{"rendered":"https:\/\/crime-passionnel.com\/?post_type=product&#038;p=28392"},"modified":"2026-03-13T14:33:24","modified_gmt":"2026-03-13T14:33:24","slug":"the-code-of-emotion","status":"publish","type":"product","link":"https:\/\/crime-passionnel.com\/da\/vare\/the-code-of-emotion\/","title":{"rendered":"F\u00f8lelsernes kodeks"},"content":{"rendered":"<p style=\"font-weight: 400;\">Francesca Bianchi\u2019s kreative rejser er altid drevet af \u201demotionens skabende maskine\u201d. Hvor hver duft er skabt til at s\u00e6tte gang i en specifik f\u00f8lelse. Med denne duft startede hun med en klassisk foug\u00e8re struktur \u2013 gr\u00f8n, aromatisk og tr\u00e6 \u2013 som hun s\u00e5 kn\u00e6kkede med et uforudset tropist tvist af saftig mango. Resultatet er en duft, der balancerer det beroligende velkendte med en legende lys note, der fremkalder gl\u00e6de og overraskelse.<\/p>\n<p style=\"font-weight: 400;\">Den eksotiske frugt-akkord forfrisker den traditionelle foug\u00e8re base, hvilket g\u00f8r duften b\u00e5de velkendt og fascinerende nyt\u00e6nkende. \nTil l\u00e6kkersulten, men uden at v\u00e6re en gourmand. Fork\u00e6lende, men samtidig styrkende. Og med en levende contrast mellem de jordbundne tr\u00e6noter og den livlige frugtighed.<\/p>\n<p style=\"font-weight: 400;\">Som en sidste udfordring undlod hun iris-agtige akkorder, minimerede de dyriske noter, og valgte kun et strejf af musk for at fastholde duftens klarhed.<\/p>\n<p>&nbsp;<\/p>\n<p>INGREDIENSER<\/p>\n<p class=\"translation-block\">Noter: Bergamot, Rosenpeber, Eksotiske frugter, Lavendel, Geranium, Sandeltr\u00e6, Cedertr\u00e6, Sl\u00e5enlav, Vetiver<\/p>","protected":false},"excerpt":{"rendered":"<p>Overraskende, Beroligende, Opl\u00f8ftende, Gl\u00e6desfyldt<\/p>","protected":false},"featured_media":28400,"template":"","meta":{"_acf_changed":false},"product_brand":[],"product_cat":[418,15],"product_tag":[],"class_list":{"0":"post-28392","1":"product","2":"type-product","3":"status-publish","4":"has-post-thumbnail","6":"product_cat-new-arrivals","7":"product_cat-perfumes","8":"pa_brands-francesca-bianchi","9":"pa_projection-stron","10":"pa_sizes-2ml-sample","11":"pa_sizes-30ml","12":"pa_style-woody","13":"pa_style-aromatic","14":"pa_style-fruity","16":"first","17":"instock","18":"taxable","19":"shipping-taxable","20":"purchasable","21":"product-type-variable","22":"add-to-wishlist-before_image"},"acf":[],"yoast_head":"<!-- This site is optimized with the Yoast SEO plugin v27.1.1 - https:\/\/yoast.com\/product\/yoast-seo-wordpress\/ -->\n<title>The Code Of Emotion Extrait de Parfum - Crime Passionnel Perfumes<\/title>\n<meta name=\"description\" content=\"A secret encounter of lovers, tightly bound by an impossible passion, is interpreted by a dominant leather infused with narcotic Jasmin.\" \/>\n<meta name=\"robots\" content=\"index, follow, max-snippet:-1, max-image-preview:large, max-video-preview:-1\" \/>\n<link rel=\"canonical\" href=\"https:\/\/crime-passionnel.com\/da\/vare\/the-code-of-emotion\/\" \/>\n<meta property=\"og:locale\" content=\"da_DK\" \/>\n<meta property=\"og:type\" content=\"article\" \/>\n<meta property=\"og:title\" content=\"The Code Of Emotion Extrait de Parfum - Crime Passionnel Perfumes\" \/>\n<meta property=\"og:description\" content=\"A secret encounter of lovers, tightly bound by an impossible passion, is interpreted by a dominant leather infused with narcotic Jasmin.\" \/>\n<meta property=\"og:url\" content=\"https:\/\/crime-passionnel.com\/da\/vare\/the-code-of-emotion\/\" \/>\n<meta property=\"og:site_name\" content=\"Crime Passionnel\" \/>\n<meta property=\"article:publisher\" content=\"https:\/\/www.facebook.com\/crimepassionnel\/\" \/>\n<meta property=\"article:modified_time\" content=\"2026-03-13T14:33:24+00:00\" \/>\n<meta property=\"og:image\" content=\"https:\/\/crime-passionnel.com\/wp-content\/uploads\/2025\/03\/The-Code-Of-Emotion-scaled.jpg\" \/>\n\t<meta property=\"og:image:width\" content=\"1945\" \/>\n\t<meta property=\"og:image:height\" content=\"2560\" \/>\n\t<meta property=\"og:image:type\" content=\"image\/jpeg\" \/>\n<meta name=\"twitter:card\" content=\"summary_large_image\" \/>\n<meta name=\"twitter:label1\" content=\"Estimeret l\u00e6setid\" \/>\n\t<meta name=\"twitter:data1\" content=\"1 minut\" \/>\n<script type=\"application\/ld+json\" class=\"yoast-schema-graph\">{\"@context\":\"https:\/\/schema.org\",\"@graph\":[{\"@type\":\"WebPage\",\"@id\":\"https:\/\/crime-passionnel.com\/product\/the-code-of-emotion\/\",\"url\":\"https:\/\/crime-passionnel.com\/product\/the-code-of-emotion\/\",\"name\":\"The Code Of Emotion Extrait de Parfum - Crime Passionnel Perfumes\",\"isPartOf\":{\"@id\":\"https:\/\/crime-passionnel.com\/#website\"},\"primaryImageOfPage\":{\"@id\":\"https:\/\/crime-passionnel.com\/product\/the-code-of-emotion\/#primaryimage\"},\"image\":{\"@id\":\"https:\/\/crime-passionnel.com\/product\/the-code-of-emotion\/#primaryimage\"},\"thumbnailUrl\":\"https:\/\/crime-passionnel.com\/wp-content\/uploads\/2025\/03\/The-Code-Of-Emotion-scaled.jpg\",\"datePublished\":\"2025-03-10T09:54:32+00:00\",\"dateModified\":\"2026-03-13T14:33:24+00:00\",\"description\":\"A secret encounter of lovers, tightly bound by an impossible passion, is interpreted by a dominant leather infused with narcotic Jasmin.\",\"breadcrumb\":{\"@id\":\"https:\/\/crime-passionnel.com\/product\/the-code-of-emotion\/#breadcrumb\"},\"inLanguage\":\"da-DK\",\"potentialAction\":[{\"@type\":\"ReadAction\",\"target\":[\"https:\/\/crime-passionnel.com\/product\/the-code-of-emotion\/\"]}]},{\"@type\":\"ImageObject\",\"inLanguage\":\"da-DK\",\"@id\":\"https:\/\/crime-passionnel.com\/product\/the-code-of-emotion\/#primaryimage\",\"url\":\"https:\/\/crime-passionnel.com\/wp-content\/uploads\/2025\/03\/The-Code-Of-Emotion-scaled.jpg\",\"contentUrl\":\"https:\/\/crime-passionnel.com\/wp-content\/uploads\/2025\/03\/The-Code-Of-Emotion-scaled.jpg\",\"width\":1945,\"height\":2560,\"caption\":\"The-Code-Of-Emotion\"},{\"@type\":\"BreadcrumbList\",\"@id\":\"https:\/\/crime-passionnel.com\/product\/the-code-of-emotion\/#breadcrumb\",\"itemListElement\":[{\"@type\":\"ListItem\",\"position\":1,\"name\":\"Home\",\"item\":\"https:\/\/crime-passionnel.com\/\"},{\"@type\":\"ListItem\",\"position\":2,\"name\":\"Products\",\"item\":\"https:\/\/crime-passionnel.com\/products\/\"},{\"@type\":\"ListItem\",\"position\":3,\"name\":\"The Code Of Emotion\"}]},{\"@type\":\"WebSite\",\"@id\":\"https:\/\/crime-passionnel.com\/#website\",\"url\":\"https:\/\/crime-passionnel.com\/\",\"name\":\"Crime Passionnel\",\"description\":\"\",\"publisher\":{\"@id\":\"https:\/\/crime-passionnel.com\/#organization\"},\"potentialAction\":[{\"@type\":\"SearchAction\",\"target\":{\"@type\":\"EntryPoint\",\"urlTemplate\":\"https:\/\/crime-passionnel.com\/?s={search_term_string}\"},\"query-input\":{\"@type\":\"PropertyValueSpecification\",\"valueRequired\":true,\"valueName\":\"search_term_string\"}}],\"inLanguage\":\"da-DK\"},{\"@type\":\"Organization\",\"@id\":\"https:\/\/crime-passionnel.com\/#organization\",\"name\":\"Crime Passionnel\",\"url\":\"https:\/\/crime-passionnel.com\/\",\"logo\":{\"@type\":\"ImageObject\",\"inLanguage\":\"da-DK\",\"@id\":\"https:\/\/crime-passionnel.com\/#\/schema\/logo\/image\/\",\"url\":\"https:\/\/crime-passionnel.com\/wp-content\/uploads\/2021\/07\/logo.png\",\"contentUrl\":\"https:\/\/crime-passionnel.com\/wp-content\/uploads\/2021\/07\/logo.png\",\"width\":128,\"height\":50,\"caption\":\"Crime Passionnel\"},\"image\":{\"@id\":\"https:\/\/crime-passionnel.com\/#\/schema\/logo\/image\/\"},\"sameAs\":[\"https:\/\/www.facebook.com\/crimepassionnel\/\",\"https:\/\/www.instagram.com\/crime.passionnel\/\"]}]}<\/script>\n<!-- \/ Yoast SEO plugin. -->","yoast_head_json":{"title":"The Code Of Emotion Extrait de Parfum - Crime Passionnel Perfumes","description":"Et hemmeligt m\u00f8de mellem elskende \u2013 t\u00e6t forbundne af deres passion, uden muligheder.\nDuftens \u00e5bning beskriver den berusende f\u00f8lelse af deres f\u00f8rste m\u00f8de.","robots":{"index":"index","follow":"follow","max-snippet":"max-snippet:-1","max-image-preview":"max-image-preview:large","max-video-preview":"max-video-preview:-1"},"canonical":"https:\/\/crime-passionnel.com\/da\/vare\/the-code-of-emotion\/","og_locale":"da_DK","og_type":"article","og_title":"The Code Of Emotion Extrait de Parfum - Crime Passionnel Perfumes","og_description":"A secret encounter of lovers, tightly bound by an impossible passion, is interpreted by a dominant leather infused with narcotic Jasmin.","og_url":"https:\/\/crime-passionnel.com\/da\/vare\/the-code-of-emotion\/","og_site_name":"Crime Passionnel","article_publisher":"https:\/\/www.facebook.com\/crimepassionnel\/","article_modified_time":"2026-03-13T14:33:24+00:00","og_image":[{"width":1945,"height":2560,"url":"https:\/\/crime-passionnel.com\/wp-content\/uploads\/2025\/03\/The-Code-Of-Emotion-scaled.jpg","type":"image\/jpeg"}],"twitter_card":"summary_large_image","twitter_misc":{"Estimeret l\u00e6setid":"1 minut"},"schema":{"@context":"https:\/\/schema.org","@graph":[{"@type":"WebPage","@id":"https:\/\/crime-passionnel.com\/product\/the-code-of-emotion\/","url":"https:\/\/crime-passionnel.com\/product\/the-code-of-emotion\/","name":"The Code Of Emotion Extrait de Parfum - Crime Passionnel Perfumes","isPartOf":{"@id":"https:\/\/crime-passionnel.com\/#website"},"primaryImageOfPage":{"@id":"https:\/\/crime-passionnel.com\/product\/the-code-of-emotion\/#primaryimage"},"image":{"@id":"https:\/\/crime-passionnel.com\/product\/the-code-of-emotion\/#primaryimage"},"thumbnailUrl":"https:\/\/crime-passionnel.com\/wp-content\/uploads\/2025\/03\/The-Code-Of-Emotion-scaled.jpg","datePublished":"2025-03-10T09:54:32+00:00","dateModified":"2026-03-13T14:33:24+00:00","description":"Et hemmeligt m\u00f8de mellem elskende \u2013 t\u00e6t forbundne af deres passion, uden muligheder.\nDuftens \u00e5bning beskriver den berusende f\u00f8lelse af deres f\u00f8rste m\u00f8de.","breadcrumb":{"@id":"https:\/\/crime-passionnel.com\/product\/the-code-of-emotion\/#breadcrumb"},"inLanguage":"da-DK","potentialAction":[{"@type":"ReadAction","target":["https:\/\/crime-passionnel.com\/product\/the-code-of-emotion\/"]}]},{"@type":"ImageObject","inLanguage":"da-DK","@id":"https:\/\/crime-passionnel.com\/product\/the-code-of-emotion\/#primaryimage","url":"https:\/\/crime-passionnel.com\/wp-content\/uploads\/2025\/03\/The-Code-Of-Emotion-scaled.jpg","contentUrl":"https:\/\/crime-passionnel.com\/wp-content\/uploads\/2025\/03\/The-Code-Of-Emotion-scaled.jpg","width":1945,"height":2560,"caption":"The-Code-Of-Emotion"},{"@type":"BreadcrumbList","@id":"https:\/\/crime-passionnel.com\/product\/the-code-of-emotion\/#breadcrumb","itemListElement":[{"@type":"ListItem","position":1,"name":"Home","item":"https:\/\/crime-passionnel.com\/"},{"@type":"ListItem","position":2,"name":"Products","item":"https:\/\/crime-passionnel.com\/products\/"},{"@type":"ListItem","position":3,"name":"The Code Of Emotion"}]},{"@type":"WebSite","@id":"https:\/\/crime-passionnel.com\/#website","url":"https:\/\/crime-passionnel.com\/","name":"Forbrydelse og lidenskab","description":"","publisher":{"@id":"https:\/\/crime-passionnel.com\/#organization"},"potentialAction":[{"@type":"SearchAction","target":{"@type":"EntryPoint","urlTemplate":"https:\/\/crime-passionnel.com\/?s={search_term_string}"},"query-input":{"@type":"PropertyValueSpecification","valueRequired":true,"valueName":"search_term_string"}}],"inLanguage":"da-DK"},{"@type":"Organization","@id":"https:\/\/crime-passionnel.com\/#organization","name":"Forbrydelse og lidenskab","url":"https:\/\/crime-passionnel.com\/","logo":{"@type":"ImageObject","inLanguage":"da-DK","@id":"https:\/\/crime-passionnel.com\/#\/schema\/logo\/image\/","url":"https:\/\/crime-passionnel.com\/wp-content\/uploads\/2021\/07\/logo.png","contentUrl":"https:\/\/crime-passionnel.com\/wp-content\/uploads\/2021\/07\/logo.png","width":128,"height":50,"caption":"Crime Passionnel"},"image":{"@id":"https:\/\/crime-passionnel.com\/#\/schema\/logo\/image\/"},"sameAs":["https:\/\/www.facebook.com\/crimepassionnel\/","https:\/\/www.instagram.com\/crime.passionnel\/"]}]}},"_links":{"self":[{"href":"https:\/\/crime-passionnel.com\/da\/wp-json\/wp\/v2\/product\/28392","targetHints":{"allow":["GET"]}}],"collection":[{"href":"https:\/\/crime-passionnel.com\/da\/wp-json\/wp\/v2\/product"}],"about":[{"href":"https:\/\/crime-passionnel.com\/da\/wp-json\/wp\/v2\/types\/product"}],"wp:featuredmedia":[{"embeddable":true,"href":"https:\/\/crime-passionnel.com\/da\/wp-json\/wp\/v2\/media\/28400"}],"wp:attachment":[{"href":"https:\/\/crime-passionnel.com\/da\/wp-json\/wp\/v2\/media?parent=28392"}],"wp:term":[{"taxonomy":"product_brand","embeddable":true,"href":"https:\/\/crime-passionnel.com\/da\/wp-json\/wp\/v2\/product_brand?post=28392"},{"taxonomy":"product_cat","embeddable":true,"href":"https:\/\/crime-passionnel.com\/da\/wp-json\/wp\/v2\/product_cat?post=28392"},{"taxonomy":"product_tag","embeddable":true,"href":"https:\/\/crime-passionnel.com\/da\/wp-json\/wp\/v2\/product_tag?post=28392"}],"curies":[{"name":"wp","href":"https:\/\/api.w.org\/{rel}","templated":true}]}}