{"id":28210,"date":"2025-02-25T20:54:33","date_gmt":"2025-02-25T20:54:33","guid":{"rendered":"https:\/\/crime-passionnel.com\/?post_type=product&#038;p=28210"},"modified":"2026-03-31T10:55:38","modified_gmt":"2026-03-31T10:55:38","slug":"estrella-de-la-manana-extrait","status":"publish","type":"product","link":"https:\/\/crime-passionnel.com\/da\/vare\/estrella-de-la-manana-extrait\/","title":{"rendered":"Estrella de la Manana ekstrakt"},"content":{"rendered":"<div class=\"fragrance-description\">\n<div class=\"fragrance-description\">\n<p>De bjergrige kyster i det \u00f8stlige Mexico smeltede sammen med sensommerens varme, fugtige sl\u00f8r, og i Veracruz l\u00f8b kong Tenitzi III's datter, en overv\u00e6ldende sk\u00f8nhed med tilnavnet Estrella de la Ma\u00f1ana, gennem sletterne. Hun m\u00f8dte blikket fra en ung dreng med gevir - Hjorteprinsen. De udvekslede kun nogle f\u00e5 ord, men k\u00e6rlighedens magi var sat i gang.<\/p>\n<p>Da kong Tentizi III h\u00f8rte om denne romance, blev han blind af raseri. Han sendte sine pr\u00e6ster efter dem. Himlen blev m\u00f8rkere. Han besluttede, at Morgenstjernens og Hjorteprinsens sj\u00e6le skulle ofres for at d\u00e6mpe gudernes vrede.<\/p>\n<p>T\u00e5rer af deres blod f\u00f8dte en lille busk. Grenene flettede sig sammen som elskende i deres sidste omfavnelse. Stjerneformede blomster d\u00e6kkede hele tr\u00e6et. Et par dage senere sk\u00f8d mange skud op af jorden, og de f\u00f8rste tr\u00e5de af sort vanilje svajede i vinden og hviskede duften af de forsvundne elskende.<\/p>\n<\/div>\n<div class=\"fragrance-description\">\u2018Estrella de la Ma\u00f1ana\u2019 er en sort vaniljestang, hvis hjerte er sk\u00e5ret op og fort\u00e6ret i det br\u00e6ndende ildsted i en pejs. R\u00f8gen fra tr\u00e6 og sort kakaopulver forenes med vaniljens rundhed.<\/div>\n<\/div>\n<p>&nbsp;<\/p>\n<p>INGREDIENSER<\/p>\n<p>Topnoter: Gulerodsfr\u00f8<\/p>\n<p>Varme noter: Birk, vanilje<\/p>\n<p>Basisnoter: Kakao, benzoet\u00e5rer<\/p>\n<p style=\"font-weight: 400;\">","protected":false},"excerpt":{"rendered":"<p>Br\u00e6ndende ildsted i en pejs<\/p>","protected":false},"featured_media":28218,"template":"","meta":{"_acf_changed":false},"product_brand":[],"product_cat":[418,15],"product_tag":[],"class_list":{"0":"post-28210","1":"product","2":"type-product","3":"status-publish","4":"has-post-thumbnail","6":"product_cat-new-arrivals","7":"product_cat-perfumes","8":"pa_brands-une-nuit-nomade","9":"pa_projection-moderate","10":"pa_sizes-2ml-sample","11":"pa_sizes-50ml","12":"pa_sizes-100ml","13":"pa_style-leather","15":"first","16":"instock","17":"taxable","18":"shipping-taxable","19":"purchasable","20":"product-type-variable","21":"add-to-wishlist-before_image"},"acf":[],"yoast_head":"<!-- This site is optimized with the Yoast SEO plugin v27.1.1 - https:\/\/yoast.com\/product\/yoast-seo-wordpress\/ -->\n<title>Estrella de la Manana Extrait Extrait de Parfum - Crime Passionnel Perfumes<\/title>\n<meta name=\"robots\" content=\"index, follow, max-snippet:-1, max-image-preview:large, max-video-preview:-1\" \/>\n<link rel=\"canonical\" href=\"https:\/\/crime-passionnel.com\/da\/vare\/estrella-de-la-manana-extrait\/\" \/>\n<meta property=\"og:locale\" content=\"da_DK\" \/>\n<meta property=\"og:type\" content=\"article\" \/>\n<meta property=\"og:title\" content=\"Estrella de la Manana Extrait Extrait de Parfum - Crime Passionnel Perfumes\" \/>\n<meta property=\"og:description\" content=\"Burning hearth of a fireplace\" \/>\n<meta property=\"og:url\" content=\"https:\/\/crime-passionnel.com\/da\/vare\/estrella-de-la-manana-extrait\/\" \/>\n<meta property=\"og:site_name\" content=\"Crime Passionnel\" \/>\n<meta property=\"article:publisher\" content=\"https:\/\/www.facebook.com\/crimepassionnel\/\" \/>\n<meta property=\"article:modified_time\" content=\"2026-03-31T10:55:38+00:00\" \/>\n<meta property=\"og:image\" content=\"https:\/\/crime-passionnel.com\/wp-content\/uploads\/2025\/02\/Estrella-de-la-Manana-scaled.jpg\" \/>\n\t<meta property=\"og:image:width\" content=\"1945\" \/>\n\t<meta property=\"og:image:height\" content=\"2560\" \/>\n\t<meta property=\"og:image:type\" content=\"image\/jpeg\" \/>\n<meta name=\"twitter:card\" content=\"summary_large_image\" \/>\n<meta name=\"twitter:label1\" content=\"Estimeret l\u00e6setid\" \/>\n\t<meta name=\"twitter:data1\" content=\"2 minutter\" \/>\n<script type=\"application\/ld+json\" class=\"yoast-schema-graph\">{\"@context\":\"https:\/\/schema.org\",\"@graph\":[{\"@type\":\"WebPage\",\"@id\":\"https:\/\/crime-passionnel.com\/product\/estrella-de-la-manana-extrait\/\",\"url\":\"https:\/\/crime-passionnel.com\/product\/estrella-de-la-manana-extrait\/\",\"name\":\"Estrella de la Manana Extrait Extrait de Parfum - Crime Passionnel Perfumes\",\"isPartOf\":{\"@id\":\"https:\/\/crime-passionnel.com\/#website\"},\"primaryImageOfPage\":{\"@id\":\"https:\/\/crime-passionnel.com\/product\/estrella-de-la-manana-extrait\/#primaryimage\"},\"image\":{\"@id\":\"https:\/\/crime-passionnel.com\/product\/estrella-de-la-manana-extrait\/#primaryimage\"},\"thumbnailUrl\":\"https:\/\/crime-passionnel.com\/wp-content\/uploads\/2025\/02\/Estrella-de-la-Manana-scaled.jpg\",\"datePublished\":\"2025-02-25T20:54:33+00:00\",\"dateModified\":\"2026-03-31T10:55:38+00:00\",\"breadcrumb\":{\"@id\":\"https:\/\/crime-passionnel.com\/product\/estrella-de-la-manana-extrait\/#breadcrumb\"},\"inLanguage\":\"da-DK\",\"potentialAction\":[{\"@type\":\"ReadAction\",\"target\":[\"https:\/\/crime-passionnel.com\/product\/estrella-de-la-manana-extrait\/\"]}]},{\"@type\":\"ImageObject\",\"inLanguage\":\"da-DK\",\"@id\":\"https:\/\/crime-passionnel.com\/product\/estrella-de-la-manana-extrait\/#primaryimage\",\"url\":\"https:\/\/crime-passionnel.com\/wp-content\/uploads\/2025\/02\/Estrella-de-la-Manana-scaled.jpg\",\"contentUrl\":\"https:\/\/crime-passionnel.com\/wp-content\/uploads\/2025\/02\/Estrella-de-la-Manana-scaled.jpg\",\"width\":1945,\"height\":2560,\"caption\":\"Estrella-de-la-Manana\"},{\"@type\":\"BreadcrumbList\",\"@id\":\"https:\/\/crime-passionnel.com\/product\/estrella-de-la-manana-extrait\/#breadcrumb\",\"itemListElement\":[{\"@type\":\"ListItem\",\"position\":1,\"name\":\"Home\",\"item\":\"https:\/\/crime-passionnel.com\/\"},{\"@type\":\"ListItem\",\"position\":2,\"name\":\"Products\",\"item\":\"https:\/\/crime-passionnel.com\/products\/\"},{\"@type\":\"ListItem\",\"position\":3,\"name\":\"Estrella de la Manana Extrait\"}]},{\"@type\":\"WebSite\",\"@id\":\"https:\/\/crime-passionnel.com\/#website\",\"url\":\"https:\/\/crime-passionnel.com\/\",\"name\":\"Crime Passionnel\",\"description\":\"\",\"publisher\":{\"@id\":\"https:\/\/crime-passionnel.com\/#organization\"},\"potentialAction\":[{\"@type\":\"SearchAction\",\"target\":{\"@type\":\"EntryPoint\",\"urlTemplate\":\"https:\/\/crime-passionnel.com\/?s={search_term_string}\"},\"query-input\":{\"@type\":\"PropertyValueSpecification\",\"valueRequired\":true,\"valueName\":\"search_term_string\"}}],\"inLanguage\":\"da-DK\"},{\"@type\":\"Organization\",\"@id\":\"https:\/\/crime-passionnel.com\/#organization\",\"name\":\"Crime Passionnel\",\"url\":\"https:\/\/crime-passionnel.com\/\",\"logo\":{\"@type\":\"ImageObject\",\"inLanguage\":\"da-DK\",\"@id\":\"https:\/\/crime-passionnel.com\/#\/schema\/logo\/image\/\",\"url\":\"https:\/\/crime-passionnel.com\/wp-content\/uploads\/2021\/07\/logo.png\",\"contentUrl\":\"https:\/\/crime-passionnel.com\/wp-content\/uploads\/2021\/07\/logo.png\",\"width\":128,\"height\":50,\"caption\":\"Crime Passionnel\"},\"image\":{\"@id\":\"https:\/\/crime-passionnel.com\/#\/schema\/logo\/image\/\"},\"sameAs\":[\"https:\/\/www.facebook.com\/crimepassionnel\/\",\"https:\/\/www.instagram.com\/crime.passionnel\/\"]}]}<\/script>\n<!-- \/ Yoast SEO plugin. -->","yoast_head_json":{"title":"Estrella de la Manana Extrait Extrait de Parfum - Crime Passionnel Perfumes","robots":{"index":"index","follow":"follow","max-snippet":"max-snippet:-1","max-image-preview":"max-image-preview:large","max-video-preview":"max-video-preview:-1"},"canonical":"https:\/\/crime-passionnel.com\/da\/vare\/estrella-de-la-manana-extrait\/","og_locale":"da_DK","og_type":"article","og_title":"Estrella de la Manana Extrait Extrait de Parfum - Crime Passionnel Perfumes","og_description":"Burning hearth of a fireplace","og_url":"https:\/\/crime-passionnel.com\/da\/vare\/estrella-de-la-manana-extrait\/","og_site_name":"Crime Passionnel","article_publisher":"https:\/\/www.facebook.com\/crimepassionnel\/","article_modified_time":"2026-03-31T10:55:38+00:00","og_image":[{"width":1945,"height":2560,"url":"https:\/\/crime-passionnel.com\/wp-content\/uploads\/2025\/02\/Estrella-de-la-Manana-scaled.jpg","type":"image\/jpeg"}],"twitter_card":"summary_large_image","twitter_misc":{"Estimeret l\u00e6setid":"2 minutter"},"schema":{"@context":"https:\/\/schema.org","@graph":[{"@type":"WebPage","@id":"https:\/\/crime-passionnel.com\/product\/estrella-de-la-manana-extrait\/","url":"https:\/\/crime-passionnel.com\/product\/estrella-de-la-manana-extrait\/","name":"Estrella de la Manana Extrait Extrait de Parfum - Crime Passionnel Perfumes","isPartOf":{"@id":"https:\/\/crime-passionnel.com\/#website"},"primaryImageOfPage":{"@id":"https:\/\/crime-passionnel.com\/product\/estrella-de-la-manana-extrait\/#primaryimage"},"image":{"@id":"https:\/\/crime-passionnel.com\/product\/estrella-de-la-manana-extrait\/#primaryimage"},"thumbnailUrl":"https:\/\/crime-passionnel.com\/wp-content\/uploads\/2025\/02\/Estrella-de-la-Manana-scaled.jpg","datePublished":"2025-02-25T20:54:33+00:00","dateModified":"2026-03-31T10:55:38+00:00","breadcrumb":{"@id":"https:\/\/crime-passionnel.com\/product\/estrella-de-la-manana-extrait\/#breadcrumb"},"inLanguage":"da-DK","potentialAction":[{"@type":"ReadAction","target":["https:\/\/crime-passionnel.com\/product\/estrella-de-la-manana-extrait\/"]}]},{"@type":"ImageObject","inLanguage":"da-DK","@id":"https:\/\/crime-passionnel.com\/product\/estrella-de-la-manana-extrait\/#primaryimage","url":"https:\/\/crime-passionnel.com\/wp-content\/uploads\/2025\/02\/Estrella-de-la-Manana-scaled.jpg","contentUrl":"https:\/\/crime-passionnel.com\/wp-content\/uploads\/2025\/02\/Estrella-de-la-Manana-scaled.jpg","width":1945,"height":2560,"caption":"Estrella-de-la-Manana"},{"@type":"BreadcrumbList","@id":"https:\/\/crime-passionnel.com\/product\/estrella-de-la-manana-extrait\/#breadcrumb","itemListElement":[{"@type":"ListItem","position":1,"name":"Home","item":"https:\/\/crime-passionnel.com\/"},{"@type":"ListItem","position":2,"name":"Products","item":"https:\/\/crime-passionnel.com\/products\/"},{"@type":"ListItem","position":3,"name":"Estrella de la Manana Extrait"}]},{"@type":"WebSite","@id":"https:\/\/crime-passionnel.com\/#website","url":"https:\/\/crime-passionnel.com\/","name":"Forbrydelse og lidenskab","description":"","publisher":{"@id":"https:\/\/crime-passionnel.com\/#organization"},"potentialAction":[{"@type":"SearchAction","target":{"@type":"EntryPoint","urlTemplate":"https:\/\/crime-passionnel.com\/?s={search_term_string}"},"query-input":{"@type":"PropertyValueSpecification","valueRequired":true,"valueName":"search_term_string"}}],"inLanguage":"da-DK"},{"@type":"Organization","@id":"https:\/\/crime-passionnel.com\/#organization","name":"Forbrydelse og lidenskab","url":"https:\/\/crime-passionnel.com\/","logo":{"@type":"ImageObject","inLanguage":"da-DK","@id":"https:\/\/crime-passionnel.com\/#\/schema\/logo\/image\/","url":"https:\/\/crime-passionnel.com\/wp-content\/uploads\/2021\/07\/logo.png","contentUrl":"https:\/\/crime-passionnel.com\/wp-content\/uploads\/2021\/07\/logo.png","width":128,"height":50,"caption":"Crime Passionnel"},"image":{"@id":"https:\/\/crime-passionnel.com\/#\/schema\/logo\/image\/"},"sameAs":["https:\/\/www.facebook.com\/crimepassionnel\/","https:\/\/www.instagram.com\/crime.passionnel\/"]}]}},"_links":{"self":[{"href":"https:\/\/crime-passionnel.com\/da\/wp-json\/wp\/v2\/product\/28210","targetHints":{"allow":["GET"]}}],"collection":[{"href":"https:\/\/crime-passionnel.com\/da\/wp-json\/wp\/v2\/product"}],"about":[{"href":"https:\/\/crime-passionnel.com\/da\/wp-json\/wp\/v2\/types\/product"}],"wp:featuredmedia":[{"embeddable":true,"href":"https:\/\/crime-passionnel.com\/da\/wp-json\/wp\/v2\/media\/28218"}],"wp:attachment":[{"href":"https:\/\/crime-passionnel.com\/da\/wp-json\/wp\/v2\/media?parent=28210"}],"wp:term":[{"taxonomy":"product_brand","embeddable":true,"href":"https:\/\/crime-passionnel.com\/da\/wp-json\/wp\/v2\/product_brand?post=28210"},{"taxonomy":"product_cat","embeddable":true,"href":"https:\/\/crime-passionnel.com\/da\/wp-json\/wp\/v2\/product_cat?post=28210"},{"taxonomy":"product_tag","embeddable":true,"href":"https:\/\/crime-passionnel.com\/da\/wp-json\/wp\/v2\/product_tag?post=28210"}],"curies":[{"name":"wp","href":"https:\/\/api.w.org\/{rel}","templated":true}]}}