{"id":27109,"date":"2024-12-10T16:34:11","date_gmt":"2024-12-10T16:34:11","guid":{"rendered":"https:\/\/crime-passionnel.com\/?post_type=product&#038;p=27109"},"modified":"2026-01-28T19:36:54","modified_gmt":"2026-01-28T19:36:54","slug":"pyroclasm","status":"publish","type":"product","link":"https:\/\/crime-passionnel.com\/da\/vare\/pyroclasm\/","title":{"rendered":"Pyroklasme"},"content":{"rendered":"<p>Inspirationen til Pyroclasm er todelt. F\u00f8rst den ufattelige styrke i naturen, der skabte basaltformationen \u201dThe Giant\u2019s Causeway\u201d i det nordlige Irland. S\u00e5 over vandet, igennem \u201dThe Clyde\u201d og frem til de mange skibsv\u00e6rfter, hvor en fantastisk menneskelig form\u00e5en finder sted i frembringelsen af jernskibe.<\/p>\n<p>Pyroclasm (\u00f8delagt af ild) udforsker ideen om den intense varme og det pres n\u00f8dvendigt til at skabe de sekskantede s\u00f8jler og de samme kr\u00e6fter involveret i skabelsen af fart\u00f8jets skrog.<\/p>\n<p>&nbsp;<\/p>\n<p>NGREDIENSER<\/p>\n<p>Topnoter: Rust, Sort peber, Safran, Grapefrugt<\/p>\n<p>Hjertenoter: Frankincense, Elemi, Mineralnoter<\/p>\n<p>Basenoter: Ambergris, Cade, Sandetr\u00e6, Vetiver, Styrax, Cistus, Atlas cedertr\u00e6<\/p>","protected":false},"excerpt":{"rendered":"<p>Elementernes rasen<\/p>","protected":false},"featured_media":27118,"template":"","meta":{"_acf_changed":false},"product_brand":[],"product_cat":[418,15],"product_tag":[],"class_list":{"0":"post-27109","1":"product","2":"type-product","3":"status-publish","4":"has-post-thumbnail","6":"product_cat-new-arrivals","7":"product_cat-perfumes","8":"pa_brands-beaufort-london","9":"pa_projection-stron","10":"pa_sizes-2ml-sample","11":"pa_sizes-50ml","12":"pa_style-woody","14":"first","15":"instock","16":"taxable","17":"shipping-taxable","18":"purchasable","19":"product-type-variable","20":"add-to-wishlist-before_image"},"acf":[],"yoast_head":"<!-- This site is optimized with the Yoast SEO plugin v27.1.1 - https:\/\/yoast.com\/product\/yoast-seo-wordpress\/ -->\n<title>Pyroclasm Eau de Parfum - Crime Passionnel Niche Perfumes<\/title>\n<meta name=\"description\" content=\"Iron Duke is a strikingly powerful fragrance with animalic depths \u2013 an apparition of the celebrated horseman, warrior politician and sartorial pioneer.\" \/>\n<meta name=\"robots\" content=\"index, follow, max-snippet:-1, max-image-preview:large, max-video-preview:-1\" \/>\n<link rel=\"canonical\" href=\"https:\/\/crime-passionnel.com\/da\/vare\/pyroclasm\/\" \/>\n<meta property=\"og:locale\" content=\"da_DK\" \/>\n<meta property=\"og:type\" content=\"article\" \/>\n<meta property=\"og:title\" content=\"Pyroclasm Eau de Parfum - Crime Passionnel Niche Perfumes\" \/>\n<meta property=\"og:description\" content=\"Iron Duke is a strikingly powerful fragrance with animalic depths \u2013 an apparition of the celebrated horseman, warrior politician and sartorial pioneer.\" \/>\n<meta property=\"og:url\" content=\"https:\/\/crime-passionnel.com\/da\/vare\/pyroclasm\/\" \/>\n<meta property=\"og:site_name\" content=\"Crime Passionnel\" \/>\n<meta property=\"article:publisher\" content=\"https:\/\/www.facebook.com\/crimepassionnel\/\" \/>\n<meta property=\"article:modified_time\" content=\"2026-01-28T19:36:54+00:00\" \/>\n<meta property=\"og:image\" content=\"https:\/\/crime-passionnel.com\/wp-content\/uploads\/2024\/12\/Pyroclasm1-scaled.jpg\" \/>\n\t<meta property=\"og:image:width\" content=\"1945\" \/>\n\t<meta property=\"og:image:height\" content=\"2560\" \/>\n\t<meta property=\"og:image:type\" content=\"image\/jpeg\" \/>\n<meta name=\"twitter:card\" content=\"summary_large_image\" \/>\n<meta name=\"twitter:label1\" content=\"Estimeret l\u00e6setid\" \/>\n\t<meta name=\"twitter:data1\" content=\"1 minut\" \/>\n<script type=\"application\/ld+json\" class=\"yoast-schema-graph\">{\"@context\":\"https:\/\/schema.org\",\"@graph\":[{\"@type\":\"WebPage\",\"@id\":\"https:\/\/crime-passionnel.com\/product\/pyroclasm\/\",\"url\":\"https:\/\/crime-passionnel.com\/product\/pyroclasm\/\",\"name\":\"Pyroclasm Eau de Parfum - Crime Passionnel Niche Perfumes\",\"isPartOf\":{\"@id\":\"https:\/\/crime-passionnel.com\/#website\"},\"primaryImageOfPage\":{\"@id\":\"https:\/\/crime-passionnel.com\/product\/pyroclasm\/#primaryimage\"},\"image\":{\"@id\":\"https:\/\/crime-passionnel.com\/product\/pyroclasm\/#primaryimage\"},\"thumbnailUrl\":\"https:\/\/crime-passionnel.com\/wp-content\/uploads\/2024\/12\/Pyroclasm1-scaled.jpg\",\"datePublished\":\"2024-12-10T16:34:11+00:00\",\"dateModified\":\"2026-01-28T19:36:54+00:00\",\"description\":\"Iron Duke is a strikingly powerful fragrance with animalic depths \u2013 an apparition of the celebrated horseman, warrior politician and sartorial pioneer.\",\"breadcrumb\":{\"@id\":\"https:\/\/crime-passionnel.com\/product\/pyroclasm\/#breadcrumb\"},\"inLanguage\":\"da-DK\",\"potentialAction\":[{\"@type\":\"ReadAction\",\"target\":[\"https:\/\/crime-passionnel.com\/product\/pyroclasm\/\"]}]},{\"@type\":\"ImageObject\",\"inLanguage\":\"da-DK\",\"@id\":\"https:\/\/crime-passionnel.com\/product\/pyroclasm\/#primaryimage\",\"url\":\"https:\/\/crime-passionnel.com\/wp-content\/uploads\/2024\/12\/Pyroclasm1-scaled.jpg\",\"contentUrl\":\"https:\/\/crime-passionnel.com\/wp-content\/uploads\/2024\/12\/Pyroclasm1-scaled.jpg\",\"width\":1945,\"height\":2560,\"caption\":\"Pyroclasm\"},{\"@type\":\"BreadcrumbList\",\"@id\":\"https:\/\/crime-passionnel.com\/product\/pyroclasm\/#breadcrumb\",\"itemListElement\":[{\"@type\":\"ListItem\",\"position\":1,\"name\":\"Home\",\"item\":\"https:\/\/crime-passionnel.com\/\"},{\"@type\":\"ListItem\",\"position\":2,\"name\":\"Products\",\"item\":\"https:\/\/crime-passionnel.com\/products\/\"},{\"@type\":\"ListItem\",\"position\":3,\"name\":\"Pyroclasm\"}]},{\"@type\":\"WebSite\",\"@id\":\"https:\/\/crime-passionnel.com\/#website\",\"url\":\"https:\/\/crime-passionnel.com\/\",\"name\":\"Crime Passionnel\",\"description\":\"\",\"publisher\":{\"@id\":\"https:\/\/crime-passionnel.com\/#organization\"},\"potentialAction\":[{\"@type\":\"SearchAction\",\"target\":{\"@type\":\"EntryPoint\",\"urlTemplate\":\"https:\/\/crime-passionnel.com\/?s={search_term_string}\"},\"query-input\":{\"@type\":\"PropertyValueSpecification\",\"valueRequired\":true,\"valueName\":\"search_term_string\"}}],\"inLanguage\":\"da-DK\"},{\"@type\":\"Organization\",\"@id\":\"https:\/\/crime-passionnel.com\/#organization\",\"name\":\"Crime Passionnel\",\"url\":\"https:\/\/crime-passionnel.com\/\",\"logo\":{\"@type\":\"ImageObject\",\"inLanguage\":\"da-DK\",\"@id\":\"https:\/\/crime-passionnel.com\/#\/schema\/logo\/image\/\",\"url\":\"https:\/\/crime-passionnel.com\/wp-content\/uploads\/2021\/07\/logo.png\",\"contentUrl\":\"https:\/\/crime-passionnel.com\/wp-content\/uploads\/2021\/07\/logo.png\",\"width\":128,\"height\":50,\"caption\":\"Crime Passionnel\"},\"image\":{\"@id\":\"https:\/\/crime-passionnel.com\/#\/schema\/logo\/image\/\"},\"sameAs\":[\"https:\/\/www.facebook.com\/crimepassionnel\/\",\"https:\/\/www.instagram.com\/crime.passionnel\/\"]}]}<\/script>\n<!-- \/ Yoast SEO plugin. -->","yoast_head_json":{"title":"Pyroclasm Eau de Parfum - Crime Passionnel Niche Perfumes","description":"Iron Duke is a strikingly powerful fragrance with animalic depths \u2013 an apparition of the celebrated horseman, warrior politician and sartorial pioneer.","robots":{"index":"index","follow":"follow","max-snippet":"max-snippet:-1","max-image-preview":"max-image-preview:large","max-video-preview":"max-video-preview:-1"},"canonical":"https:\/\/crime-passionnel.com\/da\/vare\/pyroclasm\/","og_locale":"da_DK","og_type":"article","og_title":"Pyroclasm Eau de Parfum - Crime Passionnel Niche Perfumes","og_description":"Iron Duke is a strikingly powerful fragrance with animalic depths \u2013 an apparition of the celebrated horseman, warrior politician and sartorial pioneer.","og_url":"https:\/\/crime-passionnel.com\/da\/vare\/pyroclasm\/","og_site_name":"Crime Passionnel","article_publisher":"https:\/\/www.facebook.com\/crimepassionnel\/","article_modified_time":"2026-01-28T19:36:54+00:00","og_image":[{"width":1945,"height":2560,"url":"https:\/\/crime-passionnel.com\/wp-content\/uploads\/2024\/12\/Pyroclasm1-scaled.jpg","type":"image\/jpeg"}],"twitter_card":"summary_large_image","twitter_misc":{"Estimeret l\u00e6setid":"1 minut"},"schema":{"@context":"https:\/\/schema.org","@graph":[{"@type":"WebPage","@id":"https:\/\/crime-passionnel.com\/product\/pyroclasm\/","url":"https:\/\/crime-passionnel.com\/product\/pyroclasm\/","name":"Pyroclasm Eau de Parfum - Crime Passionnel Niche Perfumes","isPartOf":{"@id":"https:\/\/crime-passionnel.com\/#website"},"primaryImageOfPage":{"@id":"https:\/\/crime-passionnel.com\/product\/pyroclasm\/#primaryimage"},"image":{"@id":"https:\/\/crime-passionnel.com\/product\/pyroclasm\/#primaryimage"},"thumbnailUrl":"https:\/\/crime-passionnel.com\/wp-content\/uploads\/2024\/12\/Pyroclasm1-scaled.jpg","datePublished":"2024-12-10T16:34:11+00:00","dateModified":"2026-01-28T19:36:54+00:00","description":"Iron Duke is a strikingly powerful fragrance with animalic depths \u2013 an apparition of the celebrated horseman, warrior politician and sartorial pioneer.","breadcrumb":{"@id":"https:\/\/crime-passionnel.com\/product\/pyroclasm\/#breadcrumb"},"inLanguage":"da-DK","potentialAction":[{"@type":"ReadAction","target":["https:\/\/crime-passionnel.com\/product\/pyroclasm\/"]}]},{"@type":"ImageObject","inLanguage":"da-DK","@id":"https:\/\/crime-passionnel.com\/product\/pyroclasm\/#primaryimage","url":"https:\/\/crime-passionnel.com\/wp-content\/uploads\/2024\/12\/Pyroclasm1-scaled.jpg","contentUrl":"https:\/\/crime-passionnel.com\/wp-content\/uploads\/2024\/12\/Pyroclasm1-scaled.jpg","width":1945,"height":2560,"caption":"Pyroclasm"},{"@type":"BreadcrumbList","@id":"https:\/\/crime-passionnel.com\/product\/pyroclasm\/#breadcrumb","itemListElement":[{"@type":"ListItem","position":1,"name":"Home","item":"https:\/\/crime-passionnel.com\/"},{"@type":"ListItem","position":2,"name":"Products","item":"https:\/\/crime-passionnel.com\/products\/"},{"@type":"ListItem","position":3,"name":"Pyroclasm"}]},{"@type":"WebSite","@id":"https:\/\/crime-passionnel.com\/#website","url":"https:\/\/crime-passionnel.com\/","name":"Forbrydelse og lidenskab","description":"","publisher":{"@id":"https:\/\/crime-passionnel.com\/#organization"},"potentialAction":[{"@type":"SearchAction","target":{"@type":"EntryPoint","urlTemplate":"https:\/\/crime-passionnel.com\/?s={search_term_string}"},"query-input":{"@type":"PropertyValueSpecification","valueRequired":true,"valueName":"search_term_string"}}],"inLanguage":"da-DK"},{"@type":"Organization","@id":"https:\/\/crime-passionnel.com\/#organization","name":"Forbrydelse og lidenskab","url":"https:\/\/crime-passionnel.com\/","logo":{"@type":"ImageObject","inLanguage":"da-DK","@id":"https:\/\/crime-passionnel.com\/#\/schema\/logo\/image\/","url":"https:\/\/crime-passionnel.com\/wp-content\/uploads\/2021\/07\/logo.png","contentUrl":"https:\/\/crime-passionnel.com\/wp-content\/uploads\/2021\/07\/logo.png","width":128,"height":50,"caption":"Crime Passionnel"},"image":{"@id":"https:\/\/crime-passionnel.com\/#\/schema\/logo\/image\/"},"sameAs":["https:\/\/www.facebook.com\/crimepassionnel\/","https:\/\/www.instagram.com\/crime.passionnel\/"]}]}},"_links":{"self":[{"href":"https:\/\/crime-passionnel.com\/da\/wp-json\/wp\/v2\/product\/27109","targetHints":{"allow":["GET"]}}],"collection":[{"href":"https:\/\/crime-passionnel.com\/da\/wp-json\/wp\/v2\/product"}],"about":[{"href":"https:\/\/crime-passionnel.com\/da\/wp-json\/wp\/v2\/types\/product"}],"wp:featuredmedia":[{"embeddable":true,"href":"https:\/\/crime-passionnel.com\/da\/wp-json\/wp\/v2\/media\/27118"}],"wp:attachment":[{"href":"https:\/\/crime-passionnel.com\/da\/wp-json\/wp\/v2\/media?parent=27109"}],"wp:term":[{"taxonomy":"product_brand","embeddable":true,"href":"https:\/\/crime-passionnel.com\/da\/wp-json\/wp\/v2\/product_brand?post=27109"},{"taxonomy":"product_cat","embeddable":true,"href":"https:\/\/crime-passionnel.com\/da\/wp-json\/wp\/v2\/product_cat?post=27109"},{"taxonomy":"product_tag","embeddable":true,"href":"https:\/\/crime-passionnel.com\/da\/wp-json\/wp\/v2\/product_tag?post=27109"}],"curies":[{"name":"wp","href":"https:\/\/api.w.org\/{rel}","templated":true}]}}