{"id":27095,"date":"2024-12-10T16:05:50","date_gmt":"2024-12-10T16:05:50","guid":{"rendered":"https:\/\/crime-passionnel.com\/?post_type=product&#038;p=27095"},"modified":"2026-04-01T09:03:16","modified_gmt":"2026-04-01T09:03:16","slug":"cape-wrath","status":"publish","type":"product","link":"https:\/\/crime-passionnel.com\/da\/vare\/cape-wrath\/","title":{"rendered":"Kap Vrede"},"content":{"rendered":"<p>Navngivet efter den vilde kyststr\u00e6kning p\u00e5 den nordligste del af England. Cape Wrath str\u00e6kker sin inspiration fra dette vilde, forr\u00e6deriske s\u00f8-landskab. Dette afsindiges landem\u00e6rke, navngivet efter det gamle nordiske ord for vendepunkt, er igennem tiderne blevet brugt af s\u00f8folk som et pejlem\u00e6rke til sikkert at navigere Englands kyster. Samtidig har samme forr\u00e6deriske str\u00e6kning sunket utallige skibe.<\/p>\n<p>&nbsp;<\/p>\n<p>NGREDIENSER<\/p>\n<p>Topnoter: Rosenpeber, Elemi, Galbanum, Angelica rod<\/p>\n<p>Hjertenoter: Frankincense, Mastiktr\u00e6, Geranium<\/p>\n<p>Basenoter: Ambergris, Vetiver, Ambrette, Tang, Sl\u00e5enlav abs<\/p>","protected":false},"excerpt":{"rendered":"<p>Kraftfuld \/ Vild \/ Vindbl\u00e6st<\/p>","protected":false},"featured_media":27103,"template":"","meta":{"_acf_changed":false},"product_brand":[],"product_cat":[418,15],"product_tag":[],"class_list":{"0":"post-27095","1":"product","2":"type-product","3":"status-publish","4":"has-post-thumbnail","6":"product_cat-new-arrivals","7":"product_cat-perfumes","8":"pa_brands-beaufort-london","9":"pa_projection-stron","10":"pa_sizes-2ml-sample","11":"pa_sizes-50ml","12":"pa_style-green","14":"first","15":"instock","16":"taxable","17":"shipping-taxable","18":"purchasable","19":"product-type-variable","20":"add-to-wishlist-before_image"},"acf":[],"yoast_head":"<!-- This site is optimized with the Yoast SEO plugin v27.1.1 - https:\/\/yoast.com\/product\/yoast-seo-wordpress\/ -->\n<title>Cape Wrath Eau de Parfum - Crime Passionnel Niche Perfumes<\/title>\n<meta name=\"description\" content=\"Iron Duke is a strikingly powerful fragrance with animalic depths \u2013 an apparition of the celebrated horseman, warrior politician and sartorial pioneer.\" \/>\n<meta name=\"robots\" content=\"index, follow, max-snippet:-1, max-image-preview:large, max-video-preview:-1\" \/>\n<link rel=\"canonical\" href=\"https:\/\/crime-passionnel.com\/da\/vare\/cape-wrath\/\" \/>\n<meta property=\"og:locale\" content=\"da_DK\" \/>\n<meta property=\"og:type\" content=\"article\" \/>\n<meta property=\"og:title\" content=\"Cape Wrath Eau de Parfum - Crime Passionnel Niche Perfumes\" \/>\n<meta property=\"og:description\" content=\"Iron Duke is a strikingly powerful fragrance with animalic depths \u2013 an apparition of the celebrated horseman, warrior politician and sartorial pioneer.\" \/>\n<meta property=\"og:url\" content=\"https:\/\/crime-passionnel.com\/da\/vare\/cape-wrath\/\" \/>\n<meta property=\"og:site_name\" content=\"Crime Passionnel\" \/>\n<meta property=\"article:publisher\" content=\"https:\/\/www.facebook.com\/crimepassionnel\/\" \/>\n<meta property=\"article:modified_time\" content=\"2026-04-01T09:03:16+00:00\" \/>\n<meta property=\"og:image\" content=\"https:\/\/crime-passionnel.com\/wp-content\/uploads\/2024\/12\/Cape-Wrath1-scaled.jpg\" \/>\n\t<meta property=\"og:image:width\" content=\"1945\" \/>\n\t<meta property=\"og:image:height\" content=\"2560\" \/>\n\t<meta property=\"og:image:type\" content=\"image\/jpeg\" \/>\n<meta name=\"twitter:card\" content=\"summary_large_image\" \/>\n<meta name=\"twitter:label1\" content=\"Estimeret l\u00e6setid\" \/>\n\t<meta name=\"twitter:data1\" content=\"1 minut\" \/>\n<script type=\"application\/ld+json\" class=\"yoast-schema-graph\">{\"@context\":\"https:\/\/schema.org\",\"@graph\":[{\"@type\":\"WebPage\",\"@id\":\"https:\/\/crime-passionnel.com\/product\/cape-wrath\/\",\"url\":\"https:\/\/crime-passionnel.com\/product\/cape-wrath\/\",\"name\":\"Cape Wrath Eau de Parfum - Crime Passionnel Niche Perfumes\",\"isPartOf\":{\"@id\":\"https:\/\/crime-passionnel.com\/#website\"},\"primaryImageOfPage\":{\"@id\":\"https:\/\/crime-passionnel.com\/product\/cape-wrath\/#primaryimage\"},\"image\":{\"@id\":\"https:\/\/crime-passionnel.com\/product\/cape-wrath\/#primaryimage\"},\"thumbnailUrl\":\"https:\/\/crime-passionnel.com\/wp-content\/uploads\/2024\/12\/Cape-Wrath1-scaled.jpg\",\"datePublished\":\"2024-12-10T16:05:50+00:00\",\"dateModified\":\"2026-04-01T09:03:16+00:00\",\"description\":\"Iron Duke is a strikingly powerful fragrance with animalic depths \u2013 an apparition of the celebrated horseman, warrior politician and sartorial pioneer.\",\"breadcrumb\":{\"@id\":\"https:\/\/crime-passionnel.com\/product\/cape-wrath\/#breadcrumb\"},\"inLanguage\":\"da-DK\",\"potentialAction\":[{\"@type\":\"ReadAction\",\"target\":[\"https:\/\/crime-passionnel.com\/product\/cape-wrath\/\"]}]},{\"@type\":\"ImageObject\",\"inLanguage\":\"da-DK\",\"@id\":\"https:\/\/crime-passionnel.com\/product\/cape-wrath\/#primaryimage\",\"url\":\"https:\/\/crime-passionnel.com\/wp-content\/uploads\/2024\/12\/Cape-Wrath1-scaled.jpg\",\"contentUrl\":\"https:\/\/crime-passionnel.com\/wp-content\/uploads\/2024\/12\/Cape-Wrath1-scaled.jpg\",\"width\":1945,\"height\":2560,\"caption\":\"Cape-Wrath\"},{\"@type\":\"BreadcrumbList\",\"@id\":\"https:\/\/crime-passionnel.com\/product\/cape-wrath\/#breadcrumb\",\"itemListElement\":[{\"@type\":\"ListItem\",\"position\":1,\"name\":\"Home\",\"item\":\"https:\/\/crime-passionnel.com\/\"},{\"@type\":\"ListItem\",\"position\":2,\"name\":\"Products\",\"item\":\"https:\/\/crime-passionnel.com\/products\/\"},{\"@type\":\"ListItem\",\"position\":3,\"name\":\"Cape Wrath\"}]},{\"@type\":\"WebSite\",\"@id\":\"https:\/\/crime-passionnel.com\/#website\",\"url\":\"https:\/\/crime-passionnel.com\/\",\"name\":\"Crime Passionnel\",\"description\":\"\",\"publisher\":{\"@id\":\"https:\/\/crime-passionnel.com\/#organization\"},\"potentialAction\":[{\"@type\":\"SearchAction\",\"target\":{\"@type\":\"EntryPoint\",\"urlTemplate\":\"https:\/\/crime-passionnel.com\/?s={search_term_string}\"},\"query-input\":{\"@type\":\"PropertyValueSpecification\",\"valueRequired\":true,\"valueName\":\"search_term_string\"}}],\"inLanguage\":\"da-DK\"},{\"@type\":\"Organization\",\"@id\":\"https:\/\/crime-passionnel.com\/#organization\",\"name\":\"Crime Passionnel\",\"url\":\"https:\/\/crime-passionnel.com\/\",\"logo\":{\"@type\":\"ImageObject\",\"inLanguage\":\"da-DK\",\"@id\":\"https:\/\/crime-passionnel.com\/#\/schema\/logo\/image\/\",\"url\":\"https:\/\/crime-passionnel.com\/wp-content\/uploads\/2021\/07\/logo.png\",\"contentUrl\":\"https:\/\/crime-passionnel.com\/wp-content\/uploads\/2021\/07\/logo.png\",\"width\":128,\"height\":50,\"caption\":\"Crime Passionnel\"},\"image\":{\"@id\":\"https:\/\/crime-passionnel.com\/#\/schema\/logo\/image\/\"},\"sameAs\":[\"https:\/\/www.facebook.com\/crimepassionnel\/\",\"https:\/\/www.instagram.com\/crime.passionnel\/\"]}]}<\/script>\n<!-- \/ Yoast SEO plugin. -->","yoast_head_json":{"title":"Cape Wrath Eau de Parfum - Crime Passionnel Niche Perfumes","description":"Iron Duke is a strikingly powerful fragrance with animalic depths \u2013 an apparition of the celebrated horseman, warrior politician and sartorial pioneer.","robots":{"index":"index","follow":"follow","max-snippet":"max-snippet:-1","max-image-preview":"max-image-preview:large","max-video-preview":"max-video-preview:-1"},"canonical":"https:\/\/crime-passionnel.com\/da\/vare\/cape-wrath\/","og_locale":"da_DK","og_type":"article","og_title":"Cape Wrath Eau de Parfum - Crime Passionnel Niche Perfumes","og_description":"Iron Duke is a strikingly powerful fragrance with animalic depths \u2013 an apparition of the celebrated horseman, warrior politician and sartorial pioneer.","og_url":"https:\/\/crime-passionnel.com\/da\/vare\/cape-wrath\/","og_site_name":"Crime Passionnel","article_publisher":"https:\/\/www.facebook.com\/crimepassionnel\/","article_modified_time":"2026-04-01T09:03:16+00:00","og_image":[{"width":1945,"height":2560,"url":"https:\/\/crime-passionnel.com\/wp-content\/uploads\/2024\/12\/Cape-Wrath1-scaled.jpg","type":"image\/jpeg"}],"twitter_card":"summary_large_image","twitter_misc":{"Estimeret l\u00e6setid":"1 minut"},"schema":{"@context":"https:\/\/schema.org","@graph":[{"@type":"WebPage","@id":"https:\/\/crime-passionnel.com\/product\/cape-wrath\/","url":"https:\/\/crime-passionnel.com\/product\/cape-wrath\/","name":"Cape Wrath Eau de Parfum - Crime Passionnel Niche Perfumes","isPartOf":{"@id":"https:\/\/crime-passionnel.com\/#website"},"primaryImageOfPage":{"@id":"https:\/\/crime-passionnel.com\/product\/cape-wrath\/#primaryimage"},"image":{"@id":"https:\/\/crime-passionnel.com\/product\/cape-wrath\/#primaryimage"},"thumbnailUrl":"https:\/\/crime-passionnel.com\/wp-content\/uploads\/2024\/12\/Cape-Wrath1-scaled.jpg","datePublished":"2024-12-10T16:05:50+00:00","dateModified":"2026-04-01T09:03:16+00:00","description":"Iron Duke is a strikingly powerful fragrance with animalic depths \u2013 an apparition of the celebrated horseman, warrior politician and sartorial pioneer.","breadcrumb":{"@id":"https:\/\/crime-passionnel.com\/product\/cape-wrath\/#breadcrumb"},"inLanguage":"da-DK","potentialAction":[{"@type":"ReadAction","target":["https:\/\/crime-passionnel.com\/product\/cape-wrath\/"]}]},{"@type":"ImageObject","inLanguage":"da-DK","@id":"https:\/\/crime-passionnel.com\/product\/cape-wrath\/#primaryimage","url":"https:\/\/crime-passionnel.com\/wp-content\/uploads\/2024\/12\/Cape-Wrath1-scaled.jpg","contentUrl":"https:\/\/crime-passionnel.com\/wp-content\/uploads\/2024\/12\/Cape-Wrath1-scaled.jpg","width":1945,"height":2560,"caption":"Cape-Wrath"},{"@type":"BreadcrumbList","@id":"https:\/\/crime-passionnel.com\/product\/cape-wrath\/#breadcrumb","itemListElement":[{"@type":"ListItem","position":1,"name":"Home","item":"https:\/\/crime-passionnel.com\/"},{"@type":"ListItem","position":2,"name":"Products","item":"https:\/\/crime-passionnel.com\/products\/"},{"@type":"ListItem","position":3,"name":"Cape Wrath"}]},{"@type":"WebSite","@id":"https:\/\/crime-passionnel.com\/#website","url":"https:\/\/crime-passionnel.com\/","name":"Forbrydelse og lidenskab","description":"","publisher":{"@id":"https:\/\/crime-passionnel.com\/#organization"},"potentialAction":[{"@type":"SearchAction","target":{"@type":"EntryPoint","urlTemplate":"https:\/\/crime-passionnel.com\/?s={search_term_string}"},"query-input":{"@type":"PropertyValueSpecification","valueRequired":true,"valueName":"search_term_string"}}],"inLanguage":"da-DK"},{"@type":"Organization","@id":"https:\/\/crime-passionnel.com\/#organization","name":"Forbrydelse og lidenskab","url":"https:\/\/crime-passionnel.com\/","logo":{"@type":"ImageObject","inLanguage":"da-DK","@id":"https:\/\/crime-passionnel.com\/#\/schema\/logo\/image\/","url":"https:\/\/crime-passionnel.com\/wp-content\/uploads\/2021\/07\/logo.png","contentUrl":"https:\/\/crime-passionnel.com\/wp-content\/uploads\/2021\/07\/logo.png","width":128,"height":50,"caption":"Crime Passionnel"},"image":{"@id":"https:\/\/crime-passionnel.com\/#\/schema\/logo\/image\/"},"sameAs":["https:\/\/www.facebook.com\/crimepassionnel\/","https:\/\/www.instagram.com\/crime.passionnel\/"]}]}},"_links":{"self":[{"href":"https:\/\/crime-passionnel.com\/da\/wp-json\/wp\/v2\/product\/27095","targetHints":{"allow":["GET"]}}],"collection":[{"href":"https:\/\/crime-passionnel.com\/da\/wp-json\/wp\/v2\/product"}],"about":[{"href":"https:\/\/crime-passionnel.com\/da\/wp-json\/wp\/v2\/types\/product"}],"wp:featuredmedia":[{"embeddable":true,"href":"https:\/\/crime-passionnel.com\/da\/wp-json\/wp\/v2\/media\/27103"}],"wp:attachment":[{"href":"https:\/\/crime-passionnel.com\/da\/wp-json\/wp\/v2\/media?parent=27095"}],"wp:term":[{"taxonomy":"product_brand","embeddable":true,"href":"https:\/\/crime-passionnel.com\/da\/wp-json\/wp\/v2\/product_brand?post=27095"},{"taxonomy":"product_cat","embeddable":true,"href":"https:\/\/crime-passionnel.com\/da\/wp-json\/wp\/v2\/product_cat?post=27095"},{"taxonomy":"product_tag","embeddable":true,"href":"https:\/\/crime-passionnel.com\/da\/wp-json\/wp\/v2\/product_tag?post=27095"}],"curies":[{"name":"wp","href":"https:\/\/api.w.org\/{rel}","templated":true}]}}