{"id":26439,"date":"2024-11-09T11:34:43","date_gmt":"2024-11-09T11:34:43","guid":{"rendered":"https:\/\/crime-passionnel.com\/?post_type=product&#038;p=26439"},"modified":"2025-10-16T19:08:06","modified_gmt":"2025-10-16T19:08:06","slug":"heraud","status":"publish","type":"product","link":"https:\/\/crime-passionnel.com\/da\/vare\/heraud\/","title":{"rendered":"Heraud"},"content":{"rendered":"<p>En af hj\u00f8rnestenene i denne parfume er den dobbelt destillerede ekstrakt af kakaob\u00f8nner fra Elfenbenskysten. Den er sv\u00e6r at f\u00e5 fat p\u00e5, da den kun bliver produceret i sm\u00e5 partier og derfor er parfumen ikke altid tilg\u00e6ngelig \u2013 det er, hvad man m\u00e5 ofre, n\u00e5r man \u00f8nsker den bedste kvalitet.<\/p>\n<p>Inspirationen bag HERAUD kom fra et \u00f8nske om at skabe en helt enest\u00e5ende parfume. Andy Tauer har str\u00e6bt efter at skabe en duft med den rige kakaoekstrakt, der tager materialet videre end de s\u00e6dvanlige gourmand parfumer. Han ville skabe en parfume, der b\u00e5de er l\u00e6kker og sofistikeret ved at kombinere den beroligende s\u00f8dme ved gourmandnoterne med et moderne touch og et tidl\u00f8st isl\u00e6t.<\/p>\n<p>Med kakaoekstrakter af h\u00f8j kvalitet som kerne, en luksuri\u00f8s aroma, der holder hele dagen. Varm og stemningsfuld duft, der indhyller dig i en hyggelig duft, der er perfekt til enhver lejlighed. Dens langvarige karakter sikrer, at den dejlige blanding af s\u00f8d og bitter kakao sammen med antydninger af vanilje og bourbon bergamot bliver hos dig hele dagen.<br \/>\nIdeen var at afbalancere moderne og klassiske elementer og tilbyde en unik duft, der b\u00e5de er velkendt og forfriskende ny. En fejring af gourmand-overb\u00e6renhed, omhyggeligt udformet til at v\u00e6re ud over det s\u00e6dvanlige.<br \/>\nTilf\u00f8jelsen af bourbon bergamot giver en frisk, let citrusagtig kant, der \u00f8ger duftens kompleksitet. For yderligere at forbedre duften har Andy Tauer indarbejdet tr\u00e6agtige noter, der er t\u00f8rre og spr\u00f8de, og som giver en perfekt balance til ambraen og de muskul\u00f8se undertoner. Disse tr\u00e6agtige noter giver parfumen en groende effekt, der tilf\u00f8jer dybde og raffinement uden at overd\u00f8ve gourmand-elementerne. Resultatet er en mangefacetteret og sp\u00e6ndende duft, der udvikler sig smukt p\u00e5 huden.<\/p>\n<p>&nbsp;<\/p>\n<p>INGREDIENSER<\/p>\n<p>Noter: Kakao, Bourbon bergamot, Dadler, Timberwood, Amberwood, Vanilje, Musk, Ambergris<\/p>","protected":false},"excerpt":{"rendered":"<p>Kakaob\u00f8nner fra Elfenbenskysten<\/p>","protected":false},"featured_media":26445,"template":"","meta":{"_acf_changed":false},"product_brand":[],"product_cat":[418,15],"product_tag":[],"class_list":{"0":"post-26439","1":"product","2":"type-product","3":"status-publish","4":"has-post-thumbnail","6":"product_cat-new-arrivals","7":"product_cat-perfumes","8":"pa_brands-andy-tauer","9":"pa_projection-stron","10":"pa_sizes-2ml-sample","11":"pa_sizes-50ml","12":"pa_style-gourmand","14":"first","15":"instock","16":"taxable","17":"shipping-taxable","18":"purchasable","19":"product-type-variable","20":"add-to-wishlist-before_image"},"acf":[],"yoast_head":"<!-- This site is optimized with the Yoast SEO plugin v27.1.1 - https:\/\/yoast.com\/product\/yoast-seo-wordpress\/ -->\n<title>Heraud Extrait de Parfum - Crime Passionnel<\/title>\n<meta name=\"description\" content=\"AU COEUR DU D\u00c9SERT by Andy Tauer is the metamorphose of L\u2019air du d\u00e9sert marocain into a luxurious extrait de parfum.\" \/>\n<meta name=\"robots\" content=\"index, follow, max-snippet:-1, max-image-preview:large, max-video-preview:-1\" \/>\n<link rel=\"canonical\" href=\"https:\/\/crime-passionnel.com\/da\/vare\/heraud\/\" \/>\n<meta property=\"og:locale\" content=\"da_DK\" \/>\n<meta property=\"og:type\" content=\"article\" \/>\n<meta property=\"og:title\" content=\"Heraud Extrait de Parfum - Crime Passionnel\" \/>\n<meta property=\"og:description\" content=\"AU COEUR DU D\u00c9SERT by Andy Tauer is the metamorphose of L\u2019air du d\u00e9sert marocain into a luxurious extrait de parfum.\" \/>\n<meta property=\"og:url\" content=\"https:\/\/crime-passionnel.com\/da\/vare\/heraud\/\" \/>\n<meta property=\"og:site_name\" content=\"Crime Passionnel\" \/>\n<meta property=\"article:publisher\" content=\"https:\/\/www.facebook.com\/crimepassionnel\/\" \/>\n<meta property=\"article:modified_time\" content=\"2025-10-16T19:08:06+00:00\" \/>\n<meta property=\"og:image\" content=\"https:\/\/crime-passionnel.com\/wp-content\/uploads\/2024\/11\/Heraud-scaled.jpg\" \/>\n\t<meta property=\"og:image:width\" content=\"1945\" \/>\n\t<meta property=\"og:image:height\" content=\"2560\" \/>\n\t<meta property=\"og:image:type\" content=\"image\/jpeg\" \/>\n<meta name=\"twitter:card\" content=\"summary_large_image\" \/>\n<meta name=\"twitter:label1\" content=\"Estimeret l\u00e6setid\" \/>\n\t<meta name=\"twitter:data1\" content=\"2 minutter\" \/>\n<script type=\"application\/ld+json\" class=\"yoast-schema-graph\">{\"@context\":\"https:\/\/schema.org\",\"@graph\":[{\"@type\":\"WebPage\",\"@id\":\"https:\/\/crime-passionnel.com\/product\/heraud\/\",\"url\":\"https:\/\/crime-passionnel.com\/product\/heraud\/\",\"name\":\"Heraud Extrait de Parfum - Crime Passionnel\",\"isPartOf\":{\"@id\":\"https:\/\/crime-passionnel.com\/#website\"},\"primaryImageOfPage\":{\"@id\":\"https:\/\/crime-passionnel.com\/product\/heraud\/#primaryimage\"},\"image\":{\"@id\":\"https:\/\/crime-passionnel.com\/product\/heraud\/#primaryimage\"},\"thumbnailUrl\":\"https:\/\/crime-passionnel.com\/wp-content\/uploads\/2024\/11\/Heraud-scaled.jpg\",\"datePublished\":\"2024-11-09T11:34:43+00:00\",\"dateModified\":\"2025-10-16T19:08:06+00:00\",\"description\":\"AU COEUR DU D\u00c9SERT by Andy Tauer is the metamorphose of L\u2019air du d\u00e9sert marocain into a luxurious extrait de parfum.\",\"breadcrumb\":{\"@id\":\"https:\/\/crime-passionnel.com\/product\/heraud\/#breadcrumb\"},\"inLanguage\":\"da-DK\",\"potentialAction\":[{\"@type\":\"ReadAction\",\"target\":[\"https:\/\/crime-passionnel.com\/product\/heraud\/\"]}]},{\"@type\":\"ImageObject\",\"inLanguage\":\"da-DK\",\"@id\":\"https:\/\/crime-passionnel.com\/product\/heraud\/#primaryimage\",\"url\":\"https:\/\/crime-passionnel.com\/wp-content\/uploads\/2024\/11\/Heraud-scaled.jpg\",\"contentUrl\":\"https:\/\/crime-passionnel.com\/wp-content\/uploads\/2024\/11\/Heraud-scaled.jpg\",\"width\":1945,\"height\":2560,\"caption\":\"Heraud\"},{\"@type\":\"BreadcrumbList\",\"@id\":\"https:\/\/crime-passionnel.com\/product\/heraud\/#breadcrumb\",\"itemListElement\":[{\"@type\":\"ListItem\",\"position\":1,\"name\":\"Home\",\"item\":\"https:\/\/crime-passionnel.com\/\"},{\"@type\":\"ListItem\",\"position\":2,\"name\":\"Products\",\"item\":\"https:\/\/crime-passionnel.com\/products\/\"},{\"@type\":\"ListItem\",\"position\":3,\"name\":\"Heraud\"}]},{\"@type\":\"WebSite\",\"@id\":\"https:\/\/crime-passionnel.com\/#website\",\"url\":\"https:\/\/crime-passionnel.com\/\",\"name\":\"Crime Passionnel\",\"description\":\"\",\"publisher\":{\"@id\":\"https:\/\/crime-passionnel.com\/#organization\"},\"potentialAction\":[{\"@type\":\"SearchAction\",\"target\":{\"@type\":\"EntryPoint\",\"urlTemplate\":\"https:\/\/crime-passionnel.com\/?s={search_term_string}\"},\"query-input\":{\"@type\":\"PropertyValueSpecification\",\"valueRequired\":true,\"valueName\":\"search_term_string\"}}],\"inLanguage\":\"da-DK\"},{\"@type\":\"Organization\",\"@id\":\"https:\/\/crime-passionnel.com\/#organization\",\"name\":\"Crime Passionnel\",\"url\":\"https:\/\/crime-passionnel.com\/\",\"logo\":{\"@type\":\"ImageObject\",\"inLanguage\":\"da-DK\",\"@id\":\"https:\/\/crime-passionnel.com\/#\/schema\/logo\/image\/\",\"url\":\"https:\/\/crime-passionnel.com\/wp-content\/uploads\/2021\/07\/logo.png\",\"contentUrl\":\"https:\/\/crime-passionnel.com\/wp-content\/uploads\/2021\/07\/logo.png\",\"width\":128,\"height\":50,\"caption\":\"Crime Passionnel\"},\"image\":{\"@id\":\"https:\/\/crime-passionnel.com\/#\/schema\/logo\/image\/\"},\"sameAs\":[\"https:\/\/www.facebook.com\/crimepassionnel\/\",\"https:\/\/www.instagram.com\/crime.passionnel\/\"]}]}<\/script>\n<!-- \/ Yoast SEO plugin. -->","yoast_head_json":{"title":"Heraud Extrait de Parfum - Crime Passionnel","description":"AU COEUR DU D\u00c9SERT by Andy Tauer is the metamorphose of L\u2019air du d\u00e9sert marocain into a luxurious extrait de parfum.","robots":{"index":"index","follow":"follow","max-snippet":"max-snippet:-1","max-image-preview":"max-image-preview:large","max-video-preview":"max-video-preview:-1"},"canonical":"https:\/\/crime-passionnel.com\/da\/vare\/heraud\/","og_locale":"da_DK","og_type":"article","og_title":"Heraud Extrait de Parfum - Crime Passionnel","og_description":"AU COEUR DU D\u00c9SERT by Andy Tauer is the metamorphose of L\u2019air du d\u00e9sert marocain into a luxurious extrait de parfum.","og_url":"https:\/\/crime-passionnel.com\/da\/vare\/heraud\/","og_site_name":"Crime Passionnel","article_publisher":"https:\/\/www.facebook.com\/crimepassionnel\/","article_modified_time":"2025-10-16T19:08:06+00:00","og_image":[{"width":1945,"height":2560,"url":"https:\/\/crime-passionnel.com\/wp-content\/uploads\/2024\/11\/Heraud-scaled.jpg","type":"image\/jpeg"}],"twitter_card":"summary_large_image","twitter_misc":{"Estimeret l\u00e6setid":"2 minutter"},"schema":{"@context":"https:\/\/schema.org","@graph":[{"@type":"WebPage","@id":"https:\/\/crime-passionnel.com\/product\/heraud\/","url":"https:\/\/crime-passionnel.com\/product\/heraud\/","name":"Heraud Extrait de Parfum - Crime Passionnel","isPartOf":{"@id":"https:\/\/crime-passionnel.com\/#website"},"primaryImageOfPage":{"@id":"https:\/\/crime-passionnel.com\/product\/heraud\/#primaryimage"},"image":{"@id":"https:\/\/crime-passionnel.com\/product\/heraud\/#primaryimage"},"thumbnailUrl":"https:\/\/crime-passionnel.com\/wp-content\/uploads\/2024\/11\/Heraud-scaled.jpg","datePublished":"2024-11-09T11:34:43+00:00","dateModified":"2025-10-16T19:08:06+00:00","description":"AU COEUR DU D\u00c9SERT by Andy Tauer is the metamorphose of L\u2019air du d\u00e9sert marocain into a luxurious extrait de parfum.","breadcrumb":{"@id":"https:\/\/crime-passionnel.com\/product\/heraud\/#breadcrumb"},"inLanguage":"da-DK","potentialAction":[{"@type":"ReadAction","target":["https:\/\/crime-passionnel.com\/product\/heraud\/"]}]},{"@type":"ImageObject","inLanguage":"da-DK","@id":"https:\/\/crime-passionnel.com\/product\/heraud\/#primaryimage","url":"https:\/\/crime-passionnel.com\/wp-content\/uploads\/2024\/11\/Heraud-scaled.jpg","contentUrl":"https:\/\/crime-passionnel.com\/wp-content\/uploads\/2024\/11\/Heraud-scaled.jpg","width":1945,"height":2560,"caption":"Heraud"},{"@type":"BreadcrumbList","@id":"https:\/\/crime-passionnel.com\/product\/heraud\/#breadcrumb","itemListElement":[{"@type":"ListItem","position":1,"name":"Home","item":"https:\/\/crime-passionnel.com\/"},{"@type":"ListItem","position":2,"name":"Products","item":"https:\/\/crime-passionnel.com\/products\/"},{"@type":"ListItem","position":3,"name":"Heraud"}]},{"@type":"WebSite","@id":"https:\/\/crime-passionnel.com\/#website","url":"https:\/\/crime-passionnel.com\/","name":"Forbrydelse og lidenskab","description":"","publisher":{"@id":"https:\/\/crime-passionnel.com\/#organization"},"potentialAction":[{"@type":"SearchAction","target":{"@type":"EntryPoint","urlTemplate":"https:\/\/crime-passionnel.com\/?s={search_term_string}"},"query-input":{"@type":"PropertyValueSpecification","valueRequired":true,"valueName":"search_term_string"}}],"inLanguage":"da-DK"},{"@type":"Organization","@id":"https:\/\/crime-passionnel.com\/#organization","name":"Forbrydelse og lidenskab","url":"https:\/\/crime-passionnel.com\/","logo":{"@type":"ImageObject","inLanguage":"da-DK","@id":"https:\/\/crime-passionnel.com\/#\/schema\/logo\/image\/","url":"https:\/\/crime-passionnel.com\/wp-content\/uploads\/2021\/07\/logo.png","contentUrl":"https:\/\/crime-passionnel.com\/wp-content\/uploads\/2021\/07\/logo.png","width":128,"height":50,"caption":"Crime Passionnel"},"image":{"@id":"https:\/\/crime-passionnel.com\/#\/schema\/logo\/image\/"},"sameAs":["https:\/\/www.facebook.com\/crimepassionnel\/","https:\/\/www.instagram.com\/crime.passionnel\/"]}]}},"_links":{"self":[{"href":"https:\/\/crime-passionnel.com\/da\/wp-json\/wp\/v2\/product\/26439","targetHints":{"allow":["GET"]}}],"collection":[{"href":"https:\/\/crime-passionnel.com\/da\/wp-json\/wp\/v2\/product"}],"about":[{"href":"https:\/\/crime-passionnel.com\/da\/wp-json\/wp\/v2\/types\/product"}],"wp:featuredmedia":[{"embeddable":true,"href":"https:\/\/crime-passionnel.com\/da\/wp-json\/wp\/v2\/media\/26445"}],"wp:attachment":[{"href":"https:\/\/crime-passionnel.com\/da\/wp-json\/wp\/v2\/media?parent=26439"}],"wp:term":[{"taxonomy":"product_brand","embeddable":true,"href":"https:\/\/crime-passionnel.com\/da\/wp-json\/wp\/v2\/product_brand?post=26439"},{"taxonomy":"product_cat","embeddable":true,"href":"https:\/\/crime-passionnel.com\/da\/wp-json\/wp\/v2\/product_cat?post=26439"},{"taxonomy":"product_tag","embeddable":true,"href":"https:\/\/crime-passionnel.com\/da\/wp-json\/wp\/v2\/product_tag?post=26439"}],"curies":[{"name":"wp","href":"https:\/\/api.w.org\/{rel}","templated":true}]}}