{"id":25983,"date":"2024-10-13T21:14:09","date_gmt":"2024-10-13T21:14:09","guid":{"rendered":"https:\/\/crime-passionnel.com\/?post_type=product&#038;p=25983"},"modified":"2026-04-01T19:51:03","modified_gmt":"2026-04-01T19:51:03","slug":"chiudi-gli-occhi-e-poi-vedi","status":"publish","type":"product","link":"https:\/\/crime-passionnel.com\/da\/vare\/chiudi-gli-occhi-e-poi-vedi\/","title":{"rendered":"Chiudi Gli Occhi e Poi Vedi"},"content":{"rendered":"<p style=\"font-weight: 400;\">Frygt for klovne, ogs\u00e5 kendt som coulrofobi, er en relativt almindelig og ofte misforst\u00e5et fobi.<br \/>\nDenne frygt kan manifestere sig i forskellige grader af intensitet, fra mildt ubehag til lammende terror, og man mener, at den har dybe r\u00f8dder i den menneskelige psyke.<br \/>\nKlovnefiguren er historisk set forbundet med sjov og underholdning og g\u00e5r tilbage til middelalderens g\u00f8glere og harlekiner i kunstkomedien. Men klovnens groteske udseende med overdreven makeup, der forvr\u00e6nger ansigtstr\u00e6kkene, kan skabe en f\u00f8lelse af tvetydighed og usikkerhed. Denne forvr\u00e6ngning kan f\u00e5 folk til at opfatte klovne som forstyrrende figurer, fordi deres udseende ikke stemmer overens med almindelig menneskelig adf\u00e6rd.<br \/>\nPsykologien peger p\u00e5, at frygten for klovne kan skyldes, at det er sv\u00e6rt at afl\u00e6se de sande f\u00f8lelser bag den tunge makeup. Vi er normalt tilb\u00f8jelige til at afl\u00e6se ansigtsudtryk for at forst\u00e5 den anden persons intentioner. N\u00e5r denne evne kompromitteres, som det er tilf\u00e6ldet med klovne, kan det skabe angst og frygt. Klovnes ofte uforudsigelige adf\u00e6rd kan bidrage til en ubehagelig f\u00f8lelse.<\/p>\n<p style=\"font-weight: 400;\">Popul\u00e6rkulturen har forst\u00e6rket frygten for disse figurer gennem negative og skr\u00e6mmende portr\u00e6tter. Et symbolsk eksempel er figuren Pennywise, den onde klovn fra Stephen Kings roman \u201cIt\u201d, som har terroriseret generationer af l\u00e6sere og seere og er grundlaget for inspirationen til den trettende duft i UNUM-kollektionen.<\/p>\n<p style=\"font-weight: 400;\">Coulrophobia, som nu ogs\u00e5 er udviklet inden for lugtesans med Filippo Sorcinelli, er en slags afslutning p\u00e5 en forskning i frygtens dybe betydning, som begyndte med duften \u201cbut not today\u201d i 2018 og fortsatte sidste \u00e5r med \u201cn\u00e9 il giorno n\u00e9 l'ora\u201d; den kan have en betydelig indvirkning p\u00e5 hverdagen for mennesker, der er ramt af den. Almindelige situationer som b\u00f8rnef\u00f8dselsdage eller cirkusarrangementer kan blive en kilde til stress og angst. I ekstreme tilf\u00e6lde kan blot synet af et billede af en klovn udl\u00f8se en panikreaktion.<\/p>\n<p style=\"font-weight: 400;\">Tvetydighed er tankernes lagune, akavede bev\u00e6gelser d\u00e6kket af kunst projicerer vores angst, udtynder vores ansigter og beskriver ondskab.<\/p>\n<p>&nbsp;<\/p>\n<p>INGREDIENSER<\/p>\n<p>Topnoter: <span lang=\"it\">Citron, Bergamot, Lavendel, Jordb\u00e6r<\/span><\/p>\n<p>Hjertenoter: Artemisia, Petitgrain, Salvia Sclarea, Patchouli<\/p>\n<p>Basisnoter: Vetiver, cedertr\u00e6, sandeltr\u00e6, rav, oud<\/p>","protected":false},"excerpt":{"rendered":"<p>Ikke alt er, som det ser ud til<\/p>","protected":false},"featured_media":25989,"template":"","meta":{"_acf_changed":false},"product_brand":[],"product_cat":[418,15],"product_tag":[],"class_list":{"0":"post-25983","1":"product","2":"type-product","3":"status-publish","4":"has-post-thumbnail","6":"product_cat-new-arrivals","7":"product_cat-perfumes","8":"pa_brands-unum","9":"pa_projection-moderate","10":"pa_sizes-2ml-sample","11":"pa_sizes-100ml","12":"pa_style-leather","13":"pa_style-woody","15":"first","16":"instock","17":"taxable","18":"shipping-taxable","19":"purchasable","20":"product-type-variable","21":"add-to-wishlist-before_image"},"acf":[],"yoast_head":"<!-- This site is optimized with the Yoast SEO plugin v27.1.1 - https:\/\/yoast.com\/product\/yoast-seo-wordpress\/ -->\n<title>Chiudi Gli Occhi e Poi Vedi Extrait de Parfum - Crime Passionnel Perfumes<\/title>\n<meta name=\"description\" content=\"White clouds embrace you with incense dusted with spices, warmed with amber and sweet myrrh, and deepened with aromatic pine, elemi, and dark resins.\" \/>\n<meta name=\"robots\" content=\"index, follow, max-snippet:-1, max-image-preview:large, max-video-preview:-1\" \/>\n<link rel=\"canonical\" href=\"https:\/\/crime-passionnel.com\/da\/vare\/chiudi-gli-occhi-e-poi-vedi\/\" \/>\n<meta property=\"og:locale\" content=\"da_DK\" \/>\n<meta property=\"og:type\" content=\"article\" \/>\n<meta property=\"og:title\" content=\"Chiudi Gli Occhi e Poi Vedi Extrait de Parfum - Crime Passionnel Perfumes\" \/>\n<meta property=\"og:description\" content=\"White clouds embrace you with incense dusted with spices, warmed with amber and sweet myrrh, and deepened with aromatic pine, elemi, and dark resins.\" \/>\n<meta property=\"og:url\" content=\"https:\/\/crime-passionnel.com\/da\/vare\/chiudi-gli-occhi-e-poi-vedi\/\" \/>\n<meta property=\"og:site_name\" content=\"Crime Passionnel\" \/>\n<meta property=\"article:publisher\" content=\"https:\/\/www.facebook.com\/crimepassionnel\/\" \/>\n<meta property=\"article:modified_time\" content=\"2026-04-01T19:51:03+00:00\" \/>\n<meta property=\"og:image\" content=\"https:\/\/crime-passionnel.com\/wp-content\/uploads\/2024\/10\/Chiudi-scaled.jpg\" \/>\n\t<meta property=\"og:image:width\" content=\"1945\" \/>\n\t<meta property=\"og:image:height\" content=\"2560\" \/>\n\t<meta property=\"og:image:type\" content=\"image\/jpeg\" \/>\n<meta name=\"twitter:card\" content=\"summary_large_image\" \/>\n<meta name=\"twitter:label1\" content=\"Estimeret l\u00e6setid\" \/>\n\t<meta name=\"twitter:data1\" content=\"2 minutter\" \/>\n<script type=\"application\/ld+json\" class=\"yoast-schema-graph\">{\"@context\":\"https:\/\/schema.org\",\"@graph\":[{\"@type\":\"WebPage\",\"@id\":\"https:\/\/crime-passionnel.com\/product\/chiudi-gli-occhi-e-poi-vedi\/\",\"url\":\"https:\/\/crime-passionnel.com\/product\/chiudi-gli-occhi-e-poi-vedi\/\",\"name\":\"Chiudi Gli Occhi e Poi Vedi Extrait de Parfum - Crime Passionnel Perfumes\",\"isPartOf\":{\"@id\":\"https:\/\/crime-passionnel.com\/#website\"},\"primaryImageOfPage\":{\"@id\":\"https:\/\/crime-passionnel.com\/product\/chiudi-gli-occhi-e-poi-vedi\/#primaryimage\"},\"image\":{\"@id\":\"https:\/\/crime-passionnel.com\/product\/chiudi-gli-occhi-e-poi-vedi\/#primaryimage\"},\"thumbnailUrl\":\"https:\/\/crime-passionnel.com\/wp-content\/uploads\/2024\/10\/Chiudi-scaled.jpg\",\"datePublished\":\"2024-10-13T21:14:09+00:00\",\"dateModified\":\"2026-04-01T19:51:03+00:00\",\"description\":\"White clouds embrace you with incense dusted with spices, warmed with amber and sweet myrrh, and deepened with aromatic pine, elemi, and dark resins.\",\"breadcrumb\":{\"@id\":\"https:\/\/crime-passionnel.com\/product\/chiudi-gli-occhi-e-poi-vedi\/#breadcrumb\"},\"inLanguage\":\"da-DK\",\"potentialAction\":[{\"@type\":\"ReadAction\",\"target\":[\"https:\/\/crime-passionnel.com\/product\/chiudi-gli-occhi-e-poi-vedi\/\"]}]},{\"@type\":\"ImageObject\",\"inLanguage\":\"da-DK\",\"@id\":\"https:\/\/crime-passionnel.com\/product\/chiudi-gli-occhi-e-poi-vedi\/#primaryimage\",\"url\":\"https:\/\/crime-passionnel.com\/wp-content\/uploads\/2024\/10\/Chiudi-scaled.jpg\",\"contentUrl\":\"https:\/\/crime-passionnel.com\/wp-content\/uploads\/2024\/10\/Chiudi-scaled.jpg\",\"width\":1945,\"height\":2560,\"caption\":\"Chiudi Gli Occhi e Poi Vedi\"},{\"@type\":\"BreadcrumbList\",\"@id\":\"https:\/\/crime-passionnel.com\/product\/chiudi-gli-occhi-e-poi-vedi\/#breadcrumb\",\"itemListElement\":[{\"@type\":\"ListItem\",\"position\":1,\"name\":\"Home\",\"item\":\"https:\/\/crime-passionnel.com\/\"},{\"@type\":\"ListItem\",\"position\":2,\"name\":\"Products\",\"item\":\"https:\/\/crime-passionnel.com\/products\/\"},{\"@type\":\"ListItem\",\"position\":3,\"name\":\"Chiudi Gli Occhi e Poi Vedi\"}]},{\"@type\":\"WebSite\",\"@id\":\"https:\/\/crime-passionnel.com\/#website\",\"url\":\"https:\/\/crime-passionnel.com\/\",\"name\":\"Crime Passionnel\",\"description\":\"\",\"publisher\":{\"@id\":\"https:\/\/crime-passionnel.com\/#organization\"},\"potentialAction\":[{\"@type\":\"SearchAction\",\"target\":{\"@type\":\"EntryPoint\",\"urlTemplate\":\"https:\/\/crime-passionnel.com\/?s={search_term_string}\"},\"query-input\":{\"@type\":\"PropertyValueSpecification\",\"valueRequired\":true,\"valueName\":\"search_term_string\"}}],\"inLanguage\":\"da-DK\"},{\"@type\":\"Organization\",\"@id\":\"https:\/\/crime-passionnel.com\/#organization\",\"name\":\"Crime Passionnel\",\"url\":\"https:\/\/crime-passionnel.com\/\",\"logo\":{\"@type\":\"ImageObject\",\"inLanguage\":\"da-DK\",\"@id\":\"https:\/\/crime-passionnel.com\/#\/schema\/logo\/image\/\",\"url\":\"https:\/\/crime-passionnel.com\/wp-content\/uploads\/2021\/07\/logo.png\",\"contentUrl\":\"https:\/\/crime-passionnel.com\/wp-content\/uploads\/2021\/07\/logo.png\",\"width\":128,\"height\":50,\"caption\":\"Crime Passionnel\"},\"image\":{\"@id\":\"https:\/\/crime-passionnel.com\/#\/schema\/logo\/image\/\"},\"sameAs\":[\"https:\/\/www.facebook.com\/crimepassionnel\/\",\"https:\/\/www.instagram.com\/crime.passionnel\/\"]}]}<\/script>\n<!-- \/ Yoast SEO plugin. -->","yoast_head_json":{"title":"Chiudi Gli Occhi e Poi Vedi Extrait de Parfum - Crime Passionnel Perfumes","description":"White clouds embrace you with incense dusted with spices, warmed with amber and sweet myrrh, and deepened with aromatic pine, elemi, and dark resins.","robots":{"index":"index","follow":"follow","max-snippet":"max-snippet:-1","max-image-preview":"max-image-preview:large","max-video-preview":"max-video-preview:-1"},"canonical":"https:\/\/crime-passionnel.com\/da\/vare\/chiudi-gli-occhi-e-poi-vedi\/","og_locale":"da_DK","og_type":"article","og_title":"Chiudi Gli Occhi e Poi Vedi Extrait de Parfum - Crime Passionnel Perfumes","og_description":"White clouds embrace you with incense dusted with spices, warmed with amber and sweet myrrh, and deepened with aromatic pine, elemi, and dark resins.","og_url":"https:\/\/crime-passionnel.com\/da\/vare\/chiudi-gli-occhi-e-poi-vedi\/","og_site_name":"Crime Passionnel","article_publisher":"https:\/\/www.facebook.com\/crimepassionnel\/","article_modified_time":"2026-04-01T19:51:03+00:00","og_image":[{"width":1945,"height":2560,"url":"https:\/\/crime-passionnel.com\/wp-content\/uploads\/2024\/10\/Chiudi-scaled.jpg","type":"image\/jpeg"}],"twitter_card":"summary_large_image","twitter_misc":{"Estimeret l\u00e6setid":"2 minutter"},"schema":{"@context":"https:\/\/schema.org","@graph":[{"@type":"WebPage","@id":"https:\/\/crime-passionnel.com\/product\/chiudi-gli-occhi-e-poi-vedi\/","url":"https:\/\/crime-passionnel.com\/product\/chiudi-gli-occhi-e-poi-vedi\/","name":"Chiudi Gli Occhi e Poi Vedi Extrait de Parfum - Crime Passionnel Perfumes","isPartOf":{"@id":"https:\/\/crime-passionnel.com\/#website"},"primaryImageOfPage":{"@id":"https:\/\/crime-passionnel.com\/product\/chiudi-gli-occhi-e-poi-vedi\/#primaryimage"},"image":{"@id":"https:\/\/crime-passionnel.com\/product\/chiudi-gli-occhi-e-poi-vedi\/#primaryimage"},"thumbnailUrl":"https:\/\/crime-passionnel.com\/wp-content\/uploads\/2024\/10\/Chiudi-scaled.jpg","datePublished":"2024-10-13T21:14:09+00:00","dateModified":"2026-04-01T19:51:03+00:00","description":"White clouds embrace you with incense dusted with spices, warmed with amber and sweet myrrh, and deepened with aromatic pine, elemi, and dark resins.","breadcrumb":{"@id":"https:\/\/crime-passionnel.com\/product\/chiudi-gli-occhi-e-poi-vedi\/#breadcrumb"},"inLanguage":"da-DK","potentialAction":[{"@type":"ReadAction","target":["https:\/\/crime-passionnel.com\/product\/chiudi-gli-occhi-e-poi-vedi\/"]}]},{"@type":"ImageObject","inLanguage":"da-DK","@id":"https:\/\/crime-passionnel.com\/product\/chiudi-gli-occhi-e-poi-vedi\/#primaryimage","url":"https:\/\/crime-passionnel.com\/wp-content\/uploads\/2024\/10\/Chiudi-scaled.jpg","contentUrl":"https:\/\/crime-passionnel.com\/wp-content\/uploads\/2024\/10\/Chiudi-scaled.jpg","width":1945,"height":2560,"caption":"Chiudi Gli Occhi e Poi Vedi"},{"@type":"BreadcrumbList","@id":"https:\/\/crime-passionnel.com\/product\/chiudi-gli-occhi-e-poi-vedi\/#breadcrumb","itemListElement":[{"@type":"ListItem","position":1,"name":"Home","item":"https:\/\/crime-passionnel.com\/"},{"@type":"ListItem","position":2,"name":"Products","item":"https:\/\/crime-passionnel.com\/products\/"},{"@type":"ListItem","position":3,"name":"Chiudi Gli Occhi e Poi Vedi"}]},{"@type":"WebSite","@id":"https:\/\/crime-passionnel.com\/#website","url":"https:\/\/crime-passionnel.com\/","name":"Forbrydelse og lidenskab","description":"","publisher":{"@id":"https:\/\/crime-passionnel.com\/#organization"},"potentialAction":[{"@type":"SearchAction","target":{"@type":"EntryPoint","urlTemplate":"https:\/\/crime-passionnel.com\/?s={search_term_string}"},"query-input":{"@type":"PropertyValueSpecification","valueRequired":true,"valueName":"search_term_string"}}],"inLanguage":"da-DK"},{"@type":"Organization","@id":"https:\/\/crime-passionnel.com\/#organization","name":"Forbrydelse og lidenskab","url":"https:\/\/crime-passionnel.com\/","logo":{"@type":"ImageObject","inLanguage":"da-DK","@id":"https:\/\/crime-passionnel.com\/#\/schema\/logo\/image\/","url":"https:\/\/crime-passionnel.com\/wp-content\/uploads\/2021\/07\/logo.png","contentUrl":"https:\/\/crime-passionnel.com\/wp-content\/uploads\/2021\/07\/logo.png","width":128,"height":50,"caption":"Crime Passionnel"},"image":{"@id":"https:\/\/crime-passionnel.com\/#\/schema\/logo\/image\/"},"sameAs":["https:\/\/www.facebook.com\/crimepassionnel\/","https:\/\/www.instagram.com\/crime.passionnel\/"]}]}},"_links":{"self":[{"href":"https:\/\/crime-passionnel.com\/da\/wp-json\/wp\/v2\/product\/25983","targetHints":{"allow":["GET"]}}],"collection":[{"href":"https:\/\/crime-passionnel.com\/da\/wp-json\/wp\/v2\/product"}],"about":[{"href":"https:\/\/crime-passionnel.com\/da\/wp-json\/wp\/v2\/types\/product"}],"wp:featuredmedia":[{"embeddable":true,"href":"https:\/\/crime-passionnel.com\/da\/wp-json\/wp\/v2\/media\/25989"}],"wp:attachment":[{"href":"https:\/\/crime-passionnel.com\/da\/wp-json\/wp\/v2\/media?parent=25983"}],"wp:term":[{"taxonomy":"product_brand","embeddable":true,"href":"https:\/\/crime-passionnel.com\/da\/wp-json\/wp\/v2\/product_brand?post=25983"},{"taxonomy":"product_cat","embeddable":true,"href":"https:\/\/crime-passionnel.com\/da\/wp-json\/wp\/v2\/product_cat?post=25983"},{"taxonomy":"product_tag","embeddable":true,"href":"https:\/\/crime-passionnel.com\/da\/wp-json\/wp\/v2\/product_tag?post=25983"}],"curies":[{"name":"wp","href":"https:\/\/api.w.org\/{rel}","templated":true}]}}