{"id":2575,"date":"2022-01-09T18:38:29","date_gmt":"2022-01-09T18:38:29","guid":{"rendered":"http:\/\/crimepassionnel.nextwebdev.lt\/?post_type=product&#038;p=2575"},"modified":"2026-04-25T09:59:50","modified_gmt":"2026-04-25T09:59:50","slug":"b683-extrait","status":"publish","type":"product","link":"https:\/\/crime-passionnel.com\/da\/vare\/b683-extrait\/","title":{"rendered":"B683 Uddrag"},"content":{"rendered":"<p>Med denne genfortolkning fremh\u00e6ves de mest sensuelle karakterer af den originale B683. Dens signatur; varmen og dybden af de tr\u00e6- og l\u00e6deragtige noter. Med patchoulien f\u00e5r duften tilf\u00f8rt endnu mere intensitet. Peber, kommen og oud l\u00f8fter patchoulien op og giver duften en n\u00e6sten taktil sensualitet, med vaniljen afrundes noterne k\u00e6lent.<\/p>\n<p>B683 bliver ikke kun en del af, men oph\u00f8jer, den der b\u00e6rer den.<\/p>\n<p>INGREDIENSER<\/p>\n<p class=\"translation-block\">Topnoter: Peberkorn. Kommen. Gr\u00f8n \u00e6ble note.<\/p>\n<p>Mellemnoter: Safran. Viol. Oud.<\/p>\n<p>Basenoter: Patchouli, Indonesien. Sandeltr\u00e6. Vanilje.<\/p>","protected":false},"excerpt":{"rendered":"<p>Animalsk oud \/ \u00c6ble \/ Kommen \/ Vanedannende<\/p>","protected":false},"featured_media":17511,"template":"","meta":{"_acf_changed":false},"product_brand":[],"product_cat":[15],"product_tag":[],"class_list":{"0":"post-2575","1":"product","2":"type-product","3":"status-publish","4":"has-post-thumbnail","6":"product_cat-perfumes","7":"pa_brands-marc-antoine-barrois","8":"pa_projection-stron","9":"pa_sizes-2ml-sample","10":"pa_sizes-50ml","11":"pa_style-oriental","12":"pa_style-spicy","14":"first","15":"instock","16":"taxable","17":"shipping-taxable","18":"purchasable","19":"product-type-variable","20":"add-to-wishlist-before_image"},"acf":[],"yoast_head":"<!-- This site is optimized with the Yoast SEO plugin v27.4 - https:\/\/yoast.com\/product\/yoast-seo-wordpress\/ -->\n<title>B683 Extrait Extrait de Parfum - Crime Passionnel Perfumes<\/title>\n<meta name=\"description\" content=\"B683 by Marc - Antoine Barrois. At the heart of this perfume and its signature: the warmth and the depth of a woody-leathery accord.\" \/>\n<meta name=\"robots\" content=\"index, follow, max-snippet:-1, max-image-preview:large, max-video-preview:-1\" \/>\n<link rel=\"canonical\" href=\"https:\/\/crime-passionnel.com\/da\/vare\/b683-extrait\/\" \/>\n<meta property=\"og:locale\" content=\"da_DK\" \/>\n<meta property=\"og:type\" content=\"article\" \/>\n<meta property=\"og:title\" content=\"B683 Extrait Extrait de Parfum - Crime Passionnel Perfumes\" \/>\n<meta property=\"og:description\" content=\"B683 by Marc - Antoine Barrois. At the heart of this perfume and its signature: the warmth and the depth of a woody-leathery accord.\" \/>\n<meta property=\"og:url\" content=\"https:\/\/crime-passionnel.com\/da\/vare\/b683-extrait\/\" \/>\n<meta property=\"og:site_name\" content=\"Crime Passionnel\" \/>\n<meta property=\"article:publisher\" content=\"https:\/\/www.facebook.com\/crimepassionnel\/\" \/>\n<meta property=\"article:modified_time\" content=\"2026-04-25T09:59:50+00:00\" \/>\n<meta property=\"og:image\" content=\"https:\/\/crime-passionnel.com\/wp-content\/uploads\/2022\/01\/B683-EXTRAIT-1-scaled.jpg\" \/>\n\t<meta property=\"og:image:width\" content=\"1945\" \/>\n\t<meta property=\"og:image:height\" content=\"2560\" \/>\n\t<meta property=\"og:image:type\" content=\"image\/jpeg\" \/>\n<meta name=\"twitter:card\" content=\"summary_large_image\" \/>\n<meta name=\"twitter:label1\" content=\"Estimeret l\u00e6setid\" \/>\n\t<meta name=\"twitter:data1\" content=\"1 minut\" \/>\n<script type=\"application\/ld+json\" class=\"yoast-schema-graph\">{\"@context\":\"https:\\\/\\\/schema.org\",\"@graph\":[{\"@type\":\"WebPage\",\"@id\":\"https:\\\/\\\/crime-passionnel.com\\\/product\\\/b683-extrait\\\/\",\"url\":\"https:\\\/\\\/crime-passionnel.com\\\/product\\\/b683-extrait\\\/\",\"name\":\"B683 Extrait Extrait de Parfum - Crime Passionnel Perfumes\",\"isPartOf\":{\"@id\":\"https:\\\/\\\/crime-passionnel.com\\\/#website\"},\"primaryImageOfPage\":{\"@id\":\"https:\\\/\\\/crime-passionnel.com\\\/product\\\/b683-extrait\\\/#primaryimage\"},\"image\":{\"@id\":\"https:\\\/\\\/crime-passionnel.com\\\/product\\\/b683-extrait\\\/#primaryimage\"},\"thumbnailUrl\":\"https:\\\/\\\/crime-passionnel.com\\\/wp-content\\\/uploads\\\/2022\\\/01\\\/B683-EXTRAIT-1-scaled.jpg\",\"datePublished\":\"2022-01-09T18:38:29+00:00\",\"dateModified\":\"2026-04-25T09:59:50+00:00\",\"description\":\"B683 by Marc - Antoine Barrois. At the heart of this perfume and its signature: the warmth and the depth of a woody-leathery accord.\",\"breadcrumb\":{\"@id\":\"https:\\\/\\\/crime-passionnel.com\\\/product\\\/b683-extrait\\\/#breadcrumb\"},\"inLanguage\":\"da-DK\",\"potentialAction\":[{\"@type\":\"ReadAction\",\"target\":[\"https:\\\/\\\/crime-passionnel.com\\\/product\\\/b683-extrait\\\/\"]}]},{\"@type\":\"ImageObject\",\"inLanguage\":\"da-DK\",\"@id\":\"https:\\\/\\\/crime-passionnel.com\\\/product\\\/b683-extrait\\\/#primaryimage\",\"url\":\"https:\\\/\\\/crime-passionnel.com\\\/wp-content\\\/uploads\\\/2022\\\/01\\\/B683-EXTRAIT-1-scaled.jpg\",\"contentUrl\":\"https:\\\/\\\/crime-passionnel.com\\\/wp-content\\\/uploads\\\/2022\\\/01\\\/B683-EXTRAIT-1-scaled.jpg\",\"width\":1945,\"height\":2560,\"caption\":\"Marc Antoine Barrois -B683 EXTRAIT\"},{\"@type\":\"BreadcrumbList\",\"@id\":\"https:\\\/\\\/crime-passionnel.com\\\/product\\\/b683-extrait\\\/#breadcrumb\",\"itemListElement\":[{\"@type\":\"ListItem\",\"position\":1,\"name\":\"Home\",\"item\":\"https:\\\/\\\/crime-passionnel.com\\\/\"},{\"@type\":\"ListItem\",\"position\":2,\"name\":\"Products\",\"item\":\"https:\\\/\\\/crime-passionnel.com\\\/products\\\/\"},{\"@type\":\"ListItem\",\"position\":3,\"name\":\"B683 Extrait\"}]},{\"@type\":\"WebSite\",\"@id\":\"https:\\\/\\\/crime-passionnel.com\\\/#website\",\"url\":\"https:\\\/\\\/crime-passionnel.com\\\/\",\"name\":\"Crime Passionnel\",\"description\":\"\",\"publisher\":{\"@id\":\"https:\\\/\\\/crime-passionnel.com\\\/#organization\"},\"potentialAction\":[{\"@type\":\"SearchAction\",\"target\":{\"@type\":\"EntryPoint\",\"urlTemplate\":\"https:\\\/\\\/crime-passionnel.com\\\/?s={search_term_string}\"},\"query-input\":{\"@type\":\"PropertyValueSpecification\",\"valueRequired\":true,\"valueName\":\"search_term_string\"}}],\"inLanguage\":\"da-DK\"},{\"@type\":\"Organization\",\"@id\":\"https:\\\/\\\/crime-passionnel.com\\\/#organization\",\"name\":\"Crime Passionnel\",\"url\":\"https:\\\/\\\/crime-passionnel.com\\\/\",\"logo\":{\"@type\":\"ImageObject\",\"inLanguage\":\"da-DK\",\"@id\":\"https:\\\/\\\/crime-passionnel.com\\\/#\\\/schema\\\/logo\\\/image\\\/\",\"url\":\"https:\\\/\\\/crime-passionnel.com\\\/wp-content\\\/uploads\\\/2021\\\/07\\\/logo.png\",\"contentUrl\":\"https:\\\/\\\/crime-passionnel.com\\\/wp-content\\\/uploads\\\/2021\\\/07\\\/logo.png\",\"width\":128,\"height\":50,\"caption\":\"Crime Passionnel\"},\"image\":{\"@id\":\"https:\\\/\\\/crime-passionnel.com\\\/#\\\/schema\\\/logo\\\/image\\\/\"},\"sameAs\":[\"https:\\\/\\\/www.facebook.com\\\/crimepassionnel\\\/\",\"https:\\\/\\\/www.instagram.com\\\/crime.passionnel\\\/\"]}]}<\/script>\n<!-- \/ Yoast SEO plugin. -->","yoast_head_json":{"title":"B683 Extrait Extrait de Parfum - Crime Passionnel Perfumes","description":"B683 by Marc - Antoine Barrois. At the heart of this perfume and its signature: the warmth and the depth of a woody-leathery accord.","robots":{"index":"index","follow":"follow","max-snippet":"max-snippet:-1","max-image-preview":"max-image-preview:large","max-video-preview":"max-video-preview:-1"},"canonical":"https:\/\/crime-passionnel.com\/da\/vare\/b683-extrait\/","og_locale":"da_DK","og_type":"article","og_title":"B683 Extrait Extrait de Parfum - Crime Passionnel Perfumes","og_description":"B683 by Marc - Antoine Barrois. At the heart of this perfume and its signature: the warmth and the depth of a woody-leathery accord.","og_url":"https:\/\/crime-passionnel.com\/da\/vare\/b683-extrait\/","og_site_name":"Crime Passionnel","article_publisher":"https:\/\/www.facebook.com\/crimepassionnel\/","article_modified_time":"2026-04-25T09:59:50+00:00","og_image":[{"width":1945,"height":2560,"url":"https:\/\/crime-passionnel.com\/wp-content\/uploads\/2022\/01\/B683-EXTRAIT-1-scaled.jpg","type":"image\/jpeg"}],"twitter_card":"summary_large_image","twitter_misc":{"Estimeret l\u00e6setid":"1 minut"},"schema":{"@context":"https:\/\/schema.org","@graph":[{"@type":"WebPage","@id":"https:\/\/crime-passionnel.com\/product\/b683-extrait\/","url":"https:\/\/crime-passionnel.com\/product\/b683-extrait\/","name":"B683 Extrait Extrait de Parfum - Crime Passionnel Perfumes","isPartOf":{"@id":"https:\/\/crime-passionnel.com\/#website"},"primaryImageOfPage":{"@id":"https:\/\/crime-passionnel.com\/product\/b683-extrait\/#primaryimage"},"image":{"@id":"https:\/\/crime-passionnel.com\/product\/b683-extrait\/#primaryimage"},"thumbnailUrl":"https:\/\/crime-passionnel.com\/wp-content\/uploads\/2022\/01\/B683-EXTRAIT-1-scaled.jpg","datePublished":"2022-01-09T18:38:29+00:00","dateModified":"2026-04-25T09:59:50+00:00","description":"B683 by Marc - Antoine Barrois. At the heart of this perfume and its signature: the warmth and the depth of a woody-leathery accord.","breadcrumb":{"@id":"https:\/\/crime-passionnel.com\/product\/b683-extrait\/#breadcrumb"},"inLanguage":"da-DK","potentialAction":[{"@type":"ReadAction","target":["https:\/\/crime-passionnel.com\/product\/b683-extrait\/"]}]},{"@type":"ImageObject","inLanguage":"da-DK","@id":"https:\/\/crime-passionnel.com\/product\/b683-extrait\/#primaryimage","url":"https:\/\/crime-passionnel.com\/wp-content\/uploads\/2022\/01\/B683-EXTRAIT-1-scaled.jpg","contentUrl":"https:\/\/crime-passionnel.com\/wp-content\/uploads\/2022\/01\/B683-EXTRAIT-1-scaled.jpg","width":1945,"height":2560,"caption":"Marc Antoine Barrois -B683 EXTRAIT"},{"@type":"BreadcrumbList","@id":"https:\/\/crime-passionnel.com\/product\/b683-extrait\/#breadcrumb","itemListElement":[{"@type":"ListItem","position":1,"name":"Home","item":"https:\/\/crime-passionnel.com\/"},{"@type":"ListItem","position":2,"name":"Products","item":"https:\/\/crime-passionnel.com\/products\/"},{"@type":"ListItem","position":3,"name":"B683 Extrait"}]},{"@type":"WebSite","@id":"https:\/\/crime-passionnel.com\/#website","url":"https:\/\/crime-passionnel.com\/","name":"Forbrydelse og lidenskab","description":"","publisher":{"@id":"https:\/\/crime-passionnel.com\/#organization"},"potentialAction":[{"@type":"SearchAction","target":{"@type":"EntryPoint","urlTemplate":"https:\/\/crime-passionnel.com\/?s={search_term_string}"},"query-input":{"@type":"PropertyValueSpecification","valueRequired":true,"valueName":"search_term_string"}}],"inLanguage":"da-DK"},{"@type":"Organization","@id":"https:\/\/crime-passionnel.com\/#organization","name":"Forbrydelse og lidenskab","url":"https:\/\/crime-passionnel.com\/","logo":{"@type":"ImageObject","inLanguage":"da-DK","@id":"https:\/\/crime-passionnel.com\/#\/schema\/logo\/image\/","url":"https:\/\/crime-passionnel.com\/wp-content\/uploads\/2021\/07\/logo.png","contentUrl":"https:\/\/crime-passionnel.com\/wp-content\/uploads\/2021\/07\/logo.png","width":128,"height":50,"caption":"Crime Passionnel"},"image":{"@id":"https:\/\/crime-passionnel.com\/#\/schema\/logo\/image\/"},"sameAs":["https:\/\/www.facebook.com\/crimepassionnel\/","https:\/\/www.instagram.com\/crime.passionnel\/"]}]}},"_links":{"self":[{"href":"https:\/\/crime-passionnel.com\/da\/wp-json\/wp\/v2\/product\/2575","targetHints":{"allow":["GET"]}}],"collection":[{"href":"https:\/\/crime-passionnel.com\/da\/wp-json\/wp\/v2\/product"}],"about":[{"href":"https:\/\/crime-passionnel.com\/da\/wp-json\/wp\/v2\/types\/product"}],"wp:featuredmedia":[{"embeddable":true,"href":"https:\/\/crime-passionnel.com\/da\/wp-json\/wp\/v2\/media\/17511"}],"wp:attachment":[{"href":"https:\/\/crime-passionnel.com\/da\/wp-json\/wp\/v2\/media?parent=2575"}],"wp:term":[{"taxonomy":"product_brand","embeddable":true,"href":"https:\/\/crime-passionnel.com\/da\/wp-json\/wp\/v2\/product_brand?post=2575"},{"taxonomy":"product_cat","embeddable":true,"href":"https:\/\/crime-passionnel.com\/da\/wp-json\/wp\/v2\/product_cat?post=2575"},{"taxonomy":"product_tag","embeddable":true,"href":"https:\/\/crime-passionnel.com\/da\/wp-json\/wp\/v2\/product_tag?post=2575"}],"curies":[{"name":"wp","href":"https:\/\/api.w.org\/{rel}","templated":true}]}}