{"id":2558,"date":"2022-01-09T17:16:05","date_gmt":"2022-01-09T17:16:05","guid":{"rendered":"http:\/\/crimepassionnel.nextwebdev.lt\/?post_type=product&#038;p=2558"},"modified":"2026-03-28T14:20:49","modified_gmt":"2026-03-28T14:20:49","slug":"b683","status":"publish","type":"product","link":"https:\/\/crime-passionnel.com\/da\/vare\/b683\/","title":{"rendered":"B683"},"content":{"rendered":"<p>En parfume som en berusende \u00e6druelighed. Ti \u00e5r efter at have p\u00e5begyndt Haute Couture lancerer den franske couturier Marc-Antoine Barrois sin f\u00f8rste parfume: B683. Med udgangspunkt i sine mentorers tidl\u00f8se og karismatiske elegance afsl\u00f8rer han med denne parfume sine smukkeste souvenirs s\u00e5vel som sin verden af moderne design. I sidste ende er B683 en invitation til at udforske ... til at rejse p\u00e5 hans planet, hvor skr\u00e6ddersyede unikke kollektioner, smykker og tilbeh\u00f8r m\u00f8der en genial symbiose af poesi og dr\u00f8mme med kunst og kunsth\u00e5ndv\u00e6rk. Ved subtilt at kombinere raffinerede tr\u00e6agtige essenser, sensuelle krydrede noter og en berusende duft af l\u00e6der skaber avantgarde-parfumeur Quentin Bisch en parfume, der er b\u00e5de berusende og \u00e6dru, og som er modelleret efter designerens fantasiunivers.<\/p>\n<p>INGREDIENSER<\/p>\n<p>Topnoter:<span class=\"Apple-converted-space\">\u00a0 <\/span>Sort peber, Safran, chili, muskatn\u00f8d<\/p>\n<p>Hjertenoter: Violette blade, rav, cistus-absolut, moskus<\/p>\n<p>Basisnoter: Patchouli, sandeltr\u00e6, egemos, ambroxan<\/p>","protected":false},"excerpt":{"rendered":"<p>Elegant, tr\u00e6agtig, krydret L\u00e6der<\/p>","protected":false},"featured_media":17517,"template":"","meta":{"_acf_changed":false},"product_brand":[],"product_cat":[15],"product_tag":[],"class_list":{"0":"post-2558","1":"product","2":"type-product","3":"status-publish","4":"has-post-thumbnail","6":"product_cat-perfumes","7":"pa_brands-marc-antoine-barrois","8":"pa_projection-moderate","9":"pa_sizes-2ml-sample","10":"pa_sizes-30ml","11":"pa_sizes-100ml","12":"pa_style-leather","14":"first","15":"instock","16":"taxable","17":"shipping-taxable","18":"purchasable","19":"product-type-variable","20":"add-to-wishlist-before_image"},"acf":[],"yoast_head":"<!-- This site is optimized with the Yoast SEO plugin v27.1.1 - https:\/\/yoast.com\/product\/yoast-seo-wordpress\/ -->\n<title>B683 Eau de Parfum - Crime Passionnel Perfume Shop<\/title>\n<meta name=\"description\" content=\"A perfume like a heady sobriety. Ten years after commencing Haute Couture, French couturier, Marc-Antoine Barrois is launching his first perfume: B683.\" \/>\n<meta name=\"robots\" content=\"index, follow, max-snippet:-1, max-image-preview:large, max-video-preview:-1\" \/>\n<link rel=\"canonical\" href=\"https:\/\/crime-passionnel.com\/da\/vare\/b683\/\" \/>\n<meta property=\"og:locale\" content=\"da_DK\" \/>\n<meta property=\"og:type\" content=\"article\" \/>\n<meta property=\"og:title\" content=\"B683 Eau de Parfum - Crime Passionnel Perfume Shop\" \/>\n<meta property=\"og:description\" content=\"A perfume like a heady sobriety. Ten years after commencing Haute Couture, French couturier, Marc-Antoine Barrois is launching his first perfume: B683.\" \/>\n<meta property=\"og:url\" content=\"https:\/\/crime-passionnel.com\/da\/vare\/b683\/\" \/>\n<meta property=\"og:site_name\" content=\"Crime Passionnel\" \/>\n<meta property=\"article:publisher\" content=\"https:\/\/www.facebook.com\/crimepassionnel\/\" \/>\n<meta property=\"article:modified_time\" content=\"2026-03-28T14:20:49+00:00\" \/>\n<meta property=\"og:image\" content=\"https:\/\/crime-passionnel.com\/wp-content\/uploads\/2022\/01\/B683-100ml-scaled.jpg\" \/>\n\t<meta property=\"og:image:width\" content=\"1945\" \/>\n\t<meta property=\"og:image:height\" content=\"2560\" \/>\n\t<meta property=\"og:image:type\" content=\"image\/jpeg\" \/>\n<meta name=\"twitter:card\" content=\"summary_large_image\" \/>\n<meta name=\"twitter:label1\" content=\"Estimeret l\u00e6setid\" \/>\n\t<meta name=\"twitter:data1\" content=\"1 minut\" \/>\n<script type=\"application\/ld+json\" class=\"yoast-schema-graph\">{\"@context\":\"https:\/\/schema.org\",\"@graph\":[{\"@type\":\"WebPage\",\"@id\":\"https:\/\/crime-passionnel.com\/product\/b683\/\",\"url\":\"https:\/\/crime-passionnel.com\/product\/b683\/\",\"name\":\"B683 Eau de Parfum - Crime Passionnel Perfume Shop\",\"isPartOf\":{\"@id\":\"https:\/\/crime-passionnel.com\/#website\"},\"primaryImageOfPage\":{\"@id\":\"https:\/\/crime-passionnel.com\/product\/b683\/#primaryimage\"},\"image\":{\"@id\":\"https:\/\/crime-passionnel.com\/product\/b683\/#primaryimage\"},\"thumbnailUrl\":\"https:\/\/crime-passionnel.com\/wp-content\/uploads\/2022\/01\/B683-100ml-scaled.jpg\",\"datePublished\":\"2022-01-09T17:16:05+00:00\",\"dateModified\":\"2026-03-28T14:20:49+00:00\",\"description\":\"A perfume like a heady sobriety. Ten years after commencing Haute Couture, French couturier, Marc-Antoine Barrois is launching his first perfume: B683.\",\"breadcrumb\":{\"@id\":\"https:\/\/crime-passionnel.com\/product\/b683\/#breadcrumb\"},\"inLanguage\":\"da-DK\",\"potentialAction\":[{\"@type\":\"ReadAction\",\"target\":[\"https:\/\/crime-passionnel.com\/product\/b683\/\"]}]},{\"@type\":\"ImageObject\",\"inLanguage\":\"da-DK\",\"@id\":\"https:\/\/crime-passionnel.com\/product\/b683\/#primaryimage\",\"url\":\"https:\/\/crime-passionnel.com\/wp-content\/uploads\/2022\/01\/B683-100ml-scaled.jpg\",\"contentUrl\":\"https:\/\/crime-passionnel.com\/wp-content\/uploads\/2022\/01\/B683-100ml-scaled.jpg\",\"width\":1945,\"height\":2560,\"caption\":\"Marc Antoine Barrois - B683 100ml\"},{\"@type\":\"BreadcrumbList\",\"@id\":\"https:\/\/crime-passionnel.com\/product\/b683\/#breadcrumb\",\"itemListElement\":[{\"@type\":\"ListItem\",\"position\":1,\"name\":\"Home\",\"item\":\"https:\/\/crime-passionnel.com\/\"},{\"@type\":\"ListItem\",\"position\":2,\"name\":\"Products\",\"item\":\"https:\/\/crime-passionnel.com\/products\/\"},{\"@type\":\"ListItem\",\"position\":3,\"name\":\"B683\"}]},{\"@type\":\"WebSite\",\"@id\":\"https:\/\/crime-passionnel.com\/#website\",\"url\":\"https:\/\/crime-passionnel.com\/\",\"name\":\"Crime Passionnel\",\"description\":\"\",\"publisher\":{\"@id\":\"https:\/\/crime-passionnel.com\/#organization\"},\"potentialAction\":[{\"@type\":\"SearchAction\",\"target\":{\"@type\":\"EntryPoint\",\"urlTemplate\":\"https:\/\/crime-passionnel.com\/?s={search_term_string}\"},\"query-input\":{\"@type\":\"PropertyValueSpecification\",\"valueRequired\":true,\"valueName\":\"search_term_string\"}}],\"inLanguage\":\"da-DK\"},{\"@type\":\"Organization\",\"@id\":\"https:\/\/crime-passionnel.com\/#organization\",\"name\":\"Crime Passionnel\",\"url\":\"https:\/\/crime-passionnel.com\/\",\"logo\":{\"@type\":\"ImageObject\",\"inLanguage\":\"da-DK\",\"@id\":\"https:\/\/crime-passionnel.com\/#\/schema\/logo\/image\/\",\"url\":\"https:\/\/crime-passionnel.com\/wp-content\/uploads\/2021\/07\/logo.png\",\"contentUrl\":\"https:\/\/crime-passionnel.com\/wp-content\/uploads\/2021\/07\/logo.png\",\"width\":128,\"height\":50,\"caption\":\"Crime Passionnel\"},\"image\":{\"@id\":\"https:\/\/crime-passionnel.com\/#\/schema\/logo\/image\/\"},\"sameAs\":[\"https:\/\/www.facebook.com\/crimepassionnel\/\",\"https:\/\/www.instagram.com\/crime.passionnel\/\"]}]}<\/script>\n<!-- \/ Yoast SEO plugin. -->","yoast_head_json":{"title":"B683 Eau de Parfum - Crime Passionnel Perfume Shop","description":"A perfume like a heady sobriety. Ten years after commencing Haute Couture, French couturier, Marc-Antoine Barrois is launching his first perfume: B683.","robots":{"index":"index","follow":"follow","max-snippet":"max-snippet:-1","max-image-preview":"max-image-preview:large","max-video-preview":"max-video-preview:-1"},"canonical":"https:\/\/crime-passionnel.com\/da\/vare\/b683\/","og_locale":"da_DK","og_type":"article","og_title":"B683 Eau de Parfum - Crime Passionnel Perfume Shop","og_description":"A perfume like a heady sobriety. Ten years after commencing Haute Couture, French couturier, Marc-Antoine Barrois is launching his first perfume: B683.","og_url":"https:\/\/crime-passionnel.com\/da\/vare\/b683\/","og_site_name":"Crime Passionnel","article_publisher":"https:\/\/www.facebook.com\/crimepassionnel\/","article_modified_time":"2026-03-28T14:20:49+00:00","og_image":[{"width":1945,"height":2560,"url":"https:\/\/crime-passionnel.com\/wp-content\/uploads\/2022\/01\/B683-100ml-scaled.jpg","type":"image\/jpeg"}],"twitter_card":"summary_large_image","twitter_misc":{"Estimeret l\u00e6setid":"1 minut"},"schema":{"@context":"https:\/\/schema.org","@graph":[{"@type":"WebPage","@id":"https:\/\/crime-passionnel.com\/product\/b683\/","url":"https:\/\/crime-passionnel.com\/product\/b683\/","name":"B683 Eau de Parfum - Crime Passionnel Perfume Shop","isPartOf":{"@id":"https:\/\/crime-passionnel.com\/#website"},"primaryImageOfPage":{"@id":"https:\/\/crime-passionnel.com\/product\/b683\/#primaryimage"},"image":{"@id":"https:\/\/crime-passionnel.com\/product\/b683\/#primaryimage"},"thumbnailUrl":"https:\/\/crime-passionnel.com\/wp-content\/uploads\/2022\/01\/B683-100ml-scaled.jpg","datePublished":"2022-01-09T17:16:05+00:00","dateModified":"2026-03-28T14:20:49+00:00","description":"A perfume like a heady sobriety. Ten years after commencing Haute Couture, French couturier, Marc-Antoine Barrois is launching his first perfume: B683.","breadcrumb":{"@id":"https:\/\/crime-passionnel.com\/product\/b683\/#breadcrumb"},"inLanguage":"da-DK","potentialAction":[{"@type":"ReadAction","target":["https:\/\/crime-passionnel.com\/product\/b683\/"]}]},{"@type":"ImageObject","inLanguage":"da-DK","@id":"https:\/\/crime-passionnel.com\/product\/b683\/#primaryimage","url":"https:\/\/crime-passionnel.com\/wp-content\/uploads\/2022\/01\/B683-100ml-scaled.jpg","contentUrl":"https:\/\/crime-passionnel.com\/wp-content\/uploads\/2022\/01\/B683-100ml-scaled.jpg","width":1945,"height":2560,"caption":"Marc Antoine Barrois - B683 100ml"},{"@type":"BreadcrumbList","@id":"https:\/\/crime-passionnel.com\/product\/b683\/#breadcrumb","itemListElement":[{"@type":"ListItem","position":1,"name":"Home","item":"https:\/\/crime-passionnel.com\/"},{"@type":"ListItem","position":2,"name":"Products","item":"https:\/\/crime-passionnel.com\/products\/"},{"@type":"ListItem","position":3,"name":"B683"}]},{"@type":"WebSite","@id":"https:\/\/crime-passionnel.com\/#website","url":"https:\/\/crime-passionnel.com\/","name":"Forbrydelse og lidenskab","description":"","publisher":{"@id":"https:\/\/crime-passionnel.com\/#organization"},"potentialAction":[{"@type":"SearchAction","target":{"@type":"EntryPoint","urlTemplate":"https:\/\/crime-passionnel.com\/?s={search_term_string}"},"query-input":{"@type":"PropertyValueSpecification","valueRequired":true,"valueName":"search_term_string"}}],"inLanguage":"da-DK"},{"@type":"Organization","@id":"https:\/\/crime-passionnel.com\/#organization","name":"Forbrydelse og lidenskab","url":"https:\/\/crime-passionnel.com\/","logo":{"@type":"ImageObject","inLanguage":"da-DK","@id":"https:\/\/crime-passionnel.com\/#\/schema\/logo\/image\/","url":"https:\/\/crime-passionnel.com\/wp-content\/uploads\/2021\/07\/logo.png","contentUrl":"https:\/\/crime-passionnel.com\/wp-content\/uploads\/2021\/07\/logo.png","width":128,"height":50,"caption":"Crime Passionnel"},"image":{"@id":"https:\/\/crime-passionnel.com\/#\/schema\/logo\/image\/"},"sameAs":["https:\/\/www.facebook.com\/crimepassionnel\/","https:\/\/www.instagram.com\/crime.passionnel\/"]}]}},"_links":{"self":[{"href":"https:\/\/crime-passionnel.com\/da\/wp-json\/wp\/v2\/product\/2558","targetHints":{"allow":["GET"]}}],"collection":[{"href":"https:\/\/crime-passionnel.com\/da\/wp-json\/wp\/v2\/product"}],"about":[{"href":"https:\/\/crime-passionnel.com\/da\/wp-json\/wp\/v2\/types\/product"}],"wp:featuredmedia":[{"embeddable":true,"href":"https:\/\/crime-passionnel.com\/da\/wp-json\/wp\/v2\/media\/17517"}],"wp:attachment":[{"href":"https:\/\/crime-passionnel.com\/da\/wp-json\/wp\/v2\/media?parent=2558"}],"wp:term":[{"taxonomy":"product_brand","embeddable":true,"href":"https:\/\/crime-passionnel.com\/da\/wp-json\/wp\/v2\/product_brand?post=2558"},{"taxonomy":"product_cat","embeddable":true,"href":"https:\/\/crime-passionnel.com\/da\/wp-json\/wp\/v2\/product_cat?post=2558"},{"taxonomy":"product_tag","embeddable":true,"href":"https:\/\/crime-passionnel.com\/da\/wp-json\/wp\/v2\/product_tag?post=2558"}],"curies":[{"name":"wp","href":"https:\/\/api.w.org\/{rel}","templated":true}]}}