{"id":25564,"date":"2024-09-09T20:56:10","date_gmt":"2024-09-09T20:56:10","guid":{"rendered":"https:\/\/crime-passionnel.com\/?post_type=product&#038;p=25564"},"modified":"2025-05-27T08:47:30","modified_gmt":"2025-05-27T08:47:30","slug":"safran-neroli","status":"publish","type":"product","link":"https:\/\/crime-passionnel.com\/da\/vare\/safran-neroli\/","title":{"rendered":"Safran Neroli"},"content":{"rendered":"<p>Dyk ned i hjertet af blomster og frugter og deres forf\u00f8rende kraft!<br \/>\nAFFINESSENCE er altid innovativ inden for parfumekunsten og har inkluderet et \"attraktivt hjerte\" i denne hidtil usete duft for at stimulere din sensualitet og \u00f8ge din forf\u00f8relseskraft!<\/p>\n<p>Skygge og lys. En \"Karak\" sort te, m\u00f8rk og rig p\u00e5 SAFFRON, det mest sj\u00e6ldne krydderi. Sammen med den mest narkotiske af de hvide blomster, NEROLI, den mytiske essens, Egyptens dronning.<br \/>\nHonning-Davana og Ylang Ylang bringer varmen fra deres frugtagtige smagsessenser til dette m\u00f8de. Mods\u00e6tninger tiltr\u00e6kkes, og charme virker, hvilket g\u00f8r denne intense forening til et sj\u00e6ldent \u00f8jeblik af luksus og forf\u00f8relse.<\/p>\n<p>INGREDIENSER<\/p>\n<p>Noter: Te, Safran, Neroli, Honning, Labdanum, Ylang Ylang,<\/p>","protected":false},"excerpt":{"rendered":"<p>Luksuri\u00f8s forf\u00f8relse<\/p>","protected":false},"featured_media":25570,"template":"","meta":{"_acf_changed":false},"product_brand":[],"product_cat":[418,15],"product_tag":[],"class_list":{"0":"post-25564","1":"product","2":"type-product","3":"status-publish","4":"has-post-thumbnail","6":"product_cat-new-arrivals","7":"product_cat-perfumes","8":"pa_brands-affinessence","9":"pa_projection-moderate","10":"pa_sizes-2ml-sample","11":"pa_sizes-50ml","12":"pa_style-sweet","14":"first","15":"instock","16":"taxable","17":"shipping-taxable","18":"purchasable","19":"product-type-variable","20":"add-to-wishlist-before_image"},"acf":[],"yoast_head":"<!-- This site is optimized with the Yoast SEO plugin v27.1.1 - https:\/\/yoast.com\/product\/yoast-seo-wordpress\/ -->\n<title>Safran Neroli Eau de Parfum - Crime Passionnel Perfumes<\/title>\n<meta name=\"description\" content=\"Of the diverse qualities of SANDALWOOD, Mysore Essence remains both the most wonderful and the rarest. Santal - Basmati: Sensual, carnal, milky.\" \/>\n<meta name=\"robots\" content=\"index, follow, max-snippet:-1, max-image-preview:large, max-video-preview:-1\" \/>\n<link rel=\"canonical\" href=\"https:\/\/crime-passionnel.com\/da\/vare\/safran-neroli\/\" \/>\n<meta property=\"og:locale\" content=\"da_DK\" \/>\n<meta property=\"og:type\" content=\"article\" \/>\n<meta property=\"og:title\" content=\"Safran Neroli Eau de Parfum - Crime Passionnel Perfumes\" \/>\n<meta property=\"og:description\" content=\"Of the diverse qualities of SANDALWOOD, Mysore Essence remains both the most wonderful and the rarest. Santal - Basmati: Sensual, carnal, milky.\" \/>\n<meta property=\"og:url\" content=\"https:\/\/crime-passionnel.com\/da\/vare\/safran-neroli\/\" \/>\n<meta property=\"og:site_name\" content=\"Crime Passionnel\" \/>\n<meta property=\"article:publisher\" content=\"https:\/\/www.facebook.com\/crimepassionnel\/\" \/>\n<meta property=\"article:modified_time\" content=\"2025-05-27T08:47:30+00:00\" \/>\n<meta property=\"og:image\" content=\"https:\/\/crime-passionnel.com\/wp-content\/uploads\/2024\/09\/Safran-Neroli-scaled.jpg\" \/>\n\t<meta property=\"og:image:width\" content=\"1945\" \/>\n\t<meta property=\"og:image:height\" content=\"2560\" \/>\n\t<meta property=\"og:image:type\" content=\"image\/jpeg\" \/>\n<meta name=\"twitter:card\" content=\"summary_large_image\" \/>\n<meta name=\"twitter:label1\" content=\"Estimeret l\u00e6setid\" \/>\n\t<meta name=\"twitter:data1\" content=\"1 minut\" \/>\n<script type=\"application\/ld+json\" class=\"yoast-schema-graph\">{\"@context\":\"https:\/\/schema.org\",\"@graph\":[{\"@type\":\"WebPage\",\"@id\":\"https:\/\/crime-passionnel.com\/product\/safran-neroli\/\",\"url\":\"https:\/\/crime-passionnel.com\/product\/safran-neroli\/\",\"name\":\"Safran Neroli Eau de Parfum - Crime Passionnel Perfumes\",\"isPartOf\":{\"@id\":\"https:\/\/crime-passionnel.com\/#website\"},\"primaryImageOfPage\":{\"@id\":\"https:\/\/crime-passionnel.com\/product\/safran-neroli\/#primaryimage\"},\"image\":{\"@id\":\"https:\/\/crime-passionnel.com\/product\/safran-neroli\/#primaryimage\"},\"thumbnailUrl\":\"https:\/\/crime-passionnel.com\/wp-content\/uploads\/2024\/09\/Safran-Neroli-scaled.jpg\",\"datePublished\":\"2024-09-09T20:56:10+00:00\",\"dateModified\":\"2025-05-27T08:47:30+00:00\",\"description\":\"Of the diverse qualities of SANDALWOOD, Mysore Essence remains both the most wonderful and the rarest. Santal - Basmati: Sensual, carnal, milky.\",\"breadcrumb\":{\"@id\":\"https:\/\/crime-passionnel.com\/product\/safran-neroli\/#breadcrumb\"},\"inLanguage\":\"da-DK\",\"potentialAction\":[{\"@type\":\"ReadAction\",\"target\":[\"https:\/\/crime-passionnel.com\/product\/safran-neroli\/\"]}]},{\"@type\":\"ImageObject\",\"inLanguage\":\"da-DK\",\"@id\":\"https:\/\/crime-passionnel.com\/product\/safran-neroli\/#primaryimage\",\"url\":\"https:\/\/crime-passionnel.com\/wp-content\/uploads\/2024\/09\/Safran-Neroli-scaled.jpg\",\"contentUrl\":\"https:\/\/crime-passionnel.com\/wp-content\/uploads\/2024\/09\/Safran-Neroli-scaled.jpg\",\"width\":1945,\"height\":2560,\"caption\":\"Safran-Neroli\"},{\"@type\":\"BreadcrumbList\",\"@id\":\"https:\/\/crime-passionnel.com\/product\/safran-neroli\/#breadcrumb\",\"itemListElement\":[{\"@type\":\"ListItem\",\"position\":1,\"name\":\"Home\",\"item\":\"https:\/\/crime-passionnel.com\/\"},{\"@type\":\"ListItem\",\"position\":2,\"name\":\"Products\",\"item\":\"https:\/\/crime-passionnel.com\/products\/\"},{\"@type\":\"ListItem\",\"position\":3,\"name\":\"Safran Neroli\"}]},{\"@type\":\"WebSite\",\"@id\":\"https:\/\/crime-passionnel.com\/#website\",\"url\":\"https:\/\/crime-passionnel.com\/\",\"name\":\"Crime Passionnel\",\"description\":\"\",\"publisher\":{\"@id\":\"https:\/\/crime-passionnel.com\/#organization\"},\"potentialAction\":[{\"@type\":\"SearchAction\",\"target\":{\"@type\":\"EntryPoint\",\"urlTemplate\":\"https:\/\/crime-passionnel.com\/?s={search_term_string}\"},\"query-input\":{\"@type\":\"PropertyValueSpecification\",\"valueRequired\":true,\"valueName\":\"search_term_string\"}}],\"inLanguage\":\"da-DK\"},{\"@type\":\"Organization\",\"@id\":\"https:\/\/crime-passionnel.com\/#organization\",\"name\":\"Crime Passionnel\",\"url\":\"https:\/\/crime-passionnel.com\/\",\"logo\":{\"@type\":\"ImageObject\",\"inLanguage\":\"da-DK\",\"@id\":\"https:\/\/crime-passionnel.com\/#\/schema\/logo\/image\/\",\"url\":\"https:\/\/crime-passionnel.com\/wp-content\/uploads\/2021\/07\/logo.png\",\"contentUrl\":\"https:\/\/crime-passionnel.com\/wp-content\/uploads\/2021\/07\/logo.png\",\"width\":128,\"height\":50,\"caption\":\"Crime Passionnel\"},\"image\":{\"@id\":\"https:\/\/crime-passionnel.com\/#\/schema\/logo\/image\/\"},\"sameAs\":[\"https:\/\/www.facebook.com\/crimepassionnel\/\",\"https:\/\/www.instagram.com\/crime.passionnel\/\"]}]}<\/script>\n<!-- \/ Yoast SEO plugin. -->","yoast_head_json":{"title":"Safran Neroli Eau de Parfum - Crime Passionnel Perfumes","description":"Of the diverse qualities of SANDALWOOD, Mysore Essence remains both the most wonderful and the rarest. Santal - Basmati: Sensual, carnal, milky.","robots":{"index":"index","follow":"follow","max-snippet":"max-snippet:-1","max-image-preview":"max-image-preview:large","max-video-preview":"max-video-preview:-1"},"canonical":"https:\/\/crime-passionnel.com\/da\/vare\/safran-neroli\/","og_locale":"da_DK","og_type":"article","og_title":"Safran Neroli Eau de Parfum - Crime Passionnel Perfumes","og_description":"Of the diverse qualities of SANDALWOOD, Mysore Essence remains both the most wonderful and the rarest. Santal - Basmati: Sensual, carnal, milky.","og_url":"https:\/\/crime-passionnel.com\/da\/vare\/safran-neroli\/","og_site_name":"Crime Passionnel","article_publisher":"https:\/\/www.facebook.com\/crimepassionnel\/","article_modified_time":"2025-05-27T08:47:30+00:00","og_image":[{"width":1945,"height":2560,"url":"https:\/\/crime-passionnel.com\/wp-content\/uploads\/2024\/09\/Safran-Neroli-scaled.jpg","type":"image\/jpeg"}],"twitter_card":"summary_large_image","twitter_misc":{"Estimeret l\u00e6setid":"1 minut"},"schema":{"@context":"https:\/\/schema.org","@graph":[{"@type":"WebPage","@id":"https:\/\/crime-passionnel.com\/product\/safran-neroli\/","url":"https:\/\/crime-passionnel.com\/product\/safran-neroli\/","name":"Safran Neroli Eau de Parfum - Crime Passionnel Perfumes","isPartOf":{"@id":"https:\/\/crime-passionnel.com\/#website"},"primaryImageOfPage":{"@id":"https:\/\/crime-passionnel.com\/product\/safran-neroli\/#primaryimage"},"image":{"@id":"https:\/\/crime-passionnel.com\/product\/safran-neroli\/#primaryimage"},"thumbnailUrl":"https:\/\/crime-passionnel.com\/wp-content\/uploads\/2024\/09\/Safran-Neroli-scaled.jpg","datePublished":"2024-09-09T20:56:10+00:00","dateModified":"2025-05-27T08:47:30+00:00","description":"Of the diverse qualities of SANDALWOOD, Mysore Essence remains both the most wonderful and the rarest. Santal - Basmati: Sensual, carnal, milky.","breadcrumb":{"@id":"https:\/\/crime-passionnel.com\/product\/safran-neroli\/#breadcrumb"},"inLanguage":"da-DK","potentialAction":[{"@type":"ReadAction","target":["https:\/\/crime-passionnel.com\/product\/safran-neroli\/"]}]},{"@type":"ImageObject","inLanguage":"da-DK","@id":"https:\/\/crime-passionnel.com\/product\/safran-neroli\/#primaryimage","url":"https:\/\/crime-passionnel.com\/wp-content\/uploads\/2024\/09\/Safran-Neroli-scaled.jpg","contentUrl":"https:\/\/crime-passionnel.com\/wp-content\/uploads\/2024\/09\/Safran-Neroli-scaled.jpg","width":1945,"height":2560,"caption":"Safran-Neroli"},{"@type":"BreadcrumbList","@id":"https:\/\/crime-passionnel.com\/product\/safran-neroli\/#breadcrumb","itemListElement":[{"@type":"ListItem","position":1,"name":"Home","item":"https:\/\/crime-passionnel.com\/"},{"@type":"ListItem","position":2,"name":"Products","item":"https:\/\/crime-passionnel.com\/products\/"},{"@type":"ListItem","position":3,"name":"Safran Neroli"}]},{"@type":"WebSite","@id":"https:\/\/crime-passionnel.com\/#website","url":"https:\/\/crime-passionnel.com\/","name":"Forbrydelse og lidenskab","description":"","publisher":{"@id":"https:\/\/crime-passionnel.com\/#organization"},"potentialAction":[{"@type":"SearchAction","target":{"@type":"EntryPoint","urlTemplate":"https:\/\/crime-passionnel.com\/?s={search_term_string}"},"query-input":{"@type":"PropertyValueSpecification","valueRequired":true,"valueName":"search_term_string"}}],"inLanguage":"da-DK"},{"@type":"Organization","@id":"https:\/\/crime-passionnel.com\/#organization","name":"Forbrydelse og lidenskab","url":"https:\/\/crime-passionnel.com\/","logo":{"@type":"ImageObject","inLanguage":"da-DK","@id":"https:\/\/crime-passionnel.com\/#\/schema\/logo\/image\/","url":"https:\/\/crime-passionnel.com\/wp-content\/uploads\/2021\/07\/logo.png","contentUrl":"https:\/\/crime-passionnel.com\/wp-content\/uploads\/2021\/07\/logo.png","width":128,"height":50,"caption":"Crime Passionnel"},"image":{"@id":"https:\/\/crime-passionnel.com\/#\/schema\/logo\/image\/"},"sameAs":["https:\/\/www.facebook.com\/crimepassionnel\/","https:\/\/www.instagram.com\/crime.passionnel\/"]}]}},"_links":{"self":[{"href":"https:\/\/crime-passionnel.com\/da\/wp-json\/wp\/v2\/product\/25564","targetHints":{"allow":["GET"]}}],"collection":[{"href":"https:\/\/crime-passionnel.com\/da\/wp-json\/wp\/v2\/product"}],"about":[{"href":"https:\/\/crime-passionnel.com\/da\/wp-json\/wp\/v2\/types\/product"}],"wp:featuredmedia":[{"embeddable":true,"href":"https:\/\/crime-passionnel.com\/da\/wp-json\/wp\/v2\/media\/25570"}],"wp:attachment":[{"href":"https:\/\/crime-passionnel.com\/da\/wp-json\/wp\/v2\/media?parent=25564"}],"wp:term":[{"taxonomy":"product_brand","embeddable":true,"href":"https:\/\/crime-passionnel.com\/da\/wp-json\/wp\/v2\/product_brand?post=25564"},{"taxonomy":"product_cat","embeddable":true,"href":"https:\/\/crime-passionnel.com\/da\/wp-json\/wp\/v2\/product_cat?post=25564"},{"taxonomy":"product_tag","embeddable":true,"href":"https:\/\/crime-passionnel.com\/da\/wp-json\/wp\/v2\/product_tag?post=25564"}],"curies":[{"name":"wp","href":"https:\/\/api.w.org\/{rel}","templated":true}]}}