{"id":24839,"date":"2024-07-11T15:59:50","date_gmt":"2024-07-11T15:59:50","guid":{"rendered":"https:\/\/crime-passionnel.com\/?post_type=product&#038;p=24839"},"modified":"2026-04-01T13:58:07","modified_gmt":"2026-04-01T13:58:07","slug":"aqua-memorabilis","status":"publish","type":"product","link":"https:\/\/crime-passionnel.com\/da\/vare\/aqua-memorabilis\/","title":{"rendered":"Aqua Memorabilis"},"content":{"rendered":"<p>N\u00e5r jeg t\u00e6nker tilbage p\u00e5 min barndom, husker jeg lange vinteraftener foran pejsen. L\u00e6kre klementiner som vi n\u00f8d som slik. Duften fra skralden n\u00e5r man klemte den sammen foran et stearinlys og skabte en lille stikflamme og fascinerende spiraler af r\u00f8g. N\u00e5r jeg skulle sove, duftede mine h\u00e6nder stadig af klementin. En duft, der fulgte mig ind i mine dr\u00f8mme.<\/p>\n<p>Efter to \u00e5rs arbejde har parfum\u00f8ren, Vanina Muracciola, en gang for alle opn\u00e5et den Aqua Memorabilis, jeg altid har dr\u00f8mt om. En kraftfuld og absolut moderne citrus med massere af tr\u00e6noter, skabt til at omslutte b\u00e6reren i et uforglemmeligt, duftende favntag.<\/p>\n<p>F\u00f8rst kommer en b\u00f8lge af klementin med noter der balancerer mellem skal og frugtk\u00f8d. En livlig buket farvet med bitters\u00f8de, gr\u00f8nne noter; grapefrugt, rosenpeber og bitter appelsin f\u00f8rer an. I midten peber og viol, der afd\u00e6mper de meget fugtige topnoter.\nTil sidst kommer en kraftig b\u00f8lge af cedertr\u00e6, en snert af delikat vetiver afrundet med cremet cedertr\u00e6 og intens musk, hvilende p\u00e5 en solid bund af amber-wood.<\/p>\n<p>&nbsp;<\/p>\n<p>INGREDIENSER<\/p>\n<p>Topnoter: Klementin, Grapefrugt, Bitter Appelsin, Rosenpeber<\/p>\n<p>Mellemnoter: Viol, Peber, Klementinsaft<\/p>\n<p>Basenoter: Ceder, Vetiver, Sandeltr\u00e6, Musk, Amber-woods<\/p>","protected":false},"excerpt":{"rendered":"<p>Morderne citrus med m\u00e6ngder af tr\u00e6<\/p>","protected":false},"featured_media":24846,"template":"","meta":{"_acf_changed":false},"product_brand":[],"product_cat":[418,432,15],"product_tag":[],"class_list":{"0":"post-24839","1":"product","2":"type-product","3":"status-publish","4":"has-post-thumbnail","6":"product_cat-new-arrivals","7":"product_cat-travel-size","8":"product_cat-perfumes","9":"pa_brands-jovoy-paris","10":"pa_projection-moderate","11":"pa_sizes-2ml-sample","12":"pa_sizes-15ml","13":"pa_sizes-100ml","14":"pa_style-fresh","16":"first","17":"instock","18":"taxable","19":"shipping-taxable","20":"purchasable","21":"product-type-variable","22":"add-to-wishlist-before_image"},"acf":[],"yoast_head":"<!-- This site is optimized with the Yoast SEO plugin v27.1.1 - https:\/\/yoast.com\/product\/yoast-seo-wordpress\/ -->\n<title>Aqua Memorabilis Eau de Parfum - Crime Passionnel Perfumes<\/title>\n<meta name=\"robots\" content=\"index, follow, max-snippet:-1, max-image-preview:large, max-video-preview:-1\" \/>\n<link rel=\"canonical\" href=\"https:\/\/crime-passionnel.com\/da\/vare\/aqua-memorabilis\/\" \/>\n<meta property=\"og:locale\" content=\"da_DK\" \/>\n<meta property=\"og:type\" content=\"article\" \/>\n<meta property=\"og:title\" content=\"Aqua Memorabilis Eau de Parfum - Crime Passionnel Perfumes\" \/>\n<meta property=\"og:description\" content=\"Citrusy, very woody and modern\" \/>\n<meta property=\"og:url\" content=\"https:\/\/crime-passionnel.com\/da\/vare\/aqua-memorabilis\/\" \/>\n<meta property=\"og:site_name\" content=\"Crime Passionnel\" \/>\n<meta property=\"article:publisher\" content=\"https:\/\/www.facebook.com\/crimepassionnel\/\" \/>\n<meta property=\"article:modified_time\" content=\"2026-04-01T13:58:07+00:00\" \/>\n<meta property=\"og:image\" content=\"https:\/\/crime-passionnel.com\/wp-content\/uploads\/2024\/07\/Aqua-Memorabilis-scaled.jpeg\" \/>\n\t<meta property=\"og:image:width\" content=\"2048\" \/>\n\t<meta property=\"og:image:height\" content=\"2560\" \/>\n\t<meta property=\"og:image:type\" content=\"image\/jpeg\" \/>\n<meta name=\"twitter:card\" content=\"summary_large_image\" \/>\n<meta name=\"twitter:label1\" content=\"Estimeret l\u00e6setid\" \/>\n\t<meta name=\"twitter:data1\" content=\"2 minutter\" \/>\n<script type=\"application\/ld+json\" class=\"yoast-schema-graph\">{\"@context\":\"https:\/\/schema.org\",\"@graph\":[{\"@type\":\"WebPage\",\"@id\":\"https:\/\/crime-passionnel.com\/product\/aqua-memorabilis\/\",\"url\":\"https:\/\/crime-passionnel.com\/product\/aqua-memorabilis\/\",\"name\":\"Aqua Memorabilis Eau de Parfum - Crime Passionnel Perfumes\",\"isPartOf\":{\"@id\":\"https:\/\/crime-passionnel.com\/#website\"},\"primaryImageOfPage\":{\"@id\":\"https:\/\/crime-passionnel.com\/product\/aqua-memorabilis\/#primaryimage\"},\"image\":{\"@id\":\"https:\/\/crime-passionnel.com\/product\/aqua-memorabilis\/#primaryimage\"},\"thumbnailUrl\":\"https:\/\/crime-passionnel.com\/wp-content\/uploads\/2024\/07\/Aqua-Memorabilis-scaled.jpeg\",\"datePublished\":\"2024-07-11T15:59:50+00:00\",\"dateModified\":\"2026-04-01T13:58:07+00:00\",\"breadcrumb\":{\"@id\":\"https:\/\/crime-passionnel.com\/product\/aqua-memorabilis\/#breadcrumb\"},\"inLanguage\":\"da-DK\",\"potentialAction\":[{\"@type\":\"ReadAction\",\"target\":[\"https:\/\/crime-passionnel.com\/product\/aqua-memorabilis\/\"]}]},{\"@type\":\"ImageObject\",\"inLanguage\":\"da-DK\",\"@id\":\"https:\/\/crime-passionnel.com\/product\/aqua-memorabilis\/#primaryimage\",\"url\":\"https:\/\/crime-passionnel.com\/wp-content\/uploads\/2024\/07\/Aqua-Memorabilis-scaled.jpeg\",\"contentUrl\":\"https:\/\/crime-passionnel.com\/wp-content\/uploads\/2024\/07\/Aqua-Memorabilis-scaled.jpeg\",\"width\":2048,\"height\":2560,\"caption\":\"Aqua Memorabilis\"},{\"@type\":\"BreadcrumbList\",\"@id\":\"https:\/\/crime-passionnel.com\/product\/aqua-memorabilis\/#breadcrumb\",\"itemListElement\":[{\"@type\":\"ListItem\",\"position\":1,\"name\":\"Home\",\"item\":\"https:\/\/crime-passionnel.com\/\"},{\"@type\":\"ListItem\",\"position\":2,\"name\":\"Products\",\"item\":\"https:\/\/crime-passionnel.com\/products\/\"},{\"@type\":\"ListItem\",\"position\":3,\"name\":\"Aqua Memorabilis\"}]},{\"@type\":\"WebSite\",\"@id\":\"https:\/\/crime-passionnel.com\/#website\",\"url\":\"https:\/\/crime-passionnel.com\/\",\"name\":\"Crime Passionnel\",\"description\":\"\",\"publisher\":{\"@id\":\"https:\/\/crime-passionnel.com\/#organization\"},\"potentialAction\":[{\"@type\":\"SearchAction\",\"target\":{\"@type\":\"EntryPoint\",\"urlTemplate\":\"https:\/\/crime-passionnel.com\/?s={search_term_string}\"},\"query-input\":{\"@type\":\"PropertyValueSpecification\",\"valueRequired\":true,\"valueName\":\"search_term_string\"}}],\"inLanguage\":\"da-DK\"},{\"@type\":\"Organization\",\"@id\":\"https:\/\/crime-passionnel.com\/#organization\",\"name\":\"Crime Passionnel\",\"url\":\"https:\/\/crime-passionnel.com\/\",\"logo\":{\"@type\":\"ImageObject\",\"inLanguage\":\"da-DK\",\"@id\":\"https:\/\/crime-passionnel.com\/#\/schema\/logo\/image\/\",\"url\":\"https:\/\/crime-passionnel.com\/wp-content\/uploads\/2021\/07\/logo.png\",\"contentUrl\":\"https:\/\/crime-passionnel.com\/wp-content\/uploads\/2021\/07\/logo.png\",\"width\":128,\"height\":50,\"caption\":\"Crime Passionnel\"},\"image\":{\"@id\":\"https:\/\/crime-passionnel.com\/#\/schema\/logo\/image\/\"},\"sameAs\":[\"https:\/\/www.facebook.com\/crimepassionnel\/\",\"https:\/\/www.instagram.com\/crime.passionnel\/\"]}]}<\/script>\n<!-- \/ Yoast SEO plugin. -->","yoast_head_json":{"title":"Aqua Memorabilis Eau de Parfum - Crime Passionnel Perfumes","robots":{"index":"index","follow":"follow","max-snippet":"max-snippet:-1","max-image-preview":"max-image-preview:large","max-video-preview":"max-video-preview:-1"},"canonical":"https:\/\/crime-passionnel.com\/da\/vare\/aqua-memorabilis\/","og_locale":"da_DK","og_type":"article","og_title":"Aqua Memorabilis Eau de Parfum - Crime Passionnel Perfumes","og_description":"Citrusy, very woody and modern","og_url":"https:\/\/crime-passionnel.com\/da\/vare\/aqua-memorabilis\/","og_site_name":"Crime Passionnel","article_publisher":"https:\/\/www.facebook.com\/crimepassionnel\/","article_modified_time":"2026-04-01T13:58:07+00:00","og_image":[{"width":2048,"height":2560,"url":"https:\/\/crime-passionnel.com\/wp-content\/uploads\/2024\/07\/Aqua-Memorabilis-scaled.jpeg","type":"image\/jpeg"}],"twitter_card":"summary_large_image","twitter_misc":{"Estimeret l\u00e6setid":"2 minutter"},"schema":{"@context":"https:\/\/schema.org","@graph":[{"@type":"WebPage","@id":"https:\/\/crime-passionnel.com\/product\/aqua-memorabilis\/","url":"https:\/\/crime-passionnel.com\/product\/aqua-memorabilis\/","name":"Aqua Memorabilis Eau de Parfum - Crime Passionnel Perfumes","isPartOf":{"@id":"https:\/\/crime-passionnel.com\/#website"},"primaryImageOfPage":{"@id":"https:\/\/crime-passionnel.com\/product\/aqua-memorabilis\/#primaryimage"},"image":{"@id":"https:\/\/crime-passionnel.com\/product\/aqua-memorabilis\/#primaryimage"},"thumbnailUrl":"https:\/\/crime-passionnel.com\/wp-content\/uploads\/2024\/07\/Aqua-Memorabilis-scaled.jpeg","datePublished":"2024-07-11T15:59:50+00:00","dateModified":"2026-04-01T13:58:07+00:00","breadcrumb":{"@id":"https:\/\/crime-passionnel.com\/product\/aqua-memorabilis\/#breadcrumb"},"inLanguage":"da-DK","potentialAction":[{"@type":"ReadAction","target":["https:\/\/crime-passionnel.com\/product\/aqua-memorabilis\/"]}]},{"@type":"ImageObject","inLanguage":"da-DK","@id":"https:\/\/crime-passionnel.com\/product\/aqua-memorabilis\/#primaryimage","url":"https:\/\/crime-passionnel.com\/wp-content\/uploads\/2024\/07\/Aqua-Memorabilis-scaled.jpeg","contentUrl":"https:\/\/crime-passionnel.com\/wp-content\/uploads\/2024\/07\/Aqua-Memorabilis-scaled.jpeg","width":2048,"height":2560,"caption":"Aqua Memorabilis"},{"@type":"BreadcrumbList","@id":"https:\/\/crime-passionnel.com\/product\/aqua-memorabilis\/#breadcrumb","itemListElement":[{"@type":"ListItem","position":1,"name":"Home","item":"https:\/\/crime-passionnel.com\/"},{"@type":"ListItem","position":2,"name":"Products","item":"https:\/\/crime-passionnel.com\/products\/"},{"@type":"ListItem","position":3,"name":"Aqua Memorabilis"}]},{"@type":"WebSite","@id":"https:\/\/crime-passionnel.com\/#website","url":"https:\/\/crime-passionnel.com\/","name":"Forbrydelse og lidenskab","description":"","publisher":{"@id":"https:\/\/crime-passionnel.com\/#organization"},"potentialAction":[{"@type":"SearchAction","target":{"@type":"EntryPoint","urlTemplate":"https:\/\/crime-passionnel.com\/?s={search_term_string}"},"query-input":{"@type":"PropertyValueSpecification","valueRequired":true,"valueName":"search_term_string"}}],"inLanguage":"da-DK"},{"@type":"Organization","@id":"https:\/\/crime-passionnel.com\/#organization","name":"Forbrydelse og lidenskab","url":"https:\/\/crime-passionnel.com\/","logo":{"@type":"ImageObject","inLanguage":"da-DK","@id":"https:\/\/crime-passionnel.com\/#\/schema\/logo\/image\/","url":"https:\/\/crime-passionnel.com\/wp-content\/uploads\/2021\/07\/logo.png","contentUrl":"https:\/\/crime-passionnel.com\/wp-content\/uploads\/2021\/07\/logo.png","width":128,"height":50,"caption":"Crime Passionnel"},"image":{"@id":"https:\/\/crime-passionnel.com\/#\/schema\/logo\/image\/"},"sameAs":["https:\/\/www.facebook.com\/crimepassionnel\/","https:\/\/www.instagram.com\/crime.passionnel\/"]}]}},"_links":{"self":[{"href":"https:\/\/crime-passionnel.com\/da\/wp-json\/wp\/v2\/product\/24839","targetHints":{"allow":["GET"]}}],"collection":[{"href":"https:\/\/crime-passionnel.com\/da\/wp-json\/wp\/v2\/product"}],"about":[{"href":"https:\/\/crime-passionnel.com\/da\/wp-json\/wp\/v2\/types\/product"}],"wp:featuredmedia":[{"embeddable":true,"href":"https:\/\/crime-passionnel.com\/da\/wp-json\/wp\/v2\/media\/24846"}],"wp:attachment":[{"href":"https:\/\/crime-passionnel.com\/da\/wp-json\/wp\/v2\/media?parent=24839"}],"wp:term":[{"taxonomy":"product_brand","embeddable":true,"href":"https:\/\/crime-passionnel.com\/da\/wp-json\/wp\/v2\/product_brand?post=24839"},{"taxonomy":"product_cat","embeddable":true,"href":"https:\/\/crime-passionnel.com\/da\/wp-json\/wp\/v2\/product_cat?post=24839"},{"taxonomy":"product_tag","embeddable":true,"href":"https:\/\/crime-passionnel.com\/da\/wp-json\/wp\/v2\/product_tag?post=24839"}],"curies":[{"name":"wp","href":"https:\/\/api.w.org\/{rel}","templated":true}]}}