{"id":23376,"date":"2024-04-14T23:14:16","date_gmt":"2024-04-14T23:14:16","guid":{"rendered":"https:\/\/crime-passionnel.com\/?post_type=product&#038;p=23376"},"modified":"2026-05-14T14:34:58","modified_gmt":"2026-05-14T14:34:58","slug":"un-bel-amour-dete","status":"publish","type":"product","link":"https:\/\/crime-passionnel.com\/da\/vare\/un-bel-amour-dete\/","title":{"rendered":"Un bel Amour D'ete"},"content":{"rendered":"<p>Evig k\u00e6rlighed. Evig sommer. Evigt duftende blomster. Silkebl\u00f8de blomsterhoveder afgiver deres hudagtige dufte. M\u00e6lket gardenia, lysende magnolia og eksotisk champaca genskaber den vanvittige intensitet fra en sommers passion ved stranden.<\/p>\n<p>Evig k\u00e6rlighed. F\u00f8lelsen af, at du har m\u00f8dt dit liv k\u00e6rlighed. Vild passion imod et bagt\u00e6ppe af bl\u00e5 b\u00f8lger. Hed, glinsende hud sammenflettet p\u00e5 det varme sand afgiver duften af hvide blomster og deres dyriske noter.<\/p>\n<p>Evig sommer. Hvordan fanger man essensen af disse uger, med deres solfyldte, idylliske intensitet, i en flaske? Hvordan overs\u00e6tter man den frydefulde nydelse fra en passioneret sommer p\u00e5 standen?  Med denne duft har Marc-Antoine Corticchiato skabt en duft, der er indbegrebet af en strand-duft. Fyldt med de mest overd\u00e5dige, naturlige ingredienser, som han blander s\u00e5 mesterligt i alle sine kreationer.<\/p>\n<p>Evigt duftende blomster. Silkebl\u00f8de blomsterhoveder, med deres hudagtiger noter, sammensmelter det blomstrende med det erotiske ved duften af solkyssede hud. Afrundet og m\u00e6lket gardenia er det bankende hjerte i parfumen. Forst\u00e6rket af essensen fra str\u00e5lende magnoliablomster med deres aprikosagtige nuancer og den gyldne tyngde fra ylang-ylang absolut.<\/p>\n<p>Forevigt solar. Champaca, den sj\u00e6ldne og eksotiske tropiske kusine til magnoliaen, giver sine balsamiske, jasminagtige, oliede storsl\u00e5ethed til denne vision om blomstrende hud. Blond vanilje fra Madagascar fremtryller gylden hud. Essensen af indisk sandeltr\u00e6 intensiverer de cremede facetter. Dyrebar ambrette, en vegetabilsk musk, spreder sit lys over det fine sand.<\/p>\n<p>K\u00f8delig og solar. En parfume, der blomstrer p\u00e5 huden og som genkalder erindringer fra en uforglemmelig smuk og sensuel sommerk\u00e6rlighed.<\/p>\n<p>&nbsp;<\/p>\n<p>INGREDIENSER<\/p>\n<p>Noter: Gardenia, Magnolie, Champaca, Jasmin, Ylang-ylang, Vanilje, Sandeltr\u00e6, Musk<\/p>","protected":false},"excerpt":{"rendered":"<p>En evig sommer<\/p>","protected":false},"featured_media":23379,"template":"","meta":{"_acf_changed":false},"product_brand":[],"product_cat":[418,15],"product_tag":[],"class_list":{"0":"post-23376","1":"product","2":"type-product","3":"status-publish","4":"has-post-thumbnail","6":"product_cat-new-arrivals","7":"product_cat-perfumes","8":"pa_brands-parfum-dempire","9":"pa_projection-moderate","10":"pa_sizes-2ml-sample","11":"pa_sizes-50ml","12":"pa_style-floral","14":"first","15":"instock","16":"taxable","17":"shipping-taxable","18":"purchasable","19":"product-type-variable","20":"add-to-wishlist-before_image"},"acf":[],"yoast_head":"<!-- This site is optimized with the Yoast SEO plugin v27.5 - https:\/\/yoast.com\/product\/yoast-seo-wordpress\/ -->\n<title>Un bel Amour D&#039;ete Eau de Parfum - Crime Passionnel Perfumes<\/title>\n<meta name=\"robots\" content=\"index, follow, max-snippet:-1, max-image-preview:large, max-video-preview:-1\" \/>\n<link rel=\"canonical\" href=\"https:\/\/crime-passionnel.com\/da\/vare\/un-bel-amour-dete\/\" \/>\n<meta property=\"og:locale\" content=\"da_DK\" \/>\n<meta property=\"og:type\" content=\"article\" \/>\n<meta property=\"og:title\" content=\"Un bel Amour D&#039;ete Eau de Parfum - Crime Passionnel Perfumes\" \/>\n<meta property=\"og:description\" content=\"Forever summer\" \/>\n<meta property=\"og:url\" content=\"https:\/\/crime-passionnel.com\/da\/vare\/un-bel-amour-dete\/\" \/>\n<meta property=\"og:site_name\" content=\"Crime Passionnel\" \/>\n<meta property=\"article:publisher\" content=\"https:\/\/www.facebook.com\/crimepassionnel\/\" \/>\n<meta property=\"article:modified_time\" content=\"2026-05-14T14:34:58+00:00\" \/>\n<meta property=\"og:image\" content=\"https:\/\/crime-passionnel.com\/wp-content\/uploads\/2024\/04\/Un-Bel-Amour-DEte-scaled.jpg\" \/>\n\t<meta property=\"og:image:width\" content=\"1945\" \/>\n\t<meta property=\"og:image:height\" content=\"2560\" \/>\n\t<meta property=\"og:image:type\" content=\"image\/jpeg\" \/>\n<meta name=\"twitter:card\" content=\"summary_large_image\" \/>\n<meta name=\"twitter:label1\" content=\"Estimeret l\u00e6setid\" \/>\n\t<meta name=\"twitter:data1\" content=\"2 minutter\" \/>\n<script type=\"application\/ld+json\" class=\"yoast-schema-graph\">{\"@context\":\"https:\\\/\\\/schema.org\",\"@graph\":[{\"@type\":\"WebPage\",\"@id\":\"https:\\\/\\\/crime-passionnel.com\\\/product\\\/un-bel-amour-dete\\\/\",\"url\":\"https:\\\/\\\/crime-passionnel.com\\\/product\\\/un-bel-amour-dete\\\/\",\"name\":\"Un bel Amour D'ete Eau de Parfum - Crime Passionnel Perfumes\",\"isPartOf\":{\"@id\":\"https:\\\/\\\/crime-passionnel.com\\\/#website\"},\"primaryImageOfPage\":{\"@id\":\"https:\\\/\\\/crime-passionnel.com\\\/product\\\/un-bel-amour-dete\\\/#primaryimage\"},\"image\":{\"@id\":\"https:\\\/\\\/crime-passionnel.com\\\/product\\\/un-bel-amour-dete\\\/#primaryimage\"},\"thumbnailUrl\":\"https:\\\/\\\/crime-passionnel.com\\\/wp-content\\\/uploads\\\/2024\\\/04\\\/Un-Bel-Amour-DEte-scaled.jpg\",\"datePublished\":\"2024-04-14T23:14:16+00:00\",\"dateModified\":\"2026-05-14T14:34:58+00:00\",\"breadcrumb\":{\"@id\":\"https:\\\/\\\/crime-passionnel.com\\\/product\\\/un-bel-amour-dete\\\/#breadcrumb\"},\"inLanguage\":\"da-DK\",\"potentialAction\":[{\"@type\":\"ReadAction\",\"target\":[\"https:\\\/\\\/crime-passionnel.com\\\/product\\\/un-bel-amour-dete\\\/\"]}]},{\"@type\":\"ImageObject\",\"inLanguage\":\"da-DK\",\"@id\":\"https:\\\/\\\/crime-passionnel.com\\\/product\\\/un-bel-amour-dete\\\/#primaryimage\",\"url\":\"https:\\\/\\\/crime-passionnel.com\\\/wp-content\\\/uploads\\\/2024\\\/04\\\/Un-Bel-Amour-DEte-scaled.jpg\",\"contentUrl\":\"https:\\\/\\\/crime-passionnel.com\\\/wp-content\\\/uploads\\\/2024\\\/04\\\/Un-Bel-Amour-DEte-scaled.jpg\",\"width\":1945,\"height\":2560,\"caption\":\"Un Bel Amour D'Ete\"},{\"@type\":\"BreadcrumbList\",\"@id\":\"https:\\\/\\\/crime-passionnel.com\\\/product\\\/un-bel-amour-dete\\\/#breadcrumb\",\"itemListElement\":[{\"@type\":\"ListItem\",\"position\":1,\"name\":\"Home\",\"item\":\"https:\\\/\\\/crime-passionnel.com\\\/\"},{\"@type\":\"ListItem\",\"position\":2,\"name\":\"Products\",\"item\":\"https:\\\/\\\/crime-passionnel.com\\\/products\\\/\"},{\"@type\":\"ListItem\",\"position\":3,\"name\":\"Un bel Amour D&#8217;ete\"}]},{\"@type\":\"WebSite\",\"@id\":\"https:\\\/\\\/crime-passionnel.com\\\/#website\",\"url\":\"https:\\\/\\\/crime-passionnel.com\\\/\",\"name\":\"Crime Passionnel\",\"description\":\"\",\"publisher\":{\"@id\":\"https:\\\/\\\/crime-passionnel.com\\\/#organization\"},\"potentialAction\":[{\"@type\":\"SearchAction\",\"target\":{\"@type\":\"EntryPoint\",\"urlTemplate\":\"https:\\\/\\\/crime-passionnel.com\\\/?s={search_term_string}\"},\"query-input\":{\"@type\":\"PropertyValueSpecification\",\"valueRequired\":true,\"valueName\":\"search_term_string\"}}],\"inLanguage\":\"da-DK\"},{\"@type\":\"Organization\",\"@id\":\"https:\\\/\\\/crime-passionnel.com\\\/#organization\",\"name\":\"Crime Passionnel\",\"url\":\"https:\\\/\\\/crime-passionnel.com\\\/\",\"logo\":{\"@type\":\"ImageObject\",\"inLanguage\":\"da-DK\",\"@id\":\"https:\\\/\\\/crime-passionnel.com\\\/#\\\/schema\\\/logo\\\/image\\\/\",\"url\":\"https:\\\/\\\/crime-passionnel.com\\\/wp-content\\\/uploads\\\/2021\\\/07\\\/logo.png\",\"contentUrl\":\"https:\\\/\\\/crime-passionnel.com\\\/wp-content\\\/uploads\\\/2021\\\/07\\\/logo.png\",\"width\":128,\"height\":50,\"caption\":\"Crime Passionnel\"},\"image\":{\"@id\":\"https:\\\/\\\/crime-passionnel.com\\\/#\\\/schema\\\/logo\\\/image\\\/\"},\"sameAs\":[\"https:\\\/\\\/www.facebook.com\\\/crimepassionnel\\\/\",\"https:\\\/\\\/www.instagram.com\\\/crime.passionnel\\\/\"]}]}<\/script>\n<!-- \/ Yoast SEO plugin. -->","yoast_head_json":{"title":"Un bel Amour D'ete Eau de Parfum - Crime Passionnel Perfumes","robots":{"index":"index","follow":"follow","max-snippet":"max-snippet:-1","max-image-preview":"max-image-preview:large","max-video-preview":"max-video-preview:-1"},"canonical":"https:\/\/crime-passionnel.com\/da\/vare\/un-bel-amour-dete\/","og_locale":"da_DK","og_type":"article","og_title":"Un bel Amour D'ete Eau de Parfum - Crime Passionnel Perfumes","og_description":"Forever summer","og_url":"https:\/\/crime-passionnel.com\/da\/vare\/un-bel-amour-dete\/","og_site_name":"Crime Passionnel","article_publisher":"https:\/\/www.facebook.com\/crimepassionnel\/","article_modified_time":"2026-05-14T14:34:58+00:00","og_image":[{"width":1945,"height":2560,"url":"https:\/\/crime-passionnel.com\/wp-content\/uploads\/2024\/04\/Un-Bel-Amour-DEte-scaled.jpg","type":"image\/jpeg"}],"twitter_card":"summary_large_image","twitter_misc":{"Estimeret l\u00e6setid":"2 minutter"},"schema":{"@context":"https:\/\/schema.org","@graph":[{"@type":"WebPage","@id":"https:\/\/crime-passionnel.com\/product\/un-bel-amour-dete\/","url":"https:\/\/crime-passionnel.com\/product\/un-bel-amour-dete\/","name":"Un bel Amour D'ete Eau de Parfum - Crime Passionnel Perfumes","isPartOf":{"@id":"https:\/\/crime-passionnel.com\/#website"},"primaryImageOfPage":{"@id":"https:\/\/crime-passionnel.com\/product\/un-bel-amour-dete\/#primaryimage"},"image":{"@id":"https:\/\/crime-passionnel.com\/product\/un-bel-amour-dete\/#primaryimage"},"thumbnailUrl":"https:\/\/crime-passionnel.com\/wp-content\/uploads\/2024\/04\/Un-Bel-Amour-DEte-scaled.jpg","datePublished":"2024-04-14T23:14:16+00:00","dateModified":"2026-05-14T14:34:58+00:00","breadcrumb":{"@id":"https:\/\/crime-passionnel.com\/product\/un-bel-amour-dete\/#breadcrumb"},"inLanguage":"da-DK","potentialAction":[{"@type":"ReadAction","target":["https:\/\/crime-passionnel.com\/product\/un-bel-amour-dete\/"]}]},{"@type":"ImageObject","inLanguage":"da-DK","@id":"https:\/\/crime-passionnel.com\/product\/un-bel-amour-dete\/#primaryimage","url":"https:\/\/crime-passionnel.com\/wp-content\/uploads\/2024\/04\/Un-Bel-Amour-DEte-scaled.jpg","contentUrl":"https:\/\/crime-passionnel.com\/wp-content\/uploads\/2024\/04\/Un-Bel-Amour-DEte-scaled.jpg","width":1945,"height":2560,"caption":"Un Bel Amour D'Ete"},{"@type":"BreadcrumbList","@id":"https:\/\/crime-passionnel.com\/product\/un-bel-amour-dete\/#breadcrumb","itemListElement":[{"@type":"ListItem","position":1,"name":"Home","item":"https:\/\/crime-passionnel.com\/"},{"@type":"ListItem","position":2,"name":"Products","item":"https:\/\/crime-passionnel.com\/products\/"},{"@type":"ListItem","position":3,"name":"Un bel Amour D&#8217;ete"}]},{"@type":"WebSite","@id":"https:\/\/crime-passionnel.com\/#website","url":"https:\/\/crime-passionnel.com\/","name":"Forbrydelse og lidenskab","description":"","publisher":{"@id":"https:\/\/crime-passionnel.com\/#organization"},"potentialAction":[{"@type":"SearchAction","target":{"@type":"EntryPoint","urlTemplate":"https:\/\/crime-passionnel.com\/?s={search_term_string}"},"query-input":{"@type":"PropertyValueSpecification","valueRequired":true,"valueName":"search_term_string"}}],"inLanguage":"da-DK"},{"@type":"Organization","@id":"https:\/\/crime-passionnel.com\/#organization","name":"Forbrydelse og lidenskab","url":"https:\/\/crime-passionnel.com\/","logo":{"@type":"ImageObject","inLanguage":"da-DK","@id":"https:\/\/crime-passionnel.com\/#\/schema\/logo\/image\/","url":"https:\/\/crime-passionnel.com\/wp-content\/uploads\/2021\/07\/logo.png","contentUrl":"https:\/\/crime-passionnel.com\/wp-content\/uploads\/2021\/07\/logo.png","width":128,"height":50,"caption":"Crime Passionnel"},"image":{"@id":"https:\/\/crime-passionnel.com\/#\/schema\/logo\/image\/"},"sameAs":["https:\/\/www.facebook.com\/crimepassionnel\/","https:\/\/www.instagram.com\/crime.passionnel\/"]}]}},"_links":{"self":[{"href":"https:\/\/crime-passionnel.com\/da\/wp-json\/wp\/v2\/product\/23376","targetHints":{"allow":["GET"]}}],"collection":[{"href":"https:\/\/crime-passionnel.com\/da\/wp-json\/wp\/v2\/product"}],"about":[{"href":"https:\/\/crime-passionnel.com\/da\/wp-json\/wp\/v2\/types\/product"}],"wp:featuredmedia":[{"embeddable":true,"href":"https:\/\/crime-passionnel.com\/da\/wp-json\/wp\/v2\/media\/23379"}],"wp:attachment":[{"href":"https:\/\/crime-passionnel.com\/da\/wp-json\/wp\/v2\/media?parent=23376"}],"wp:term":[{"taxonomy":"product_brand","embeddable":true,"href":"https:\/\/crime-passionnel.com\/da\/wp-json\/wp\/v2\/product_brand?post=23376"},{"taxonomy":"product_cat","embeddable":true,"href":"https:\/\/crime-passionnel.com\/da\/wp-json\/wp\/v2\/product_cat?post=23376"},{"taxonomy":"product_tag","embeddable":true,"href":"https:\/\/crime-passionnel.com\/da\/wp-json\/wp\/v2\/product_tag?post=23376"}],"curies":[{"name":"wp","href":"https:\/\/api.w.org\/{rel}","templated":true}]}}