{"id":20563,"date":"2023-11-15T15:31:15","date_gmt":"2023-11-15T15:31:15","guid":{"rendered":"https:\/\/crime-passionnel.com\/?post_type=product&#038;p=20563"},"modified":"2026-04-01T19:30:30","modified_gmt":"2026-04-01T19:30:30","slug":"ne-il-giorno-ne-lora","status":"publish","type":"product","link":"https:\/\/crime-passionnel.com\/da\/vare\/ne-il-giorno-ne-lora\/","title":{"rendered":"Ne Il Giorno Ne L'ora"},"content":{"rendered":"<p>\"Jeg h\u00e5ber, at du bliver en bes\u00e6ttelse,<\/p>\n<p>fordi du hj\u00e6lper livet.<\/p>\n<p>Du blokerer for den falske virkelighed,<\/p>\n<p>og optr\u00e6der i skyggerne,<\/p>\n<p>slette gr\u00e6nser\".<\/p>\n<p>Den tolvte duft i den monolitiske UNUM-kollektion er designet til at konfrontere den mest ophidsede af alle f\u00f8lelser: frygt.<span class=\"Apple-converted-space\">\u00a0<\/span><\/p>\n<p>Parfumen formidler ideen om \u00f8del\u00e6ggelse, valget om at v\u00e6re tavs og den introspektion, der er n\u00f8dvendig for at dykke ned i dybet af hudens fjerneste eksistens. <span class=\"Apple-converted-space\">\u00a0<\/span><\/p>\n<p>Men at fors\u00f8ge at kontrollere den v\u00e6kker tiltr\u00e6kning og endda f\u00f8lelser af gl\u00e6de over den eftertragtede, \u00f8nskede frygt.<span class=\"Apple-converted-space\">\u00a0<\/span><\/p>\n<p>Mennesket er fanget i en forf\u00e6rdelig sk\u00e6bne, og vores samfund fors\u00f8ger med p\u00f8belens voldsomme opbakning at bed\u00f8ve sig selv og ben\u00e6gte sandheden, eller rettere at v\u00e6re til for d\u00f8den.<\/p>\n<p>Kun p\u00e5 den m\u00e5de bliver mennesket jeg i sin m\u00f8rkeste, uudtalte skygge og viser sin sande natur, der best\u00e5r af mods\u00e6tninger og beg\u00e6r. Konfronteret med frygt udl\u00f8ses tilsyneladende kaotiske urbehov, der best\u00e5r af slumrende, skjult og farlig erotik, hvilket g\u00f8r det umulige muligt.<\/p>\n<p>&nbsp;<\/p>\n<p>INGREDIENSER<\/p>\n<p>Topnoter: Sandeltr\u00e6, tonkab\u00f8nne, rav, musk.<\/p>\n<p>Hjertenoter: Marine note, jasmin, rose, iris<\/p>\n<p>Basisnoter: Citron, kardemomme, galbanum, cedertr\u00e6, liljekonval<\/p>","protected":false},"excerpt":{"rendered":"<p>At konfrontere f\u00f8lelser af frygt<\/p>","protected":false},"featured_media":20566,"template":"","meta":{"_acf_changed":false},"product_brand":[],"product_cat":[418,15],"product_tag":[],"class_list":{"0":"post-20563","1":"product","2":"type-product","3":"status-publish","4":"has-post-thumbnail","6":"product_cat-new-arrivals","7":"product_cat-perfumes","8":"pa_brands-unum","9":"pa_projection-moderate","10":"pa_sizes-2ml-sample","11":"pa_sizes-100ml","12":"pa_style-woody","14":"first","15":"instock","16":"taxable","17":"shipping-taxable","18":"purchasable","19":"product-type-variable","20":"add-to-wishlist-before_image"},"acf":[],"yoast_head":"<!-- This site is optimized with the Yoast SEO plugin v27.1.1 - https:\/\/yoast.com\/product\/yoast-seo-wordpress\/ -->\n<title>Ne Il Giorno Ne L\u2019ora Extrait de Parfum - Crime Passionnel Perfumes<\/title>\n<meta name=\"robots\" content=\"index, follow, max-snippet:-1, max-image-preview:large, max-video-preview:-1\" \/>\n<link rel=\"canonical\" href=\"https:\/\/crime-passionnel.com\/da\/vare\/ne-il-giorno-ne-lora\/\" \/>\n<meta property=\"og:locale\" content=\"da_DK\" \/>\n<meta property=\"og:type\" content=\"article\" \/>\n<meta property=\"og:title\" content=\"Ne Il Giorno Ne L\u2019ora Extrait de Parfum - Crime Passionnel Perfumes\" \/>\n<meta property=\"og:description\" content=\"Confronting emotion of fear\" \/>\n<meta property=\"og:url\" content=\"https:\/\/crime-passionnel.com\/da\/vare\/ne-il-giorno-ne-lora\/\" \/>\n<meta property=\"og:site_name\" content=\"Crime Passionnel\" \/>\n<meta property=\"article:publisher\" content=\"https:\/\/www.facebook.com\/crimepassionnel\/\" \/>\n<meta property=\"article:modified_time\" content=\"2026-04-01T19:30:30+00:00\" \/>\n<meta property=\"og:image\" content=\"https:\/\/crime-passionnel.com\/wp-content\/uploads\/2023\/11\/UNUM_bianco_img_0089-scaled.jpg\" \/>\n\t<meta property=\"og:image:width\" content=\"1945\" \/>\n\t<meta property=\"og:image:height\" content=\"2560\" \/>\n\t<meta property=\"og:image:type\" content=\"image\/jpeg\" \/>\n<meta name=\"twitter:card\" content=\"summary_large_image\" \/>\n<meta name=\"twitter:label1\" content=\"Estimeret l\u00e6setid\" \/>\n\t<meta name=\"twitter:data1\" content=\"1 minut\" \/>\n<script type=\"application\/ld+json\" class=\"yoast-schema-graph\">{\"@context\":\"https:\/\/schema.org\",\"@graph\":[{\"@type\":\"WebPage\",\"@id\":\"https:\/\/crime-passionnel.com\/product\/ne-il-giorno-ne-lora\/\",\"url\":\"https:\/\/crime-passionnel.com\/product\/ne-il-giorno-ne-lora\/\",\"name\":\"Ne Il Giorno Ne L\u2019ora Extrait de Parfum - Crime Passionnel Perfumes\",\"isPartOf\":{\"@id\":\"https:\/\/crime-passionnel.com\/#website\"},\"primaryImageOfPage\":{\"@id\":\"https:\/\/crime-passionnel.com\/product\/ne-il-giorno-ne-lora\/#primaryimage\"},\"image\":{\"@id\":\"https:\/\/crime-passionnel.com\/product\/ne-il-giorno-ne-lora\/#primaryimage\"},\"thumbnailUrl\":\"https:\/\/crime-passionnel.com\/wp-content\/uploads\/2023\/11\/UNUM_bianco_img_0089-scaled.jpg\",\"datePublished\":\"2023-11-15T15:31:15+00:00\",\"dateModified\":\"2026-04-01T19:30:30+00:00\",\"breadcrumb\":{\"@id\":\"https:\/\/crime-passionnel.com\/product\/ne-il-giorno-ne-lora\/#breadcrumb\"},\"inLanguage\":\"da-DK\",\"potentialAction\":[{\"@type\":\"ReadAction\",\"target\":[\"https:\/\/crime-passionnel.com\/product\/ne-il-giorno-ne-lora\/\"]}]},{\"@type\":\"ImageObject\",\"inLanguage\":\"da-DK\",\"@id\":\"https:\/\/crime-passionnel.com\/product\/ne-il-giorno-ne-lora\/#primaryimage\",\"url\":\"https:\/\/crime-passionnel.com\/wp-content\/uploads\/2023\/11\/UNUM_bianco_img_0089-scaled.jpg\",\"contentUrl\":\"https:\/\/crime-passionnel.com\/wp-content\/uploads\/2023\/11\/UNUM_bianco_img_0089-scaled.jpg\",\"width\":1945,\"height\":2560,\"caption\":\"Unum - Ne Il Giorno Ne L\u2019ora\"},{\"@type\":\"BreadcrumbList\",\"@id\":\"https:\/\/crime-passionnel.com\/product\/ne-il-giorno-ne-lora\/#breadcrumb\",\"itemListElement\":[{\"@type\":\"ListItem\",\"position\":1,\"name\":\"Home\",\"item\":\"https:\/\/crime-passionnel.com\/\"},{\"@type\":\"ListItem\",\"position\":2,\"name\":\"Products\",\"item\":\"https:\/\/crime-passionnel.com\/products\/\"},{\"@type\":\"ListItem\",\"position\":3,\"name\":\"Ne Il Giorno Ne L\u2019ora\"}]},{\"@type\":\"WebSite\",\"@id\":\"https:\/\/crime-passionnel.com\/#website\",\"url\":\"https:\/\/crime-passionnel.com\/\",\"name\":\"Crime Passionnel\",\"description\":\"\",\"publisher\":{\"@id\":\"https:\/\/crime-passionnel.com\/#organization\"},\"potentialAction\":[{\"@type\":\"SearchAction\",\"target\":{\"@type\":\"EntryPoint\",\"urlTemplate\":\"https:\/\/crime-passionnel.com\/?s={search_term_string}\"},\"query-input\":{\"@type\":\"PropertyValueSpecification\",\"valueRequired\":true,\"valueName\":\"search_term_string\"}}],\"inLanguage\":\"da-DK\"},{\"@type\":\"Organization\",\"@id\":\"https:\/\/crime-passionnel.com\/#organization\",\"name\":\"Crime Passionnel\",\"url\":\"https:\/\/crime-passionnel.com\/\",\"logo\":{\"@type\":\"ImageObject\",\"inLanguage\":\"da-DK\",\"@id\":\"https:\/\/crime-passionnel.com\/#\/schema\/logo\/image\/\",\"url\":\"https:\/\/crime-passionnel.com\/wp-content\/uploads\/2021\/07\/logo.png\",\"contentUrl\":\"https:\/\/crime-passionnel.com\/wp-content\/uploads\/2021\/07\/logo.png\",\"width\":128,\"height\":50,\"caption\":\"Crime Passionnel\"},\"image\":{\"@id\":\"https:\/\/crime-passionnel.com\/#\/schema\/logo\/image\/\"},\"sameAs\":[\"https:\/\/www.facebook.com\/crimepassionnel\/\",\"https:\/\/www.instagram.com\/crime.passionnel\/\"]}]}<\/script>\n<!-- \/ Yoast SEO plugin. -->","yoast_head_json":{"title":"Ne Il Giorno Ne L\u2019ora Extrait de Parfum - Crime Passionnel Perfumes","robots":{"index":"index","follow":"follow","max-snippet":"max-snippet:-1","max-image-preview":"max-image-preview:large","max-video-preview":"max-video-preview:-1"},"canonical":"https:\/\/crime-passionnel.com\/da\/vare\/ne-il-giorno-ne-lora\/","og_locale":"da_DK","og_type":"article","og_title":"Ne Il Giorno Ne L\u2019ora Extrait de Parfum - Crime Passionnel Perfumes","og_description":"Confronting emotion of fear","og_url":"https:\/\/crime-passionnel.com\/da\/vare\/ne-il-giorno-ne-lora\/","og_site_name":"Crime Passionnel","article_publisher":"https:\/\/www.facebook.com\/crimepassionnel\/","article_modified_time":"2026-04-01T19:30:30+00:00","og_image":[{"width":1945,"height":2560,"url":"https:\/\/crime-passionnel.com\/wp-content\/uploads\/2023\/11\/UNUM_bianco_img_0089-scaled.jpg","type":"image\/jpeg"}],"twitter_card":"summary_large_image","twitter_misc":{"Estimeret l\u00e6setid":"1 minut"},"schema":{"@context":"https:\/\/schema.org","@graph":[{"@type":"WebPage","@id":"https:\/\/crime-passionnel.com\/product\/ne-il-giorno-ne-lora\/","url":"https:\/\/crime-passionnel.com\/product\/ne-il-giorno-ne-lora\/","name":"Ne Il Giorno Ne L\u2019ora Extrait de Parfum - Crime Passionnel Perfumes","isPartOf":{"@id":"https:\/\/crime-passionnel.com\/#website"},"primaryImageOfPage":{"@id":"https:\/\/crime-passionnel.com\/product\/ne-il-giorno-ne-lora\/#primaryimage"},"image":{"@id":"https:\/\/crime-passionnel.com\/product\/ne-il-giorno-ne-lora\/#primaryimage"},"thumbnailUrl":"https:\/\/crime-passionnel.com\/wp-content\/uploads\/2023\/11\/UNUM_bianco_img_0089-scaled.jpg","datePublished":"2023-11-15T15:31:15+00:00","dateModified":"2026-04-01T19:30:30+00:00","breadcrumb":{"@id":"https:\/\/crime-passionnel.com\/product\/ne-il-giorno-ne-lora\/#breadcrumb"},"inLanguage":"da-DK","potentialAction":[{"@type":"ReadAction","target":["https:\/\/crime-passionnel.com\/product\/ne-il-giorno-ne-lora\/"]}]},{"@type":"ImageObject","inLanguage":"da-DK","@id":"https:\/\/crime-passionnel.com\/product\/ne-il-giorno-ne-lora\/#primaryimage","url":"https:\/\/crime-passionnel.com\/wp-content\/uploads\/2023\/11\/UNUM_bianco_img_0089-scaled.jpg","contentUrl":"https:\/\/crime-passionnel.com\/wp-content\/uploads\/2023\/11\/UNUM_bianco_img_0089-scaled.jpg","width":1945,"height":2560,"caption":"Unum - Ne Il Giorno Ne L\u2019ora"},{"@type":"BreadcrumbList","@id":"https:\/\/crime-passionnel.com\/product\/ne-il-giorno-ne-lora\/#breadcrumb","itemListElement":[{"@type":"ListItem","position":1,"name":"Home","item":"https:\/\/crime-passionnel.com\/"},{"@type":"ListItem","position":2,"name":"Products","item":"https:\/\/crime-passionnel.com\/products\/"},{"@type":"ListItem","position":3,"name":"Ne Il Giorno Ne L\u2019ora"}]},{"@type":"WebSite","@id":"https:\/\/crime-passionnel.com\/#website","url":"https:\/\/crime-passionnel.com\/","name":"Forbrydelse og lidenskab","description":"","publisher":{"@id":"https:\/\/crime-passionnel.com\/#organization"},"potentialAction":[{"@type":"SearchAction","target":{"@type":"EntryPoint","urlTemplate":"https:\/\/crime-passionnel.com\/?s={search_term_string}"},"query-input":{"@type":"PropertyValueSpecification","valueRequired":true,"valueName":"search_term_string"}}],"inLanguage":"da-DK"},{"@type":"Organization","@id":"https:\/\/crime-passionnel.com\/#organization","name":"Forbrydelse og lidenskab","url":"https:\/\/crime-passionnel.com\/","logo":{"@type":"ImageObject","inLanguage":"da-DK","@id":"https:\/\/crime-passionnel.com\/#\/schema\/logo\/image\/","url":"https:\/\/crime-passionnel.com\/wp-content\/uploads\/2021\/07\/logo.png","contentUrl":"https:\/\/crime-passionnel.com\/wp-content\/uploads\/2021\/07\/logo.png","width":128,"height":50,"caption":"Crime Passionnel"},"image":{"@id":"https:\/\/crime-passionnel.com\/#\/schema\/logo\/image\/"},"sameAs":["https:\/\/www.facebook.com\/crimepassionnel\/","https:\/\/www.instagram.com\/crime.passionnel\/"]}]}},"_links":{"self":[{"href":"https:\/\/crime-passionnel.com\/da\/wp-json\/wp\/v2\/product\/20563","targetHints":{"allow":["GET"]}}],"collection":[{"href":"https:\/\/crime-passionnel.com\/da\/wp-json\/wp\/v2\/product"}],"about":[{"href":"https:\/\/crime-passionnel.com\/da\/wp-json\/wp\/v2\/types\/product"}],"wp:featuredmedia":[{"embeddable":true,"href":"https:\/\/crime-passionnel.com\/da\/wp-json\/wp\/v2\/media\/20566"}],"wp:attachment":[{"href":"https:\/\/crime-passionnel.com\/da\/wp-json\/wp\/v2\/media?parent=20563"}],"wp:term":[{"taxonomy":"product_brand","embeddable":true,"href":"https:\/\/crime-passionnel.com\/da\/wp-json\/wp\/v2\/product_brand?post=20563"},{"taxonomy":"product_cat","embeddable":true,"href":"https:\/\/crime-passionnel.com\/da\/wp-json\/wp\/v2\/product_cat?post=20563"},{"taxonomy":"product_tag","embeddable":true,"href":"https:\/\/crime-passionnel.com\/da\/wp-json\/wp\/v2\/product_tag?post=20563"}],"curies":[{"name":"wp","href":"https:\/\/api.w.org\/{rel}","templated":true}]}}