{"id":18675,"date":"2023-05-28T17:52:00","date_gmt":"2023-05-28T17:52:00","guid":{"rendered":"https:\/\/crime-passionnel.com\/?post_type=product&#038;p=18675"},"modified":"2024-10-20T17:06:24","modified_gmt":"2024-10-20T17:06:24","slug":"fallintostars-potion-pendant","status":"publish","type":"product","link":"https:\/\/crime-passionnel.com\/da\/vare\/fallintostars-potion-pendant\/","title":{"rendered":"fallintostars potion-vedh\u00e6ng"},"content":{"rendered":"<p>N\u00e5r du b\u00e6rer vores potion-vedh\u00e6ng, aktiveres den sande magi i vores rene parfumeolier. Oplev alkymien i strangeloves dufte ved at holde din potion varm mod din hud for at maksimere dens kraft. Kombineret med din unikke kropskemi giver potion-vedh\u00e6nget b\u00e6reren mulighed for at skabe unikke, m\u00e6rkelige og fortryllende \u00f8jeblikke.<\/p>\n<p>K\u00e6rlighed uden gr\u00e6nser ... fallintostars.<\/p>\n<p>fallintostars skaber en mystisk oplevelse af gr\u00e6nsel\u00f8s forundring, n\u00e5r elskende overskrider tid og rum for at rejse ind i et parallelt univers. Denne bl\u00e6ndende duft ant\u00e6nder den ulmende flamme i deres lidenskab, gl\u00f8dende som en meteorregn, der lyser natten op.<\/p>\n<p>Honningagtige noter af jonquille-nektar giver en delikat gnist til det omsluttende drama af ren indisk oud, den dybe sensualitet af rosentr\u00e6, den kraftfulde varme af rav og den rosenfarvede s\u00f8dme af pink peberkorn.<\/p>\n<p>P\u00e5f\u00f8r p\u00e5 pulspunkterne for at sv\u00e6ve ind i den n\u00e6ste dimension.<\/p>\n<p>Specialdesignet 24 karat guldbelagt potion vedh\u00e6ng holdes p\u00e5 en tynd 24 tommer k\u00e6de og indeholder 1,25 ml ren deadofnight parfumeolie.<\/p>\n<p>&nbsp;<\/p>\n<p>NGREDIENSER<\/p>\n<p>Topnoter: Pink peberkorn, safran, ingef\u00e6r, bergamot, oud<\/p>\n<p>Hjertenoter: Fransk narcissus, hennah-blomst, rose, rosentr\u00e6<\/p>\n<p>Basisnoter: Peru-balsam, Siam-benzoe, rav, oud, labdanum<\/p>","protected":false},"excerpt":{"rendered":"<p>Potion-vedh\u00e6ng aktiverer den sande magi i rene parfumeolier<\/p>","protected":false},"featured_media":18676,"template":"","meta":{"_acf_changed":false},"product_brand":[],"product_cat":[767,461,15],"product_tag":[],"class_list":{"0":"post-18675","1":"product","2":"type-product","3":"status-publish","4":"has-post-thumbnail","6":"product_cat-accessories","7":"product_cat-gift-ideas","8":"product_cat-perfumes","9":"pa_brands-strangelove","10":"pa_projection-intimate-closer-to-skin","11":"pa_sizes-1-25ml","12":"pa_style-oriental","14":"first","15":"instock","16":"taxable","17":"shipping-taxable","18":"purchasable","19":"product-type-simple","20":"add-to-wishlist-before_image"},"acf":[],"yoast_head":"<!-- This site is optimized with the Yoast SEO plugin v27.1.1 - https:\/\/yoast.com\/product\/yoast-seo-wordpress\/ -->\n<title>fallintostars potion pendant Perfume Oil - Crime Passionnel Perfumes<\/title>\n<meta name=\"robots\" content=\"index, follow, max-snippet:-1, max-image-preview:large, max-video-preview:-1\" \/>\n<link rel=\"canonical\" href=\"https:\/\/crime-passionnel.com\/da\/vare\/fallintostars-potion-pendant\/\" \/>\n<meta property=\"og:locale\" content=\"da_DK\" \/>\n<meta property=\"og:type\" content=\"article\" \/>\n<meta property=\"og:title\" content=\"fallintostars potion pendant Perfume Oil - Crime Passionnel Perfumes\" \/>\n<meta property=\"og:description\" content=\"Potion pendant activates the true magic of pure perfume oils\" \/>\n<meta property=\"og:url\" content=\"https:\/\/crime-passionnel.com\/da\/vare\/fallintostars-potion-pendant\/\" \/>\n<meta property=\"og:site_name\" content=\"Crime Passionnel\" \/>\n<meta property=\"article:publisher\" content=\"https:\/\/www.facebook.com\/crimepassionnel\/\" \/>\n<meta property=\"article:modified_time\" content=\"2024-10-20T17:06:24+00:00\" \/>\n<meta property=\"og:image\" content=\"https:\/\/crime-passionnel.com\/wp-content\/uploads\/2023\/05\/fallintostars-Necklace-24in.jpg\" \/>\n\t<meta property=\"og:image:width\" content=\"960\" \/>\n\t<meta property=\"og:image:height\" content=\"1222\" \/>\n\t<meta property=\"og:image:type\" content=\"image\/jpeg\" \/>\n<meta name=\"twitter:card\" content=\"summary_large_image\" \/>\n<meta name=\"twitter:label1\" content=\"Estimeret l\u00e6setid\" \/>\n\t<meta name=\"twitter:data1\" content=\"2 minutter\" \/>\n<script type=\"application\/ld+json\" class=\"yoast-schema-graph\">{\"@context\":\"https:\/\/schema.org\",\"@graph\":[{\"@type\":\"WebPage\",\"@id\":\"https:\/\/crime-passionnel.com\/product\/fallintostars-potion-pendant\/\",\"url\":\"https:\/\/crime-passionnel.com\/product\/fallintostars-potion-pendant\/\",\"name\":\"fallintostars potion pendant Perfume Oil - Crime Passionnel Perfumes\",\"isPartOf\":{\"@id\":\"https:\/\/crime-passionnel.com\/#website\"},\"primaryImageOfPage\":{\"@id\":\"https:\/\/crime-passionnel.com\/product\/fallintostars-potion-pendant\/#primaryimage\"},\"image\":{\"@id\":\"https:\/\/crime-passionnel.com\/product\/fallintostars-potion-pendant\/#primaryimage\"},\"thumbnailUrl\":\"https:\/\/crime-passionnel.com\/wp-content\/uploads\/2023\/05\/fallintostars-Necklace-24in.jpg\",\"datePublished\":\"2023-05-28T17:52:00+00:00\",\"dateModified\":\"2024-10-20T17:06:24+00:00\",\"breadcrumb\":{\"@id\":\"https:\/\/crime-passionnel.com\/product\/fallintostars-potion-pendant\/#breadcrumb\"},\"inLanguage\":\"da-DK\",\"potentialAction\":[{\"@type\":\"ReadAction\",\"target\":[\"https:\/\/crime-passionnel.com\/product\/fallintostars-potion-pendant\/\"]}]},{\"@type\":\"ImageObject\",\"inLanguage\":\"da-DK\",\"@id\":\"https:\/\/crime-passionnel.com\/product\/fallintostars-potion-pendant\/#primaryimage\",\"url\":\"https:\/\/crime-passionnel.com\/wp-content\/uploads\/2023\/05\/fallintostars-Necklace-24in.jpg\",\"contentUrl\":\"https:\/\/crime-passionnel.com\/wp-content\/uploads\/2023\/05\/fallintostars-Necklace-24in.jpg\",\"width\":960,\"height\":1222,\"caption\":\"fallintostars Necklace 24in\"},{\"@type\":\"BreadcrumbList\",\"@id\":\"https:\/\/crime-passionnel.com\/product\/fallintostars-potion-pendant\/#breadcrumb\",\"itemListElement\":[{\"@type\":\"ListItem\",\"position\":1,\"name\":\"Home\",\"item\":\"https:\/\/crime-passionnel.com\/\"},{\"@type\":\"ListItem\",\"position\":2,\"name\":\"Products\",\"item\":\"https:\/\/crime-passionnel.com\/products\/\"},{\"@type\":\"ListItem\",\"position\":3,\"name\":\"fallintostars potion pendant\"}]},{\"@type\":\"WebSite\",\"@id\":\"https:\/\/crime-passionnel.com\/#website\",\"url\":\"https:\/\/crime-passionnel.com\/\",\"name\":\"Crime Passionnel\",\"description\":\"\",\"publisher\":{\"@id\":\"https:\/\/crime-passionnel.com\/#organization\"},\"potentialAction\":[{\"@type\":\"SearchAction\",\"target\":{\"@type\":\"EntryPoint\",\"urlTemplate\":\"https:\/\/crime-passionnel.com\/?s={search_term_string}\"},\"query-input\":{\"@type\":\"PropertyValueSpecification\",\"valueRequired\":true,\"valueName\":\"search_term_string\"}}],\"inLanguage\":\"da-DK\"},{\"@type\":\"Organization\",\"@id\":\"https:\/\/crime-passionnel.com\/#organization\",\"name\":\"Crime Passionnel\",\"url\":\"https:\/\/crime-passionnel.com\/\",\"logo\":{\"@type\":\"ImageObject\",\"inLanguage\":\"da-DK\",\"@id\":\"https:\/\/crime-passionnel.com\/#\/schema\/logo\/image\/\",\"url\":\"https:\/\/crime-passionnel.com\/wp-content\/uploads\/2021\/07\/logo.png\",\"contentUrl\":\"https:\/\/crime-passionnel.com\/wp-content\/uploads\/2021\/07\/logo.png\",\"width\":128,\"height\":50,\"caption\":\"Crime Passionnel\"},\"image\":{\"@id\":\"https:\/\/crime-passionnel.com\/#\/schema\/logo\/image\/\"},\"sameAs\":[\"https:\/\/www.facebook.com\/crimepassionnel\/\",\"https:\/\/www.instagram.com\/crime.passionnel\/\"]}]}<\/script>\n<!-- \/ Yoast SEO plugin. -->","yoast_head_json":{"title":"fallintostars potion pendant Perfume Oil - Crime Passionnel Perfumes","robots":{"index":"index","follow":"follow","max-snippet":"max-snippet:-1","max-image-preview":"max-image-preview:large","max-video-preview":"max-video-preview:-1"},"canonical":"https:\/\/crime-passionnel.com\/da\/vare\/fallintostars-potion-pendant\/","og_locale":"da_DK","og_type":"article","og_title":"fallintostars potion pendant Perfume Oil - Crime Passionnel Perfumes","og_description":"Potion pendant activates the true magic of pure perfume oils","og_url":"https:\/\/crime-passionnel.com\/da\/vare\/fallintostars-potion-pendant\/","og_site_name":"Crime Passionnel","article_publisher":"https:\/\/www.facebook.com\/crimepassionnel\/","article_modified_time":"2024-10-20T17:06:24+00:00","og_image":[{"width":960,"height":1222,"url":"https:\/\/crime-passionnel.com\/wp-content\/uploads\/2023\/05\/fallintostars-Necklace-24in.jpg","type":"image\/jpeg"}],"twitter_card":"summary_large_image","twitter_misc":{"Estimeret l\u00e6setid":"2 minutter"},"schema":{"@context":"https:\/\/schema.org","@graph":[{"@type":"WebPage","@id":"https:\/\/crime-passionnel.com\/product\/fallintostars-potion-pendant\/","url":"https:\/\/crime-passionnel.com\/product\/fallintostars-potion-pendant\/","name":"fallintostars potion pendant Perfume Oil - Crime Passionnel Perfumes","isPartOf":{"@id":"https:\/\/crime-passionnel.com\/#website"},"primaryImageOfPage":{"@id":"https:\/\/crime-passionnel.com\/product\/fallintostars-potion-pendant\/#primaryimage"},"image":{"@id":"https:\/\/crime-passionnel.com\/product\/fallintostars-potion-pendant\/#primaryimage"},"thumbnailUrl":"https:\/\/crime-passionnel.com\/wp-content\/uploads\/2023\/05\/fallintostars-Necklace-24in.jpg","datePublished":"2023-05-28T17:52:00+00:00","dateModified":"2024-10-20T17:06:24+00:00","breadcrumb":{"@id":"https:\/\/crime-passionnel.com\/product\/fallintostars-potion-pendant\/#breadcrumb"},"inLanguage":"da-DK","potentialAction":[{"@type":"ReadAction","target":["https:\/\/crime-passionnel.com\/product\/fallintostars-potion-pendant\/"]}]},{"@type":"ImageObject","inLanguage":"da-DK","@id":"https:\/\/crime-passionnel.com\/product\/fallintostars-potion-pendant\/#primaryimage","url":"https:\/\/crime-passionnel.com\/wp-content\/uploads\/2023\/05\/fallintostars-Necklace-24in.jpg","contentUrl":"https:\/\/crime-passionnel.com\/wp-content\/uploads\/2023\/05\/fallintostars-Necklace-24in.jpg","width":960,"height":1222,"caption":"fallintostars Necklace 24in"},{"@type":"BreadcrumbList","@id":"https:\/\/crime-passionnel.com\/product\/fallintostars-potion-pendant\/#breadcrumb","itemListElement":[{"@type":"ListItem","position":1,"name":"Home","item":"https:\/\/crime-passionnel.com\/"},{"@type":"ListItem","position":2,"name":"Products","item":"https:\/\/crime-passionnel.com\/products\/"},{"@type":"ListItem","position":3,"name":"fallintostars potion pendant"}]},{"@type":"WebSite","@id":"https:\/\/crime-passionnel.com\/#website","url":"https:\/\/crime-passionnel.com\/","name":"Forbrydelse og lidenskab","description":"","publisher":{"@id":"https:\/\/crime-passionnel.com\/#organization"},"potentialAction":[{"@type":"SearchAction","target":{"@type":"EntryPoint","urlTemplate":"https:\/\/crime-passionnel.com\/?s={search_term_string}"},"query-input":{"@type":"PropertyValueSpecification","valueRequired":true,"valueName":"search_term_string"}}],"inLanguage":"da-DK"},{"@type":"Organization","@id":"https:\/\/crime-passionnel.com\/#organization","name":"Forbrydelse og lidenskab","url":"https:\/\/crime-passionnel.com\/","logo":{"@type":"ImageObject","inLanguage":"da-DK","@id":"https:\/\/crime-passionnel.com\/#\/schema\/logo\/image\/","url":"https:\/\/crime-passionnel.com\/wp-content\/uploads\/2021\/07\/logo.png","contentUrl":"https:\/\/crime-passionnel.com\/wp-content\/uploads\/2021\/07\/logo.png","width":128,"height":50,"caption":"Crime Passionnel"},"image":{"@id":"https:\/\/crime-passionnel.com\/#\/schema\/logo\/image\/"},"sameAs":["https:\/\/www.facebook.com\/crimepassionnel\/","https:\/\/www.instagram.com\/crime.passionnel\/"]}]}},"_links":{"self":[{"href":"https:\/\/crime-passionnel.com\/da\/wp-json\/wp\/v2\/product\/18675","targetHints":{"allow":["GET"]}}],"collection":[{"href":"https:\/\/crime-passionnel.com\/da\/wp-json\/wp\/v2\/product"}],"about":[{"href":"https:\/\/crime-passionnel.com\/da\/wp-json\/wp\/v2\/types\/product"}],"wp:featuredmedia":[{"embeddable":true,"href":"https:\/\/crime-passionnel.com\/da\/wp-json\/wp\/v2\/media\/18676"}],"wp:attachment":[{"href":"https:\/\/crime-passionnel.com\/da\/wp-json\/wp\/v2\/media?parent=18675"}],"wp:term":[{"taxonomy":"product_brand","embeddable":true,"href":"https:\/\/crime-passionnel.com\/da\/wp-json\/wp\/v2\/product_brand?post=18675"},{"taxonomy":"product_cat","embeddable":true,"href":"https:\/\/crime-passionnel.com\/da\/wp-json\/wp\/v2\/product_cat?post=18675"},{"taxonomy":"product_tag","embeddable":true,"href":"https:\/\/crime-passionnel.com\/da\/wp-json\/wp\/v2\/product_tag?post=18675"}],"curies":[{"name":"wp","href":"https:\/\/api.w.org\/{rel}","templated":true}]}}