{"id":18473,"date":"2023-05-05T15:59:37","date_gmt":"2023-05-05T15:59:37","guid":{"rendered":"https:\/\/crime-passionnel.com\/?post_type=product&#038;p=18473"},"modified":"2026-03-19T05:44:42","modified_gmt":"2026-03-19T05:44:42","slug":"la-nuit-des-fleurs","status":"publish","type":"product","link":"https:\/\/crime-passionnel.com\/da\/vare\/la-nuit-des-fleurs\/","title":{"rendered":"La Nuit des Fleurs"},"content":{"rendered":"<p>La Nuit des Fleurs vil f\u00f8rer dig til en eventyrverden. Et frodigt og fortryllet sted med farver s\u00e5 m\u00e6ttede og levende, at det f\u00f8les som en dr\u00f8m.<span class=\"Apple-converted-space\">\u00a0<\/span><\/p>\n<p>I udkanten af en magisk skov genlyder noterne fra sprudlende solb\u00e6r. Med deres fr\u00e6kke charme \u00e5bner de d\u00f8ren til paradisets have, der flyder over med blomster. De fyldige kronblade, glimtende af morgendug, frigiver deres berusende duft.<span class=\"Apple-converted-space\">\u00a0<\/span><\/p>\n<p>Hvor fresia, jasmin og appelsinblomster forf\u00f8rer dine sanser og g\u00f8r dig modtagelig. De hvide blomster, der udstr\u00e5ler perfektion i dagtimerne, afsl\u00f8rer deres magnetisme n\u00e5r natten falder p\u00e5. Deres aroma bliver hypnotisk som en k\u00e6rlighedsdrik.<span class=\"Apple-converted-space\">\u00a0<\/span><\/p>\n<p>Det er en odyss\u00e9 igennem en fortryllet skov af beg\u00e6r, henover nye verdener rige p\u00e5 tr\u00e6 og amber. Et dr\u00f8mmenes paradis hvor r\u00e5, uslebent sandeltr\u00e6 og cashmere f\u00f8jes sammen i perfekt harmoni. En fl\u00f8jlsbl\u00f8d kokon kl\u00e6dt i sensuel musk.<span class=\"Apple-converted-space\">\u00a0<\/span><\/p>\n<p>Som de sidste billeder fra en himmelsk dr\u00f8m, puster La Nuit des Fleurs liv i \u00f8nsket om det evige for\u00e5r.<span class=\"Apple-converted-space\">\u00a0<\/span><\/p>\n<p>&nbsp;<\/p>\n<p>INGREDIENSER<\/p>\n<p>Noter: Bergamot. Lyser\u00f8de b\u00e6r. Amber wood. Musk. Solb\u00e6r. Cashmeran. Cyclamen. Citron. Sandeltr\u00e6. Papyrus. Fresia. Patchouli. Jasmin. Grapefrugt. Ambergris. Appelsinblomst.<\/p>","protected":false},"excerpt":{"rendered":"<p>Levende farver, som i en dr\u00f8m<\/p>","protected":false},"featured_media":18474,"template":"","meta":{"_acf_changed":false},"product_brand":[],"product_cat":[418,15],"product_tag":[],"class_list":{"0":"post-18473","1":"product","2":"type-product","3":"status-publish","4":"has-post-thumbnail","6":"product_cat-new-arrivals","7":"product_cat-perfumes","8":"pa_brands-lm-parfums","9":"pa_projection-moderate","10":"pa_sizes-2ml-sample","11":"pa_sizes-100ml","12":"pa_style-floral","14":"first","15":"instock","16":"taxable","17":"shipping-taxable","18":"purchasable","19":"product-type-variable","20":"add-to-wishlist-before_image"},"acf":[],"yoast_head":"<!-- This site is optimized with the Yoast SEO plugin v27.1.1 - https:\/\/yoast.com\/product\/yoast-seo-wordpress\/ -->\n<title>La Nuit des Fleurs Extrait de Parfum - Crime Passionnel Perfumes<\/title>\n<meta name=\"robots\" content=\"index, follow, max-snippet:-1, max-image-preview:large, max-video-preview:-1\" \/>\n<link rel=\"canonical\" href=\"https:\/\/crime-passionnel.com\/da\/vare\/la-nuit-des-fleurs\/\" \/>\n<meta property=\"og:locale\" content=\"da_DK\" \/>\n<meta property=\"og:type\" content=\"article\" \/>\n<meta property=\"og:title\" content=\"La Nuit des Fleurs Extrait de Parfum - Crime Passionnel Perfumes\" \/>\n<meta property=\"og:description\" content=\"Vivid colors that make you feel like you are dreaming\" \/>\n<meta property=\"og:url\" content=\"https:\/\/crime-passionnel.com\/da\/vare\/la-nuit-des-fleurs\/\" \/>\n<meta property=\"og:site_name\" content=\"Crime Passionnel\" \/>\n<meta property=\"article:publisher\" content=\"https:\/\/www.facebook.com\/crimepassionnel\/\" \/>\n<meta property=\"article:modified_time\" content=\"2026-03-19T05:44:42+00:00\" \/>\n<meta property=\"og:image\" content=\"https:\/\/crime-passionnel.com\/wp-content\/uploads\/2023\/05\/La-Nuit-Des-Fleurs-scaled.jpg\" \/>\n\t<meta property=\"og:image:width\" content=\"1945\" \/>\n\t<meta property=\"og:image:height\" content=\"2560\" \/>\n\t<meta property=\"og:image:type\" content=\"image\/jpeg\" \/>\n<meta name=\"twitter:card\" content=\"summary_large_image\" \/>\n<meta name=\"twitter:label1\" content=\"Estimeret l\u00e6setid\" \/>\n\t<meta name=\"twitter:data1\" content=\"1 minut\" \/>\n<script type=\"application\/ld+json\" class=\"yoast-schema-graph\">{\"@context\":\"https:\/\/schema.org\",\"@graph\":[{\"@type\":\"WebPage\",\"@id\":\"https:\/\/crime-passionnel.com\/product\/la-nuit-des-fleurs\/\",\"url\":\"https:\/\/crime-passionnel.com\/product\/la-nuit-des-fleurs\/\",\"name\":\"La Nuit des Fleurs Extrait de Parfum - Crime Passionnel Perfumes\",\"isPartOf\":{\"@id\":\"https:\/\/crime-passionnel.com\/#website\"},\"primaryImageOfPage\":{\"@id\":\"https:\/\/crime-passionnel.com\/product\/la-nuit-des-fleurs\/#primaryimage\"},\"image\":{\"@id\":\"https:\/\/crime-passionnel.com\/product\/la-nuit-des-fleurs\/#primaryimage\"},\"thumbnailUrl\":\"https:\/\/crime-passionnel.com\/wp-content\/uploads\/2023\/05\/La-Nuit-Des-Fleurs-scaled.jpg\",\"datePublished\":\"2023-05-05T15:59:37+00:00\",\"dateModified\":\"2026-03-19T05:44:42+00:00\",\"breadcrumb\":{\"@id\":\"https:\/\/crime-passionnel.com\/product\/la-nuit-des-fleurs\/#breadcrumb\"},\"inLanguage\":\"da-DK\",\"potentialAction\":[{\"@type\":\"ReadAction\",\"target\":[\"https:\/\/crime-passionnel.com\/product\/la-nuit-des-fleurs\/\"]}]},{\"@type\":\"ImageObject\",\"inLanguage\":\"da-DK\",\"@id\":\"https:\/\/crime-passionnel.com\/product\/la-nuit-des-fleurs\/#primaryimage\",\"url\":\"https:\/\/crime-passionnel.com\/wp-content\/uploads\/2023\/05\/La-Nuit-Des-Fleurs-scaled.jpg\",\"contentUrl\":\"https:\/\/crime-passionnel.com\/wp-content\/uploads\/2023\/05\/La-Nuit-Des-Fleurs-scaled.jpg\",\"width\":1945,\"height\":2560,\"caption\":\"La Nuit Des Fleurs\"},{\"@type\":\"BreadcrumbList\",\"@id\":\"https:\/\/crime-passionnel.com\/product\/la-nuit-des-fleurs\/#breadcrumb\",\"itemListElement\":[{\"@type\":\"ListItem\",\"position\":1,\"name\":\"Home\",\"item\":\"https:\/\/crime-passionnel.com\/\"},{\"@type\":\"ListItem\",\"position\":2,\"name\":\"Products\",\"item\":\"https:\/\/crime-passionnel.com\/products\/\"},{\"@type\":\"ListItem\",\"position\":3,\"name\":\"La Nuit des Fleurs\"}]},{\"@type\":\"WebSite\",\"@id\":\"https:\/\/crime-passionnel.com\/#website\",\"url\":\"https:\/\/crime-passionnel.com\/\",\"name\":\"Crime Passionnel\",\"description\":\"\",\"publisher\":{\"@id\":\"https:\/\/crime-passionnel.com\/#organization\"},\"potentialAction\":[{\"@type\":\"SearchAction\",\"target\":{\"@type\":\"EntryPoint\",\"urlTemplate\":\"https:\/\/crime-passionnel.com\/?s={search_term_string}\"},\"query-input\":{\"@type\":\"PropertyValueSpecification\",\"valueRequired\":true,\"valueName\":\"search_term_string\"}}],\"inLanguage\":\"da-DK\"},{\"@type\":\"Organization\",\"@id\":\"https:\/\/crime-passionnel.com\/#organization\",\"name\":\"Crime Passionnel\",\"url\":\"https:\/\/crime-passionnel.com\/\",\"logo\":{\"@type\":\"ImageObject\",\"inLanguage\":\"da-DK\",\"@id\":\"https:\/\/crime-passionnel.com\/#\/schema\/logo\/image\/\",\"url\":\"https:\/\/crime-passionnel.com\/wp-content\/uploads\/2021\/07\/logo.png\",\"contentUrl\":\"https:\/\/crime-passionnel.com\/wp-content\/uploads\/2021\/07\/logo.png\",\"width\":128,\"height\":50,\"caption\":\"Crime Passionnel\"},\"image\":{\"@id\":\"https:\/\/crime-passionnel.com\/#\/schema\/logo\/image\/\"},\"sameAs\":[\"https:\/\/www.facebook.com\/crimepassionnel\/\",\"https:\/\/www.instagram.com\/crime.passionnel\/\"]}]}<\/script>\n<!-- \/ Yoast SEO plugin. -->","yoast_head_json":{"title":"La Nuit des Fleurs Extrait de Parfum - Crime Passionnel Perfumes","robots":{"index":"index","follow":"follow","max-snippet":"max-snippet:-1","max-image-preview":"max-image-preview:large","max-video-preview":"max-video-preview:-1"},"canonical":"https:\/\/crime-passionnel.com\/da\/vare\/la-nuit-des-fleurs\/","og_locale":"da_DK","og_type":"article","og_title":"La Nuit des Fleurs Extrait de Parfum - Crime Passionnel Perfumes","og_description":"Vivid colors that make you feel like you are dreaming","og_url":"https:\/\/crime-passionnel.com\/da\/vare\/la-nuit-des-fleurs\/","og_site_name":"Crime Passionnel","article_publisher":"https:\/\/www.facebook.com\/crimepassionnel\/","article_modified_time":"2026-03-19T05:44:42+00:00","og_image":[{"width":1945,"height":2560,"url":"https:\/\/crime-passionnel.com\/wp-content\/uploads\/2023\/05\/La-Nuit-Des-Fleurs-scaled.jpg","type":"image\/jpeg"}],"twitter_card":"summary_large_image","twitter_misc":{"Estimeret l\u00e6setid":"1 minut"},"schema":{"@context":"https:\/\/schema.org","@graph":[{"@type":"WebPage","@id":"https:\/\/crime-passionnel.com\/product\/la-nuit-des-fleurs\/","url":"https:\/\/crime-passionnel.com\/product\/la-nuit-des-fleurs\/","name":"La Nuit des Fleurs Extrait de Parfum - Crime Passionnel Perfumes","isPartOf":{"@id":"https:\/\/crime-passionnel.com\/#website"},"primaryImageOfPage":{"@id":"https:\/\/crime-passionnel.com\/product\/la-nuit-des-fleurs\/#primaryimage"},"image":{"@id":"https:\/\/crime-passionnel.com\/product\/la-nuit-des-fleurs\/#primaryimage"},"thumbnailUrl":"https:\/\/crime-passionnel.com\/wp-content\/uploads\/2023\/05\/La-Nuit-Des-Fleurs-scaled.jpg","datePublished":"2023-05-05T15:59:37+00:00","dateModified":"2026-03-19T05:44:42+00:00","breadcrumb":{"@id":"https:\/\/crime-passionnel.com\/product\/la-nuit-des-fleurs\/#breadcrumb"},"inLanguage":"da-DK","potentialAction":[{"@type":"ReadAction","target":["https:\/\/crime-passionnel.com\/product\/la-nuit-des-fleurs\/"]}]},{"@type":"ImageObject","inLanguage":"da-DK","@id":"https:\/\/crime-passionnel.com\/product\/la-nuit-des-fleurs\/#primaryimage","url":"https:\/\/crime-passionnel.com\/wp-content\/uploads\/2023\/05\/La-Nuit-Des-Fleurs-scaled.jpg","contentUrl":"https:\/\/crime-passionnel.com\/wp-content\/uploads\/2023\/05\/La-Nuit-Des-Fleurs-scaled.jpg","width":1945,"height":2560,"caption":"La Nuit Des Fleurs"},{"@type":"BreadcrumbList","@id":"https:\/\/crime-passionnel.com\/product\/la-nuit-des-fleurs\/#breadcrumb","itemListElement":[{"@type":"ListItem","position":1,"name":"Home","item":"https:\/\/crime-passionnel.com\/"},{"@type":"ListItem","position":2,"name":"Products","item":"https:\/\/crime-passionnel.com\/products\/"},{"@type":"ListItem","position":3,"name":"La Nuit des Fleurs"}]},{"@type":"WebSite","@id":"https:\/\/crime-passionnel.com\/#website","url":"https:\/\/crime-passionnel.com\/","name":"Forbrydelse og lidenskab","description":"","publisher":{"@id":"https:\/\/crime-passionnel.com\/#organization"},"potentialAction":[{"@type":"SearchAction","target":{"@type":"EntryPoint","urlTemplate":"https:\/\/crime-passionnel.com\/?s={search_term_string}"},"query-input":{"@type":"PropertyValueSpecification","valueRequired":true,"valueName":"search_term_string"}}],"inLanguage":"da-DK"},{"@type":"Organization","@id":"https:\/\/crime-passionnel.com\/#organization","name":"Forbrydelse og lidenskab","url":"https:\/\/crime-passionnel.com\/","logo":{"@type":"ImageObject","inLanguage":"da-DK","@id":"https:\/\/crime-passionnel.com\/#\/schema\/logo\/image\/","url":"https:\/\/crime-passionnel.com\/wp-content\/uploads\/2021\/07\/logo.png","contentUrl":"https:\/\/crime-passionnel.com\/wp-content\/uploads\/2021\/07\/logo.png","width":128,"height":50,"caption":"Crime Passionnel"},"image":{"@id":"https:\/\/crime-passionnel.com\/#\/schema\/logo\/image\/"},"sameAs":["https:\/\/www.facebook.com\/crimepassionnel\/","https:\/\/www.instagram.com\/crime.passionnel\/"]}]}},"_links":{"self":[{"href":"https:\/\/crime-passionnel.com\/da\/wp-json\/wp\/v2\/product\/18473","targetHints":{"allow":["GET"]}}],"collection":[{"href":"https:\/\/crime-passionnel.com\/da\/wp-json\/wp\/v2\/product"}],"about":[{"href":"https:\/\/crime-passionnel.com\/da\/wp-json\/wp\/v2\/types\/product"}],"wp:featuredmedia":[{"embeddable":true,"href":"https:\/\/crime-passionnel.com\/da\/wp-json\/wp\/v2\/media\/18474"}],"wp:attachment":[{"href":"https:\/\/crime-passionnel.com\/da\/wp-json\/wp\/v2\/media?parent=18473"}],"wp:term":[{"taxonomy":"product_brand","embeddable":true,"href":"https:\/\/crime-passionnel.com\/da\/wp-json\/wp\/v2\/product_brand?post=18473"},{"taxonomy":"product_cat","embeddable":true,"href":"https:\/\/crime-passionnel.com\/da\/wp-json\/wp\/v2\/product_cat?post=18473"},{"taxonomy":"product_tag","embeddable":true,"href":"https:\/\/crime-passionnel.com\/da\/wp-json\/wp\/v2\/product_tag?post=18473"}],"curies":[{"name":"wp","href":"https:\/\/api.w.org\/{rel}","templated":true}]}}