{"id":18467,"date":"2023-05-05T15:35:27","date_gmt":"2023-05-05T15:35:27","guid":{"rendered":"https:\/\/crime-passionnel.com\/?post_type=product&#038;p=18467"},"modified":"2026-03-19T05:44:42","modified_gmt":"2026-03-19T05:44:42","slug":"epine-mortelle-new","status":"publish","type":"product","link":"https:\/\/crime-passionnel.com\/da\/vare\/epine-mortelle-new\/","title":{"rendered":"Epine Mortelle Ny"},"content":{"rendered":"<p>Under det k\u00f8lige, er der ild. Under det uskyldige, er der beg\u00e6r. Under kronbladene, er der torne\u2026<span class=\"Apple-converted-space\">\u00a0<\/span><\/p>\n<p>Under et lag af frisk citrus blomstrer en flammende, r\u00f8d rose. Accentueret af lyser\u00f8de b\u00e6r udfolder rose absolut sine friske, krydrede og br\u00e6ndende noter. Som lynet, der sl\u00e5r ned, n\u00e5r man oplever k\u00e6rlighed ved f\u00f8rste blik.<span class=\"Apple-converted-space\">\u00a0<\/span><\/p>\n<p>Under de s\u00f8de magnolianoter gl\u00f8der en tr\u00e6agtig rose omsluttet af frankincense. Som de f\u00f8rste \u00f8jeblikke af et tryllebindende m\u00f8de. Et s\u00e5dan m\u00f8de, der efterlader \u00e9n fyldt med sitrende energi, og som fejer alt andet til side.<span class=\"Apple-converted-space\">\u00a0<\/span><\/p>\n<p>Men snart afsl\u00f8rer rosen sit m\u00f8rke. Sine karmoisinr\u00f8de torne, sit hede indre, farvet af vetiver og patchouli, og sin amberagtige sensualitet. Som i en labyrint af blomster, hvor tornene tegner omridset af en turbulent fort\u00e6lling. En bes\u00e6ttende passion, dr\u00e6vet af lyst og smerte. En uudslettelig aff\u00e6re, der efterlader ar.<span class=\"Apple-converted-space\">\u00a0<\/span><\/p>\n<p>En hemmelighedsfuld rose, hvis tr\u00e6agtige og krydrede duft lokker og fascinerer Epine Mortelle kaster os ud i hjertet af en passion, der aldrig ender.<span class=\"Apple-converted-space\">\u00a0<\/span><\/p>\n<p>&nbsp;<\/p>\n<p>INGREDIENSER<\/p>\n<p>Noter: Bergamot. Sort amber. Rose abs. Pink b\u00e6r. Magnolie. Frankincense. Citron. Patchouli. Vetiver.<\/p>","protected":false},"excerpt":{"rendered":"<p>Hemmelighedsfuld rose, tr\u00e6agtig og krydret<\/p>","protected":false},"featured_media":18470,"template":"","meta":{"_acf_changed":false},"product_brand":[],"product_cat":[418,15],"product_tag":[],"class_list":{"0":"post-18467","1":"product","2":"type-product","3":"status-publish","4":"has-post-thumbnail","6":"product_cat-new-arrivals","7":"product_cat-perfumes","8":"pa_brands-lm-parfums","9":"pa_projection-moderate","10":"pa_sizes-2ml-sample","11":"pa_sizes-100ml","12":"pa_style-fresh","13":"pa_style-spicy","15":"first","16":"instock","17":"taxable","18":"shipping-taxable","19":"purchasable","20":"product-type-variable","21":"add-to-wishlist-before_image"},"acf":[],"yoast_head":"<!-- This site is optimized with the Yoast SEO plugin v27.1.1 - https:\/\/yoast.com\/product\/yoast-seo-wordpress\/ -->\n<title>Epine Mortelle New Extrait de Parfum - Crime Passionnel Perfumes<\/title>\n<meta name=\"robots\" content=\"index, follow, max-snippet:-1, max-image-preview:large, max-video-preview:-1\" \/>\n<link rel=\"canonical\" href=\"https:\/\/crime-passionnel.com\/da\/vare\/epine-mortelle-new\/\" \/>\n<meta property=\"og:locale\" content=\"da_DK\" \/>\n<meta property=\"og:type\" content=\"article\" \/>\n<meta property=\"og:title\" content=\"Epine Mortelle New Extrait de Parfum - Crime Passionnel Perfumes\" \/>\n<meta property=\"og:description\" content=\"Woody, spicy, mysterious Rose\" \/>\n<meta property=\"og:url\" content=\"https:\/\/crime-passionnel.com\/da\/vare\/epine-mortelle-new\/\" \/>\n<meta property=\"og:site_name\" content=\"Crime Passionnel\" \/>\n<meta property=\"article:publisher\" content=\"https:\/\/www.facebook.com\/crimepassionnel\/\" \/>\n<meta property=\"article:modified_time\" content=\"2026-03-19T05:44:42+00:00\" \/>\n<meta property=\"og:image\" content=\"https:\/\/crime-passionnel.com\/wp-content\/uploads\/2023\/05\/Epine-Mortelle-New-scaled.jpg\" \/>\n\t<meta property=\"og:image:width\" content=\"1945\" \/>\n\t<meta property=\"og:image:height\" content=\"2560\" \/>\n\t<meta property=\"og:image:type\" content=\"image\/jpeg\" \/>\n<meta name=\"twitter:card\" content=\"summary_large_image\" \/>\n<meta name=\"twitter:label1\" content=\"Estimeret l\u00e6setid\" \/>\n\t<meta name=\"twitter:data1\" content=\"1 minut\" \/>\n<script type=\"application\/ld+json\" class=\"yoast-schema-graph\">{\"@context\":\"https:\/\/schema.org\",\"@graph\":[{\"@type\":\"WebPage\",\"@id\":\"https:\/\/crime-passionnel.com\/product\/epine-mortelle-new\/\",\"url\":\"https:\/\/crime-passionnel.com\/product\/epine-mortelle-new\/\",\"name\":\"Epine Mortelle New Extrait de Parfum - Crime Passionnel Perfumes\",\"isPartOf\":{\"@id\":\"https:\/\/crime-passionnel.com\/#website\"},\"primaryImageOfPage\":{\"@id\":\"https:\/\/crime-passionnel.com\/product\/epine-mortelle-new\/#primaryimage\"},\"image\":{\"@id\":\"https:\/\/crime-passionnel.com\/product\/epine-mortelle-new\/#primaryimage\"},\"thumbnailUrl\":\"https:\/\/crime-passionnel.com\/wp-content\/uploads\/2023\/05\/Epine-Mortelle-New-scaled.jpg\",\"datePublished\":\"2023-05-05T15:35:27+00:00\",\"dateModified\":\"2026-03-19T05:44:42+00:00\",\"breadcrumb\":{\"@id\":\"https:\/\/crime-passionnel.com\/product\/epine-mortelle-new\/#breadcrumb\"},\"inLanguage\":\"da-DK\",\"potentialAction\":[{\"@type\":\"ReadAction\",\"target\":[\"https:\/\/crime-passionnel.com\/product\/epine-mortelle-new\/\"]}]},{\"@type\":\"ImageObject\",\"inLanguage\":\"da-DK\",\"@id\":\"https:\/\/crime-passionnel.com\/product\/epine-mortelle-new\/#primaryimage\",\"url\":\"https:\/\/crime-passionnel.com\/wp-content\/uploads\/2023\/05\/Epine-Mortelle-New-scaled.jpg\",\"contentUrl\":\"https:\/\/crime-passionnel.com\/wp-content\/uploads\/2023\/05\/Epine-Mortelle-New-scaled.jpg\",\"width\":1945,\"height\":2560,\"caption\":\"Epine Mortelle New\"},{\"@type\":\"BreadcrumbList\",\"@id\":\"https:\/\/crime-passionnel.com\/product\/epine-mortelle-new\/#breadcrumb\",\"itemListElement\":[{\"@type\":\"ListItem\",\"position\":1,\"name\":\"Home\",\"item\":\"https:\/\/crime-passionnel.com\/\"},{\"@type\":\"ListItem\",\"position\":2,\"name\":\"Products\",\"item\":\"https:\/\/crime-passionnel.com\/products\/\"},{\"@type\":\"ListItem\",\"position\":3,\"name\":\"Epine Mortelle New\"}]},{\"@type\":\"WebSite\",\"@id\":\"https:\/\/crime-passionnel.com\/#website\",\"url\":\"https:\/\/crime-passionnel.com\/\",\"name\":\"Crime Passionnel\",\"description\":\"\",\"publisher\":{\"@id\":\"https:\/\/crime-passionnel.com\/#organization\"},\"potentialAction\":[{\"@type\":\"SearchAction\",\"target\":{\"@type\":\"EntryPoint\",\"urlTemplate\":\"https:\/\/crime-passionnel.com\/?s={search_term_string}\"},\"query-input\":{\"@type\":\"PropertyValueSpecification\",\"valueRequired\":true,\"valueName\":\"search_term_string\"}}],\"inLanguage\":\"da-DK\"},{\"@type\":\"Organization\",\"@id\":\"https:\/\/crime-passionnel.com\/#organization\",\"name\":\"Crime Passionnel\",\"url\":\"https:\/\/crime-passionnel.com\/\",\"logo\":{\"@type\":\"ImageObject\",\"inLanguage\":\"da-DK\",\"@id\":\"https:\/\/crime-passionnel.com\/#\/schema\/logo\/image\/\",\"url\":\"https:\/\/crime-passionnel.com\/wp-content\/uploads\/2021\/07\/logo.png\",\"contentUrl\":\"https:\/\/crime-passionnel.com\/wp-content\/uploads\/2021\/07\/logo.png\",\"width\":128,\"height\":50,\"caption\":\"Crime Passionnel\"},\"image\":{\"@id\":\"https:\/\/crime-passionnel.com\/#\/schema\/logo\/image\/\"},\"sameAs\":[\"https:\/\/www.facebook.com\/crimepassionnel\/\",\"https:\/\/www.instagram.com\/crime.passionnel\/\"]}]}<\/script>\n<!-- \/ Yoast SEO plugin. -->","yoast_head_json":{"title":"Epine Mortelle New Extrait de Parfum - Crime Passionnel Perfumes","robots":{"index":"index","follow":"follow","max-snippet":"max-snippet:-1","max-image-preview":"max-image-preview:large","max-video-preview":"max-video-preview:-1"},"canonical":"https:\/\/crime-passionnel.com\/da\/vare\/epine-mortelle-new\/","og_locale":"da_DK","og_type":"article","og_title":"Epine Mortelle New Extrait de Parfum - Crime Passionnel Perfumes","og_description":"Woody, spicy, mysterious Rose","og_url":"https:\/\/crime-passionnel.com\/da\/vare\/epine-mortelle-new\/","og_site_name":"Crime Passionnel","article_publisher":"https:\/\/www.facebook.com\/crimepassionnel\/","article_modified_time":"2026-03-19T05:44:42+00:00","og_image":[{"width":1945,"height":2560,"url":"https:\/\/crime-passionnel.com\/wp-content\/uploads\/2023\/05\/Epine-Mortelle-New-scaled.jpg","type":"image\/jpeg"}],"twitter_card":"summary_large_image","twitter_misc":{"Estimeret l\u00e6setid":"1 minut"},"schema":{"@context":"https:\/\/schema.org","@graph":[{"@type":"WebPage","@id":"https:\/\/crime-passionnel.com\/product\/epine-mortelle-new\/","url":"https:\/\/crime-passionnel.com\/product\/epine-mortelle-new\/","name":"Epine Mortelle New Extrait de Parfum - Crime Passionnel Perfumes","isPartOf":{"@id":"https:\/\/crime-passionnel.com\/#website"},"primaryImageOfPage":{"@id":"https:\/\/crime-passionnel.com\/product\/epine-mortelle-new\/#primaryimage"},"image":{"@id":"https:\/\/crime-passionnel.com\/product\/epine-mortelle-new\/#primaryimage"},"thumbnailUrl":"https:\/\/crime-passionnel.com\/wp-content\/uploads\/2023\/05\/Epine-Mortelle-New-scaled.jpg","datePublished":"2023-05-05T15:35:27+00:00","dateModified":"2026-03-19T05:44:42+00:00","breadcrumb":{"@id":"https:\/\/crime-passionnel.com\/product\/epine-mortelle-new\/#breadcrumb"},"inLanguage":"da-DK","potentialAction":[{"@type":"ReadAction","target":["https:\/\/crime-passionnel.com\/product\/epine-mortelle-new\/"]}]},{"@type":"ImageObject","inLanguage":"da-DK","@id":"https:\/\/crime-passionnel.com\/product\/epine-mortelle-new\/#primaryimage","url":"https:\/\/crime-passionnel.com\/wp-content\/uploads\/2023\/05\/Epine-Mortelle-New-scaled.jpg","contentUrl":"https:\/\/crime-passionnel.com\/wp-content\/uploads\/2023\/05\/Epine-Mortelle-New-scaled.jpg","width":1945,"height":2560,"caption":"Epine Mortelle New"},{"@type":"BreadcrumbList","@id":"https:\/\/crime-passionnel.com\/product\/epine-mortelle-new\/#breadcrumb","itemListElement":[{"@type":"ListItem","position":1,"name":"Home","item":"https:\/\/crime-passionnel.com\/"},{"@type":"ListItem","position":2,"name":"Products","item":"https:\/\/crime-passionnel.com\/products\/"},{"@type":"ListItem","position":3,"name":"Epine Mortelle New"}]},{"@type":"WebSite","@id":"https:\/\/crime-passionnel.com\/#website","url":"https:\/\/crime-passionnel.com\/","name":"Forbrydelse og lidenskab","description":"","publisher":{"@id":"https:\/\/crime-passionnel.com\/#organization"},"potentialAction":[{"@type":"SearchAction","target":{"@type":"EntryPoint","urlTemplate":"https:\/\/crime-passionnel.com\/?s={search_term_string}"},"query-input":{"@type":"PropertyValueSpecification","valueRequired":true,"valueName":"search_term_string"}}],"inLanguage":"da-DK"},{"@type":"Organization","@id":"https:\/\/crime-passionnel.com\/#organization","name":"Forbrydelse og lidenskab","url":"https:\/\/crime-passionnel.com\/","logo":{"@type":"ImageObject","inLanguage":"da-DK","@id":"https:\/\/crime-passionnel.com\/#\/schema\/logo\/image\/","url":"https:\/\/crime-passionnel.com\/wp-content\/uploads\/2021\/07\/logo.png","contentUrl":"https:\/\/crime-passionnel.com\/wp-content\/uploads\/2021\/07\/logo.png","width":128,"height":50,"caption":"Crime Passionnel"},"image":{"@id":"https:\/\/crime-passionnel.com\/#\/schema\/logo\/image\/"},"sameAs":["https:\/\/www.facebook.com\/crimepassionnel\/","https:\/\/www.instagram.com\/crime.passionnel\/"]}]}},"_links":{"self":[{"href":"https:\/\/crime-passionnel.com\/da\/wp-json\/wp\/v2\/product\/18467","targetHints":{"allow":["GET"]}}],"collection":[{"href":"https:\/\/crime-passionnel.com\/da\/wp-json\/wp\/v2\/product"}],"about":[{"href":"https:\/\/crime-passionnel.com\/da\/wp-json\/wp\/v2\/types\/product"}],"wp:featuredmedia":[{"embeddable":true,"href":"https:\/\/crime-passionnel.com\/da\/wp-json\/wp\/v2\/media\/18470"}],"wp:attachment":[{"href":"https:\/\/crime-passionnel.com\/da\/wp-json\/wp\/v2\/media?parent=18467"}],"wp:term":[{"taxonomy":"product_brand","embeddable":true,"href":"https:\/\/crime-passionnel.com\/da\/wp-json\/wp\/v2\/product_brand?post=18467"},{"taxonomy":"product_cat","embeddable":true,"href":"https:\/\/crime-passionnel.com\/da\/wp-json\/wp\/v2\/product_cat?post=18467"},{"taxonomy":"product_tag","embeddable":true,"href":"https:\/\/crime-passionnel.com\/da\/wp-json\/wp\/v2\/product_tag?post=18467"}],"curies":[{"name":"wp","href":"https:\/\/api.w.org\/{rel}","templated":true}]}}