{"id":18109,"date":"2023-04-03T21:47:53","date_gmt":"2023-04-03T21:47:53","guid":{"rendered":"https:\/\/crime-passionnel.com\/?post_type=product&#038;p=18109"},"modified":"2026-04-16T16:23:10","modified_gmt":"2026-04-16T16:23:10","slug":"12th-of-oct-1492","status":"publish","type":"product","link":"https:\/\/crime-passionnel.com\/da\/vare\/12th-of-oct-1492\/","title":{"rendered":"12. oktober 1492"},"content":{"rendered":"<p class=\"translation-block\">En sj\u00e6lden og kompleks blanding af dybe og \u00e6dle ingredienser. Det er sp\u00e6ndende at opleve denne sammensmeltning af eksotiske frugter og krydderier der giver det f\u00f8rste l\u00f8ft, og en imponerende signatur, til top noterne. Hjertet er en buket af elegante, sensuelle blomster. Men tvistet, og det helt unikke, ved denne duft, sker i basenoterne. Det er her man finder det sensoriske vortex i duften. En hvirvel af indtryk der aff\u00f8der en stemning af gl\u00e6de og positivitet, til dem der b\u00e6rer den.\nEn unik note, der ligger mellem rig, ren vanilje og en sofistikeret, r\u00f8get l\u00e6der, er n\u00f8glespillerne i denne kreation. De er supporteret af varm, cremet musk og \u00e6dle tr\u00e6sorter og med et strejf af den g\u00e5defulde frankincense, der ogs\u00e5 er signatur-noten i alle Rundholz kreationer.\nEn meget s\u00e6rlig og skels\u00e6ttende duft med fantastisk holdbarhed p\u00e5 huden og en stor silage.<\/p>\n<p>&nbsp;<\/p>\n<p>&nbsp;<\/p>\n<p>Ingredienser<\/p>\n<p>Topnoter: Rabarber. Rosenpeber. Kanel. Ingef\u00e6r. Bergamot. Solb\u00e6r. Blomme. Fersken. \u00c6ble. Mango.<\/p>\n<p>Mellemnoter: Jasmin. Iris. Liljekonval.<\/p>\n<p>Basenoter: Vanilje. Sukker. L\u00e6der. Agarwood. Nagarmotha. Sandeltr\u00e6. Vetiver. Patchouli. Fankincense. Amber. Musk.<\/p>\n<p>&nbsp;<\/p>","protected":false},"excerpt":{"rendered":"<p>\u00c6gte Vanilje \/ Sofistikeret, R\u00f8get L\u00e6der<\/p>","protected":false},"featured_media":18107,"template":"","meta":{"_acf_changed":false},"product_brand":[],"product_cat":[418,15],"product_tag":[],"class_list":{"0":"post-18109","1":"product","2":"type-product","3":"status-publish","4":"has-post-thumbnail","6":"product_cat-new-arrivals","7":"product_cat-perfumes","8":"pa_brands-rundholz","9":"pa_projection-enormous","10":"pa_sizes-2ml-sample","11":"pa_sizes-50ml","12":"pa_style-leather","13":"pa_style-sweet","15":"first","16":"instock","17":"taxable","18":"shipping-taxable","19":"purchasable","20":"product-type-variable","21":"add-to-wishlist-before_image"},"acf":[],"yoast_head":"<!-- This site is optimized with the Yoast SEO plugin v27.5 - https:\/\/yoast.com\/product\/yoast-seo-wordpress\/ -->\n<title>12th of Oct. 1492 Eau de Parfum - Crime Passionnel Perfumes<\/title>\n<meta name=\"robots\" content=\"index, follow, max-snippet:-1, max-image-preview:large, max-video-preview:-1\" \/>\n<link rel=\"canonical\" href=\"https:\/\/crime-passionnel.com\/da\/vare\/12th-of-oct-1492\/\" \/>\n<meta property=\"og:locale\" content=\"da_DK\" \/>\n<meta property=\"og:type\" content=\"article\" \/>\n<meta property=\"og:title\" content=\"12th of Oct. 1492 Eau de Parfum - Crime Passionnel Perfumes\" \/>\n<meta property=\"og:description\" content=\"Smoky Leather \/ Pure Vanilla\" \/>\n<meta property=\"og:url\" content=\"https:\/\/crime-passionnel.com\/da\/vare\/12th-of-oct-1492\/\" \/>\n<meta property=\"og:site_name\" content=\"Crime Passionnel\" \/>\n<meta property=\"article:publisher\" content=\"https:\/\/www.facebook.com\/crimepassionnel\/\" \/>\n<meta property=\"article:modified_time\" content=\"2026-04-16T16:23:10+00:00\" \/>\n<meta property=\"og:image\" content=\"https:\/\/crime-passionnel.com\/wp-content\/uploads\/2023\/04\/FEB_14_1912-scaled.jpg\" \/>\n\t<meta property=\"og:image:width\" content=\"1945\" \/>\n\t<meta property=\"og:image:height\" content=\"2560\" \/>\n\t<meta property=\"og:image:type\" content=\"image\/jpeg\" \/>\n<meta name=\"twitter:card\" content=\"summary_large_image\" \/>\n<meta name=\"twitter:label1\" content=\"Estimeret l\u00e6setid\" \/>\n\t<meta name=\"twitter:data1\" content=\"1 minut\" \/>\n<script type=\"application\/ld+json\" class=\"yoast-schema-graph\">{\"@context\":\"https:\\\/\\\/schema.org\",\"@graph\":[{\"@type\":\"WebPage\",\"@id\":\"https:\\\/\\\/crime-passionnel.com\\\/product\\\/12th-of-oct-1492\\\/\",\"url\":\"https:\\\/\\\/crime-passionnel.com\\\/product\\\/12th-of-oct-1492\\\/\",\"name\":\"12th of Oct. 1492 Eau de Parfum - Crime Passionnel Perfumes\",\"isPartOf\":{\"@id\":\"https:\\\/\\\/crime-passionnel.com\\\/#website\"},\"primaryImageOfPage\":{\"@id\":\"https:\\\/\\\/crime-passionnel.com\\\/product\\\/12th-of-oct-1492\\\/#primaryimage\"},\"image\":{\"@id\":\"https:\\\/\\\/crime-passionnel.com\\\/product\\\/12th-of-oct-1492\\\/#primaryimage\"},\"thumbnailUrl\":\"https:\\\/\\\/crime-passionnel.com\\\/wp-content\\\/uploads\\\/2023\\\/04\\\/FEB_14_1912-scaled.jpg\",\"datePublished\":\"2023-04-03T21:47:53+00:00\",\"dateModified\":\"2026-04-16T16:23:10+00:00\",\"breadcrumb\":{\"@id\":\"https:\\\/\\\/crime-passionnel.com\\\/product\\\/12th-of-oct-1492\\\/#breadcrumb\"},\"inLanguage\":\"da-DK\",\"potentialAction\":[{\"@type\":\"ReadAction\",\"target\":[\"https:\\\/\\\/crime-passionnel.com\\\/product\\\/12th-of-oct-1492\\\/\"]}]},{\"@type\":\"ImageObject\",\"inLanguage\":\"da-DK\",\"@id\":\"https:\\\/\\\/crime-passionnel.com\\\/product\\\/12th-of-oct-1492\\\/#primaryimage\",\"url\":\"https:\\\/\\\/crime-passionnel.com\\\/wp-content\\\/uploads\\\/2023\\\/04\\\/FEB_14_1912-scaled.jpg\",\"contentUrl\":\"https:\\\/\\\/crime-passionnel.com\\\/wp-content\\\/uploads\\\/2023\\\/04\\\/FEB_14_1912-scaled.jpg\",\"width\":1945,\"height\":2560,\"caption\":\"FEB_14_1912\"},{\"@type\":\"BreadcrumbList\",\"@id\":\"https:\\\/\\\/crime-passionnel.com\\\/product\\\/12th-of-oct-1492\\\/#breadcrumb\",\"itemListElement\":[{\"@type\":\"ListItem\",\"position\":1,\"name\":\"Home\",\"item\":\"https:\\\/\\\/crime-passionnel.com\\\/\"},{\"@type\":\"ListItem\",\"position\":2,\"name\":\"Products\",\"item\":\"https:\\\/\\\/crime-passionnel.com\\\/products\\\/\"},{\"@type\":\"ListItem\",\"position\":3,\"name\":\"12th of Oct. 1492\"}]},{\"@type\":\"WebSite\",\"@id\":\"https:\\\/\\\/crime-passionnel.com\\\/#website\",\"url\":\"https:\\\/\\\/crime-passionnel.com\\\/\",\"name\":\"Crime Passionnel\",\"description\":\"\",\"publisher\":{\"@id\":\"https:\\\/\\\/crime-passionnel.com\\\/#organization\"},\"potentialAction\":[{\"@type\":\"SearchAction\",\"target\":{\"@type\":\"EntryPoint\",\"urlTemplate\":\"https:\\\/\\\/crime-passionnel.com\\\/?s={search_term_string}\"},\"query-input\":{\"@type\":\"PropertyValueSpecification\",\"valueRequired\":true,\"valueName\":\"search_term_string\"}}],\"inLanguage\":\"da-DK\"},{\"@type\":\"Organization\",\"@id\":\"https:\\\/\\\/crime-passionnel.com\\\/#organization\",\"name\":\"Crime Passionnel\",\"url\":\"https:\\\/\\\/crime-passionnel.com\\\/\",\"logo\":{\"@type\":\"ImageObject\",\"inLanguage\":\"da-DK\",\"@id\":\"https:\\\/\\\/crime-passionnel.com\\\/#\\\/schema\\\/logo\\\/image\\\/\",\"url\":\"https:\\\/\\\/crime-passionnel.com\\\/wp-content\\\/uploads\\\/2021\\\/07\\\/logo.png\",\"contentUrl\":\"https:\\\/\\\/crime-passionnel.com\\\/wp-content\\\/uploads\\\/2021\\\/07\\\/logo.png\",\"width\":128,\"height\":50,\"caption\":\"Crime Passionnel\"},\"image\":{\"@id\":\"https:\\\/\\\/crime-passionnel.com\\\/#\\\/schema\\\/logo\\\/image\\\/\"},\"sameAs\":[\"https:\\\/\\\/www.facebook.com\\\/crimepassionnel\\\/\",\"https:\\\/\\\/www.instagram.com\\\/crime.passionnel\\\/\"]}]}<\/script>\n<!-- \/ Yoast SEO plugin. -->","yoast_head_json":{"title":"12th of Oct. 1492 Eau de Parfum - Crime Passionnel Perfumes","robots":{"index":"index","follow":"follow","max-snippet":"max-snippet:-1","max-image-preview":"max-image-preview:large","max-video-preview":"max-video-preview:-1"},"canonical":"https:\/\/crime-passionnel.com\/da\/vare\/12th-of-oct-1492\/","og_locale":"da_DK","og_type":"article","og_title":"12th of Oct. 1492 Eau de Parfum - Crime Passionnel Perfumes","og_description":"Smoky Leather \/ Pure Vanilla","og_url":"https:\/\/crime-passionnel.com\/da\/vare\/12th-of-oct-1492\/","og_site_name":"Crime Passionnel","article_publisher":"https:\/\/www.facebook.com\/crimepassionnel\/","article_modified_time":"2026-04-16T16:23:10+00:00","og_image":[{"width":1945,"height":2560,"url":"https:\/\/crime-passionnel.com\/wp-content\/uploads\/2023\/04\/FEB_14_1912-scaled.jpg","type":"image\/jpeg"}],"twitter_card":"summary_large_image","twitter_misc":{"Estimeret l\u00e6setid":"1 minut"},"schema":{"@context":"https:\/\/schema.org","@graph":[{"@type":"WebPage","@id":"https:\/\/crime-passionnel.com\/product\/12th-of-oct-1492\/","url":"https:\/\/crime-passionnel.com\/product\/12th-of-oct-1492\/","name":"12th of Oct. 1492 Eau de Parfum - Crime Passionnel Perfumes","isPartOf":{"@id":"https:\/\/crime-passionnel.com\/#website"},"primaryImageOfPage":{"@id":"https:\/\/crime-passionnel.com\/product\/12th-of-oct-1492\/#primaryimage"},"image":{"@id":"https:\/\/crime-passionnel.com\/product\/12th-of-oct-1492\/#primaryimage"},"thumbnailUrl":"https:\/\/crime-passionnel.com\/wp-content\/uploads\/2023\/04\/FEB_14_1912-scaled.jpg","datePublished":"2023-04-03T21:47:53+00:00","dateModified":"2026-04-16T16:23:10+00:00","breadcrumb":{"@id":"https:\/\/crime-passionnel.com\/product\/12th-of-oct-1492\/#breadcrumb"},"inLanguage":"da-DK","potentialAction":[{"@type":"ReadAction","target":["https:\/\/crime-passionnel.com\/product\/12th-of-oct-1492\/"]}]},{"@type":"ImageObject","inLanguage":"da-DK","@id":"https:\/\/crime-passionnel.com\/product\/12th-of-oct-1492\/#primaryimage","url":"https:\/\/crime-passionnel.com\/wp-content\/uploads\/2023\/04\/FEB_14_1912-scaled.jpg","contentUrl":"https:\/\/crime-passionnel.com\/wp-content\/uploads\/2023\/04\/FEB_14_1912-scaled.jpg","width":1945,"height":2560,"caption":"FEB_14_1912"},{"@type":"BreadcrumbList","@id":"https:\/\/crime-passionnel.com\/product\/12th-of-oct-1492\/#breadcrumb","itemListElement":[{"@type":"ListItem","position":1,"name":"Home","item":"https:\/\/crime-passionnel.com\/"},{"@type":"ListItem","position":2,"name":"Products","item":"https:\/\/crime-passionnel.com\/products\/"},{"@type":"ListItem","position":3,"name":"12th of Oct. 1492"}]},{"@type":"WebSite","@id":"https:\/\/crime-passionnel.com\/#website","url":"https:\/\/crime-passionnel.com\/","name":"Forbrydelse og lidenskab","description":"","publisher":{"@id":"https:\/\/crime-passionnel.com\/#organization"},"potentialAction":[{"@type":"SearchAction","target":{"@type":"EntryPoint","urlTemplate":"https:\/\/crime-passionnel.com\/?s={search_term_string}"},"query-input":{"@type":"PropertyValueSpecification","valueRequired":true,"valueName":"search_term_string"}}],"inLanguage":"da-DK"},{"@type":"Organization","@id":"https:\/\/crime-passionnel.com\/#organization","name":"Forbrydelse og lidenskab","url":"https:\/\/crime-passionnel.com\/","logo":{"@type":"ImageObject","inLanguage":"da-DK","@id":"https:\/\/crime-passionnel.com\/#\/schema\/logo\/image\/","url":"https:\/\/crime-passionnel.com\/wp-content\/uploads\/2021\/07\/logo.png","contentUrl":"https:\/\/crime-passionnel.com\/wp-content\/uploads\/2021\/07\/logo.png","width":128,"height":50,"caption":"Crime Passionnel"},"image":{"@id":"https:\/\/crime-passionnel.com\/#\/schema\/logo\/image\/"},"sameAs":["https:\/\/www.facebook.com\/crimepassionnel\/","https:\/\/www.instagram.com\/crime.passionnel\/"]}]}},"_links":{"self":[{"href":"https:\/\/crime-passionnel.com\/da\/wp-json\/wp\/v2\/product\/18109","targetHints":{"allow":["GET"]}}],"collection":[{"href":"https:\/\/crime-passionnel.com\/da\/wp-json\/wp\/v2\/product"}],"about":[{"href":"https:\/\/crime-passionnel.com\/da\/wp-json\/wp\/v2\/types\/product"}],"wp:featuredmedia":[{"embeddable":true,"href":"https:\/\/crime-passionnel.com\/da\/wp-json\/wp\/v2\/media\/18107"}],"wp:attachment":[{"href":"https:\/\/crime-passionnel.com\/da\/wp-json\/wp\/v2\/media?parent=18109"}],"wp:term":[{"taxonomy":"product_brand","embeddable":true,"href":"https:\/\/crime-passionnel.com\/da\/wp-json\/wp\/v2\/product_brand?post=18109"},{"taxonomy":"product_cat","embeddable":true,"href":"https:\/\/crime-passionnel.com\/da\/wp-json\/wp\/v2\/product_cat?post=18109"},{"taxonomy":"product_tag","embeddable":true,"href":"https:\/\/crime-passionnel.com\/da\/wp-json\/wp\/v2\/product_tag?post=18109"}],"curies":[{"name":"wp","href":"https:\/\/api.w.org\/{rel}","templated":true}]}}