{"id":16395,"date":"2023-02-20T14:41:18","date_gmt":"2023-02-20T14:41:18","guid":{"rendered":"https:\/\/crime-passionnel.com\/?post_type=product&#038;p=16395"},"modified":"2024-10-20T17:07:09","modified_gmt":"2024-10-20T17:07:09","slug":"meltmyheart-potion-pendant","status":"publish","type":"product","link":"https:\/\/crime-passionnel.com\/da\/vare\/meltmyheart-potion-pendant\/","title":{"rendered":"meltmyheart eliksir-vedh\u00e6ng"},"content":{"rendered":"<p>N\u00e5r du b\u00e6rer potion-vedh\u00e6nget, aktiveres den sande magi i vores rene parfumeolier. Oplev alkymien i Strangeloves dufte ved at holde din potion varm mod din hud for at maksimere dens kraft. Kombineret med din unikke kropskemi giver potion-vedh\u00e6nget b\u00e6reren mulighed for at skabe unikke, m\u00e6rkelige og fortryllende \u00f8jeblikke.<\/p>\n<p>Overgiv din k\u00e6rlighed ... meltmyheart<\/p>\n<p>meltmyheart inspirerer til romantik og fork\u00e6lelse for hengivne elskere.<\/p>\n<p>Denne overd\u00e5dige orientalske duft indeholder rent orrissm\u00f8r, en eftertragtet delikatesse inden for parfume, som der ikke findes nogen erstatning for. Ligesom varmen fra \u00e6gte k\u00e6rlighed er Orris Butter uerstattelig. Vores sensuelle blanding uddybes af svovlen fra elsket oud og sandeltr\u00e6, og beroligende ylang ylang kombineres med hvid magnolia og fransk salvie for at styrke hum\u00f8ret. Med deres uimodst\u00e5elige indflydelse fuldender renset ingef\u00e6r, stimulerende mandarin og l\u00e6kker m\u00f8rk chokolade denne sp\u00e6ndende kreation.<\/p>\n<p>Meltmyheart er \u00f8m og poetisk og udtrykker et evigt b\u00e5nd mellem ligesindede.<\/p>\n<p>Det specialdesignede 24 karat guldbelagte potion-vedh\u00e6ng holdes p\u00e5 en tynd 24\u2033 k\u00e6de og indeholder 1,25 ml ren meltmyheart-parfumeolie.<\/p>\n<p>&nbsp;<\/p>\n<p>INGREDIENSER<\/p>\n<p>Topnoter: Bergamot, ingef\u00e6r, mandarin, fennikel, artemisia, magnolia<\/p>\n<p>Hjertenoter: Oud, ekstrakt af m\u00f8rk chokolade, ekstrakt af ylang-ylang, muskatn\u00f8d<\/p>\n<p>Basisnoter: Orris-sm\u00f8r, sandeltr\u00e6, salvie-absolut, moskus<\/p>","protected":false},"excerpt":{"rendered":"<p>Potion-vedh\u00e6ng aktiverer den sande magi i rene parfumeolier<\/p>","protected":false},"featured_media":16407,"template":"","meta":{"_acf_changed":false},"product_brand":[],"product_cat":[767,461,418,15],"product_tag":[],"class_list":{"0":"post-16395","1":"product","2":"type-product","3":"status-publish","4":"has-post-thumbnail","6":"product_cat-accessories","7":"product_cat-gift-ideas","8":"product_cat-new-arrivals","9":"product_cat-perfumes","10":"pa_brands-strangelove","11":"pa_projection-moderate","12":"pa_sizes-1-25ml","13":"pa_style-oriental","14":"pa_style-woody","16":"first","17":"instock","18":"taxable","19":"shipping-taxable","20":"purchasable","21":"product-type-simple","22":"add-to-wishlist-before_image"},"acf":[],"yoast_head":"<!-- This site is optimized with the Yoast SEO plugin v27.1.1 - https:\/\/yoast.com\/product\/yoast-seo-wordpress\/ -->\n<title>meltmyheart potion pendant Perfume Oil - Crime Passionnel Perfumes<\/title>\n<meta name=\"robots\" content=\"index, follow, max-snippet:-1, max-image-preview:large, max-video-preview:-1\" \/>\n<link rel=\"canonical\" href=\"https:\/\/crime-passionnel.com\/da\/vare\/meltmyheart-potion-pendant\/\" \/>\n<meta property=\"og:locale\" content=\"da_DK\" \/>\n<meta property=\"og:type\" content=\"article\" \/>\n<meta property=\"og:title\" content=\"meltmyheart potion pendant Perfume Oil - Crime Passionnel Perfumes\" \/>\n<meta property=\"og:description\" content=\"Potion pendant activates the true magic of pure perfume oils\" \/>\n<meta property=\"og:url\" content=\"https:\/\/crime-passionnel.com\/da\/vare\/meltmyheart-potion-pendant\/\" \/>\n<meta property=\"og:site_name\" content=\"Crime Passionnel\" \/>\n<meta property=\"article:publisher\" content=\"https:\/\/www.facebook.com\/crimepassionnel\/\" \/>\n<meta property=\"article:modified_time\" content=\"2024-10-20T17:07:09+00:00\" \/>\n<meta property=\"og:image\" content=\"https:\/\/crime-passionnel.com\/wp-content\/uploads\/2023\/02\/meltmyheart_24shortnecklace_742832600521-2.jpeg\" \/>\n\t<meta property=\"og:image:width\" content=\"960\" \/>\n\t<meta property=\"og:image:height\" content=\"1222\" \/>\n\t<meta property=\"og:image:type\" content=\"image\/jpeg\" \/>\n<meta name=\"twitter:card\" content=\"summary_large_image\" \/>\n<meta name=\"twitter:label1\" content=\"Estimeret l\u00e6setid\" \/>\n\t<meta name=\"twitter:data1\" content=\"2 minutter\" \/>\n<script type=\"application\/ld+json\" class=\"yoast-schema-graph\">{\"@context\":\"https:\/\/schema.org\",\"@graph\":[{\"@type\":\"WebPage\",\"@id\":\"https:\/\/crime-passionnel.com\/product\/meltmyheart-potion-pendant\/\",\"url\":\"https:\/\/crime-passionnel.com\/product\/meltmyheart-potion-pendant\/\",\"name\":\"meltmyheart potion pendant Perfume Oil - Crime Passionnel Perfumes\",\"isPartOf\":{\"@id\":\"https:\/\/crime-passionnel.com\/#website\"},\"primaryImageOfPage\":{\"@id\":\"https:\/\/crime-passionnel.com\/product\/meltmyheart-potion-pendant\/#primaryimage\"},\"image\":{\"@id\":\"https:\/\/crime-passionnel.com\/product\/meltmyheart-potion-pendant\/#primaryimage\"},\"thumbnailUrl\":\"https:\/\/crime-passionnel.com\/wp-content\/uploads\/2023\/02\/meltmyheart_24shortnecklace_742832600521-2.jpeg\",\"datePublished\":\"2023-02-20T14:41:18+00:00\",\"dateModified\":\"2024-10-20T17:07:09+00:00\",\"breadcrumb\":{\"@id\":\"https:\/\/crime-passionnel.com\/product\/meltmyheart-potion-pendant\/#breadcrumb\"},\"inLanguage\":\"da-DK\",\"potentialAction\":[{\"@type\":\"ReadAction\",\"target\":[\"https:\/\/crime-passionnel.com\/product\/meltmyheart-potion-pendant\/\"]}]},{\"@type\":\"ImageObject\",\"inLanguage\":\"da-DK\",\"@id\":\"https:\/\/crime-passionnel.com\/product\/meltmyheart-potion-pendant\/#primaryimage\",\"url\":\"https:\/\/crime-passionnel.com\/wp-content\/uploads\/2023\/02\/meltmyheart_24shortnecklace_742832600521-2.jpeg\",\"contentUrl\":\"https:\/\/crime-passionnel.com\/wp-content\/uploads\/2023\/02\/meltmyheart_24shortnecklace_742832600521-2.jpeg\",\"width\":960,\"height\":1222,\"caption\":\"meltmyheart\"},{\"@type\":\"BreadcrumbList\",\"@id\":\"https:\/\/crime-passionnel.com\/product\/meltmyheart-potion-pendant\/#breadcrumb\",\"itemListElement\":[{\"@type\":\"ListItem\",\"position\":1,\"name\":\"Home\",\"item\":\"https:\/\/crime-passionnel.com\/\"},{\"@type\":\"ListItem\",\"position\":2,\"name\":\"Products\",\"item\":\"https:\/\/crime-passionnel.com\/products\/\"},{\"@type\":\"ListItem\",\"position\":3,\"name\":\"meltmyheart potion pendant\"}]},{\"@type\":\"WebSite\",\"@id\":\"https:\/\/crime-passionnel.com\/#website\",\"url\":\"https:\/\/crime-passionnel.com\/\",\"name\":\"Crime Passionnel\",\"description\":\"\",\"publisher\":{\"@id\":\"https:\/\/crime-passionnel.com\/#organization\"},\"potentialAction\":[{\"@type\":\"SearchAction\",\"target\":{\"@type\":\"EntryPoint\",\"urlTemplate\":\"https:\/\/crime-passionnel.com\/?s={search_term_string}\"},\"query-input\":{\"@type\":\"PropertyValueSpecification\",\"valueRequired\":true,\"valueName\":\"search_term_string\"}}],\"inLanguage\":\"da-DK\"},{\"@type\":\"Organization\",\"@id\":\"https:\/\/crime-passionnel.com\/#organization\",\"name\":\"Crime Passionnel\",\"url\":\"https:\/\/crime-passionnel.com\/\",\"logo\":{\"@type\":\"ImageObject\",\"inLanguage\":\"da-DK\",\"@id\":\"https:\/\/crime-passionnel.com\/#\/schema\/logo\/image\/\",\"url\":\"https:\/\/crime-passionnel.com\/wp-content\/uploads\/2021\/07\/logo.png\",\"contentUrl\":\"https:\/\/crime-passionnel.com\/wp-content\/uploads\/2021\/07\/logo.png\",\"width\":128,\"height\":50,\"caption\":\"Crime Passionnel\"},\"image\":{\"@id\":\"https:\/\/crime-passionnel.com\/#\/schema\/logo\/image\/\"},\"sameAs\":[\"https:\/\/www.facebook.com\/crimepassionnel\/\",\"https:\/\/www.instagram.com\/crime.passionnel\/\"]}]}<\/script>\n<!-- \/ Yoast SEO plugin. -->","yoast_head_json":{"title":"meltmyheart potion pendant Perfume Oil - Crime Passionnel Perfumes","robots":{"index":"index","follow":"follow","max-snippet":"max-snippet:-1","max-image-preview":"max-image-preview:large","max-video-preview":"max-video-preview:-1"},"canonical":"https:\/\/crime-passionnel.com\/da\/vare\/meltmyheart-potion-pendant\/","og_locale":"da_DK","og_type":"article","og_title":"meltmyheart potion pendant Perfume Oil - Crime Passionnel Perfumes","og_description":"Potion pendant activates the true magic of pure perfume oils","og_url":"https:\/\/crime-passionnel.com\/da\/vare\/meltmyheart-potion-pendant\/","og_site_name":"Crime Passionnel","article_publisher":"https:\/\/www.facebook.com\/crimepassionnel\/","article_modified_time":"2024-10-20T17:07:09+00:00","og_image":[{"width":960,"height":1222,"url":"https:\/\/crime-passionnel.com\/wp-content\/uploads\/2023\/02\/meltmyheart_24shortnecklace_742832600521-2.jpeg","type":"image\/jpeg"}],"twitter_card":"summary_large_image","twitter_misc":{"Estimeret l\u00e6setid":"2 minutter"},"schema":{"@context":"https:\/\/schema.org","@graph":[{"@type":"WebPage","@id":"https:\/\/crime-passionnel.com\/product\/meltmyheart-potion-pendant\/","url":"https:\/\/crime-passionnel.com\/product\/meltmyheart-potion-pendant\/","name":"meltmyheart potion pendant Perfume Oil - Crime Passionnel Perfumes","isPartOf":{"@id":"https:\/\/crime-passionnel.com\/#website"},"primaryImageOfPage":{"@id":"https:\/\/crime-passionnel.com\/product\/meltmyheart-potion-pendant\/#primaryimage"},"image":{"@id":"https:\/\/crime-passionnel.com\/product\/meltmyheart-potion-pendant\/#primaryimage"},"thumbnailUrl":"https:\/\/crime-passionnel.com\/wp-content\/uploads\/2023\/02\/meltmyheart_24shortnecklace_742832600521-2.jpeg","datePublished":"2023-02-20T14:41:18+00:00","dateModified":"2024-10-20T17:07:09+00:00","breadcrumb":{"@id":"https:\/\/crime-passionnel.com\/product\/meltmyheart-potion-pendant\/#breadcrumb"},"inLanguage":"da-DK","potentialAction":[{"@type":"ReadAction","target":["https:\/\/crime-passionnel.com\/product\/meltmyheart-potion-pendant\/"]}]},{"@type":"ImageObject","inLanguage":"da-DK","@id":"https:\/\/crime-passionnel.com\/product\/meltmyheart-potion-pendant\/#primaryimage","url":"https:\/\/crime-passionnel.com\/wp-content\/uploads\/2023\/02\/meltmyheart_24shortnecklace_742832600521-2.jpeg","contentUrl":"https:\/\/crime-passionnel.com\/wp-content\/uploads\/2023\/02\/meltmyheart_24shortnecklace_742832600521-2.jpeg","width":960,"height":1222,"caption":"meltmyheart"},{"@type":"BreadcrumbList","@id":"https:\/\/crime-passionnel.com\/product\/meltmyheart-potion-pendant\/#breadcrumb","itemListElement":[{"@type":"ListItem","position":1,"name":"Home","item":"https:\/\/crime-passionnel.com\/"},{"@type":"ListItem","position":2,"name":"Products","item":"https:\/\/crime-passionnel.com\/products\/"},{"@type":"ListItem","position":3,"name":"meltmyheart potion pendant"}]},{"@type":"WebSite","@id":"https:\/\/crime-passionnel.com\/#website","url":"https:\/\/crime-passionnel.com\/","name":"Forbrydelse og lidenskab","description":"","publisher":{"@id":"https:\/\/crime-passionnel.com\/#organization"},"potentialAction":[{"@type":"SearchAction","target":{"@type":"EntryPoint","urlTemplate":"https:\/\/crime-passionnel.com\/?s={search_term_string}"},"query-input":{"@type":"PropertyValueSpecification","valueRequired":true,"valueName":"search_term_string"}}],"inLanguage":"da-DK"},{"@type":"Organization","@id":"https:\/\/crime-passionnel.com\/#organization","name":"Forbrydelse og lidenskab","url":"https:\/\/crime-passionnel.com\/","logo":{"@type":"ImageObject","inLanguage":"da-DK","@id":"https:\/\/crime-passionnel.com\/#\/schema\/logo\/image\/","url":"https:\/\/crime-passionnel.com\/wp-content\/uploads\/2021\/07\/logo.png","contentUrl":"https:\/\/crime-passionnel.com\/wp-content\/uploads\/2021\/07\/logo.png","width":128,"height":50,"caption":"Crime Passionnel"},"image":{"@id":"https:\/\/crime-passionnel.com\/#\/schema\/logo\/image\/"},"sameAs":["https:\/\/www.facebook.com\/crimepassionnel\/","https:\/\/www.instagram.com\/crime.passionnel\/"]}]}},"_links":{"self":[{"href":"https:\/\/crime-passionnel.com\/da\/wp-json\/wp\/v2\/product\/16395","targetHints":{"allow":["GET"]}}],"collection":[{"href":"https:\/\/crime-passionnel.com\/da\/wp-json\/wp\/v2\/product"}],"about":[{"href":"https:\/\/crime-passionnel.com\/da\/wp-json\/wp\/v2\/types\/product"}],"wp:featuredmedia":[{"embeddable":true,"href":"https:\/\/crime-passionnel.com\/da\/wp-json\/wp\/v2\/media\/16407"}],"wp:attachment":[{"href":"https:\/\/crime-passionnel.com\/da\/wp-json\/wp\/v2\/media?parent=16395"}],"wp:term":[{"taxonomy":"product_brand","embeddable":true,"href":"https:\/\/crime-passionnel.com\/da\/wp-json\/wp\/v2\/product_brand?post=16395"},{"taxonomy":"product_cat","embeddable":true,"href":"https:\/\/crime-passionnel.com\/da\/wp-json\/wp\/v2\/product_cat?post=16395"},{"taxonomy":"product_tag","embeddable":true,"href":"https:\/\/crime-passionnel.com\/da\/wp-json\/wp\/v2\/product_tag?post=16395"}],"curies":[{"name":"wp","href":"https:\/\/api.w.org\/{rel}","templated":true}]}}