{"id":15598,"date":"2023-02-16T21:09:21","date_gmt":"2023-02-16T21:09:21","guid":{"rendered":"https:\/\/crime-passionnel.com\/?post_type=product&#038;p=15598"},"modified":"2024-10-20T17:07:09","modified_gmt":"2024-10-20T17:07:09","slug":"deadofnight-potion-pendant","status":"publish","type":"product","link":"https:\/\/crime-passionnel.com\/da\/vare\/deadofnight-potion-pendant\/","title":{"rendered":"deadofnight potion vedh\u00e6ng"},"content":{"rendered":"<p>At b\u00e6re potion-vedh\u00e6nget aktiverer den sande magi i rene parfumeolier. Oplev alkymien i Strangeloves dufte ved at holde din potion varm mod din hud for at maksimere dens kraft. Kombineret med den unikke kropskemi giver potion-vedh\u00e6nget b\u00e6reren mulighed for at skabe unikke, m\u00e6rkelige og fortryllende \u00f8jeblikke.<\/p>\n<p>... der er altid en dyb ind\u00e5nding, f\u00f8r man kaster sig ud i nattens m\u00f8rke.<\/p>\n<p>deadofnight giver sine tilh\u00e6ngere mulighed for at tage risici og dykke ned i deres beg\u00e6r. Den er gennemsyret af den forf\u00f8rende kraft fra Oud, en dyrebar aromatisk tr\u00e6harpiks. Oud er eftertragtet, sj\u00e6lden og kr\u00e6ver omhyggelig pr\u00e6cision for at blive udvundet p\u00e5 en b\u00e6redygtig m\u00e5de - og har v\u00e6ret v\u00e6rdsat i \u00e5rhundreder for sin dybt komplekse duft og afrodisiakum.<\/p>\n<p>&nbsp;<\/p>\n<p>Denne overbevisende duft er afbalanceret med roen fra damaskusrose, naturlige violblade, vaniljebalsam og den nuancerede varme fra sandeltr\u00e6, rav og moskus. Resultatet er en vanedannende drik med en dv\u00e6lende sensualitet.<\/p>\n<p>Den f\u00f8rste duft skabt af strangelove, deadofnight, er elsket og v\u00e6kker fascination hos alle, der oplever den.<\/p>\n<p>Specialdesignet 24 karat guldbelagt potion vedh\u00e6ng holdes p\u00e5 en tynd 24 tommer k\u00e6de og indeholder 1,25 ml ren deadofnight parfumeolie.<\/p>\n<p>&nbsp;<\/p>\n<p>INGREDIENSER<\/p>\n<p>Topnoter: Violette blade, gr\u00f8nne friske blade, rose, ingef\u00e6r<\/p>\n<p>Hjertenoter: Oud, Jasmin, Krydderier, Rose, Paradisone<\/p>\n<p>Basisnoter: Oud, patchouli, musk, tuberose-absolut, gulerodsfr\u00f8, vanilje, sandeltr\u00e6, r\u00f8gelse, cedertr\u00e6 og ulvetr\u00e6.<\/p>","protected":false},"excerpt":{"rendered":"<p>Potion-vedh\u00e6ng aktiverer den sande magi i rene parfumeolier<\/p>","protected":false},"featured_media":16403,"template":"","meta":{"_acf_changed":false},"product_brand":[],"product_cat":[767,461,418,15],"product_tag":[],"class_list":{"0":"post-15598","1":"product","2":"type-product","3":"status-publish","4":"has-post-thumbnail","6":"product_cat-accessories","7":"product_cat-gift-ideas","8":"product_cat-new-arrivals","9":"product_cat-perfumes","10":"pa_brands-strangelove","11":"pa_projection-moderate","12":"pa_sizes-1-25ml","13":"pa_style-leather","14":"pa_style-oriental","15":"pa_style-woody","17":"first","18":"instock","19":"taxable","20":"shipping-taxable","21":"purchasable","22":"product-type-simple","23":"add-to-wishlist-before_image"},"acf":[],"yoast_head":"<!-- This site is optimized with the Yoast SEO plugin v27.1.1 - https:\/\/yoast.com\/product\/yoast-seo-wordpress\/ -->\n<title>deadofnight potion pendant Perfume Oil - Crime Passionnel Perfumes<\/title>\n<meta name=\"robots\" content=\"index, follow, max-snippet:-1, max-image-preview:large, max-video-preview:-1\" \/>\n<link rel=\"canonical\" href=\"https:\/\/crime-passionnel.com\/da\/vare\/deadofnight-potion-pendant\/\" \/>\n<meta property=\"og:locale\" content=\"da_DK\" \/>\n<meta property=\"og:type\" content=\"article\" \/>\n<meta property=\"og:title\" content=\"deadofnight potion pendant Perfume Oil - Crime Passionnel Perfumes\" \/>\n<meta property=\"og:description\" content=\"Potion pendant activates the true magic of pure perfume oils\" \/>\n<meta property=\"og:url\" content=\"https:\/\/crime-passionnel.com\/da\/vare\/deadofnight-potion-pendant\/\" \/>\n<meta property=\"og:site_name\" content=\"Crime Passionnel\" \/>\n<meta property=\"article:publisher\" content=\"https:\/\/www.facebook.com\/crimepassionnel\/\" \/>\n<meta property=\"article:modified_time\" content=\"2024-10-20T17:07:09+00:00\" \/>\n<meta property=\"og:image\" content=\"https:\/\/crime-passionnel.com\/wp-content\/uploads\/2023\/02\/deadofnight_24shortnecklace_742832355384-2.jpeg\" \/>\n\t<meta property=\"og:image:width\" content=\"960\" \/>\n\t<meta property=\"og:image:height\" content=\"1222\" \/>\n\t<meta property=\"og:image:type\" content=\"image\/jpeg\" \/>\n<meta name=\"twitter:card\" content=\"summary_large_image\" \/>\n<meta name=\"twitter:label1\" content=\"Estimeret l\u00e6setid\" \/>\n\t<meta name=\"twitter:data1\" content=\"2 minutter\" \/>\n<script type=\"application\/ld+json\" class=\"yoast-schema-graph\">{\"@context\":\"https:\/\/schema.org\",\"@graph\":[{\"@type\":\"WebPage\",\"@id\":\"https:\/\/crime-passionnel.com\/product\/deadofnight-potion-pendant\/\",\"url\":\"https:\/\/crime-passionnel.com\/product\/deadofnight-potion-pendant\/\",\"name\":\"deadofnight potion pendant Perfume Oil - Crime Passionnel Perfumes\",\"isPartOf\":{\"@id\":\"https:\/\/crime-passionnel.com\/#website\"},\"primaryImageOfPage\":{\"@id\":\"https:\/\/crime-passionnel.com\/product\/deadofnight-potion-pendant\/#primaryimage\"},\"image\":{\"@id\":\"https:\/\/crime-passionnel.com\/product\/deadofnight-potion-pendant\/#primaryimage\"},\"thumbnailUrl\":\"https:\/\/crime-passionnel.com\/wp-content\/uploads\/2023\/02\/deadofnight_24shortnecklace_742832355384-2.jpeg\",\"datePublished\":\"2023-02-16T21:09:21+00:00\",\"dateModified\":\"2024-10-20T17:07:09+00:00\",\"breadcrumb\":{\"@id\":\"https:\/\/crime-passionnel.com\/product\/deadofnight-potion-pendant\/#breadcrumb\"},\"inLanguage\":\"da-DK\",\"potentialAction\":[{\"@type\":\"ReadAction\",\"target\":[\"https:\/\/crime-passionnel.com\/product\/deadofnight-potion-pendant\/\"]}]},{\"@type\":\"ImageObject\",\"inLanguage\":\"da-DK\",\"@id\":\"https:\/\/crime-passionnel.com\/product\/deadofnight-potion-pendant\/#primaryimage\",\"url\":\"https:\/\/crime-passionnel.com\/wp-content\/uploads\/2023\/02\/deadofnight_24shortnecklace_742832355384-2.jpeg\",\"contentUrl\":\"https:\/\/crime-passionnel.com\/wp-content\/uploads\/2023\/02\/deadofnight_24shortnecklace_742832355384-2.jpeg\",\"width\":960,\"height\":1222},{\"@type\":\"BreadcrumbList\",\"@id\":\"https:\/\/crime-passionnel.com\/product\/deadofnight-potion-pendant\/#breadcrumb\",\"itemListElement\":[{\"@type\":\"ListItem\",\"position\":1,\"name\":\"Home\",\"item\":\"https:\/\/crime-passionnel.com\/\"},{\"@type\":\"ListItem\",\"position\":2,\"name\":\"Products\",\"item\":\"https:\/\/crime-passionnel.com\/products\/\"},{\"@type\":\"ListItem\",\"position\":3,\"name\":\"deadofnight potion pendant\"}]},{\"@type\":\"WebSite\",\"@id\":\"https:\/\/crime-passionnel.com\/#website\",\"url\":\"https:\/\/crime-passionnel.com\/\",\"name\":\"Crime Passionnel\",\"description\":\"\",\"publisher\":{\"@id\":\"https:\/\/crime-passionnel.com\/#organization\"},\"potentialAction\":[{\"@type\":\"SearchAction\",\"target\":{\"@type\":\"EntryPoint\",\"urlTemplate\":\"https:\/\/crime-passionnel.com\/?s={search_term_string}\"},\"query-input\":{\"@type\":\"PropertyValueSpecification\",\"valueRequired\":true,\"valueName\":\"search_term_string\"}}],\"inLanguage\":\"da-DK\"},{\"@type\":\"Organization\",\"@id\":\"https:\/\/crime-passionnel.com\/#organization\",\"name\":\"Crime Passionnel\",\"url\":\"https:\/\/crime-passionnel.com\/\",\"logo\":{\"@type\":\"ImageObject\",\"inLanguage\":\"da-DK\",\"@id\":\"https:\/\/crime-passionnel.com\/#\/schema\/logo\/image\/\",\"url\":\"https:\/\/crime-passionnel.com\/wp-content\/uploads\/2021\/07\/logo.png\",\"contentUrl\":\"https:\/\/crime-passionnel.com\/wp-content\/uploads\/2021\/07\/logo.png\",\"width\":128,\"height\":50,\"caption\":\"Crime Passionnel\"},\"image\":{\"@id\":\"https:\/\/crime-passionnel.com\/#\/schema\/logo\/image\/\"},\"sameAs\":[\"https:\/\/www.facebook.com\/crimepassionnel\/\",\"https:\/\/www.instagram.com\/crime.passionnel\/\"]}]}<\/script>\n<!-- \/ Yoast SEO plugin. -->","yoast_head_json":{"title":"deadofnight potion pendant Perfume Oil - Crime Passionnel Perfumes","robots":{"index":"index","follow":"follow","max-snippet":"max-snippet:-1","max-image-preview":"max-image-preview:large","max-video-preview":"max-video-preview:-1"},"canonical":"https:\/\/crime-passionnel.com\/da\/vare\/deadofnight-potion-pendant\/","og_locale":"da_DK","og_type":"article","og_title":"deadofnight potion pendant Perfume Oil - Crime Passionnel Perfumes","og_description":"Potion pendant activates the true magic of pure perfume oils","og_url":"https:\/\/crime-passionnel.com\/da\/vare\/deadofnight-potion-pendant\/","og_site_name":"Crime Passionnel","article_publisher":"https:\/\/www.facebook.com\/crimepassionnel\/","article_modified_time":"2024-10-20T17:07:09+00:00","og_image":[{"width":960,"height":1222,"url":"https:\/\/crime-passionnel.com\/wp-content\/uploads\/2023\/02\/deadofnight_24shortnecklace_742832355384-2.jpeg","type":"image\/jpeg"}],"twitter_card":"summary_large_image","twitter_misc":{"Estimeret l\u00e6setid":"2 minutter"},"schema":{"@context":"https:\/\/schema.org","@graph":[{"@type":"WebPage","@id":"https:\/\/crime-passionnel.com\/product\/deadofnight-potion-pendant\/","url":"https:\/\/crime-passionnel.com\/product\/deadofnight-potion-pendant\/","name":"deadofnight potion pendant Perfume Oil - Crime Passionnel Perfumes","isPartOf":{"@id":"https:\/\/crime-passionnel.com\/#website"},"primaryImageOfPage":{"@id":"https:\/\/crime-passionnel.com\/product\/deadofnight-potion-pendant\/#primaryimage"},"image":{"@id":"https:\/\/crime-passionnel.com\/product\/deadofnight-potion-pendant\/#primaryimage"},"thumbnailUrl":"https:\/\/crime-passionnel.com\/wp-content\/uploads\/2023\/02\/deadofnight_24shortnecklace_742832355384-2.jpeg","datePublished":"2023-02-16T21:09:21+00:00","dateModified":"2024-10-20T17:07:09+00:00","breadcrumb":{"@id":"https:\/\/crime-passionnel.com\/product\/deadofnight-potion-pendant\/#breadcrumb"},"inLanguage":"da-DK","potentialAction":[{"@type":"ReadAction","target":["https:\/\/crime-passionnel.com\/product\/deadofnight-potion-pendant\/"]}]},{"@type":"ImageObject","inLanguage":"da-DK","@id":"https:\/\/crime-passionnel.com\/product\/deadofnight-potion-pendant\/#primaryimage","url":"https:\/\/crime-passionnel.com\/wp-content\/uploads\/2023\/02\/deadofnight_24shortnecklace_742832355384-2.jpeg","contentUrl":"https:\/\/crime-passionnel.com\/wp-content\/uploads\/2023\/02\/deadofnight_24shortnecklace_742832355384-2.jpeg","width":960,"height":1222},{"@type":"BreadcrumbList","@id":"https:\/\/crime-passionnel.com\/product\/deadofnight-potion-pendant\/#breadcrumb","itemListElement":[{"@type":"ListItem","position":1,"name":"Home","item":"https:\/\/crime-passionnel.com\/"},{"@type":"ListItem","position":2,"name":"Products","item":"https:\/\/crime-passionnel.com\/products\/"},{"@type":"ListItem","position":3,"name":"deadofnight potion pendant"}]},{"@type":"WebSite","@id":"https:\/\/crime-passionnel.com\/#website","url":"https:\/\/crime-passionnel.com\/","name":"Forbrydelse og lidenskab","description":"","publisher":{"@id":"https:\/\/crime-passionnel.com\/#organization"},"potentialAction":[{"@type":"SearchAction","target":{"@type":"EntryPoint","urlTemplate":"https:\/\/crime-passionnel.com\/?s={search_term_string}"},"query-input":{"@type":"PropertyValueSpecification","valueRequired":true,"valueName":"search_term_string"}}],"inLanguage":"da-DK"},{"@type":"Organization","@id":"https:\/\/crime-passionnel.com\/#organization","name":"Forbrydelse og lidenskab","url":"https:\/\/crime-passionnel.com\/","logo":{"@type":"ImageObject","inLanguage":"da-DK","@id":"https:\/\/crime-passionnel.com\/#\/schema\/logo\/image\/","url":"https:\/\/crime-passionnel.com\/wp-content\/uploads\/2021\/07\/logo.png","contentUrl":"https:\/\/crime-passionnel.com\/wp-content\/uploads\/2021\/07\/logo.png","width":128,"height":50,"caption":"Crime Passionnel"},"image":{"@id":"https:\/\/crime-passionnel.com\/#\/schema\/logo\/image\/"},"sameAs":["https:\/\/www.facebook.com\/crimepassionnel\/","https:\/\/www.instagram.com\/crime.passionnel\/"]}]}},"_links":{"self":[{"href":"https:\/\/crime-passionnel.com\/da\/wp-json\/wp\/v2\/product\/15598","targetHints":{"allow":["GET"]}}],"collection":[{"href":"https:\/\/crime-passionnel.com\/da\/wp-json\/wp\/v2\/product"}],"about":[{"href":"https:\/\/crime-passionnel.com\/da\/wp-json\/wp\/v2\/types\/product"}],"wp:featuredmedia":[{"embeddable":true,"href":"https:\/\/crime-passionnel.com\/da\/wp-json\/wp\/v2\/media\/16403"}],"wp:attachment":[{"href":"https:\/\/crime-passionnel.com\/da\/wp-json\/wp\/v2\/media?parent=15598"}],"wp:term":[{"taxonomy":"product_brand","embeddable":true,"href":"https:\/\/crime-passionnel.com\/da\/wp-json\/wp\/v2\/product_brand?post=15598"},{"taxonomy":"product_cat","embeddable":true,"href":"https:\/\/crime-passionnel.com\/da\/wp-json\/wp\/v2\/product_cat?post=15598"},{"taxonomy":"product_tag","embeddable":true,"href":"https:\/\/crime-passionnel.com\/da\/wp-json\/wp\/v2\/product_tag?post=15598"}],"curies":[{"name":"wp","href":"https:\/\/api.w.org\/{rel}","templated":true}]}}