{"id":11911,"date":"2022-11-20T22:02:09","date_gmt":"2022-11-20T22:02:09","guid":{"rendered":"https:\/\/crime-passionnel.com\/?post_type=product&#038;p=11911"},"modified":"2025-07-16T19:50:28","modified_gmt":"2025-07-16T19:50:28","slug":"3-fleurs","status":"publish","type":"product","link":"https:\/\/crime-passionnel.com\/da\/vare\/3-fleurs\/","title":{"rendered":"3 blomster"},"content":{"rendered":"<p>En saftgr\u00f8n t\u00e5re af galbanum, et spr\u00f8dt mynteblad, en enest\u00e5ende kvalitet af rose, den uber\u00f8rte hvidhed af en sofistikeret jasmin og tuberosens vildskab, forst\u00e6rket af en hvid moskuscocktail... 3 FLEURS fort\u00e6ller tre k\u00e6rlighedshistorier med tre stemmer, gennem tre blomster...<br \/>\nRosen eller den lidenskabelige k\u00e6rlighed... For florentineren Dante var den symbolet p\u00e5 Paradis; dens uovertrufne duft gennemsyrer persisk poesi, hvor den udtrykker den reneste k\u00e6rlighed. For den franske digter Ronsard er \"rosen k\u00e6rlighedens buket, rosen er gudernes parfume\"... I det gamle Rom blev bassiner fyldt med rosenblade; blomsterne blev dedikeret til Venus, hvis s\u00f8n Amor bar dem som en krone... Den kraftfulde, men delikate duft af rose \u00e5bner 3 FLEURS med en ren, sv\u00e6vende tone, f\u00f8r den siver ind i hjertet.<br \/>\nJasmin eller romantisk k\u00e6rlighed ... En blomst, der plukkes ved daggry, for at k\u00e6rligheden kan blomstre under solen. Jasmin er et af de mest almindelige billeder i mellem\u00f8stlig poesi; den bruges i amuletter til at skaffe k\u00e6rlighed ... Dens s\u00f8de, berusende duft breder sig i Scheherazades fort\u00e6llinger fra 1001 nat. I 3 FLEURS udvikler den alle sine frugtagtige, animalske facetter.<br \/>\nTuberose, eller forbudt k\u00e6rlighed ... Det er blomsten for beg\u00e6r og sensuel nydelse. I den italienske ren\u00e6ssance mente man, at dens berusende duft kunne bringe jomfruer i fare, og de blev forbudt at g\u00e5 i tuberosehaver om natten af frygt for, at deres dyd skulle bukke under.  Den fyldige, mystiske duft af tuberose udtrykker det k\u00f8delige beg\u00e6rs ut\u00e6mmelige natur i 3 FLEURS.<\/p>\n<p>&nbsp;<\/p>\n<p>NGREDIENSER<\/p>\n<p>Noter: Rose, jasmin, tuberose, galbanum, moskus<\/p>","protected":false},"excerpt":{"rendered":"<p>K\u00e6rlighed \/ romantik \/ forf\u00f8relse<\/p>","protected":false},"featured_media":11914,"template":"","meta":{"_acf_changed":false},"product_brand":[],"product_cat":[15],"product_tag":[],"class_list":{"0":"post-11911","1":"product","2":"type-product","3":"status-publish","4":"has-post-thumbnail","6":"product_cat-perfumes","7":"pa_brands-parfum-dempire","8":"pa_projection-moderate","9":"pa_sizes-2ml-sample","10":"pa_sizes-100ml","11":"pa_style-floral","13":"first","14":"instock","15":"taxable","16":"shipping-taxable","17":"purchasable","18":"product-type-variable","19":"add-to-wishlist-before_image"},"acf":[],"yoast_head":"<!-- This site is optimized with the Yoast SEO plugin v27.1.1 - https:\/\/yoast.com\/product\/yoast-seo-wordpress\/ -->\n<title>3 Fleurs Eau de Parfum - Crime Passionnel Parfume Online<\/title>\n<meta name=\"description\" content=\"In EQUISTRIUS perfume, no less than three different extracts of Florentine iris were used to express all of its facets: violet, powder, suede\" \/>\n<meta name=\"robots\" content=\"index, follow, max-snippet:-1, max-image-preview:large, max-video-preview:-1\" \/>\n<link rel=\"canonical\" href=\"https:\/\/crime-passionnel.com\/da\/vare\/3-fleurs\/\" \/>\n<meta property=\"og:locale\" content=\"da_DK\" \/>\n<meta property=\"og:type\" content=\"article\" \/>\n<meta property=\"og:title\" content=\"3 Fleurs Eau de Parfum - Crime Passionnel Parfume Online\" \/>\n<meta property=\"og:description\" content=\"In EQUISTRIUS perfume, no less than three different extracts of Florentine iris were used to express all of its facets: violet, powder, suede\" \/>\n<meta property=\"og:url\" content=\"https:\/\/crime-passionnel.com\/da\/vare\/3-fleurs\/\" \/>\n<meta property=\"og:site_name\" content=\"Crime Passionnel\" \/>\n<meta property=\"article:publisher\" content=\"https:\/\/www.facebook.com\/crimepassionnel\/\" \/>\n<meta property=\"article:modified_time\" content=\"2025-07-16T19:50:28+00:00\" \/>\n<meta property=\"og:image\" content=\"https:\/\/crime-passionnel.com\/wp-content\/uploads\/2022\/11\/3-FLEURS-scaled.jpg\" \/>\n\t<meta property=\"og:image:width\" content=\"1945\" \/>\n\t<meta property=\"og:image:height\" content=\"2560\" \/>\n\t<meta property=\"og:image:type\" content=\"image\/jpeg\" \/>\n<meta name=\"twitter:card\" content=\"summary_large_image\" \/>\n<meta name=\"twitter:label1\" content=\"Estimeret l\u00e6setid\" \/>\n\t<meta name=\"twitter:data1\" content=\"2 minutter\" \/>\n<script type=\"application\/ld+json\" class=\"yoast-schema-graph\">{\"@context\":\"https:\/\/schema.org\",\"@graph\":[{\"@type\":\"WebPage\",\"@id\":\"https:\/\/crime-passionnel.com\/product\/3-fleurs\/\",\"url\":\"https:\/\/crime-passionnel.com\/product\/3-fleurs\/\",\"name\":\"3 Fleurs Eau de Parfum - Crime Passionnel Parfume Online\",\"isPartOf\":{\"@id\":\"https:\/\/crime-passionnel.com\/#website\"},\"primaryImageOfPage\":{\"@id\":\"https:\/\/crime-passionnel.com\/product\/3-fleurs\/#primaryimage\"},\"image\":{\"@id\":\"https:\/\/crime-passionnel.com\/product\/3-fleurs\/#primaryimage\"},\"thumbnailUrl\":\"https:\/\/crime-passionnel.com\/wp-content\/uploads\/2022\/11\/3-FLEURS-scaled.jpg\",\"datePublished\":\"2022-11-20T22:02:09+00:00\",\"dateModified\":\"2025-07-16T19:50:28+00:00\",\"description\":\"In EQUISTRIUS perfume, no less than three different extracts of Florentine iris were used to express all of its facets: violet, powder, suede\",\"breadcrumb\":{\"@id\":\"https:\/\/crime-passionnel.com\/product\/3-fleurs\/#breadcrumb\"},\"inLanguage\":\"da-DK\",\"potentialAction\":[{\"@type\":\"ReadAction\",\"target\":[\"https:\/\/crime-passionnel.com\/product\/3-fleurs\/\"]}]},{\"@type\":\"ImageObject\",\"inLanguage\":\"da-DK\",\"@id\":\"https:\/\/crime-passionnel.com\/product\/3-fleurs\/#primaryimage\",\"url\":\"https:\/\/crime-passionnel.com\/wp-content\/uploads\/2022\/11\/3-FLEURS-scaled.jpg\",\"contentUrl\":\"https:\/\/crime-passionnel.com\/wp-content\/uploads\/2022\/11\/3-FLEURS-scaled.jpg\",\"width\":1945,\"height\":2560,\"caption\":\"3 FLEURS\"},{\"@type\":\"BreadcrumbList\",\"@id\":\"https:\/\/crime-passionnel.com\/product\/3-fleurs\/#breadcrumb\",\"itemListElement\":[{\"@type\":\"ListItem\",\"position\":1,\"name\":\"Home\",\"item\":\"https:\/\/crime-passionnel.com\/\"},{\"@type\":\"ListItem\",\"position\":2,\"name\":\"Products\",\"item\":\"https:\/\/crime-passionnel.com\/products\/\"},{\"@type\":\"ListItem\",\"position\":3,\"name\":\"3 Fleurs\"}]},{\"@type\":\"WebSite\",\"@id\":\"https:\/\/crime-passionnel.com\/#website\",\"url\":\"https:\/\/crime-passionnel.com\/\",\"name\":\"Crime Passionnel\",\"description\":\"\",\"publisher\":{\"@id\":\"https:\/\/crime-passionnel.com\/#organization\"},\"potentialAction\":[{\"@type\":\"SearchAction\",\"target\":{\"@type\":\"EntryPoint\",\"urlTemplate\":\"https:\/\/crime-passionnel.com\/?s={search_term_string}\"},\"query-input\":{\"@type\":\"PropertyValueSpecification\",\"valueRequired\":true,\"valueName\":\"search_term_string\"}}],\"inLanguage\":\"da-DK\"},{\"@type\":\"Organization\",\"@id\":\"https:\/\/crime-passionnel.com\/#organization\",\"name\":\"Crime Passionnel\",\"url\":\"https:\/\/crime-passionnel.com\/\",\"logo\":{\"@type\":\"ImageObject\",\"inLanguage\":\"da-DK\",\"@id\":\"https:\/\/crime-passionnel.com\/#\/schema\/logo\/image\/\",\"url\":\"https:\/\/crime-passionnel.com\/wp-content\/uploads\/2021\/07\/logo.png\",\"contentUrl\":\"https:\/\/crime-passionnel.com\/wp-content\/uploads\/2021\/07\/logo.png\",\"width\":128,\"height\":50,\"caption\":\"Crime Passionnel\"},\"image\":{\"@id\":\"https:\/\/crime-passionnel.com\/#\/schema\/logo\/image\/\"},\"sameAs\":[\"https:\/\/www.facebook.com\/crimepassionnel\/\",\"https:\/\/www.instagram.com\/crime.passionnel\/\"]}]}<\/script>\n<!-- \/ Yoast SEO plugin. -->","yoast_head_json":{"title":"3 Fleurs Eau de Parfum - Crime Passionnel Parfume Online","description":"In EQUISTRIUS perfume, no less than three different extracts of Florentine iris were used to express all of its facets: violet, powder, suede","robots":{"index":"index","follow":"follow","max-snippet":"max-snippet:-1","max-image-preview":"max-image-preview:large","max-video-preview":"max-video-preview:-1"},"canonical":"https:\/\/crime-passionnel.com\/da\/vare\/3-fleurs\/","og_locale":"da_DK","og_type":"article","og_title":"3 Fleurs Eau de Parfum - Crime Passionnel Parfume Online","og_description":"In EQUISTRIUS perfume, no less than three different extracts of Florentine iris were used to express all of its facets: violet, powder, suede","og_url":"https:\/\/crime-passionnel.com\/da\/vare\/3-fleurs\/","og_site_name":"Crime Passionnel","article_publisher":"https:\/\/www.facebook.com\/crimepassionnel\/","article_modified_time":"2025-07-16T19:50:28+00:00","og_image":[{"width":1945,"height":2560,"url":"https:\/\/crime-passionnel.com\/wp-content\/uploads\/2022\/11\/3-FLEURS-scaled.jpg","type":"image\/jpeg"}],"twitter_card":"summary_large_image","twitter_misc":{"Estimeret l\u00e6setid":"2 minutter"},"schema":{"@context":"https:\/\/schema.org","@graph":[{"@type":"WebPage","@id":"https:\/\/crime-passionnel.com\/product\/3-fleurs\/","url":"https:\/\/crime-passionnel.com\/product\/3-fleurs\/","name":"3 Fleurs Eau de Parfum - Crime Passionnel Parfume Online","isPartOf":{"@id":"https:\/\/crime-passionnel.com\/#website"},"primaryImageOfPage":{"@id":"https:\/\/crime-passionnel.com\/product\/3-fleurs\/#primaryimage"},"image":{"@id":"https:\/\/crime-passionnel.com\/product\/3-fleurs\/#primaryimage"},"thumbnailUrl":"https:\/\/crime-passionnel.com\/wp-content\/uploads\/2022\/11\/3-FLEURS-scaled.jpg","datePublished":"2022-11-20T22:02:09+00:00","dateModified":"2025-07-16T19:50:28+00:00","description":"In EQUISTRIUS perfume, no less than three different extracts of Florentine iris were used to express all of its facets: violet, powder, suede","breadcrumb":{"@id":"https:\/\/crime-passionnel.com\/product\/3-fleurs\/#breadcrumb"},"inLanguage":"da-DK","potentialAction":[{"@type":"ReadAction","target":["https:\/\/crime-passionnel.com\/product\/3-fleurs\/"]}]},{"@type":"ImageObject","inLanguage":"da-DK","@id":"https:\/\/crime-passionnel.com\/product\/3-fleurs\/#primaryimage","url":"https:\/\/crime-passionnel.com\/wp-content\/uploads\/2022\/11\/3-FLEURS-scaled.jpg","contentUrl":"https:\/\/crime-passionnel.com\/wp-content\/uploads\/2022\/11\/3-FLEURS-scaled.jpg","width":1945,"height":2560,"caption":"3 FLEURS"},{"@type":"BreadcrumbList","@id":"https:\/\/crime-passionnel.com\/product\/3-fleurs\/#breadcrumb","itemListElement":[{"@type":"ListItem","position":1,"name":"Home","item":"https:\/\/crime-passionnel.com\/"},{"@type":"ListItem","position":2,"name":"Products","item":"https:\/\/crime-passionnel.com\/products\/"},{"@type":"ListItem","position":3,"name":"3 Fleurs"}]},{"@type":"WebSite","@id":"https:\/\/crime-passionnel.com\/#website","url":"https:\/\/crime-passionnel.com\/","name":"Forbrydelse og lidenskab","description":"","publisher":{"@id":"https:\/\/crime-passionnel.com\/#organization"},"potentialAction":[{"@type":"SearchAction","target":{"@type":"EntryPoint","urlTemplate":"https:\/\/crime-passionnel.com\/?s={search_term_string}"},"query-input":{"@type":"PropertyValueSpecification","valueRequired":true,"valueName":"search_term_string"}}],"inLanguage":"da-DK"},{"@type":"Organization","@id":"https:\/\/crime-passionnel.com\/#organization","name":"Forbrydelse og lidenskab","url":"https:\/\/crime-passionnel.com\/","logo":{"@type":"ImageObject","inLanguage":"da-DK","@id":"https:\/\/crime-passionnel.com\/#\/schema\/logo\/image\/","url":"https:\/\/crime-passionnel.com\/wp-content\/uploads\/2021\/07\/logo.png","contentUrl":"https:\/\/crime-passionnel.com\/wp-content\/uploads\/2021\/07\/logo.png","width":128,"height":50,"caption":"Crime Passionnel"},"image":{"@id":"https:\/\/crime-passionnel.com\/#\/schema\/logo\/image\/"},"sameAs":["https:\/\/www.facebook.com\/crimepassionnel\/","https:\/\/www.instagram.com\/crime.passionnel\/"]}]}},"_links":{"self":[{"href":"https:\/\/crime-passionnel.com\/da\/wp-json\/wp\/v2\/product\/11911","targetHints":{"allow":["GET"]}}],"collection":[{"href":"https:\/\/crime-passionnel.com\/da\/wp-json\/wp\/v2\/product"}],"about":[{"href":"https:\/\/crime-passionnel.com\/da\/wp-json\/wp\/v2\/types\/product"}],"wp:featuredmedia":[{"embeddable":true,"href":"https:\/\/crime-passionnel.com\/da\/wp-json\/wp\/v2\/media\/11914"}],"wp:attachment":[{"href":"https:\/\/crime-passionnel.com\/da\/wp-json\/wp\/v2\/media?parent=11911"}],"wp:term":[{"taxonomy":"product_brand","embeddable":true,"href":"https:\/\/crime-passionnel.com\/da\/wp-json\/wp\/v2\/product_brand?post=11911"},{"taxonomy":"product_cat","embeddable":true,"href":"https:\/\/crime-passionnel.com\/da\/wp-json\/wp\/v2\/product_cat?post=11911"},{"taxonomy":"product_tag","embeddable":true,"href":"https:\/\/crime-passionnel.com\/da\/wp-json\/wp\/v2\/product_tag?post=11911"}],"curies":[{"name":"wp","href":"https:\/\/api.w.org\/{rel}","templated":true}]}}