{"id":11906,"date":"2022-11-20T21:52:39","date_gmt":"2022-11-20T21:52:39","guid":{"rendered":"https:\/\/crime-passionnel.com\/?post_type=product&#038;p=11906"},"modified":"2026-03-04T19:28:16","modified_gmt":"2026-03-04T19:28:16","slug":"le-cri","status":"publish","type":"product","link":"https:\/\/crime-passionnel.com\/da\/vare\/le-cri\/","title":{"rendered":"Le Cri"},"content":{"rendered":"<p>Le Cri's sv\u00e6vende r\u00e5b er et kald til genf\u00f8dsel. Krystalklar ambrette, en vegetabilsk moskus med eau-de-vie-facetter, bestr\u00e5ler en opaliserende iris, der er gennemsk\u00e5ret af gl\u00f8dende rose. I skyggen af disse skinnende noter stryger en subtil tr\u00e6agtig base mod huden.<br \/>\nMed Le Cri forts\u00e6tter Marc-Antoine Corticchiato sin erobring af den olfaktoriske verden. Ud over at dufte godt er det en s\u00f8gen efter lys. Efter udstr\u00e5ling.<br \/>\nTre rene og klare stemmer giver ekko af hinanden i denne sang til en gryende dag. Ambrette klinger med en krystalklar note af eau-de-vie. En pudret florentinsk iris blander sin gennemsigtige aria med de fyrige toner fra tyrkisk rose og g\u00f8r Le Cri til en str\u00e5lende harmoni.<br \/>\nB\u00e5de en \u00e6terisk glorie og en sp\u00e6ndende flyvetur frem mod daggry.<br \/>\nI denne nye sammens\u00e6tning bringer ingrediensernes rigdom luksus tilbage til sin oprindelige betydning, fra det latinske lux.<\/p>\n<p>Luksus, bragt frem i lyset.<\/p>\n<p>&nbsp;<\/p>\n<p>INGREDIENSER<\/p>\n<p>Noter: Ambrette, brandy, iris, rose<\/p>","protected":false},"excerpt":{"rendered":"<p>Luksus, bragt frem i lyset<\/p>","protected":false},"featured_media":11909,"template":"","meta":{"_acf_changed":false},"product_brand":[],"product_cat":[15],"product_tag":[],"class_list":{"0":"post-11906","1":"product","2":"type-product","3":"status-publish","4":"has-post-thumbnail","6":"product_cat-perfumes","7":"pa_brands-parfum-dempire","8":"pa_projection-moderate","9":"pa_sizes-2ml-sample","10":"pa_sizes-50ml","11":"pa_style-floral","13":"first","14":"instock","15":"taxable","16":"shipping-taxable","17":"purchasable","18":"product-type-variable","19":"add-to-wishlist-before_image"},"acf":[],"yoast_head":"<!-- This site is optimized with the Yoast SEO plugin v27.1.1 - https:\/\/yoast.com\/product\/yoast-seo-wordpress\/ -->\n<title>Le Cri Eau de Parfum - Crime Passionnel<\/title>\n<meta name=\"description\" content=\"A perfume for the initiated, Tabac Tabou is also a perfume for the rarity of certain ingredients. A whiff of the savanna, honey, heated skin, wild grass.\" \/>\n<meta name=\"robots\" content=\"index, follow, max-snippet:-1, max-image-preview:large, max-video-preview:-1\" \/>\n<link rel=\"canonical\" href=\"https:\/\/crime-passionnel.com\/da\/vare\/le-cri\/\" \/>\n<meta property=\"og:locale\" content=\"da_DK\" \/>\n<meta property=\"og:type\" content=\"article\" \/>\n<meta property=\"og:title\" content=\"Le Cri Eau de Parfum - Crime Passionnel\" \/>\n<meta property=\"og:description\" content=\"A perfume for the initiated, Tabac Tabou is also a perfume for the rarity of certain ingredients. A whiff of the savanna, honey, heated skin, wild grass.\" \/>\n<meta property=\"og:url\" content=\"https:\/\/crime-passionnel.com\/da\/vare\/le-cri\/\" \/>\n<meta property=\"og:site_name\" content=\"Crime Passionnel\" \/>\n<meta property=\"article:publisher\" content=\"https:\/\/www.facebook.com\/crimepassionnel\/\" \/>\n<meta property=\"article:modified_time\" content=\"2026-03-04T19:28:16+00:00\" \/>\n<meta property=\"og:image\" content=\"https:\/\/crime-passionnel.com\/wp-content\/uploads\/2022\/11\/Le-Cri-50ML-scaled.jpg\" \/>\n\t<meta property=\"og:image:width\" content=\"1945\" \/>\n\t<meta property=\"og:image:height\" content=\"2560\" \/>\n\t<meta property=\"og:image:type\" content=\"image\/jpeg\" \/>\n<meta name=\"twitter:card\" content=\"summary_large_image\" \/>\n<meta name=\"twitter:label1\" content=\"Estimeret l\u00e6setid\" \/>\n\t<meta name=\"twitter:data1\" content=\"1 minut\" \/>\n<script type=\"application\/ld+json\" class=\"yoast-schema-graph\">{\"@context\":\"https:\/\/schema.org\",\"@graph\":[{\"@type\":\"WebPage\",\"@id\":\"https:\/\/crime-passionnel.com\/product\/le-cri\/\",\"url\":\"https:\/\/crime-passionnel.com\/product\/le-cri\/\",\"name\":\"Le Cri Eau de Parfum - Crime Passionnel\",\"isPartOf\":{\"@id\":\"https:\/\/crime-passionnel.com\/#website\"},\"primaryImageOfPage\":{\"@id\":\"https:\/\/crime-passionnel.com\/product\/le-cri\/#primaryimage\"},\"image\":{\"@id\":\"https:\/\/crime-passionnel.com\/product\/le-cri\/#primaryimage\"},\"thumbnailUrl\":\"https:\/\/crime-passionnel.com\/wp-content\/uploads\/2022\/11\/Le-Cri-50ML-scaled.jpg\",\"datePublished\":\"2022-11-20T21:52:39+00:00\",\"dateModified\":\"2026-03-04T19:28:16+00:00\",\"description\":\"A perfume for the initiated, Tabac Tabou is also a perfume for the rarity of certain ingredients. A whiff of the savanna, honey, heated skin, wild grass.\",\"breadcrumb\":{\"@id\":\"https:\/\/crime-passionnel.com\/product\/le-cri\/#breadcrumb\"},\"inLanguage\":\"da-DK\",\"potentialAction\":[{\"@type\":\"ReadAction\",\"target\":[\"https:\/\/crime-passionnel.com\/product\/le-cri\/\"]}]},{\"@type\":\"ImageObject\",\"inLanguage\":\"da-DK\",\"@id\":\"https:\/\/crime-passionnel.com\/product\/le-cri\/#primaryimage\",\"url\":\"https:\/\/crime-passionnel.com\/wp-content\/uploads\/2022\/11\/Le-Cri-50ML-scaled.jpg\",\"contentUrl\":\"https:\/\/crime-passionnel.com\/wp-content\/uploads\/2022\/11\/Le-Cri-50ML-scaled.jpg\",\"width\":1945,\"height\":2560,\"caption\":\"Le Cri\"},{\"@type\":\"BreadcrumbList\",\"@id\":\"https:\/\/crime-passionnel.com\/product\/le-cri\/#breadcrumb\",\"itemListElement\":[{\"@type\":\"ListItem\",\"position\":1,\"name\":\"Home\",\"item\":\"https:\/\/crime-passionnel.com\/\"},{\"@type\":\"ListItem\",\"position\":2,\"name\":\"Products\",\"item\":\"https:\/\/crime-passionnel.com\/products\/\"},{\"@type\":\"ListItem\",\"position\":3,\"name\":\"Le Cri\"}]},{\"@type\":\"WebSite\",\"@id\":\"https:\/\/crime-passionnel.com\/#website\",\"url\":\"https:\/\/crime-passionnel.com\/\",\"name\":\"Crime Passionnel\",\"description\":\"\",\"publisher\":{\"@id\":\"https:\/\/crime-passionnel.com\/#organization\"},\"potentialAction\":[{\"@type\":\"SearchAction\",\"target\":{\"@type\":\"EntryPoint\",\"urlTemplate\":\"https:\/\/crime-passionnel.com\/?s={search_term_string}\"},\"query-input\":{\"@type\":\"PropertyValueSpecification\",\"valueRequired\":true,\"valueName\":\"search_term_string\"}}],\"inLanguage\":\"da-DK\"},{\"@type\":\"Organization\",\"@id\":\"https:\/\/crime-passionnel.com\/#organization\",\"name\":\"Crime Passionnel\",\"url\":\"https:\/\/crime-passionnel.com\/\",\"logo\":{\"@type\":\"ImageObject\",\"inLanguage\":\"da-DK\",\"@id\":\"https:\/\/crime-passionnel.com\/#\/schema\/logo\/image\/\",\"url\":\"https:\/\/crime-passionnel.com\/wp-content\/uploads\/2021\/07\/logo.png\",\"contentUrl\":\"https:\/\/crime-passionnel.com\/wp-content\/uploads\/2021\/07\/logo.png\",\"width\":128,\"height\":50,\"caption\":\"Crime Passionnel\"},\"image\":{\"@id\":\"https:\/\/crime-passionnel.com\/#\/schema\/logo\/image\/\"},\"sameAs\":[\"https:\/\/www.facebook.com\/crimepassionnel\/\",\"https:\/\/www.instagram.com\/crime.passionnel\/\"]}]}<\/script>\n<!-- \/ Yoast SEO plugin. -->","yoast_head_json":{"title":"Le Cri Eau de Parfum - Crime Passionnel","description":"A perfume for the initiated, Tabac Tabou is also a perfume for the rarity of certain ingredients. A whiff of the savanna, honey, heated skin, wild grass.","robots":{"index":"index","follow":"follow","max-snippet":"max-snippet:-1","max-image-preview":"max-image-preview:large","max-video-preview":"max-video-preview:-1"},"canonical":"https:\/\/crime-passionnel.com\/da\/vare\/le-cri\/","og_locale":"da_DK","og_type":"article","og_title":"Le Cri Eau de Parfum - Crime Passionnel","og_description":"A perfume for the initiated, Tabac Tabou is also a perfume for the rarity of certain ingredients. A whiff of the savanna, honey, heated skin, wild grass.","og_url":"https:\/\/crime-passionnel.com\/da\/vare\/le-cri\/","og_site_name":"Crime Passionnel","article_publisher":"https:\/\/www.facebook.com\/crimepassionnel\/","article_modified_time":"2026-03-04T19:28:16+00:00","og_image":[{"width":1945,"height":2560,"url":"https:\/\/crime-passionnel.com\/wp-content\/uploads\/2022\/11\/Le-Cri-50ML-scaled.jpg","type":"image\/jpeg"}],"twitter_card":"summary_large_image","twitter_misc":{"Estimeret l\u00e6setid":"1 minut"},"schema":{"@context":"https:\/\/schema.org","@graph":[{"@type":"WebPage","@id":"https:\/\/crime-passionnel.com\/product\/le-cri\/","url":"https:\/\/crime-passionnel.com\/product\/le-cri\/","name":"Le Cri Eau de Parfum - Crime Passionnel","isPartOf":{"@id":"https:\/\/crime-passionnel.com\/#website"},"primaryImageOfPage":{"@id":"https:\/\/crime-passionnel.com\/product\/le-cri\/#primaryimage"},"image":{"@id":"https:\/\/crime-passionnel.com\/product\/le-cri\/#primaryimage"},"thumbnailUrl":"https:\/\/crime-passionnel.com\/wp-content\/uploads\/2022\/11\/Le-Cri-50ML-scaled.jpg","datePublished":"2022-11-20T21:52:39+00:00","dateModified":"2026-03-04T19:28:16+00:00","description":"A perfume for the initiated, Tabac Tabou is also a perfume for the rarity of certain ingredients. A whiff of the savanna, honey, heated skin, wild grass.","breadcrumb":{"@id":"https:\/\/crime-passionnel.com\/product\/le-cri\/#breadcrumb"},"inLanguage":"da-DK","potentialAction":[{"@type":"ReadAction","target":["https:\/\/crime-passionnel.com\/product\/le-cri\/"]}]},{"@type":"ImageObject","inLanguage":"da-DK","@id":"https:\/\/crime-passionnel.com\/product\/le-cri\/#primaryimage","url":"https:\/\/crime-passionnel.com\/wp-content\/uploads\/2022\/11\/Le-Cri-50ML-scaled.jpg","contentUrl":"https:\/\/crime-passionnel.com\/wp-content\/uploads\/2022\/11\/Le-Cri-50ML-scaled.jpg","width":1945,"height":2560,"caption":"Le Cri"},{"@type":"BreadcrumbList","@id":"https:\/\/crime-passionnel.com\/product\/le-cri\/#breadcrumb","itemListElement":[{"@type":"ListItem","position":1,"name":"Home","item":"https:\/\/crime-passionnel.com\/"},{"@type":"ListItem","position":2,"name":"Products","item":"https:\/\/crime-passionnel.com\/products\/"},{"@type":"ListItem","position":3,"name":"Le Cri"}]},{"@type":"WebSite","@id":"https:\/\/crime-passionnel.com\/#website","url":"https:\/\/crime-passionnel.com\/","name":"Forbrydelse og lidenskab","description":"","publisher":{"@id":"https:\/\/crime-passionnel.com\/#organization"},"potentialAction":[{"@type":"SearchAction","target":{"@type":"EntryPoint","urlTemplate":"https:\/\/crime-passionnel.com\/?s={search_term_string}"},"query-input":{"@type":"PropertyValueSpecification","valueRequired":true,"valueName":"search_term_string"}}],"inLanguage":"da-DK"},{"@type":"Organization","@id":"https:\/\/crime-passionnel.com\/#organization","name":"Forbrydelse og lidenskab","url":"https:\/\/crime-passionnel.com\/","logo":{"@type":"ImageObject","inLanguage":"da-DK","@id":"https:\/\/crime-passionnel.com\/#\/schema\/logo\/image\/","url":"https:\/\/crime-passionnel.com\/wp-content\/uploads\/2021\/07\/logo.png","contentUrl":"https:\/\/crime-passionnel.com\/wp-content\/uploads\/2021\/07\/logo.png","width":128,"height":50,"caption":"Crime Passionnel"},"image":{"@id":"https:\/\/crime-passionnel.com\/#\/schema\/logo\/image\/"},"sameAs":["https:\/\/www.facebook.com\/crimepassionnel\/","https:\/\/www.instagram.com\/crime.passionnel\/"]}]}},"_links":{"self":[{"href":"https:\/\/crime-passionnel.com\/da\/wp-json\/wp\/v2\/product\/11906","targetHints":{"allow":["GET"]}}],"collection":[{"href":"https:\/\/crime-passionnel.com\/da\/wp-json\/wp\/v2\/product"}],"about":[{"href":"https:\/\/crime-passionnel.com\/da\/wp-json\/wp\/v2\/types\/product"}],"wp:featuredmedia":[{"embeddable":true,"href":"https:\/\/crime-passionnel.com\/da\/wp-json\/wp\/v2\/media\/11909"}],"wp:attachment":[{"href":"https:\/\/crime-passionnel.com\/da\/wp-json\/wp\/v2\/media?parent=11906"}],"wp:term":[{"taxonomy":"product_brand","embeddable":true,"href":"https:\/\/crime-passionnel.com\/da\/wp-json\/wp\/v2\/product_brand?post=11906"},{"taxonomy":"product_cat","embeddable":true,"href":"https:\/\/crime-passionnel.com\/da\/wp-json\/wp\/v2\/product_cat?post=11906"},{"taxonomy":"product_tag","embeddable":true,"href":"https:\/\/crime-passionnel.com\/da\/wp-json\/wp\/v2\/product_tag?post=11906"}],"curies":[{"name":"wp","href":"https:\/\/api.w.org\/{rel}","templated":true}]}}