{"id":11885,"date":"2022-11-20T21:15:07","date_gmt":"2022-11-20T21:15:07","guid":{"rendered":"https:\/\/crime-passionnel.com\/?post_type=product&#038;p=11885"},"modified":"2026-04-24T10:53:30","modified_gmt":"2026-04-24T10:53:30","slug":"musc-tonkin","status":"publish","type":"product","link":"https:\/\/crime-passionnel.com\/da\/vare\/musc-tonkin\/","title":{"rendered":"Musc Tonkin"},"content":{"rendered":"<p class=\"translation-block\">En kraftfuld, vanedannende, erotisk aura ... Duften af opvarmet k\u00f8d, sol, katteagtig, subtilt l\u00e6deragtig. Denne eliksir genopfinder i en ny, moderne stil den mest suave note i parfumeriet, der er blevet tilbedt i \u00e5rtusinder: Tonkin Musk.<br>\nKineserne har v\u00e6rdsat den siden antikken p\u00e5 grund af dens afrodisiakum. Dens duft blev betragtet som s\u00e5 himmelsk af islam, at den blev blandet i m\u00f8rtlen i nogle moskeer, s\u00e5 de kunne ud\u00e5nde den i solen. Den var s\u00e5 gennemtr\u00e6ngende, at skibe lastet med te n\u00e6gtede at sejle med den af frygt for, at den ville impr\u00e6gnere deres last ... Tonkin-moskus, der produceres af en hjorteart fra Himalaya, var en af de mest v\u00e6rdifulde ingredienser p\u00e5 parfumeurernes palet: Den gennemtr\u00e6ngte deres blandinger med en sensuel aura, der fikserede og forst\u00e6rkede alle andre essenser.<br>\nNaturlig moskus bruges ikke l\u00e6ngere af etiske \u00e5rsager, men den hjems\u00f8ger stadig parfumeurene, da den aldrig er blevet perfekt erstattet. Det er for at indfange dette fascinerende sp\u00f8gelse, at Musc Tonkin genopfinder den ved at blande de mest overd\u00e5dige r\u00e5materialer for at fremkalde dens utallige facetter. Deres navne er ligegyldige: Ligesom den mystiske karisma hos visse mennesker, der tr\u00e6kker os ind i deres k\u00f8lvand, skal Musc Tonkin opleves snarere end beskrives.\nEn kraftfuld, afh\u00e6ngighedsskabende, erotisk aura. Duften af varm hud, solar, smidigt l\u00e6der. Kattedyrsagtig.\nTonkin musk findes kun p\u00e5 en unik art af r\u00e5dyr. En duft s\u00e5 utrolig at den er blevet tilbedt i \u00e5rhundrede. Siden antikviteten har den kinesiske kultur set duften som et afrodisiakum. Og i de muslimske kulturer, var den s\u00e5 hellig, at den blev blandet i m\u00f8rtlen til visse moskeer. I parfumeverdenen var den elsket for at bibringe enhver duft noget s\u00e6rligt og for at f\u00e5 de andre ingredienser til at funkle. \nAf etiske \u00e5rsager bliver den naturlige Tonkin musk ikke brugt l\u00e6ngere, men dens egenskaber hjems\u00f8ger stadig parfum\u00f8rer verden over. \nTonkin Musc er en hyldest til den oprindelige, naturlige duft. Ved at bruge andre dyrebare materiale har vi skabt en vibrerende, mange facetteret og overraskende duft. Et afrodisiakum der er solar og natlig p\u00e5 samme tid, hvis duft er afh\u00e6ngig af huden den ber\u00f8r.\nDen er saltet, som smagen af hud. Der er brugt berusende plante-essenser for at minde os om, at parfume k\u00e6der vores kroppe sammen med den erotiske kraft i naturen. En honningnote, glitrende og pudret og forf\u00f8rende. Og det fineste l\u00e6der, fleksibel og dyrisk. \nEn duft som huden p\u00e5 din elsker, under elskov, og som mosbekl\u00e6dte fordybninger i en m\u00f8rk skov.<\/p>\n<p>&nbsp;<\/p>\n<p>NGREDIENSER<\/p>\n<p>Noter: Musk. Salt. Honning. L\u00e6der. Mos. Og resten m\u00e5 vi g\u00e6tte os til<\/p>","protected":false},"excerpt":{"rendered":"<p>En kraftfuld, vanedannende, erotisk aura<\/p>","protected":false},"featured_media":11888,"template":"","meta":{"_acf_changed":false},"product_brand":[],"product_cat":[15],"product_tag":[],"class_list":{"0":"post-11885","1":"product","2":"type-product","3":"status-publish","4":"has-post-thumbnail","6":"product_cat-perfumes","7":"pa_brands-parfum-dempire","8":"pa_projection-enormous","9":"pa_sizes-2ml-sample","10":"pa_sizes-50ml","11":"pa_style-leather","12":"pa_style-oriental","14":"first","15":"instock","16":"taxable","17":"shipping-taxable","18":"purchasable","19":"product-type-variable","20":"add-to-wishlist-before_image"},"acf":[],"yoast_head":"<!-- This site is optimized with the Yoast SEO plugin v27.4 - https:\/\/yoast.com\/product\/yoast-seo-wordpress\/ -->\n<title>Musc Tonkin Extrait de Parfum - Crime Passionnel<\/title>\n<meta name=\"description\" content=\"A perfume for the initiated, Tabac Tabou is also a perfume for the rarity of certain ingredients. A whiff of the savanna, honey, heated skin, wild grass.\" \/>\n<meta name=\"robots\" content=\"index, follow, max-snippet:-1, max-image-preview:large, max-video-preview:-1\" \/>\n<link rel=\"canonical\" href=\"https:\/\/crime-passionnel.com\/da\/vare\/musc-tonkin\/\" \/>\n<meta property=\"og:locale\" content=\"da_DK\" \/>\n<meta property=\"og:type\" content=\"article\" \/>\n<meta property=\"og:title\" content=\"Musc Tonkin Extrait de Parfum - Crime Passionnel\" \/>\n<meta property=\"og:description\" content=\"A perfume for the initiated, Tabac Tabou is also a perfume for the rarity of certain ingredients. A whiff of the savanna, honey, heated skin, wild grass.\" \/>\n<meta property=\"og:url\" content=\"https:\/\/crime-passionnel.com\/da\/vare\/musc-tonkin\/\" \/>\n<meta property=\"og:site_name\" content=\"Crime Passionnel\" \/>\n<meta property=\"article:publisher\" content=\"https:\/\/www.facebook.com\/crimepassionnel\/\" \/>\n<meta property=\"article:modified_time\" content=\"2026-04-24T10:53:30+00:00\" \/>\n<meta property=\"og:image\" content=\"https:\/\/crime-passionnel.com\/wp-content\/uploads\/2022\/11\/Musc-Tonkin-50ML-scaled.jpg\" \/>\n\t<meta property=\"og:image:width\" content=\"1945\" \/>\n\t<meta property=\"og:image:height\" content=\"2560\" \/>\n\t<meta property=\"og:image:type\" content=\"image\/jpeg\" \/>\n<meta name=\"twitter:card\" content=\"summary_large_image\" \/>\n<meta name=\"twitter:label1\" content=\"Estimeret l\u00e6setid\" \/>\n\t<meta name=\"twitter:data1\" content=\"2 minutter\" \/>\n<script type=\"application\/ld+json\" class=\"yoast-schema-graph\">{\"@context\":\"https:\\\/\\\/schema.org\",\"@graph\":[{\"@type\":\"WebPage\",\"@id\":\"https:\\\/\\\/crime-passionnel.com\\\/product\\\/musc-tonkin\\\/\",\"url\":\"https:\\\/\\\/crime-passionnel.com\\\/product\\\/musc-tonkin\\\/\",\"name\":\"Musc Tonkin Extrait de Parfum - Crime Passionnel\",\"isPartOf\":{\"@id\":\"https:\\\/\\\/crime-passionnel.com\\\/#website\"},\"primaryImageOfPage\":{\"@id\":\"https:\\\/\\\/crime-passionnel.com\\\/product\\\/musc-tonkin\\\/#primaryimage\"},\"image\":{\"@id\":\"https:\\\/\\\/crime-passionnel.com\\\/product\\\/musc-tonkin\\\/#primaryimage\"},\"thumbnailUrl\":\"https:\\\/\\\/crime-passionnel.com\\\/wp-content\\\/uploads\\\/2022\\\/11\\\/Musc-Tonkin-50ML-scaled.jpg\",\"datePublished\":\"2022-11-20T21:15:07+00:00\",\"dateModified\":\"2026-04-24T10:53:30+00:00\",\"description\":\"A perfume for the initiated, Tabac Tabou is also a perfume for the rarity of certain ingredients. A whiff of the savanna, honey, heated skin, wild grass.\",\"breadcrumb\":{\"@id\":\"https:\\\/\\\/crime-passionnel.com\\\/product\\\/musc-tonkin\\\/#breadcrumb\"},\"inLanguage\":\"da-DK\",\"potentialAction\":[{\"@type\":\"ReadAction\",\"target\":[\"https:\\\/\\\/crime-passionnel.com\\\/product\\\/musc-tonkin\\\/\"]}]},{\"@type\":\"ImageObject\",\"inLanguage\":\"da-DK\",\"@id\":\"https:\\\/\\\/crime-passionnel.com\\\/product\\\/musc-tonkin\\\/#primaryimage\",\"url\":\"https:\\\/\\\/crime-passionnel.com\\\/wp-content\\\/uploads\\\/2022\\\/11\\\/Musc-Tonkin-50ML-scaled.jpg\",\"contentUrl\":\"https:\\\/\\\/crime-passionnel.com\\\/wp-content\\\/uploads\\\/2022\\\/11\\\/Musc-Tonkin-50ML-scaled.jpg\",\"width\":1945,\"height\":2560,\"caption\":\"Musc-Tonkin\"},{\"@type\":\"BreadcrumbList\",\"@id\":\"https:\\\/\\\/crime-passionnel.com\\\/product\\\/musc-tonkin\\\/#breadcrumb\",\"itemListElement\":[{\"@type\":\"ListItem\",\"position\":1,\"name\":\"Home\",\"item\":\"https:\\\/\\\/crime-passionnel.com\\\/\"},{\"@type\":\"ListItem\",\"position\":2,\"name\":\"Products\",\"item\":\"https:\\\/\\\/crime-passionnel.com\\\/products\\\/\"},{\"@type\":\"ListItem\",\"position\":3,\"name\":\"Musc Tonkin\"}]},{\"@type\":\"WebSite\",\"@id\":\"https:\\\/\\\/crime-passionnel.com\\\/#website\",\"url\":\"https:\\\/\\\/crime-passionnel.com\\\/\",\"name\":\"Crime Passionnel\",\"description\":\"\",\"publisher\":{\"@id\":\"https:\\\/\\\/crime-passionnel.com\\\/#organization\"},\"potentialAction\":[{\"@type\":\"SearchAction\",\"target\":{\"@type\":\"EntryPoint\",\"urlTemplate\":\"https:\\\/\\\/crime-passionnel.com\\\/?s={search_term_string}\"},\"query-input\":{\"@type\":\"PropertyValueSpecification\",\"valueRequired\":true,\"valueName\":\"search_term_string\"}}],\"inLanguage\":\"da-DK\"},{\"@type\":\"Organization\",\"@id\":\"https:\\\/\\\/crime-passionnel.com\\\/#organization\",\"name\":\"Crime Passionnel\",\"url\":\"https:\\\/\\\/crime-passionnel.com\\\/\",\"logo\":{\"@type\":\"ImageObject\",\"inLanguage\":\"da-DK\",\"@id\":\"https:\\\/\\\/crime-passionnel.com\\\/#\\\/schema\\\/logo\\\/image\\\/\",\"url\":\"https:\\\/\\\/crime-passionnel.com\\\/wp-content\\\/uploads\\\/2021\\\/07\\\/logo.png\",\"contentUrl\":\"https:\\\/\\\/crime-passionnel.com\\\/wp-content\\\/uploads\\\/2021\\\/07\\\/logo.png\",\"width\":128,\"height\":50,\"caption\":\"Crime Passionnel\"},\"image\":{\"@id\":\"https:\\\/\\\/crime-passionnel.com\\\/#\\\/schema\\\/logo\\\/image\\\/\"},\"sameAs\":[\"https:\\\/\\\/www.facebook.com\\\/crimepassionnel\\\/\",\"https:\\\/\\\/www.instagram.com\\\/crime.passionnel\\\/\"]}]}<\/script>\n<!-- \/ Yoast SEO plugin. -->","yoast_head_json":{"title":"Musc Tonkin Extrait de Parfum - Crime Passionnel","description":"A perfume for the initiated, Tabac Tabou is also a perfume for the rarity of certain ingredients. A whiff of the savanna, honey, heated skin, wild grass.","robots":{"index":"index","follow":"follow","max-snippet":"max-snippet:-1","max-image-preview":"max-image-preview:large","max-video-preview":"max-video-preview:-1"},"canonical":"https:\/\/crime-passionnel.com\/da\/vare\/musc-tonkin\/","og_locale":"da_DK","og_type":"article","og_title":"Musc Tonkin Extrait de Parfum - Crime Passionnel","og_description":"A perfume for the initiated, Tabac Tabou is also a perfume for the rarity of certain ingredients. A whiff of the savanna, honey, heated skin, wild grass.","og_url":"https:\/\/crime-passionnel.com\/da\/vare\/musc-tonkin\/","og_site_name":"Crime Passionnel","article_publisher":"https:\/\/www.facebook.com\/crimepassionnel\/","article_modified_time":"2026-04-24T10:53:30+00:00","og_image":[{"width":1945,"height":2560,"url":"https:\/\/crime-passionnel.com\/wp-content\/uploads\/2022\/11\/Musc-Tonkin-50ML-scaled.jpg","type":"image\/jpeg"}],"twitter_card":"summary_large_image","twitter_misc":{"Estimeret l\u00e6setid":"2 minutter"},"schema":{"@context":"https:\/\/schema.org","@graph":[{"@type":"WebPage","@id":"https:\/\/crime-passionnel.com\/product\/musc-tonkin\/","url":"https:\/\/crime-passionnel.com\/product\/musc-tonkin\/","name":"Musc Tonkin Extrait de Parfum - Crime Passionnel","isPartOf":{"@id":"https:\/\/crime-passionnel.com\/#website"},"primaryImageOfPage":{"@id":"https:\/\/crime-passionnel.com\/product\/musc-tonkin\/#primaryimage"},"image":{"@id":"https:\/\/crime-passionnel.com\/product\/musc-tonkin\/#primaryimage"},"thumbnailUrl":"https:\/\/crime-passionnel.com\/wp-content\/uploads\/2022\/11\/Musc-Tonkin-50ML-scaled.jpg","datePublished":"2022-11-20T21:15:07+00:00","dateModified":"2026-04-24T10:53:30+00:00","description":"A perfume for the initiated, Tabac Tabou is also a perfume for the rarity of certain ingredients. A whiff of the savanna, honey, heated skin, wild grass.","breadcrumb":{"@id":"https:\/\/crime-passionnel.com\/product\/musc-tonkin\/#breadcrumb"},"inLanguage":"da-DK","potentialAction":[{"@type":"ReadAction","target":["https:\/\/crime-passionnel.com\/product\/musc-tonkin\/"]}]},{"@type":"ImageObject","inLanguage":"da-DK","@id":"https:\/\/crime-passionnel.com\/product\/musc-tonkin\/#primaryimage","url":"https:\/\/crime-passionnel.com\/wp-content\/uploads\/2022\/11\/Musc-Tonkin-50ML-scaled.jpg","contentUrl":"https:\/\/crime-passionnel.com\/wp-content\/uploads\/2022\/11\/Musc-Tonkin-50ML-scaled.jpg","width":1945,"height":2560,"caption":"Musc-Tonkin"},{"@type":"BreadcrumbList","@id":"https:\/\/crime-passionnel.com\/product\/musc-tonkin\/#breadcrumb","itemListElement":[{"@type":"ListItem","position":1,"name":"Home","item":"https:\/\/crime-passionnel.com\/"},{"@type":"ListItem","position":2,"name":"Products","item":"https:\/\/crime-passionnel.com\/products\/"},{"@type":"ListItem","position":3,"name":"Musc Tonkin"}]},{"@type":"WebSite","@id":"https:\/\/crime-passionnel.com\/#website","url":"https:\/\/crime-passionnel.com\/","name":"Forbrydelse og lidenskab","description":"","publisher":{"@id":"https:\/\/crime-passionnel.com\/#organization"},"potentialAction":[{"@type":"SearchAction","target":{"@type":"EntryPoint","urlTemplate":"https:\/\/crime-passionnel.com\/?s={search_term_string}"},"query-input":{"@type":"PropertyValueSpecification","valueRequired":true,"valueName":"search_term_string"}}],"inLanguage":"da-DK"},{"@type":"Organization","@id":"https:\/\/crime-passionnel.com\/#organization","name":"Forbrydelse og lidenskab","url":"https:\/\/crime-passionnel.com\/","logo":{"@type":"ImageObject","inLanguage":"da-DK","@id":"https:\/\/crime-passionnel.com\/#\/schema\/logo\/image\/","url":"https:\/\/crime-passionnel.com\/wp-content\/uploads\/2021\/07\/logo.png","contentUrl":"https:\/\/crime-passionnel.com\/wp-content\/uploads\/2021\/07\/logo.png","width":128,"height":50,"caption":"Crime Passionnel"},"image":{"@id":"https:\/\/crime-passionnel.com\/#\/schema\/logo\/image\/"},"sameAs":["https:\/\/www.facebook.com\/crimepassionnel\/","https:\/\/www.instagram.com\/crime.passionnel\/"]}]}},"_links":{"self":[{"href":"https:\/\/crime-passionnel.com\/da\/wp-json\/wp\/v2\/product\/11885","targetHints":{"allow":["GET"]}}],"collection":[{"href":"https:\/\/crime-passionnel.com\/da\/wp-json\/wp\/v2\/product"}],"about":[{"href":"https:\/\/crime-passionnel.com\/da\/wp-json\/wp\/v2\/types\/product"}],"wp:featuredmedia":[{"embeddable":true,"href":"https:\/\/crime-passionnel.com\/da\/wp-json\/wp\/v2\/media\/11888"}],"wp:attachment":[{"href":"https:\/\/crime-passionnel.com\/da\/wp-json\/wp\/v2\/media?parent=11885"}],"wp:term":[{"taxonomy":"product_brand","embeddable":true,"href":"https:\/\/crime-passionnel.com\/da\/wp-json\/wp\/v2\/product_brand?post=11885"},{"taxonomy":"product_cat","embeddable":true,"href":"https:\/\/crime-passionnel.com\/da\/wp-json\/wp\/v2\/product_cat?post=11885"},{"taxonomy":"product_tag","embeddable":true,"href":"https:\/\/crime-passionnel.com\/da\/wp-json\/wp\/v2\/product_tag?post=11885"}],"curies":[{"name":"wp","href":"https:\/\/api.w.org\/{rel}","templated":true}]}}