{"id":11880,"date":"2022-11-20T20:57:27","date_gmt":"2022-11-20T20:57:27","guid":{"rendered":"https:\/\/crime-passionnel.com\/?post_type=product&#038;p=11880"},"modified":"2026-04-04T16:47:45","modified_gmt":"2026-04-04T16:47:45","slug":"iskander","status":"publish","type":"product","link":"https:\/\/crime-passionnel.com\/da\/vare\/iskander\/","title":{"rendered":"Iskander"},"content":{"rendered":"<p>Denne forfriskende chypre \u00e5bner med den sprudlende syrlighed fra citron, blandet med mandarin og grapefrugt. Den delikate friskhed fra neroli st\u00e5r i kontrast til de opkvikkende aromaer fra estragon og koriander. Egetr\u00e6smos, rav og moskus forankrer noterne i en sanselig sillage.<br \/>\nI dag leder citrusfrugter tankerne hen p\u00e5 Middelhavet, men de kom oprindeligt fra Asien: Den mousserende, syrlige citron blev bragt tilbage til Europa af hellenske ekspeditioner; den gr\u00f8nne, frugtagtige mandarin voksede f\u00f8rst i Kina og den bitre grapefrugt i Syd\u00f8stasien...<br \/>\nDisse solrige frugter opfriskes af de let anisagtige noter fra estragon og koriander, som tilf\u00f8jer pebrede, pikante accenter. Gr\u00f8n, delikat neroli, destilleret fra blomsten af det bitre appelsintr\u00e6, bl\u00f8dg\u00f8r opkvikkende akkorder, der er atleterne i det antikke Gr\u00e6kenland v\u00e6rdige.<br \/>\nEn base af egetr\u00e6smos og rav, der er pakket ind i moskus for at g\u00f8re den mere holdbar, giver duften en chypre-karakter. Noterne fremkalder ogs\u00e5 den unge erobrers rejse fra vest til \u00f8st: Egemos fra de makedonske skove, ambra fra Felix Arabias kyster og tonkin-moskus fra Kina, som ISKANDER kunne have n\u00e5et efter at have erobret Indien ...<\/p>\n<p>&nbsp;<\/p>\n<p>INGREDIENSER<\/p>\n<p>Noter: Citron, mandarin, neroli, appelsin, grapefrugt, koriander, egetr\u00e6smos, rav, moskus<\/p>","protected":false},"excerpt":{"rendered":"<p>En citruschypre p\u00e5 gr\u00e6nsen mellem \u00f8st og vest<\/p>","protected":false},"featured_media":11883,"template":"","meta":{"_acf_changed":false},"product_brand":[],"product_cat":[15],"product_tag":[],"class_list":{"0":"post-11880","1":"product","2":"type-product","3":"status-publish","4":"has-post-thumbnail","6":"product_cat-perfumes","7":"pa_brands-parfum-dempire","8":"pa_projection-moderate","9":"pa_sizes-2ml-sample","10":"pa_sizes-50ml","11":"pa_style-fresh","13":"first","14":"instock","15":"taxable","16":"shipping-taxable","17":"purchasable","18":"product-type-variable","19":"add-to-wishlist-before_image"},"acf":[],"yoast_head":"<!-- This site is optimized with the Yoast SEO plugin v27.1.1 - https:\/\/yoast.com\/product\/yoast-seo-wordpress\/ -->\n<title>Iskander Eau de Parfum - Crime Passionnel Perfumes Online<\/title>\n<meta name=\"description\" content=\"AMBRE RUSSE\u2019s luxurious ambergris expresses the unbridled magnificence of the Russian empire in the days of the last tsars.\" \/>\n<meta name=\"robots\" content=\"index, follow, max-snippet:-1, max-image-preview:large, max-video-preview:-1\" \/>\n<link rel=\"canonical\" href=\"https:\/\/crime-passionnel.com\/da\/vare\/iskander\/\" \/>\n<meta property=\"og:locale\" content=\"da_DK\" \/>\n<meta property=\"og:type\" content=\"article\" \/>\n<meta property=\"og:title\" content=\"Iskander Eau de Parfum - Crime Passionnel Perfumes Online\" \/>\n<meta property=\"og:description\" content=\"AMBRE RUSSE\u2019s luxurious ambergris expresses the unbridled magnificence of the Russian empire in the days of the last tsars.\" \/>\n<meta property=\"og:url\" content=\"https:\/\/crime-passionnel.com\/da\/vare\/iskander\/\" \/>\n<meta property=\"og:site_name\" content=\"Crime Passionnel\" \/>\n<meta property=\"article:publisher\" content=\"https:\/\/www.facebook.com\/crimepassionnel\/\" \/>\n<meta property=\"article:modified_time\" content=\"2026-04-04T16:47:45+00:00\" \/>\n<meta property=\"og:image\" content=\"https:\/\/crime-passionnel.com\/wp-content\/uploads\/2022\/11\/Iskander-50ml-scaled.jpg\" \/>\n\t<meta property=\"og:image:width\" content=\"1945\" \/>\n\t<meta property=\"og:image:height\" content=\"2560\" \/>\n\t<meta property=\"og:image:type\" content=\"image\/jpeg\" \/>\n<meta name=\"twitter:card\" content=\"summary_large_image\" \/>\n<meta name=\"twitter:label1\" content=\"Estimeret l\u00e6setid\" \/>\n\t<meta name=\"twitter:data1\" content=\"1 minut\" \/>\n<script type=\"application\/ld+json\" class=\"yoast-schema-graph\">{\"@context\":\"https:\/\/schema.org\",\"@graph\":[{\"@type\":\"WebPage\",\"@id\":\"https:\/\/crime-passionnel.com\/product\/iskander\/\",\"url\":\"https:\/\/crime-passionnel.com\/product\/iskander\/\",\"name\":\"Iskander Eau de Parfum - Crime Passionnel Perfumes Online\",\"isPartOf\":{\"@id\":\"https:\/\/crime-passionnel.com\/#website\"},\"primaryImageOfPage\":{\"@id\":\"https:\/\/crime-passionnel.com\/product\/iskander\/#primaryimage\"},\"image\":{\"@id\":\"https:\/\/crime-passionnel.com\/product\/iskander\/#primaryimage\"},\"thumbnailUrl\":\"https:\/\/crime-passionnel.com\/wp-content\/uploads\/2022\/11\/Iskander-50ml-scaled.jpg\",\"datePublished\":\"2022-11-20T20:57:27+00:00\",\"dateModified\":\"2026-04-04T16:47:45+00:00\",\"description\":\"AMBRE RUSSE\u2019s luxurious ambergris expresses the unbridled magnificence of the Russian empire in the days of the last tsars.\",\"breadcrumb\":{\"@id\":\"https:\/\/crime-passionnel.com\/product\/iskander\/#breadcrumb\"},\"inLanguage\":\"da-DK\",\"potentialAction\":[{\"@type\":\"ReadAction\",\"target\":[\"https:\/\/crime-passionnel.com\/product\/iskander\/\"]}]},{\"@type\":\"ImageObject\",\"inLanguage\":\"da-DK\",\"@id\":\"https:\/\/crime-passionnel.com\/product\/iskander\/#primaryimage\",\"url\":\"https:\/\/crime-passionnel.com\/wp-content\/uploads\/2022\/11\/Iskander-50ml-scaled.jpg\",\"contentUrl\":\"https:\/\/crime-passionnel.com\/wp-content\/uploads\/2022\/11\/Iskander-50ml-scaled.jpg\",\"width\":1945,\"height\":2560,\"caption\":\"Iskander\"},{\"@type\":\"BreadcrumbList\",\"@id\":\"https:\/\/crime-passionnel.com\/product\/iskander\/#breadcrumb\",\"itemListElement\":[{\"@type\":\"ListItem\",\"position\":1,\"name\":\"Home\",\"item\":\"https:\/\/crime-passionnel.com\/\"},{\"@type\":\"ListItem\",\"position\":2,\"name\":\"Products\",\"item\":\"https:\/\/crime-passionnel.com\/products\/\"},{\"@type\":\"ListItem\",\"position\":3,\"name\":\"Iskander\"}]},{\"@type\":\"WebSite\",\"@id\":\"https:\/\/crime-passionnel.com\/#website\",\"url\":\"https:\/\/crime-passionnel.com\/\",\"name\":\"Crime Passionnel\",\"description\":\"\",\"publisher\":{\"@id\":\"https:\/\/crime-passionnel.com\/#organization\"},\"potentialAction\":[{\"@type\":\"SearchAction\",\"target\":{\"@type\":\"EntryPoint\",\"urlTemplate\":\"https:\/\/crime-passionnel.com\/?s={search_term_string}\"},\"query-input\":{\"@type\":\"PropertyValueSpecification\",\"valueRequired\":true,\"valueName\":\"search_term_string\"}}],\"inLanguage\":\"da-DK\"},{\"@type\":\"Organization\",\"@id\":\"https:\/\/crime-passionnel.com\/#organization\",\"name\":\"Crime Passionnel\",\"url\":\"https:\/\/crime-passionnel.com\/\",\"logo\":{\"@type\":\"ImageObject\",\"inLanguage\":\"da-DK\",\"@id\":\"https:\/\/crime-passionnel.com\/#\/schema\/logo\/image\/\",\"url\":\"https:\/\/crime-passionnel.com\/wp-content\/uploads\/2021\/07\/logo.png\",\"contentUrl\":\"https:\/\/crime-passionnel.com\/wp-content\/uploads\/2021\/07\/logo.png\",\"width\":128,\"height\":50,\"caption\":\"Crime Passionnel\"},\"image\":{\"@id\":\"https:\/\/crime-passionnel.com\/#\/schema\/logo\/image\/\"},\"sameAs\":[\"https:\/\/www.facebook.com\/crimepassionnel\/\",\"https:\/\/www.instagram.com\/crime.passionnel\/\"]}]}<\/script>\n<!-- \/ Yoast SEO plugin. -->","yoast_head_json":{"title":"Iskander Eau de Parfum - Crime Passionnel Perfumes Online","description":"AMBRE RUSSE\u2019s luxurious ambergris expresses the unbridled magnificence of the Russian empire in the days of the last tsars.","robots":{"index":"index","follow":"follow","max-snippet":"max-snippet:-1","max-image-preview":"max-image-preview:large","max-video-preview":"max-video-preview:-1"},"canonical":"https:\/\/crime-passionnel.com\/da\/vare\/iskander\/","og_locale":"da_DK","og_type":"article","og_title":"Iskander Eau de Parfum - Crime Passionnel Perfumes Online","og_description":"AMBRE RUSSE\u2019s luxurious ambergris expresses the unbridled magnificence of the Russian empire in the days of the last tsars.","og_url":"https:\/\/crime-passionnel.com\/da\/vare\/iskander\/","og_site_name":"Crime Passionnel","article_publisher":"https:\/\/www.facebook.com\/crimepassionnel\/","article_modified_time":"2026-04-04T16:47:45+00:00","og_image":[{"width":1945,"height":2560,"url":"https:\/\/crime-passionnel.com\/wp-content\/uploads\/2022\/11\/Iskander-50ml-scaled.jpg","type":"image\/jpeg"}],"twitter_card":"summary_large_image","twitter_misc":{"Estimeret l\u00e6setid":"1 minut"},"schema":{"@context":"https:\/\/schema.org","@graph":[{"@type":"WebPage","@id":"https:\/\/crime-passionnel.com\/product\/iskander\/","url":"https:\/\/crime-passionnel.com\/product\/iskander\/","name":"Iskander Eau de Parfum - Crime Passionnel Perfumes Online","isPartOf":{"@id":"https:\/\/crime-passionnel.com\/#website"},"primaryImageOfPage":{"@id":"https:\/\/crime-passionnel.com\/product\/iskander\/#primaryimage"},"image":{"@id":"https:\/\/crime-passionnel.com\/product\/iskander\/#primaryimage"},"thumbnailUrl":"https:\/\/crime-passionnel.com\/wp-content\/uploads\/2022\/11\/Iskander-50ml-scaled.jpg","datePublished":"2022-11-20T20:57:27+00:00","dateModified":"2026-04-04T16:47:45+00:00","description":"AMBRE RUSSE\u2019s luxurious ambergris expresses the unbridled magnificence of the Russian empire in the days of the last tsars.","breadcrumb":{"@id":"https:\/\/crime-passionnel.com\/product\/iskander\/#breadcrumb"},"inLanguage":"da-DK","potentialAction":[{"@type":"ReadAction","target":["https:\/\/crime-passionnel.com\/product\/iskander\/"]}]},{"@type":"ImageObject","inLanguage":"da-DK","@id":"https:\/\/crime-passionnel.com\/product\/iskander\/#primaryimage","url":"https:\/\/crime-passionnel.com\/wp-content\/uploads\/2022\/11\/Iskander-50ml-scaled.jpg","contentUrl":"https:\/\/crime-passionnel.com\/wp-content\/uploads\/2022\/11\/Iskander-50ml-scaled.jpg","width":1945,"height":2560,"caption":"Iskander"},{"@type":"BreadcrumbList","@id":"https:\/\/crime-passionnel.com\/product\/iskander\/#breadcrumb","itemListElement":[{"@type":"ListItem","position":1,"name":"Home","item":"https:\/\/crime-passionnel.com\/"},{"@type":"ListItem","position":2,"name":"Products","item":"https:\/\/crime-passionnel.com\/products\/"},{"@type":"ListItem","position":3,"name":"Iskander"}]},{"@type":"WebSite","@id":"https:\/\/crime-passionnel.com\/#website","url":"https:\/\/crime-passionnel.com\/","name":"Forbrydelse og lidenskab","description":"","publisher":{"@id":"https:\/\/crime-passionnel.com\/#organization"},"potentialAction":[{"@type":"SearchAction","target":{"@type":"EntryPoint","urlTemplate":"https:\/\/crime-passionnel.com\/?s={search_term_string}"},"query-input":{"@type":"PropertyValueSpecification","valueRequired":true,"valueName":"search_term_string"}}],"inLanguage":"da-DK"},{"@type":"Organization","@id":"https:\/\/crime-passionnel.com\/#organization","name":"Forbrydelse og lidenskab","url":"https:\/\/crime-passionnel.com\/","logo":{"@type":"ImageObject","inLanguage":"da-DK","@id":"https:\/\/crime-passionnel.com\/#\/schema\/logo\/image\/","url":"https:\/\/crime-passionnel.com\/wp-content\/uploads\/2021\/07\/logo.png","contentUrl":"https:\/\/crime-passionnel.com\/wp-content\/uploads\/2021\/07\/logo.png","width":128,"height":50,"caption":"Crime Passionnel"},"image":{"@id":"https:\/\/crime-passionnel.com\/#\/schema\/logo\/image\/"},"sameAs":["https:\/\/www.facebook.com\/crimepassionnel\/","https:\/\/www.instagram.com\/crime.passionnel\/"]}]}},"_links":{"self":[{"href":"https:\/\/crime-passionnel.com\/da\/wp-json\/wp\/v2\/product\/11880","targetHints":{"allow":["GET"]}}],"collection":[{"href":"https:\/\/crime-passionnel.com\/da\/wp-json\/wp\/v2\/product"}],"about":[{"href":"https:\/\/crime-passionnel.com\/da\/wp-json\/wp\/v2\/types\/product"}],"wp:featuredmedia":[{"embeddable":true,"href":"https:\/\/crime-passionnel.com\/da\/wp-json\/wp\/v2\/media\/11883"}],"wp:attachment":[{"href":"https:\/\/crime-passionnel.com\/da\/wp-json\/wp\/v2\/media?parent=11880"}],"wp:term":[{"taxonomy":"product_brand","embeddable":true,"href":"https:\/\/crime-passionnel.com\/da\/wp-json\/wp\/v2\/product_brand?post=11880"},{"taxonomy":"product_cat","embeddable":true,"href":"https:\/\/crime-passionnel.com\/da\/wp-json\/wp\/v2\/product_cat?post=11880"},{"taxonomy":"product_tag","embeddable":true,"href":"https:\/\/crime-passionnel.com\/da\/wp-json\/wp\/v2\/product_tag?post=11880"}],"curies":[{"name":"wp","href":"https:\/\/api.w.org\/{rel}","templated":true}]}}