{"id":11875,"date":"2022-11-20T20:39:23","date_gmt":"2022-11-20T20:39:23","guid":{"rendered":"https:\/\/crime-passionnel.com\/?post_type=product&#038;p=11875"},"modified":"2026-04-24T10:52:01","modified_gmt":"2026-04-24T10:52:01","slug":"corsica-furiosa","status":"publish","type":"product","link":"https:\/\/crime-passionnel.com\/da\/vare\/corsica-furiosa\/","title":{"rendered":"Korsika Furiosa"},"content":{"rendered":"<p class=\"translation-block\">En frodig flodb\u00f8lge bygget omkring den stedsegr\u00f8nne plante, pistacia lentiscus, der gror i t\u00f8rre, stenede omr\u00e5de i nord Afrika og i middelhavsomr\u00e5det. Tr\u00e6, mos, jord, h\u00f8, honning, harpiks, l\u00e6der\u2026 gr\u00f8nt, i alle nuancer, fra top til base. Energigivende og impulsiv.\nParfum\u00f8rens nye hyldest til sit hjemland inspireret af de r\u00f8rende dufte der m\u00f8der \u00e9n, n\u00e5r man returnerer efter en lang rejse.\nDet hele starter med essentielle olier fra den viljest\u00e6rke pistacia lentiscus; peberagtig, frugtig og aromatisk. S\u00e5 kommer jordtonerne med svampe i overtonen, der kaster sig selv ind i hjertet af parfumen. Og bliver overtaget af en mildere gr\u00f8n nuance med h\u00f8, lys tobak, honning og str\u00e5 \u2013 gjort en anelse m\u00f8rk af en lakridsnote. S\u00e5 kommer harpiks, krydderier og l\u00e6der flydende og lander til sidst i en seng af mos.<\/p>\n<p>&nbsp;<\/p>\n<p>INGREDIENSER<\/p>\n<p>Noter: Tr\u00e6. Mos. Jord. H\u00f8. Honning. Harpiks. L\u00e6der. Mint. Tomatblade. Svampe. Tobak.<\/p>","protected":false},"excerpt":{"rendered":"<p>FIFI Awards France \u2013 bedste niche parfume 2015<\/p>","protected":false},"featured_media":11878,"template":"","meta":{"_acf_changed":false},"product_brand":[],"product_cat":[15],"product_tag":[],"class_list":{"0":"post-11875","1":"product","2":"type-product","3":"status-publish","4":"has-post-thumbnail","6":"product_cat-perfumes","7":"pa_brands-parfum-dempire","8":"pa_projection-moderate","9":"pa_sizes-2ml-sample","10":"pa_sizes-50ml","11":"pa_style-fresh","12":"pa_style-woody","14":"first","15":"instock","16":"taxable","17":"shipping-taxable","18":"purchasable","19":"product-type-variable","20":"add-to-wishlist-before_image"},"acf":[],"yoast_head":"<!-- This site is optimized with the Yoast SEO plugin v27.4 - https:\/\/yoast.com\/product\/yoast-seo-wordpress\/ -->\n<title>Corsica Furiosa Eau de Parfum - Crime Passionnel<\/title>\n<meta name=\"description\" content=\"A perfume for the initiated, Tabac Tabou is also a perfume for the rarity of certain ingredients. A whiff of the savanna, honey, heated skin, wild grass.\" \/>\n<meta name=\"robots\" content=\"index, follow, max-snippet:-1, max-image-preview:large, max-video-preview:-1\" \/>\n<link rel=\"canonical\" href=\"https:\/\/crime-passionnel.com\/da\/vare\/corsica-furiosa\/\" \/>\n<meta property=\"og:locale\" content=\"da_DK\" \/>\n<meta property=\"og:type\" content=\"article\" \/>\n<meta property=\"og:title\" content=\"Corsica Furiosa Eau de Parfum - Crime Passionnel\" \/>\n<meta property=\"og:description\" content=\"A perfume for the initiated, Tabac Tabou is also a perfume for the rarity of certain ingredients. A whiff of the savanna, honey, heated skin, wild grass.\" \/>\n<meta property=\"og:url\" content=\"https:\/\/crime-passionnel.com\/da\/vare\/corsica-furiosa\/\" \/>\n<meta property=\"og:site_name\" content=\"Crime Passionnel\" \/>\n<meta property=\"article:publisher\" content=\"https:\/\/www.facebook.com\/crimepassionnel\/\" \/>\n<meta property=\"article:modified_time\" content=\"2026-04-24T10:52:01+00:00\" \/>\n<meta property=\"og:image\" content=\"https:\/\/crime-passionnel.com\/wp-content\/uploads\/2022\/11\/Corsica-Furiosa-50ML-scaled.jpg\" \/>\n\t<meta property=\"og:image:width\" content=\"1945\" \/>\n\t<meta property=\"og:image:height\" content=\"2560\" \/>\n\t<meta property=\"og:image:type\" content=\"image\/jpeg\" \/>\n<meta name=\"twitter:card\" content=\"summary_large_image\" \/>\n<meta name=\"twitter:label1\" content=\"Estimeret l\u00e6setid\" \/>\n\t<meta name=\"twitter:data1\" content=\"1 minut\" \/>\n<script type=\"application\/ld+json\" class=\"yoast-schema-graph\">{\"@context\":\"https:\\\/\\\/schema.org\",\"@graph\":[{\"@type\":\"WebPage\",\"@id\":\"https:\\\/\\\/crime-passionnel.com\\\/product\\\/corsica-furiosa\\\/\",\"url\":\"https:\\\/\\\/crime-passionnel.com\\\/product\\\/corsica-furiosa\\\/\",\"name\":\"Corsica Furiosa Eau de Parfum - Crime Passionnel\",\"isPartOf\":{\"@id\":\"https:\\\/\\\/crime-passionnel.com\\\/#website\"},\"primaryImageOfPage\":{\"@id\":\"https:\\\/\\\/crime-passionnel.com\\\/product\\\/corsica-furiosa\\\/#primaryimage\"},\"image\":{\"@id\":\"https:\\\/\\\/crime-passionnel.com\\\/product\\\/corsica-furiosa\\\/#primaryimage\"},\"thumbnailUrl\":\"https:\\\/\\\/crime-passionnel.com\\\/wp-content\\\/uploads\\\/2022\\\/11\\\/Corsica-Furiosa-50ML-scaled.jpg\",\"datePublished\":\"2022-11-20T20:39:23+00:00\",\"dateModified\":\"2026-04-24T10:52:01+00:00\",\"description\":\"A perfume for the initiated, Tabac Tabou is also a perfume for the rarity of certain ingredients. A whiff of the savanna, honey, heated skin, wild grass.\",\"breadcrumb\":{\"@id\":\"https:\\\/\\\/crime-passionnel.com\\\/product\\\/corsica-furiosa\\\/#breadcrumb\"},\"inLanguage\":\"da-DK\",\"potentialAction\":[{\"@type\":\"ReadAction\",\"target\":[\"https:\\\/\\\/crime-passionnel.com\\\/product\\\/corsica-furiosa\\\/\"]}]},{\"@type\":\"ImageObject\",\"inLanguage\":\"da-DK\",\"@id\":\"https:\\\/\\\/crime-passionnel.com\\\/product\\\/corsica-furiosa\\\/#primaryimage\",\"url\":\"https:\\\/\\\/crime-passionnel.com\\\/wp-content\\\/uploads\\\/2022\\\/11\\\/Corsica-Furiosa-50ML-scaled.jpg\",\"contentUrl\":\"https:\\\/\\\/crime-passionnel.com\\\/wp-content\\\/uploads\\\/2022\\\/11\\\/Corsica-Furiosa-50ML-scaled.jpg\",\"width\":1945,\"height\":2560,\"caption\":\"Corsica-Furiosa\"},{\"@type\":\"BreadcrumbList\",\"@id\":\"https:\\\/\\\/crime-passionnel.com\\\/product\\\/corsica-furiosa\\\/#breadcrumb\",\"itemListElement\":[{\"@type\":\"ListItem\",\"position\":1,\"name\":\"Home\",\"item\":\"https:\\\/\\\/crime-passionnel.com\\\/\"},{\"@type\":\"ListItem\",\"position\":2,\"name\":\"Products\",\"item\":\"https:\\\/\\\/crime-passionnel.com\\\/products\\\/\"},{\"@type\":\"ListItem\",\"position\":3,\"name\":\"Corsica Furiosa\"}]},{\"@type\":\"WebSite\",\"@id\":\"https:\\\/\\\/crime-passionnel.com\\\/#website\",\"url\":\"https:\\\/\\\/crime-passionnel.com\\\/\",\"name\":\"Crime Passionnel\",\"description\":\"\",\"publisher\":{\"@id\":\"https:\\\/\\\/crime-passionnel.com\\\/#organization\"},\"potentialAction\":[{\"@type\":\"SearchAction\",\"target\":{\"@type\":\"EntryPoint\",\"urlTemplate\":\"https:\\\/\\\/crime-passionnel.com\\\/?s={search_term_string}\"},\"query-input\":{\"@type\":\"PropertyValueSpecification\",\"valueRequired\":true,\"valueName\":\"search_term_string\"}}],\"inLanguage\":\"da-DK\"},{\"@type\":\"Organization\",\"@id\":\"https:\\\/\\\/crime-passionnel.com\\\/#organization\",\"name\":\"Crime Passionnel\",\"url\":\"https:\\\/\\\/crime-passionnel.com\\\/\",\"logo\":{\"@type\":\"ImageObject\",\"inLanguage\":\"da-DK\",\"@id\":\"https:\\\/\\\/crime-passionnel.com\\\/#\\\/schema\\\/logo\\\/image\\\/\",\"url\":\"https:\\\/\\\/crime-passionnel.com\\\/wp-content\\\/uploads\\\/2021\\\/07\\\/logo.png\",\"contentUrl\":\"https:\\\/\\\/crime-passionnel.com\\\/wp-content\\\/uploads\\\/2021\\\/07\\\/logo.png\",\"width\":128,\"height\":50,\"caption\":\"Crime Passionnel\"},\"image\":{\"@id\":\"https:\\\/\\\/crime-passionnel.com\\\/#\\\/schema\\\/logo\\\/image\\\/\"},\"sameAs\":[\"https:\\\/\\\/www.facebook.com\\\/crimepassionnel\\\/\",\"https:\\\/\\\/www.instagram.com\\\/crime.passionnel\\\/\"]}]}<\/script>\n<!-- \/ Yoast SEO plugin. -->","yoast_head_json":{"title":"Corsica Furiosa Eau de Parfum - Crime Passionnel","description":"A perfume for the initiated, Tabac Tabou is also a perfume for the rarity of certain ingredients. A whiff of the savanna, honey, heated skin, wild grass.","robots":{"index":"index","follow":"follow","max-snippet":"max-snippet:-1","max-image-preview":"max-image-preview:large","max-video-preview":"max-video-preview:-1"},"canonical":"https:\/\/crime-passionnel.com\/da\/vare\/corsica-furiosa\/","og_locale":"da_DK","og_type":"article","og_title":"Corsica Furiosa Eau de Parfum - Crime Passionnel","og_description":"A perfume for the initiated, Tabac Tabou is also a perfume for the rarity of certain ingredients. A whiff of the savanna, honey, heated skin, wild grass.","og_url":"https:\/\/crime-passionnel.com\/da\/vare\/corsica-furiosa\/","og_site_name":"Crime Passionnel","article_publisher":"https:\/\/www.facebook.com\/crimepassionnel\/","article_modified_time":"2026-04-24T10:52:01+00:00","og_image":[{"width":1945,"height":2560,"url":"https:\/\/crime-passionnel.com\/wp-content\/uploads\/2022\/11\/Corsica-Furiosa-50ML-scaled.jpg","type":"image\/jpeg"}],"twitter_card":"summary_large_image","twitter_misc":{"Estimeret l\u00e6setid":"1 minut"},"schema":{"@context":"https:\/\/schema.org","@graph":[{"@type":"WebPage","@id":"https:\/\/crime-passionnel.com\/product\/corsica-furiosa\/","url":"https:\/\/crime-passionnel.com\/product\/corsica-furiosa\/","name":"Corsica Furiosa Eau de Parfum - Crime Passionnel","isPartOf":{"@id":"https:\/\/crime-passionnel.com\/#website"},"primaryImageOfPage":{"@id":"https:\/\/crime-passionnel.com\/product\/corsica-furiosa\/#primaryimage"},"image":{"@id":"https:\/\/crime-passionnel.com\/product\/corsica-furiosa\/#primaryimage"},"thumbnailUrl":"https:\/\/crime-passionnel.com\/wp-content\/uploads\/2022\/11\/Corsica-Furiosa-50ML-scaled.jpg","datePublished":"2022-11-20T20:39:23+00:00","dateModified":"2026-04-24T10:52:01+00:00","description":"A perfume for the initiated, Tabac Tabou is also a perfume for the rarity of certain ingredients. A whiff of the savanna, honey, heated skin, wild grass.","breadcrumb":{"@id":"https:\/\/crime-passionnel.com\/product\/corsica-furiosa\/#breadcrumb"},"inLanguage":"da-DK","potentialAction":[{"@type":"ReadAction","target":["https:\/\/crime-passionnel.com\/product\/corsica-furiosa\/"]}]},{"@type":"ImageObject","inLanguage":"da-DK","@id":"https:\/\/crime-passionnel.com\/product\/corsica-furiosa\/#primaryimage","url":"https:\/\/crime-passionnel.com\/wp-content\/uploads\/2022\/11\/Corsica-Furiosa-50ML-scaled.jpg","contentUrl":"https:\/\/crime-passionnel.com\/wp-content\/uploads\/2022\/11\/Corsica-Furiosa-50ML-scaled.jpg","width":1945,"height":2560,"caption":"Corsica-Furiosa"},{"@type":"BreadcrumbList","@id":"https:\/\/crime-passionnel.com\/product\/corsica-furiosa\/#breadcrumb","itemListElement":[{"@type":"ListItem","position":1,"name":"Home","item":"https:\/\/crime-passionnel.com\/"},{"@type":"ListItem","position":2,"name":"Products","item":"https:\/\/crime-passionnel.com\/products\/"},{"@type":"ListItem","position":3,"name":"Corsica Furiosa"}]},{"@type":"WebSite","@id":"https:\/\/crime-passionnel.com\/#website","url":"https:\/\/crime-passionnel.com\/","name":"Forbrydelse og lidenskab","description":"","publisher":{"@id":"https:\/\/crime-passionnel.com\/#organization"},"potentialAction":[{"@type":"SearchAction","target":{"@type":"EntryPoint","urlTemplate":"https:\/\/crime-passionnel.com\/?s={search_term_string}"},"query-input":{"@type":"PropertyValueSpecification","valueRequired":true,"valueName":"search_term_string"}}],"inLanguage":"da-DK"},{"@type":"Organization","@id":"https:\/\/crime-passionnel.com\/#organization","name":"Forbrydelse og lidenskab","url":"https:\/\/crime-passionnel.com\/","logo":{"@type":"ImageObject","inLanguage":"da-DK","@id":"https:\/\/crime-passionnel.com\/#\/schema\/logo\/image\/","url":"https:\/\/crime-passionnel.com\/wp-content\/uploads\/2021\/07\/logo.png","contentUrl":"https:\/\/crime-passionnel.com\/wp-content\/uploads\/2021\/07\/logo.png","width":128,"height":50,"caption":"Crime Passionnel"},"image":{"@id":"https:\/\/crime-passionnel.com\/#\/schema\/logo\/image\/"},"sameAs":["https:\/\/www.facebook.com\/crimepassionnel\/","https:\/\/www.instagram.com\/crime.passionnel\/"]}]}},"_links":{"self":[{"href":"https:\/\/crime-passionnel.com\/da\/wp-json\/wp\/v2\/product\/11875","targetHints":{"allow":["GET"]}}],"collection":[{"href":"https:\/\/crime-passionnel.com\/da\/wp-json\/wp\/v2\/product"}],"about":[{"href":"https:\/\/crime-passionnel.com\/da\/wp-json\/wp\/v2\/types\/product"}],"wp:featuredmedia":[{"embeddable":true,"href":"https:\/\/crime-passionnel.com\/da\/wp-json\/wp\/v2\/media\/11878"}],"wp:attachment":[{"href":"https:\/\/crime-passionnel.com\/da\/wp-json\/wp\/v2\/media?parent=11875"}],"wp:term":[{"taxonomy":"product_brand","embeddable":true,"href":"https:\/\/crime-passionnel.com\/da\/wp-json\/wp\/v2\/product_brand?post=11875"},{"taxonomy":"product_cat","embeddable":true,"href":"https:\/\/crime-passionnel.com\/da\/wp-json\/wp\/v2\/product_cat?post=11875"},{"taxonomy":"product_tag","embeddable":true,"href":"https:\/\/crime-passionnel.com\/da\/wp-json\/wp\/v2\/product_tag?post=11875"}],"curies":[{"name":"wp","href":"https:\/\/api.w.org\/{rel}","templated":true}]}}