{"id":11867,"date":"2022-11-20T20:23:04","date_gmt":"2022-11-20T20:23:04","guid":{"rendered":"https:\/\/crime-passionnel.com\/?post_type=product&#038;p=11867"},"modified":"2026-04-04T13:29:17","modified_gmt":"2026-04-04T13:29:17","slug":"azemour","status":"publish","type":"product","link":"https:\/\/crime-passionnel.com\/da\/vare\/azemour\/","title":{"rendered":"Azemour"},"content":{"rendered":"<p>En hyldest til Azemmour, en af de \u00e6ldste byer i kongeriget Marokko, et muslimsk og j\u00f8disk pilgrimssted; en hyldest til hans for\u00e6ldres appelsinlund og til hans lange rideture p\u00e5 jordene, der str\u00e6kker sig langs Oum Er r'Bia-wadien op til havet...<\/p>\n<p>Det gyldne lys fra den marokkanske Atlanterhavskyst gennemstr\u00f8mmer topnoterne i AZEMOUR, en blanding af sprudlende citrusfrugter domineret af appelsinskal og -k\u00f8d, sat sammen med klementin, mandarin, grapefrugt og citrus. Koriander, spidskommen, sort peber og pink peber tilf\u00f8jer deres livlighed til denne eksplosion af smag; solb\u00e6r og galbanum s\u00e6tter den i en m\u00f8rkegr\u00f8n rede af blade.<\/p>\n<p>S\u00e5 taler AZEMOUR til sit hjerte med friskhed fra neroli, forst\u00e6rket af geranium, uddybet af s\u00f8dmefuld, honningagtig appelsinblomstabsolut og delikat krydret gammeldags rose.<\/p>\n<p>H\u00f8, mos og hennaekstrakter fremkalder t\u00f8rt gr\u00e6s, der ud\u00e5nder dagens varme i appelsinlunden. Tr\u00e6noter sporer cypressernes b\u00f8lgende silhuetter i den atlantiske vind. Et strejf af salt fremkalder klitter, der fejes med havgus ... AZEMOUR, en landskabsparfume, der er lige s\u00e5 gener\u00f8s og solrig som det land, der har inspireret den.<\/p>\n<p>&nbsp;<\/p>\n<p>INGREDIENSER<\/p>\n<p>Noter: Appelsin, klementin, mandarin, grapefrugt, koriander, spidskommen, sort peber, rosa peber, solb\u00e6r, galbanum, neroli, geranium, rose, appelsinblomst, mos, cypres.<\/p>","protected":false},"excerpt":{"rendered":"<p>Frisk, tidl\u00f8s chypre, der spiller p\u00e5 alle appelsintr\u00e6ets facetter<\/p>","protected":false},"featured_media":11870,"template":"","meta":{"_acf_changed":false},"product_brand":[],"product_cat":[15],"product_tag":[],"class_list":{"0":"post-11867","1":"product","2":"type-product","3":"status-publish","4":"has-post-thumbnail","6":"product_cat-perfumes","7":"pa_brands-parfum-dempire","8":"pa_projection-stron","9":"pa_sizes-2ml-sample","10":"pa_sizes-50ml","11":"pa_style-fresh","13":"first","14":"instock","15":"taxable","16":"shipping-taxable","17":"purchasable","18":"product-type-variable","19":"add-to-wishlist-before_image"},"acf":[],"yoast_head":"<!-- This site is optimized with the Yoast SEO plugin v27.1.1 - https:\/\/yoast.com\/product\/yoast-seo-wordpress\/ -->\n<title>Azemour Eau de Parfum - Crime Passionnel Perfumes Online<\/title>\n<meta name=\"description\" content=\"AMBRE RUSSE\u2019s luxurious ambergris expresses the unbridled magnificence of the Russian empire in the days of the last tsars.\" \/>\n<meta name=\"robots\" content=\"index, follow, max-snippet:-1, max-image-preview:large, max-video-preview:-1\" \/>\n<link rel=\"canonical\" href=\"https:\/\/crime-passionnel.com\/da\/vare\/azemour\/\" \/>\n<meta property=\"og:locale\" content=\"da_DK\" \/>\n<meta property=\"og:type\" content=\"article\" \/>\n<meta property=\"og:title\" content=\"Azemour Eau de Parfum - Crime Passionnel Perfumes Online\" \/>\n<meta property=\"og:description\" content=\"AMBRE RUSSE\u2019s luxurious ambergris expresses the unbridled magnificence of the Russian empire in the days of the last tsars.\" \/>\n<meta property=\"og:url\" content=\"https:\/\/crime-passionnel.com\/da\/vare\/azemour\/\" \/>\n<meta property=\"og:site_name\" content=\"Crime Passionnel\" \/>\n<meta property=\"article:publisher\" content=\"https:\/\/www.facebook.com\/crimepassionnel\/\" \/>\n<meta property=\"article:modified_time\" content=\"2026-04-04T13:29:17+00:00\" \/>\n<meta property=\"og:image\" content=\"https:\/\/crime-passionnel.com\/wp-content\/uploads\/2022\/11\/Azemour-les-Orangers-50ML-scaled.jpg\" \/>\n\t<meta property=\"og:image:width\" content=\"1945\" \/>\n\t<meta property=\"og:image:height\" content=\"2560\" \/>\n\t<meta property=\"og:image:type\" content=\"image\/jpeg\" \/>\n<meta name=\"twitter:card\" content=\"summary_large_image\" \/>\n<meta name=\"twitter:label1\" content=\"Estimeret l\u00e6setid\" \/>\n\t<meta name=\"twitter:data1\" content=\"1 minut\" \/>\n<script type=\"application\/ld+json\" class=\"yoast-schema-graph\">{\"@context\":\"https:\/\/schema.org\",\"@graph\":[{\"@type\":\"WebPage\",\"@id\":\"https:\/\/crime-passionnel.com\/product\/azemour\/\",\"url\":\"https:\/\/crime-passionnel.com\/product\/azemour\/\",\"name\":\"Azemour Eau de Parfum - Crime Passionnel Perfumes Online\",\"isPartOf\":{\"@id\":\"https:\/\/crime-passionnel.com\/#website\"},\"primaryImageOfPage\":{\"@id\":\"https:\/\/crime-passionnel.com\/product\/azemour\/#primaryimage\"},\"image\":{\"@id\":\"https:\/\/crime-passionnel.com\/product\/azemour\/#primaryimage\"},\"thumbnailUrl\":\"https:\/\/crime-passionnel.com\/wp-content\/uploads\/2022\/11\/Azemour-les-Orangers-50ML-scaled.jpg\",\"datePublished\":\"2022-11-20T20:23:04+00:00\",\"dateModified\":\"2026-04-04T13:29:17+00:00\",\"description\":\"AMBRE RUSSE\u2019s luxurious ambergris expresses the unbridled magnificence of the Russian empire in the days of the last tsars.\",\"breadcrumb\":{\"@id\":\"https:\/\/crime-passionnel.com\/product\/azemour\/#breadcrumb\"},\"inLanguage\":\"da-DK\",\"potentialAction\":[{\"@type\":\"ReadAction\",\"target\":[\"https:\/\/crime-passionnel.com\/product\/azemour\/\"]}]},{\"@type\":\"ImageObject\",\"inLanguage\":\"da-DK\",\"@id\":\"https:\/\/crime-passionnel.com\/product\/azemour\/#primaryimage\",\"url\":\"https:\/\/crime-passionnel.com\/wp-content\/uploads\/2022\/11\/Azemour-les-Orangers-50ML-scaled.jpg\",\"contentUrl\":\"https:\/\/crime-passionnel.com\/wp-content\/uploads\/2022\/11\/Azemour-les-Orangers-50ML-scaled.jpg\",\"width\":1945,\"height\":2560,\"caption\":\"Azemour-les-Orangers\"},{\"@type\":\"BreadcrumbList\",\"@id\":\"https:\/\/crime-passionnel.com\/product\/azemour\/#breadcrumb\",\"itemListElement\":[{\"@type\":\"ListItem\",\"position\":1,\"name\":\"Home\",\"item\":\"https:\/\/crime-passionnel.com\/\"},{\"@type\":\"ListItem\",\"position\":2,\"name\":\"Products\",\"item\":\"https:\/\/crime-passionnel.com\/products\/\"},{\"@type\":\"ListItem\",\"position\":3,\"name\":\"Azemour\"}]},{\"@type\":\"WebSite\",\"@id\":\"https:\/\/crime-passionnel.com\/#website\",\"url\":\"https:\/\/crime-passionnel.com\/\",\"name\":\"Crime Passionnel\",\"description\":\"\",\"publisher\":{\"@id\":\"https:\/\/crime-passionnel.com\/#organization\"},\"potentialAction\":[{\"@type\":\"SearchAction\",\"target\":{\"@type\":\"EntryPoint\",\"urlTemplate\":\"https:\/\/crime-passionnel.com\/?s={search_term_string}\"},\"query-input\":{\"@type\":\"PropertyValueSpecification\",\"valueRequired\":true,\"valueName\":\"search_term_string\"}}],\"inLanguage\":\"da-DK\"},{\"@type\":\"Organization\",\"@id\":\"https:\/\/crime-passionnel.com\/#organization\",\"name\":\"Crime Passionnel\",\"url\":\"https:\/\/crime-passionnel.com\/\",\"logo\":{\"@type\":\"ImageObject\",\"inLanguage\":\"da-DK\",\"@id\":\"https:\/\/crime-passionnel.com\/#\/schema\/logo\/image\/\",\"url\":\"https:\/\/crime-passionnel.com\/wp-content\/uploads\/2021\/07\/logo.png\",\"contentUrl\":\"https:\/\/crime-passionnel.com\/wp-content\/uploads\/2021\/07\/logo.png\",\"width\":128,\"height\":50,\"caption\":\"Crime Passionnel\"},\"image\":{\"@id\":\"https:\/\/crime-passionnel.com\/#\/schema\/logo\/image\/\"},\"sameAs\":[\"https:\/\/www.facebook.com\/crimepassionnel\/\",\"https:\/\/www.instagram.com\/crime.passionnel\/\"]}]}<\/script>\n<!-- \/ Yoast SEO plugin. -->","yoast_head_json":{"title":"Azemour Eau de Parfum - Crime Passionnel Perfumes Online","description":"AMBRE RUSSE\u2019s luxurious ambergris expresses the unbridled magnificence of the Russian empire in the days of the last tsars.","robots":{"index":"index","follow":"follow","max-snippet":"max-snippet:-1","max-image-preview":"max-image-preview:large","max-video-preview":"max-video-preview:-1"},"canonical":"https:\/\/crime-passionnel.com\/da\/vare\/azemour\/","og_locale":"da_DK","og_type":"article","og_title":"Azemour Eau de Parfum - Crime Passionnel Perfumes Online","og_description":"AMBRE RUSSE\u2019s luxurious ambergris expresses the unbridled magnificence of the Russian empire in the days of the last tsars.","og_url":"https:\/\/crime-passionnel.com\/da\/vare\/azemour\/","og_site_name":"Crime Passionnel","article_publisher":"https:\/\/www.facebook.com\/crimepassionnel\/","article_modified_time":"2026-04-04T13:29:17+00:00","og_image":[{"width":1945,"height":2560,"url":"https:\/\/crime-passionnel.com\/wp-content\/uploads\/2022\/11\/Azemour-les-Orangers-50ML-scaled.jpg","type":"image\/jpeg"}],"twitter_card":"summary_large_image","twitter_misc":{"Estimeret l\u00e6setid":"1 minut"},"schema":{"@context":"https:\/\/schema.org","@graph":[{"@type":"WebPage","@id":"https:\/\/crime-passionnel.com\/product\/azemour\/","url":"https:\/\/crime-passionnel.com\/product\/azemour\/","name":"Azemour Eau de Parfum - Crime Passionnel Perfumes Online","isPartOf":{"@id":"https:\/\/crime-passionnel.com\/#website"},"primaryImageOfPage":{"@id":"https:\/\/crime-passionnel.com\/product\/azemour\/#primaryimage"},"image":{"@id":"https:\/\/crime-passionnel.com\/product\/azemour\/#primaryimage"},"thumbnailUrl":"https:\/\/crime-passionnel.com\/wp-content\/uploads\/2022\/11\/Azemour-les-Orangers-50ML-scaled.jpg","datePublished":"2022-11-20T20:23:04+00:00","dateModified":"2026-04-04T13:29:17+00:00","description":"AMBRE RUSSE\u2019s luxurious ambergris expresses the unbridled magnificence of the Russian empire in the days of the last tsars.","breadcrumb":{"@id":"https:\/\/crime-passionnel.com\/product\/azemour\/#breadcrumb"},"inLanguage":"da-DK","potentialAction":[{"@type":"ReadAction","target":["https:\/\/crime-passionnel.com\/product\/azemour\/"]}]},{"@type":"ImageObject","inLanguage":"da-DK","@id":"https:\/\/crime-passionnel.com\/product\/azemour\/#primaryimage","url":"https:\/\/crime-passionnel.com\/wp-content\/uploads\/2022\/11\/Azemour-les-Orangers-50ML-scaled.jpg","contentUrl":"https:\/\/crime-passionnel.com\/wp-content\/uploads\/2022\/11\/Azemour-les-Orangers-50ML-scaled.jpg","width":1945,"height":2560,"caption":"Azemour-les-Orangers"},{"@type":"BreadcrumbList","@id":"https:\/\/crime-passionnel.com\/product\/azemour\/#breadcrumb","itemListElement":[{"@type":"ListItem","position":1,"name":"Home","item":"https:\/\/crime-passionnel.com\/"},{"@type":"ListItem","position":2,"name":"Products","item":"https:\/\/crime-passionnel.com\/products\/"},{"@type":"ListItem","position":3,"name":"Azemour"}]},{"@type":"WebSite","@id":"https:\/\/crime-passionnel.com\/#website","url":"https:\/\/crime-passionnel.com\/","name":"Forbrydelse og lidenskab","description":"","publisher":{"@id":"https:\/\/crime-passionnel.com\/#organization"},"potentialAction":[{"@type":"SearchAction","target":{"@type":"EntryPoint","urlTemplate":"https:\/\/crime-passionnel.com\/?s={search_term_string}"},"query-input":{"@type":"PropertyValueSpecification","valueRequired":true,"valueName":"search_term_string"}}],"inLanguage":"da-DK"},{"@type":"Organization","@id":"https:\/\/crime-passionnel.com\/#organization","name":"Forbrydelse og lidenskab","url":"https:\/\/crime-passionnel.com\/","logo":{"@type":"ImageObject","inLanguage":"da-DK","@id":"https:\/\/crime-passionnel.com\/#\/schema\/logo\/image\/","url":"https:\/\/crime-passionnel.com\/wp-content\/uploads\/2021\/07\/logo.png","contentUrl":"https:\/\/crime-passionnel.com\/wp-content\/uploads\/2021\/07\/logo.png","width":128,"height":50,"caption":"Crime Passionnel"},"image":{"@id":"https:\/\/crime-passionnel.com\/#\/schema\/logo\/image\/"},"sameAs":["https:\/\/www.facebook.com\/crimepassionnel\/","https:\/\/www.instagram.com\/crime.passionnel\/"]}]}},"_links":{"self":[{"href":"https:\/\/crime-passionnel.com\/da\/wp-json\/wp\/v2\/product\/11867","targetHints":{"allow":["GET"]}}],"collection":[{"href":"https:\/\/crime-passionnel.com\/da\/wp-json\/wp\/v2\/product"}],"about":[{"href":"https:\/\/crime-passionnel.com\/da\/wp-json\/wp\/v2\/types\/product"}],"wp:featuredmedia":[{"embeddable":true,"href":"https:\/\/crime-passionnel.com\/da\/wp-json\/wp\/v2\/media\/11870"}],"wp:attachment":[{"href":"https:\/\/crime-passionnel.com\/da\/wp-json\/wp\/v2\/media?parent=11867"}],"wp:term":[{"taxonomy":"product_brand","embeddable":true,"href":"https:\/\/crime-passionnel.com\/da\/wp-json\/wp\/v2\/product_brand?post=11867"},{"taxonomy":"product_cat","embeddable":true,"href":"https:\/\/crime-passionnel.com\/da\/wp-json\/wp\/v2\/product_cat?post=11867"},{"taxonomy":"product_tag","embeddable":true,"href":"https:\/\/crime-passionnel.com\/da\/wp-json\/wp\/v2\/product_tag?post=11867"}],"curies":[{"name":"wp","href":"https:\/\/api.w.org\/{rel}","templated":true}]}}