{"id":11805,"date":"2022-11-11T21:46:22","date_gmt":"2022-11-11T21:46:22","guid":{"rendered":"https:\/\/crime-passionnel.com\/?post_type=product&#038;p=11805"},"modified":"2026-02-18T16:52:29","modified_gmt":"2026-02-18T16:52:29","slug":"lascia-chio-pianga","status":"publish","type":"product","link":"https:\/\/crime-passionnel.com\/da\/vare\/lascia-chio-pianga\/","title":{"rendered":"Lascia Ch'io Pianga"},"content":{"rendered":"<p>Filippo Sorcinelli Lascia Ch'io Pianga Extrait de Parfum er en olfaktorisk kamp for frihed. Parfumens f\u00f8rste f\u00f8lelsesm\u00e6ssige gnist er pentagrammet, som ogs\u00e5 pr\u00e6senteres af parfumeflakonens design: musikken bev\u00e6ger sig, falder som t\u00e5rer og spreder \u00f8nsket om frihed - parfumen er inspireret af IIandels Rinaldo arie: \"Let me cry\".<\/p>\n<p>I hjertet af parfumen \u00e5bner Tuberosen en meget bredere vej: konceptet med at erobre en dyrebar gave, som alle mennesker besidder, og som i dag bliver vigtigere end nogensinde f\u00f8r. Filippo Sorcinelli \u00f8nsker at vise sin menneskelige og kunstneriske rejse gennem erobringen af denne \"absolutte\" parfume og bev\u00e6ge sig v\u00e6k fra modens, reklamernes og fordommenes slaveri. Man indser f\u00f8rst, hvor vigtig frihed er, n\u00e5r man svigter sig selv.<\/p>\n<p>Fordommenes gr\u00e6nser kan kun overvindes gennem erfaring, s\u00e5 vi kan g\u00e5 p\u00e5 en lige sti i et symbolsk gr\u00f8nt omr\u00e5de oplyst af m\u00e5nen: Den bader vores ansigter i et varmt og altomfattende lys.<\/p>\n<p>Uanset hvor meget frihedens stemme har lidt, betyder det ikke, at vi altid vilk\u00e5rligt kan g\u00f8re, hvad vi vil, da alt skal forblive inden for loven og v\u00e6rdierne. Dette er den nye melodi, der g\u00f8r os opm\u00e6rksomme p\u00e5 gr\u00e6nserne, dette \u00e5ndel\u00f8se suk, der opl\u00f8ser vores usikkerhed for definitivt at vise vores kald.<\/p>\n<p>INGREDIENSER<\/p>\n<p>Topnoter: Ylang Ylang, Jasmin, Syren, Gardenia, Iris<\/p>\n<p>Hjertenoter: Tuberose, nellike<\/p>\n<p>Basisnoter: Moskus, tolu-balsam<\/p>","protected":false},"excerpt":{"rendered":"<p>Olfaktorisk kamp for frihed<\/p>","protected":false},"featured_media":11808,"template":"","meta":{"_acf_changed":false},"product_brand":[],"product_cat":[418,15],"product_tag":[],"class_list":{"0":"post-11805","1":"product","2":"type-product","3":"status-publish","4":"has-post-thumbnail","6":"product_cat-new-arrivals","7":"product_cat-perfumes","8":"pa_brands-unum","9":"pa_projection-moderate","10":"pa_sizes-2ml-sample","11":"pa_sizes-100ml","12":"pa_style-floral","14":"first","15":"instock","16":"taxable","17":"shipping-taxable","18":"purchasable","19":"product-type-variable","20":"add-to-wishlist-before_image"},"acf":[],"yoast_head":"<!-- This site is optimized with the Yoast SEO plugin v27.1.1 - https:\/\/yoast.com\/product\/yoast-seo-wordpress\/ -->\n<title>Lascia Ch&#039;io Pianga Extrait de Parfum - Crime Passionnel Perfumes<\/title>\n<meta name=\"description\" content=\"A violent fragrance at the beginning, full of metallic, bloody accords \u2013 47 blood notes and 15 of white lily have been used until reaching the final effect.\" \/>\n<meta name=\"robots\" content=\"index, follow, max-snippet:-1, max-image-preview:large, max-video-preview:-1\" \/>\n<link rel=\"canonical\" href=\"https:\/\/crime-passionnel.com\/da\/vare\/lascia-chio-pianga\/\" \/>\n<meta property=\"og:locale\" content=\"da_DK\" \/>\n<meta property=\"og:type\" content=\"article\" \/>\n<meta property=\"og:title\" content=\"Lascia Ch&#039;io Pianga Extrait de Parfum - Crime Passionnel Perfumes\" \/>\n<meta property=\"og:description\" content=\"A violent fragrance at the beginning, full of metallic, bloody accords \u2013 47 blood notes and 15 of white lily have been used until reaching the final effect.\" \/>\n<meta property=\"og:url\" content=\"https:\/\/crime-passionnel.com\/da\/vare\/lascia-chio-pianga\/\" \/>\n<meta property=\"og:site_name\" content=\"Crime Passionnel\" \/>\n<meta property=\"article:publisher\" content=\"https:\/\/www.facebook.com\/crimepassionnel\/\" \/>\n<meta property=\"article:modified_time\" content=\"2026-02-18T16:52:29+00:00\" \/>\n<meta property=\"og:image\" content=\"https:\/\/crime-passionnel.com\/wp-content\/uploads\/2022\/11\/Lascia-scaled.jpg\" \/>\n\t<meta property=\"og:image:width\" content=\"1945\" \/>\n\t<meta property=\"og:image:height\" content=\"2560\" \/>\n\t<meta property=\"og:image:type\" content=\"image\/jpeg\" \/>\n<meta name=\"twitter:card\" content=\"summary_large_image\" \/>\n<meta name=\"twitter:label1\" content=\"Estimeret l\u00e6setid\" \/>\n\t<meta name=\"twitter:data1\" content=\"2 minutter\" \/>\n<script type=\"application\/ld+json\" class=\"yoast-schema-graph\">{\"@context\":\"https:\/\/schema.org\",\"@graph\":[{\"@type\":\"WebPage\",\"@id\":\"https:\/\/crime-passionnel.com\/product\/lascia-chio-pianga\/\",\"url\":\"https:\/\/crime-passionnel.com\/product\/lascia-chio-pianga\/\",\"name\":\"Lascia Ch'io Pianga Extrait de Parfum - Crime Passionnel Perfumes\",\"isPartOf\":{\"@id\":\"https:\/\/crime-passionnel.com\/#website\"},\"primaryImageOfPage\":{\"@id\":\"https:\/\/crime-passionnel.com\/product\/lascia-chio-pianga\/#primaryimage\"},\"image\":{\"@id\":\"https:\/\/crime-passionnel.com\/product\/lascia-chio-pianga\/#primaryimage\"},\"thumbnailUrl\":\"https:\/\/crime-passionnel.com\/wp-content\/uploads\/2022\/11\/Lascia-scaled.jpg\",\"datePublished\":\"2022-11-11T21:46:22+00:00\",\"dateModified\":\"2026-02-18T16:52:29+00:00\",\"description\":\"A violent fragrance at the beginning, full of metallic, bloody accords \u2013 47 blood notes and 15 of white lily have been used until reaching the final effect.\",\"breadcrumb\":{\"@id\":\"https:\/\/crime-passionnel.com\/product\/lascia-chio-pianga\/#breadcrumb\"},\"inLanguage\":\"da-DK\",\"potentialAction\":[{\"@type\":\"ReadAction\",\"target\":[\"https:\/\/crime-passionnel.com\/product\/lascia-chio-pianga\/\"]}]},{\"@type\":\"ImageObject\",\"inLanguage\":\"da-DK\",\"@id\":\"https:\/\/crime-passionnel.com\/product\/lascia-chio-pianga\/#primaryimage\",\"url\":\"https:\/\/crime-passionnel.com\/wp-content\/uploads\/2022\/11\/Lascia-scaled.jpg\",\"contentUrl\":\"https:\/\/crime-passionnel.com\/wp-content\/uploads\/2022\/11\/Lascia-scaled.jpg\",\"width\":1945,\"height\":2560,\"caption\":\"Lascia ch'io pianga\"},{\"@type\":\"BreadcrumbList\",\"@id\":\"https:\/\/crime-passionnel.com\/product\/lascia-chio-pianga\/#breadcrumb\",\"itemListElement\":[{\"@type\":\"ListItem\",\"position\":1,\"name\":\"Home\",\"item\":\"https:\/\/crime-passionnel.com\/\"},{\"@type\":\"ListItem\",\"position\":2,\"name\":\"Products\",\"item\":\"https:\/\/crime-passionnel.com\/products\/\"},{\"@type\":\"ListItem\",\"position\":3,\"name\":\"Lascia Ch&#8217;io Pianga\"}]},{\"@type\":\"WebSite\",\"@id\":\"https:\/\/crime-passionnel.com\/#website\",\"url\":\"https:\/\/crime-passionnel.com\/\",\"name\":\"Crime Passionnel\",\"description\":\"\",\"publisher\":{\"@id\":\"https:\/\/crime-passionnel.com\/#organization\"},\"potentialAction\":[{\"@type\":\"SearchAction\",\"target\":{\"@type\":\"EntryPoint\",\"urlTemplate\":\"https:\/\/crime-passionnel.com\/?s={search_term_string}\"},\"query-input\":{\"@type\":\"PropertyValueSpecification\",\"valueRequired\":true,\"valueName\":\"search_term_string\"}}],\"inLanguage\":\"da-DK\"},{\"@type\":\"Organization\",\"@id\":\"https:\/\/crime-passionnel.com\/#organization\",\"name\":\"Crime Passionnel\",\"url\":\"https:\/\/crime-passionnel.com\/\",\"logo\":{\"@type\":\"ImageObject\",\"inLanguage\":\"da-DK\",\"@id\":\"https:\/\/crime-passionnel.com\/#\/schema\/logo\/image\/\",\"url\":\"https:\/\/crime-passionnel.com\/wp-content\/uploads\/2021\/07\/logo.png\",\"contentUrl\":\"https:\/\/crime-passionnel.com\/wp-content\/uploads\/2021\/07\/logo.png\",\"width\":128,\"height\":50,\"caption\":\"Crime Passionnel\"},\"image\":{\"@id\":\"https:\/\/crime-passionnel.com\/#\/schema\/logo\/image\/\"},\"sameAs\":[\"https:\/\/www.facebook.com\/crimepassionnel\/\",\"https:\/\/www.instagram.com\/crime.passionnel\/\"]}]}<\/script>\n<!-- \/ Yoast SEO plugin. -->","yoast_head_json":{"title":"Lascia Ch'io Pianga Extrait de Parfum - Crime Passionnel Perfumes","description":"A violent fragrance at the beginning, full of metallic, bloody accords \u2013 47 blood notes and 15 of white lily have been used until reaching the final effect.","robots":{"index":"index","follow":"follow","max-snippet":"max-snippet:-1","max-image-preview":"max-image-preview:large","max-video-preview":"max-video-preview:-1"},"canonical":"https:\/\/crime-passionnel.com\/da\/vare\/lascia-chio-pianga\/","og_locale":"da_DK","og_type":"article","og_title":"Lascia Ch'io Pianga Extrait de Parfum - Crime Passionnel Perfumes","og_description":"A violent fragrance at the beginning, full of metallic, bloody accords \u2013 47 blood notes and 15 of white lily have been used until reaching the final effect.","og_url":"https:\/\/crime-passionnel.com\/da\/vare\/lascia-chio-pianga\/","og_site_name":"Crime Passionnel","article_publisher":"https:\/\/www.facebook.com\/crimepassionnel\/","article_modified_time":"2026-02-18T16:52:29+00:00","og_image":[{"width":1945,"height":2560,"url":"https:\/\/crime-passionnel.com\/wp-content\/uploads\/2022\/11\/Lascia-scaled.jpg","type":"image\/jpeg"}],"twitter_card":"summary_large_image","twitter_misc":{"Estimeret l\u00e6setid":"2 minutter"},"schema":{"@context":"https:\/\/schema.org","@graph":[{"@type":"WebPage","@id":"https:\/\/crime-passionnel.com\/product\/lascia-chio-pianga\/","url":"https:\/\/crime-passionnel.com\/product\/lascia-chio-pianga\/","name":"Lascia Ch'io Pianga Extrait de Parfum - Crime Passionnel Perfumes","isPartOf":{"@id":"https:\/\/crime-passionnel.com\/#website"},"primaryImageOfPage":{"@id":"https:\/\/crime-passionnel.com\/product\/lascia-chio-pianga\/#primaryimage"},"image":{"@id":"https:\/\/crime-passionnel.com\/product\/lascia-chio-pianga\/#primaryimage"},"thumbnailUrl":"https:\/\/crime-passionnel.com\/wp-content\/uploads\/2022\/11\/Lascia-scaled.jpg","datePublished":"2022-11-11T21:46:22+00:00","dateModified":"2026-02-18T16:52:29+00:00","description":"A violent fragrance at the beginning, full of metallic, bloody accords \u2013 47 blood notes and 15 of white lily have been used until reaching the final effect.","breadcrumb":{"@id":"https:\/\/crime-passionnel.com\/product\/lascia-chio-pianga\/#breadcrumb"},"inLanguage":"da-DK","potentialAction":[{"@type":"ReadAction","target":["https:\/\/crime-passionnel.com\/product\/lascia-chio-pianga\/"]}]},{"@type":"ImageObject","inLanguage":"da-DK","@id":"https:\/\/crime-passionnel.com\/product\/lascia-chio-pianga\/#primaryimage","url":"https:\/\/crime-passionnel.com\/wp-content\/uploads\/2022\/11\/Lascia-scaled.jpg","contentUrl":"https:\/\/crime-passionnel.com\/wp-content\/uploads\/2022\/11\/Lascia-scaled.jpg","width":1945,"height":2560,"caption":"Lascia ch'io pianga"},{"@type":"BreadcrumbList","@id":"https:\/\/crime-passionnel.com\/product\/lascia-chio-pianga\/#breadcrumb","itemListElement":[{"@type":"ListItem","position":1,"name":"Home","item":"https:\/\/crime-passionnel.com\/"},{"@type":"ListItem","position":2,"name":"Products","item":"https:\/\/crime-passionnel.com\/products\/"},{"@type":"ListItem","position":3,"name":"Lascia Ch&#8217;io Pianga"}]},{"@type":"WebSite","@id":"https:\/\/crime-passionnel.com\/#website","url":"https:\/\/crime-passionnel.com\/","name":"Forbrydelse og lidenskab","description":"","publisher":{"@id":"https:\/\/crime-passionnel.com\/#organization"},"potentialAction":[{"@type":"SearchAction","target":{"@type":"EntryPoint","urlTemplate":"https:\/\/crime-passionnel.com\/?s={search_term_string}"},"query-input":{"@type":"PropertyValueSpecification","valueRequired":true,"valueName":"search_term_string"}}],"inLanguage":"da-DK"},{"@type":"Organization","@id":"https:\/\/crime-passionnel.com\/#organization","name":"Forbrydelse og lidenskab","url":"https:\/\/crime-passionnel.com\/","logo":{"@type":"ImageObject","inLanguage":"da-DK","@id":"https:\/\/crime-passionnel.com\/#\/schema\/logo\/image\/","url":"https:\/\/crime-passionnel.com\/wp-content\/uploads\/2021\/07\/logo.png","contentUrl":"https:\/\/crime-passionnel.com\/wp-content\/uploads\/2021\/07\/logo.png","width":128,"height":50,"caption":"Crime Passionnel"},"image":{"@id":"https:\/\/crime-passionnel.com\/#\/schema\/logo\/image\/"},"sameAs":["https:\/\/www.facebook.com\/crimepassionnel\/","https:\/\/www.instagram.com\/crime.passionnel\/"]}]}},"_links":{"self":[{"href":"https:\/\/crime-passionnel.com\/da\/wp-json\/wp\/v2\/product\/11805","targetHints":{"allow":["GET"]}}],"collection":[{"href":"https:\/\/crime-passionnel.com\/da\/wp-json\/wp\/v2\/product"}],"about":[{"href":"https:\/\/crime-passionnel.com\/da\/wp-json\/wp\/v2\/types\/product"}],"wp:featuredmedia":[{"embeddable":true,"href":"https:\/\/crime-passionnel.com\/da\/wp-json\/wp\/v2\/media\/11808"}],"wp:attachment":[{"href":"https:\/\/crime-passionnel.com\/da\/wp-json\/wp\/v2\/media?parent=11805"}],"wp:term":[{"taxonomy":"product_brand","embeddable":true,"href":"https:\/\/crime-passionnel.com\/da\/wp-json\/wp\/v2\/product_brand?post=11805"},{"taxonomy":"product_cat","embeddable":true,"href":"https:\/\/crime-passionnel.com\/da\/wp-json\/wp\/v2\/product_cat?post=11805"},{"taxonomy":"product_tag","embeddable":true,"href":"https:\/\/crime-passionnel.com\/da\/wp-json\/wp\/v2\/product_tag?post=11805"}],"curies":[{"name":"wp","href":"https:\/\/api.w.org\/{rel}","templated":true}]}}