{"id":3611,"date":"2022-02-18T07:07:29","date_gmt":"2022-02-18T07:07:29","guid":{"rendered":"https:\/\/crime-passionnel.com\/?page_id=3611"},"modified":"2026-03-26T09:38:31","modified_gmt":"2026-03-26T09:38:31","slug":"perfume-samples","status":"publish","type":"page","link":"https:\/\/crime-passionnel.com\/da\/perfume-samples\/","title":{"rendered":"Pr\u00f8ver"},"content":{"rendered":"<section>\r\n    <div class=\"container-fluid\" style=\"padding-left: 0; padding-right: 0;\">\r\n        <div class=\"d-flex row justify-content-between samples-page\">\r\n                        <div class=\"d-flex flex-column justify-content-center fifty\">\r\n                <h2 class=\"title-xl mb-40\">Pr\u00f8ver<\/h2>\r\n                <p class=\"text-lg mb-40\"><p>Crime Passionnel giver dig en s\u00e6rlig mulighed for at bestille pr\u00f8ver af enhver reference p\u00e5 vores hjemmeside.<\/p>\n<p><strong>Bem\u00e6rk venligst f\u00f8lgende<\/strong><\/p>\n<p>1. Vi fylder hver pr\u00f8ve i h\u00e5nden; derfor kan behandlingstiden tage mellem 2-3 arbejdsdage. Udgifterne til forst\u00f8verne, som vi fylder dine pr\u00f8ver i, og ordrebehandling er inkluderet i priserne for pr\u00f8verne.<br data-rich-text-line-break=\"true\" \/>2. Vi bruger 3 ml glasforst\u00f8vere fyldt med 2 ml duft efter eget valg.\u00a0<br data-rich-text-line-break=\"true\" \/>3. Selv hvis produktet er udsolgt, kan du m\u00e5ske bestille en pr\u00f8ve p\u00e5 2 ml.<br \/>\n4. Da hver pr\u00f8ve er specialfremstillet specielt til kunden, kan vi ikke acceptere tilbagebetaling eller ombytning, n\u00e5r en pr\u00f8veordre er gennemf\u00f8rt.<\/p>\n<p><strong>Bem\u00e6rkninger om produktansvar p\u00e5 pr\u00f8ver<\/strong><\/p>\n<p>Vi vil gerne informere dig om, at duftpr\u00f8ver skal bruges inden for 5 m\u00e5neder efter p\u00e5fyldning.<\/p>\n<p>Af pladshensyn er det ikke muligt at notere alle ingredienser (INCI'er) i det originale produkt p\u00e5 pr\u00f8vebeholderen. En detaljeret liste over ingredienser og andre oplysninger kan findes p\u00e5 originalprodukternes emballage eller p\u00e5 vores hjemmeside. Hvis du har brug for oplysninger, er du velkommen til at kontakte os, og vi vil med gl\u00e6de informere dig om ingredienserne og ogs\u00e5 besvare eventuelle yderligere sp\u00f8rgsm\u00e5l om dit \u00f8nskede produkt.<\/p>\n<p>Endelig g\u00f8r vi udtrykkeligt opm\u00e6rksom p\u00e5, at ingredienserne i parfumer og kosmetikprodukter kan for\u00e5rsage allergiske reaktioner. Derfor frar\u00e5der vi alle, der er tilb\u00f8jelige til at have allergi, at bruge produkterne og p\u00e5tager os intet ansvar.<\/p>\n<p>Ved at bestille pr\u00f8ver bekr\u00e6fter du vores ansvarsfritagelse.<\/p>\n<\/p>\r\n                                <a href=\"https:\/\/crime-passionnel.com\/da\/products\/\" class=\"btn-1 border-black mb-40\" style=\"width: fit-content;\">Find pr\u00f8ver<\/a>\r\n                            <\/div>\r\n            <div class=\"d-flex flex-wrap photo-grid photo-grid-samples fifty\">\r\n                <img decoding=\"async\" src=\"https:\/\/crime-passionnel.com\/wp-content\/uploads\/2022\/03\/0000FRONT.jpg\" alt=\"\" style=\"object-fit: cover;\">\r\n            <\/div>\r\n        <\/div>\r\n    <\/div>\r\n<\/section>\r\n\n\n\n<p><\/p>","protected":false},"excerpt":{"rendered":"","protected":false},"author":2,"featured_media":0,"parent":0,"menu_order":0,"comment_status":"closed","ping_status":"closed","template":"plain.php","meta":{"_acf_changed":false,"footnotes":""},"class_list":["post-3611","page","type-page","status-publish","hentry"],"acf":[],"yoast_head":"<!-- This site is optimized with the Yoast SEO plugin v27.1.1 - https:\/\/yoast.com\/product\/yoast-seo-wordpress\/ -->\n<title>Samples - Crime Passionnel<\/title>\n<meta name=\"robots\" content=\"index, follow, max-snippet:-1, max-image-preview:large, max-video-preview:-1\" \/>\n<link rel=\"canonical\" href=\"https:\/\/crime-passionnel.com\/da\/perfume-samples\/\" \/>\n<meta property=\"og:locale\" content=\"da_DK\" \/>\n<meta property=\"og:type\" content=\"article\" \/>\n<meta property=\"og:title\" content=\"Samples - Crime Passionnel\" \/>\n<meta property=\"og:url\" content=\"https:\/\/crime-passionnel.com\/da\/perfume-samples\/\" \/>\n<meta property=\"og:site_name\" content=\"Crime Passionnel\" \/>\n<meta property=\"article:publisher\" content=\"https:\/\/www.facebook.com\/crimepassionnel\/\" \/>\n<meta property=\"article:modified_time\" content=\"2026-03-26T09:38:31+00:00\" \/>\n<meta name=\"twitter:card\" content=\"summary_large_image\" \/>\n<script type=\"application\/ld+json\" class=\"yoast-schema-graph\">{\"@context\":\"https:\/\/schema.org\",\"@graph\":[{\"@type\":\"WebPage\",\"@id\":\"https:\/\/crime-passionnel.com\/perfume-samples\/\",\"url\":\"https:\/\/crime-passionnel.com\/perfume-samples\/\",\"name\":\"Samples - Crime Passionnel\",\"isPartOf\":{\"@id\":\"https:\/\/crime-passionnel.com\/#website\"},\"datePublished\":\"2022-02-18T07:07:29+00:00\",\"dateModified\":\"2026-03-26T09:38:31+00:00\",\"breadcrumb\":{\"@id\":\"https:\/\/crime-passionnel.com\/perfume-samples\/#breadcrumb\"},\"inLanguage\":\"da-DK\",\"potentialAction\":[{\"@type\":\"ReadAction\",\"target\":[\"https:\/\/crime-passionnel.com\/perfume-samples\/\"]}]},{\"@type\":\"BreadcrumbList\",\"@id\":\"https:\/\/crime-passionnel.com\/perfume-samples\/#breadcrumb\",\"itemListElement\":[{\"@type\":\"ListItem\",\"position\":1,\"name\":\"Home\",\"item\":\"https:\/\/crime-passionnel.com\/\"},{\"@type\":\"ListItem\",\"position\":2,\"name\":\"Samples\"}]},{\"@type\":\"WebSite\",\"@id\":\"https:\/\/crime-passionnel.com\/#website\",\"url\":\"https:\/\/crime-passionnel.com\/\",\"name\":\"Crime Passionnel\",\"description\":\"\",\"publisher\":{\"@id\":\"https:\/\/crime-passionnel.com\/#organization\"},\"potentialAction\":[{\"@type\":\"SearchAction\",\"target\":{\"@type\":\"EntryPoint\",\"urlTemplate\":\"https:\/\/crime-passionnel.com\/?s={search_term_string}\"},\"query-input\":{\"@type\":\"PropertyValueSpecification\",\"valueRequired\":true,\"valueName\":\"search_term_string\"}}],\"inLanguage\":\"da-DK\"},{\"@type\":\"Organization\",\"@id\":\"https:\/\/crime-passionnel.com\/#organization\",\"name\":\"Crime Passionnel\",\"url\":\"https:\/\/crime-passionnel.com\/\",\"logo\":{\"@type\":\"ImageObject\",\"inLanguage\":\"da-DK\",\"@id\":\"https:\/\/crime-passionnel.com\/#\/schema\/logo\/image\/\",\"url\":\"https:\/\/crime-passionnel.com\/wp-content\/uploads\/2021\/07\/logo.png\",\"contentUrl\":\"https:\/\/crime-passionnel.com\/wp-content\/uploads\/2021\/07\/logo.png\",\"width\":128,\"height\":50,\"caption\":\"Crime Passionnel\"},\"image\":{\"@id\":\"https:\/\/crime-passionnel.com\/#\/schema\/logo\/image\/\"},\"sameAs\":[\"https:\/\/www.facebook.com\/crimepassionnel\/\",\"https:\/\/www.instagram.com\/crime.passionnel\/\"]}]}<\/script>\n<!-- \/ Yoast SEO plugin. -->","yoast_head_json":{"title":"Samples - Crime Passionnel","robots":{"index":"index","follow":"follow","max-snippet":"max-snippet:-1","max-image-preview":"max-image-preview:large","max-video-preview":"max-video-preview:-1"},"canonical":"https:\/\/crime-passionnel.com\/da\/perfume-samples\/","og_locale":"da_DK","og_type":"article","og_title":"Samples - Crime Passionnel","og_url":"https:\/\/crime-passionnel.com\/da\/perfume-samples\/","og_site_name":"Crime Passionnel","article_publisher":"https:\/\/www.facebook.com\/crimepassionnel\/","article_modified_time":"2026-03-26T09:38:31+00:00","twitter_card":"summary_large_image","schema":{"@context":"https:\/\/schema.org","@graph":[{"@type":"WebPage","@id":"https:\/\/crime-passionnel.com\/perfume-samples\/","url":"https:\/\/crime-passionnel.com\/perfume-samples\/","name":"Samples - Crime Passionnel","isPartOf":{"@id":"https:\/\/crime-passionnel.com\/#website"},"datePublished":"2022-02-18T07:07:29+00:00","dateModified":"2026-03-26T09:38:31+00:00","breadcrumb":{"@id":"https:\/\/crime-passionnel.com\/perfume-samples\/#breadcrumb"},"inLanguage":"da-DK","potentialAction":[{"@type":"ReadAction","target":["https:\/\/crime-passionnel.com\/perfume-samples\/"]}]},{"@type":"BreadcrumbList","@id":"https:\/\/crime-passionnel.com\/perfume-samples\/#breadcrumb","itemListElement":[{"@type":"ListItem","position":1,"name":"Home","item":"https:\/\/crime-passionnel.com\/"},{"@type":"ListItem","position":2,"name":"Samples"}]},{"@type":"WebSite","@id":"https:\/\/crime-passionnel.com\/#website","url":"https:\/\/crime-passionnel.com\/","name":"Forbrydelse og lidenskab","description":"","publisher":{"@id":"https:\/\/crime-passionnel.com\/#organization"},"potentialAction":[{"@type":"SearchAction","target":{"@type":"EntryPoint","urlTemplate":"https:\/\/crime-passionnel.com\/?s={search_term_string}"},"query-input":{"@type":"PropertyValueSpecification","valueRequired":true,"valueName":"search_term_string"}}],"inLanguage":"da-DK"},{"@type":"Organization","@id":"https:\/\/crime-passionnel.com\/#organization","name":"Forbrydelse og lidenskab","url":"https:\/\/crime-passionnel.com\/","logo":{"@type":"ImageObject","inLanguage":"da-DK","@id":"https:\/\/crime-passionnel.com\/#\/schema\/logo\/image\/","url":"https:\/\/crime-passionnel.com\/wp-content\/uploads\/2021\/07\/logo.png","contentUrl":"https:\/\/crime-passionnel.com\/wp-content\/uploads\/2021\/07\/logo.png","width":128,"height":50,"caption":"Crime Passionnel"},"image":{"@id":"https:\/\/crime-passionnel.com\/#\/schema\/logo\/image\/"},"sameAs":["https:\/\/www.facebook.com\/crimepassionnel\/","https:\/\/www.instagram.com\/crime.passionnel\/"]}]}},"_links":{"self":[{"href":"https:\/\/crime-passionnel.com\/da\/wp-json\/wp\/v2\/pages\/3611","targetHints":{"allow":["GET"]}}],"collection":[{"href":"https:\/\/crime-passionnel.com\/da\/wp-json\/wp\/v2\/pages"}],"about":[{"href":"https:\/\/crime-passionnel.com\/da\/wp-json\/wp\/v2\/types\/page"}],"author":[{"embeddable":true,"href":"https:\/\/crime-passionnel.com\/da\/wp-json\/wp\/v2\/users\/2"}],"replies":[{"embeddable":true,"href":"https:\/\/crime-passionnel.com\/da\/wp-json\/wp\/v2\/comments?post=3611"}],"version-history":[{"count":17,"href":"https:\/\/crime-passionnel.com\/da\/wp-json\/wp\/v2\/pages\/3611\/revisions"}],"predecessor-version":[{"id":33028,"href":"https:\/\/crime-passionnel.com\/da\/wp-json\/wp\/v2\/pages\/3611\/revisions\/33028"}],"wp:attachment":[{"href":"https:\/\/crime-passionnel.com\/da\/wp-json\/wp\/v2\/media?parent=3611"}],"curies":[{"name":"wp","href":"https:\/\/api.w.org\/{rel}","templated":true}]}}