{"id":2273,"date":"2021-11-14T11:37:41","date_gmt":"2021-11-14T11:37:41","guid":{"rendered":"https:\/\/crimepassionnel.nextwebdev.lt\/?page_id=2273"},"modified":"2026-03-22T13:11:32","modified_gmt":"2026-03-22T13:11:32","slug":"boutique","status":"publish","type":"page","link":"https:\/\/crime-passionnel.com\/da\/boutique\/","title":{"rendered":"Boutique"},"content":{"rendered":"<div class=\"boutique-block\">\r\n    <h1 class=\"boutique-block__heading\">Oplev duftens kunst<\/h1>\r\n    <div class=\"boutique-block__content\"><p>Velkommen til Crime Passionnel, den ultimative duftdestination i hjertet af K\u00f8benhavn, Danmark. Vores butik tilbyder et smalt udvalg af sofistikerede dufte og et begr\u00e6nset sortiment af banebrydende navne fra sk\u00f8nhedshovedst\u00e6der over hele verden.<\/p>\n<p>Vores dufte er inspireret af begrebet \"crime passionnel\" og repr\u00e6senterer de intense f\u00f8lelser, der driver os. Crime Passionnel skaber en unik og mystisk aroma, der forbinder alle fem sanser - h\u00f8relse, syn, ber\u00f8ring, smag og lugt - til \u00e9n sensuel og overv\u00e6ldende oplevelse.<\/p>\n<p>Hos Crime Passionnel mener vi, at duft er mere end bare en duft. Det er et billede, en stil, en stemning og et synspunkt. Vores dufte er designet til at skabe en f\u00f8lelsesm\u00e6ssig og sensorisk forbindelse, som f\u00e5r dig til at f\u00f8le dig selvsikker og styrket.<br data-rich-text-line-break=\"true\" \/><br data-rich-text-line-break=\"true\" \/>S\u00e5 hvad skal du have p\u00e5 i dag?<\/p>\n<\/div>\r\n<\/div>\n\n\r\n    <div class=\"boutique-gallery\">\r\n                    <div class=\"boutique-gallery__image\">\r\n                <img decoding=\"async\" src=\"https:\/\/crime-passionnel.com\/wp-content\/uploads\/2026\/03\/DSC06030-scaled.jpg\" \/>\r\n            <\/div>\r\n                    <div class=\"boutique-gallery__image\">\r\n                <img decoding=\"async\" src=\"https:\/\/crime-passionnel.com\/wp-content\/uploads\/2023\/02\/22fc19c86a8cfc274c4c320f4671fac9.png\" \/>\r\n            <\/div>\r\n                    <div class=\"boutique-gallery__image\">\r\n                <img decoding=\"async\" src=\"https:\/\/crime-passionnel.com\/wp-content\/uploads\/2023\/02\/b4e29e5cfedbb0947f15b6d6bff3270b.png\" \/>\r\n            <\/div>\r\n                    <div class=\"boutique-gallery__image\">\r\n                <img decoding=\"async\" src=\"https:\/\/crime-passionnel.com\/wp-content\/uploads\/2023\/02\/98fdddcdc4450e0735c69f888778d6ad.png\" \/>\r\n            <\/div>\r\n                    <div class=\"boutique-gallery__image\">\r\n                <img decoding=\"async\" src=\"https:\/\/crime-passionnel.com\/wp-content\/uploads\/2026\/03\/DSC06111-scaled.jpg\" \/>\r\n            <\/div>\r\n            <\/div>\r\n\r\n\n\n<div class=\"boutique_map\">\r\n    <div class=\"boutique_map__left\">\r\n        <h2 class=\"boutique_map__heading\">Bes\u00f8g os<\/h2>\r\n                    <div class=\"boutique_map__flex margin\">\r\n                <img decoding=\"async\" src=\"https:\/\/crime-passionnel.com\/wp-content\/themes\/savoy-child\/assets\/img\/location.svg\" \/>\r\n                Hyskenstr\u00e6de 141207 K\u00f8benhavn Danmark            <\/div>\r\n                    <div class=\"boutique_map__flex\">\r\n                <img decoding=\"async\" src=\"https:\/\/crime-passionnel.com\/wp-content\/themes\/savoy-child\/assets\/img\/CalendarBlank.svg\" \/>\r\n                <div>\r\n                                            <div class=\"boutique_map__work-hour\">\r\n                            <div class=\"boutique_map__day\">Man - fre<\/div>\r\n                            <div class=\"boutique_map__time\">11 - 18<\/div>\r\n                        <\/div>\r\n                                            <div class=\"boutique_map__work-hour\">\r\n                            <div class=\"boutique_map__day\">L\u00f8rdag<\/div>\r\n                            <div class=\"boutique_map__time\">11 - 16<\/div>\r\n                        <\/div>\r\n                                            <div class=\"boutique_map__work-hour\">\r\n                            <div class=\"boutique_map__day\">Solen<\/div>\r\n                            <div class=\"boutique_map__time\">Lukket<\/div>\r\n                        <\/div>\r\n                                    <\/div>\r\n            <\/div>\r\n            <\/div>\r\n    <iframe class=\"mt-3 mb-5\" src=\"https:\/\/www.google.com\/maps\/embed?pb=!1m18!1m12!1m3!1d2249.633265487121!2d12.574477216264887!3d55.677977205227435!2m3!1f0!2f0!3f0!3m2!1i1024!2i768!4f13\t\t\t\t\t.1!3m3!1m2!1s0x4652531122c11fd7%3A0x388070b2c462ea47!2sCrime%20Passionnel!5e0!3m2!1sen!2slt!4v1646748230040!5m2!1sen!2slt\"\r\n            width=\"600\" height=\"450\" style=\"border:0;\" allowfullscreen=\"\" loading=\"lazy\"><\/iframe>\r\n<\/div>","protected":false},"excerpt":{"rendered":"","protected":false},"author":2,"featured_media":3750,"parent":0,"menu_order":0,"comment_status":"closed","ping_status":"closed","template":"template-boutique.php","meta":{"_acf_changed":false,"footnotes":""},"class_list":["post-2273","page","type-page","status-publish","has-post-thumbnail","hentry"],"acf":[],"yoast_head":"<!-- This site is optimized with the Yoast SEO plugin v27.1.1 - https:\/\/yoast.com\/product\/yoast-seo-wordpress\/ -->\n<title>Crime Passionnel - Boutique of Fragrances and Perfumes<\/title>\n<meta name=\"description\" content=\"Sophisticated fragrances and a limited assortment of cutting-edge perfumes from beauty capitals all around the world.\" \/>\n<meta name=\"robots\" content=\"index, follow, max-snippet:-1, max-image-preview:large, max-video-preview:-1\" \/>\n<link rel=\"canonical\" href=\"https:\/\/crime-passionnel.com\/da\/boutique\/\" \/>\n<meta property=\"og:locale\" content=\"da_DK\" \/>\n<meta property=\"og:type\" content=\"article\" \/>\n<meta property=\"og:title\" content=\"Crime Passionnel - Boutique of Fragrances and Perfumes\" \/>\n<meta property=\"og:description\" content=\"Sophisticated fragrances and a limited assortment of cutting-edge perfumes from beauty capitals all around the world.\" \/>\n<meta property=\"og:url\" content=\"https:\/\/crime-passionnel.com\/da\/boutique\/\" \/>\n<meta property=\"og:site_name\" content=\"Crime Passionnel\" \/>\n<meta property=\"article:publisher\" content=\"https:\/\/www.facebook.com\/crimepassionnel\/\" \/>\n<meta property=\"article:modified_time\" content=\"2026-03-22T13:11:32+00:00\" \/>\n<meta property=\"og:image\" content=\"https:\/\/crime-passionnel.com\/wp-content\/uploads\/2022\/02\/L1000755-scaled.jpg\" \/>\n\t<meta property=\"og:image:width\" content=\"1280\" \/>\n\t<meta property=\"og:image:height\" content=\"1920\" \/>\n\t<meta property=\"og:image:type\" content=\"image\/jpeg\" \/>\n<meta name=\"twitter:card\" content=\"summary_large_image\" \/>\n<meta name=\"twitter:label1\" content=\"Estimeret l\u00e6setid\" \/>\n\t<meta name=\"twitter:data1\" content=\"1 minut\" \/>\n<script type=\"application\/ld+json\" class=\"yoast-schema-graph\">{\"@context\":\"https:\/\/schema.org\",\"@graph\":[{\"@type\":\"WebPage\",\"@id\":\"https:\/\/crime-passionnel.com\/boutique\/\",\"url\":\"https:\/\/crime-passionnel.com\/boutique\/\",\"name\":\"Crime Passionnel - Boutique of Fragrances and Perfumes\",\"isPartOf\":{\"@id\":\"https:\/\/crime-passionnel.com\/#website\"},\"primaryImageOfPage\":{\"@id\":\"https:\/\/crime-passionnel.com\/boutique\/#primaryimage\"},\"image\":{\"@id\":\"https:\/\/crime-passionnel.com\/boutique\/#primaryimage\"},\"thumbnailUrl\":\"https:\/\/crime-passionnel.com\/wp-content\/uploads\/2022\/02\/L1000755-scaled.jpg\",\"datePublished\":\"2021-11-14T11:37:41+00:00\",\"dateModified\":\"2026-03-22T13:11:32+00:00\",\"description\":\"Sophisticated fragrances and a limited assortment of cutting-edge perfumes from beauty capitals all around the world.\",\"breadcrumb\":{\"@id\":\"https:\/\/crime-passionnel.com\/boutique\/#breadcrumb\"},\"inLanguage\":\"da-DK\",\"potentialAction\":[{\"@type\":\"ReadAction\",\"target\":[\"https:\/\/crime-passionnel.com\/boutique\/\"]}]},{\"@type\":\"ImageObject\",\"inLanguage\":\"da-DK\",\"@id\":\"https:\/\/crime-passionnel.com\/boutique\/#primaryimage\",\"url\":\"https:\/\/crime-passionnel.com\/wp-content\/uploads\/2022\/02\/L1000755-scaled.jpg\",\"contentUrl\":\"https:\/\/crime-passionnel.com\/wp-content\/uploads\/2022\/02\/L1000755-scaled.jpg\",\"width\":1280,\"height\":1920,\"caption\":\"Crime Passionnel Parfumerie\"},{\"@type\":\"BreadcrumbList\",\"@id\":\"https:\/\/crime-passionnel.com\/boutique\/#breadcrumb\",\"itemListElement\":[{\"@type\":\"ListItem\",\"position\":1,\"name\":\"Home\",\"item\":\"https:\/\/crime-passionnel.com\/\"},{\"@type\":\"ListItem\",\"position\":2,\"name\":\"Boutique\"}]},{\"@type\":\"WebSite\",\"@id\":\"https:\/\/crime-passionnel.com\/#website\",\"url\":\"https:\/\/crime-passionnel.com\/\",\"name\":\"Crime Passionnel\",\"description\":\"\",\"publisher\":{\"@id\":\"https:\/\/crime-passionnel.com\/#organization\"},\"potentialAction\":[{\"@type\":\"SearchAction\",\"target\":{\"@type\":\"EntryPoint\",\"urlTemplate\":\"https:\/\/crime-passionnel.com\/?s={search_term_string}\"},\"query-input\":{\"@type\":\"PropertyValueSpecification\",\"valueRequired\":true,\"valueName\":\"search_term_string\"}}],\"inLanguage\":\"da-DK\"},{\"@type\":\"Organization\",\"@id\":\"https:\/\/crime-passionnel.com\/#organization\",\"name\":\"Crime Passionnel\",\"url\":\"https:\/\/crime-passionnel.com\/\",\"logo\":{\"@type\":\"ImageObject\",\"inLanguage\":\"da-DK\",\"@id\":\"https:\/\/crime-passionnel.com\/#\/schema\/logo\/image\/\",\"url\":\"https:\/\/crime-passionnel.com\/wp-content\/uploads\/2021\/07\/logo.png\",\"contentUrl\":\"https:\/\/crime-passionnel.com\/wp-content\/uploads\/2021\/07\/logo.png\",\"width\":128,\"height\":50,\"caption\":\"Crime Passionnel\"},\"image\":{\"@id\":\"https:\/\/crime-passionnel.com\/#\/schema\/logo\/image\/\"},\"sameAs\":[\"https:\/\/www.facebook.com\/crimepassionnel\/\",\"https:\/\/www.instagram.com\/crime.passionnel\/\"]}]}<\/script>\n<!-- \/ Yoast SEO plugin. -->","yoast_head_json":{"title":"Crime Passionnel - Boutique of Fragrances and Perfumes","description":"Sophisticated fragrances and a limited assortment of cutting-edge perfumes from beauty capitals all around the world.","robots":{"index":"index","follow":"follow","max-snippet":"max-snippet:-1","max-image-preview":"max-image-preview:large","max-video-preview":"max-video-preview:-1"},"canonical":"https:\/\/crime-passionnel.com\/da\/boutique\/","og_locale":"da_DK","og_type":"article","og_title":"Crime Passionnel - Boutique of Fragrances and Perfumes","og_description":"Sophisticated fragrances and a limited assortment of cutting-edge perfumes from beauty capitals all around the world.","og_url":"https:\/\/crime-passionnel.com\/da\/boutique\/","og_site_name":"Crime Passionnel","article_publisher":"https:\/\/www.facebook.com\/crimepassionnel\/","article_modified_time":"2026-03-22T13:11:32+00:00","og_image":[{"width":1280,"height":1920,"url":"https:\/\/crime-passionnel.com\/wp-content\/uploads\/2022\/02\/L1000755-scaled.jpg","type":"image\/jpeg"}],"twitter_card":"summary_large_image","twitter_misc":{"Estimeret l\u00e6setid":"1 minut"},"schema":{"@context":"https:\/\/schema.org","@graph":[{"@type":"WebPage","@id":"https:\/\/crime-passionnel.com\/boutique\/","url":"https:\/\/crime-passionnel.com\/boutique\/","name":"Crime Passionnel - Boutique of Fragrances and Perfumes","isPartOf":{"@id":"https:\/\/crime-passionnel.com\/#website"},"primaryImageOfPage":{"@id":"https:\/\/crime-passionnel.com\/boutique\/#primaryimage"},"image":{"@id":"https:\/\/crime-passionnel.com\/boutique\/#primaryimage"},"thumbnailUrl":"https:\/\/crime-passionnel.com\/wp-content\/uploads\/2022\/02\/L1000755-scaled.jpg","datePublished":"2021-11-14T11:37:41+00:00","dateModified":"2026-03-22T13:11:32+00:00","description":"Sophisticated fragrances and a limited assortment of cutting-edge perfumes from beauty capitals all around the world.","breadcrumb":{"@id":"https:\/\/crime-passionnel.com\/boutique\/#breadcrumb"},"inLanguage":"da-DK","potentialAction":[{"@type":"ReadAction","target":["https:\/\/crime-passionnel.com\/boutique\/"]}]},{"@type":"ImageObject","inLanguage":"da-DK","@id":"https:\/\/crime-passionnel.com\/boutique\/#primaryimage","url":"https:\/\/crime-passionnel.com\/wp-content\/uploads\/2022\/02\/L1000755-scaled.jpg","contentUrl":"https:\/\/crime-passionnel.com\/wp-content\/uploads\/2022\/02\/L1000755-scaled.jpg","width":1280,"height":1920,"caption":"Crime Passionnel Parfumerie"},{"@type":"BreadcrumbList","@id":"https:\/\/crime-passionnel.com\/boutique\/#breadcrumb","itemListElement":[{"@type":"ListItem","position":1,"name":"Home","item":"https:\/\/crime-passionnel.com\/"},{"@type":"ListItem","position":2,"name":"Boutique"}]},{"@type":"WebSite","@id":"https:\/\/crime-passionnel.com\/#website","url":"https:\/\/crime-passionnel.com\/","name":"Forbrydelse og lidenskab","description":"","publisher":{"@id":"https:\/\/crime-passionnel.com\/#organization"},"potentialAction":[{"@type":"SearchAction","target":{"@type":"EntryPoint","urlTemplate":"https:\/\/crime-passionnel.com\/?s={search_term_string}"},"query-input":{"@type":"PropertyValueSpecification","valueRequired":true,"valueName":"search_term_string"}}],"inLanguage":"da-DK"},{"@type":"Organization","@id":"https:\/\/crime-passionnel.com\/#organization","name":"Forbrydelse og lidenskab","url":"https:\/\/crime-passionnel.com\/","logo":{"@type":"ImageObject","inLanguage":"da-DK","@id":"https:\/\/crime-passionnel.com\/#\/schema\/logo\/image\/","url":"https:\/\/crime-passionnel.com\/wp-content\/uploads\/2021\/07\/logo.png","contentUrl":"https:\/\/crime-passionnel.com\/wp-content\/uploads\/2021\/07\/logo.png","width":128,"height":50,"caption":"Crime Passionnel"},"image":{"@id":"https:\/\/crime-passionnel.com\/#\/schema\/logo\/image\/"},"sameAs":["https:\/\/www.facebook.com\/crimepassionnel\/","https:\/\/www.instagram.com\/crime.passionnel\/"]}]}},"_links":{"self":[{"href":"https:\/\/crime-passionnel.com\/da\/wp-json\/wp\/v2\/pages\/2273","targetHints":{"allow":["GET"]}}],"collection":[{"href":"https:\/\/crime-passionnel.com\/da\/wp-json\/wp\/v2\/pages"}],"about":[{"href":"https:\/\/crime-passionnel.com\/da\/wp-json\/wp\/v2\/types\/page"}],"author":[{"embeddable":true,"href":"https:\/\/crime-passionnel.com\/da\/wp-json\/wp\/v2\/users\/2"}],"replies":[{"embeddable":true,"href":"https:\/\/crime-passionnel.com\/da\/wp-json\/wp\/v2\/comments?post=2273"}],"version-history":[{"count":34,"href":"https:\/\/crime-passionnel.com\/da\/wp-json\/wp\/v2\/pages\/2273\/revisions"}],"predecessor-version":[{"id":33001,"href":"https:\/\/crime-passionnel.com\/da\/wp-json\/wp\/v2\/pages\/2273\/revisions\/33001"}],"wp:featuredmedia":[{"embeddable":true,"href":"https:\/\/crime-passionnel.com\/da\/wp-json\/wp\/v2\/media\/3750"}],"wp:attachment":[{"href":"https:\/\/crime-passionnel.com\/da\/wp-json\/wp\/v2\/media?parent=2273"}],"curies":[{"name":"wp","href":"https:\/\/api.w.org\/{rel}","templated":true}]}}