{"id":19751,"date":"2023-09-26T10:32:41","date_gmt":"2023-09-26T10:32:41","guid":{"rendered":"https:\/\/crime-passionnel.com\/?page_id=19751"},"modified":"2023-09-28T09:31:15","modified_gmt":"2023-09-28T09:31:15","slug":"pricerunner","status":"publish","type":"page","link":"https:\/\/crime-passionnel.com\/da\/pricerunner\/","title":{"rendered":"PriceRunner"},"content":{"rendered":"<div class=\"wp-block-image\">\n<figure class=\"aligncenter size-full\"><img loading=\"lazy\" decoding=\"async\" width=\"1000\" height=\"338\" src=\"https:\/\/crime-passionnel.com\/wp-content\/uploads\/2023\/09\/imageedit_2_7620632994.png\" alt=\"\" class=\"wp-image-19756\" srcset=\"https:\/\/crime-passionnel.com\/wp-content\/uploads\/2023\/09\/imageedit_2_7620632994.png 1000w, https:\/\/crime-passionnel.com\/wp-content\/uploads\/2023\/09\/imageedit_2_7620632994-300x101.png 300w, https:\/\/crime-passionnel.com\/wp-content\/uploads\/2023\/09\/imageedit_2_7620632994-768x260.png 768w, https:\/\/crime-passionnel.com\/wp-content\/uploads\/2023\/09\/imageedit_2_7620632994-372x126.png 372w, https:\/\/crime-passionnel.com\/wp-content\/uploads\/2023\/09\/imageedit_2_7620632994-553x187.png 553w\" sizes=\"auto, (max-width: 1000px) 100vw, 1000px\" \/><\/figure>\n<\/div>\n\n\n<p>PriceRunner K\u00f8bsgaranti Som medlem af PriceRunner er dit k\u00f8b sikret med op til 50.000 DKK\/SEK, hvis der opst\u00e5r problemer med dit k\u00f8b. K\u00f8berbeskyttelsen er gratis for dig som forbruger og g\u00e6lder for alle k\u00f8b, n\u00e5r du handler hos os. Hvis du ikke allerede er medlem af PriceRuSnner og har bes\u00f8gt os gennem dem, kan du gennemf\u00f8re din registrering inden for 60 minutter efter dit k\u00f8b. Det tager mindre end tre minutter, og vupti, s\u00e5 er dit k\u00f8b d\u00e6kket af PriceRunner. <\/p>\n\n\n\n<p>Som dansk forbruger: <\/p>\n\n\n    <div class=\"acf-block-button\">\r\n        <a class=\"btn-1 border-black\" href=\"https:\/\/www.pricerunner.dk\/bp\/265543\/Crime-Passionnel\" target=\"_blank\">Klik her for at blive medlem af PriceRunner<\/a>\r\n    <\/div>\r\n\n\n\n<p>Som svensk forbruger: <\/p>\n\n\n    <div class=\"acf-block-button\">\r\n        <a class=\"btn-1 border-black\" href=\"https:\/\/www.pricerunner.se\/bp\/265547\/Crime-Passionnel\" target=\"_blank\">Tilmeld dig i dag og f\u00e5 din k\u00f8berbeskyttelse<\/a>\r\n    <\/div>\r\n\n\n\n<p>PriceRunner K\u00f8berbeskyttelse beskytter dig i tilf\u00e6lde af skader p\u00e5 varen under levering, en defekt vare ved levering, manglende varer ved levering, forkerte eller defekte varer eller manglende levering af varen. Husk, at ordren skal v\u00e6re adresseret til dig som forbruger. Der ydes kun erstatning for k\u00f8bsprisen, forsendelsesomkostningerne og den direkte \u00f8konomiske skade, som du som kunde har lidt. Der gives ikke \u00f8konomisk kompensation for andre direkte eller indirekte omkostninger, afskrivninger eller tabt indkomst. Bes\u00f8g PriceRunner for at se de endelige vilk\u00e5r og betingelser for k\u00f8berbeskyttelsen.<\/p>","protected":false},"excerpt":{"rendered":"<p>PriceRunner K\u00f8bsgaranti Som medlem af PriceRunner er dit k\u00f8b sikret med op til 50.000 DKK\/SEK, hvis der opst\u00e5r problemer med dit k\u00f8b. K\u00f8berbeskyttelsen er gratis for dig som forbruger og g\u00e6lder for alle k\u00f8b, n\u00e5r du handler hos os. Hvis du ikke allerede er medlem af PriceRuSnner og ...<\/p>","protected":false},"author":2,"featured_media":0,"parent":0,"menu_order":0,"comment_status":"closed","ping_status":"closed","template":"template-pricerunner.php","meta":{"_acf_changed":false,"footnotes":""},"class_list":["post-19751","page","type-page","status-publish","hentry"],"acf":[],"yoast_head":"<!-- This site is optimized with the Yoast SEO plugin v27.1.1 - https:\/\/yoast.com\/product\/yoast-seo-wordpress\/ -->\n<title>PriceRunner - Crime Passionnel<\/title>\n<meta name=\"robots\" content=\"index, follow, max-snippet:-1, max-image-preview:large, max-video-preview:-1\" \/>\n<link rel=\"canonical\" href=\"https:\/\/crime-passionnel.com\/da\/pricerunner\/\" \/>\n<meta property=\"og:locale\" content=\"da_DK\" \/>\n<meta property=\"og:type\" content=\"article\" \/>\n<meta property=\"og:title\" content=\"PriceRunner - Crime Passionnel\" \/>\n<meta property=\"og:description\" content=\"PriceRunner Buyer Protection (K\u00f8bsgaranti\/K\u00f6pgaranti) As a member of PriceRunner, your purchase is secured up to 50,000 DKK\/SEK if any issues arise with your purchase. The Buyer Protection is free or charge for you as a consumer and applies to all purchases when you shop with us. If you&#8217;re not already a member of PriceRuSnner and &hellip;\" \/>\n<meta property=\"og:url\" content=\"https:\/\/crime-passionnel.com\/da\/pricerunner\/\" \/>\n<meta property=\"og:site_name\" content=\"Crime Passionnel\" \/>\n<meta property=\"article:publisher\" content=\"https:\/\/www.facebook.com\/crimepassionnel\/\" \/>\n<meta property=\"article:modified_time\" content=\"2023-09-28T09:31:15+00:00\" \/>\n<meta property=\"og:image\" content=\"https:\/\/crime-passionnel.com\/wp-content\/uploads\/2023\/09\/imageedit_2_7620632994.png\" \/>\n<meta name=\"twitter:card\" content=\"summary_large_image\" \/>\n<meta name=\"twitter:label1\" content=\"Estimeret l\u00e6setid\" \/>\n\t<meta name=\"twitter:data1\" content=\"2 minutter\" \/>\n<script type=\"application\/ld+json\" class=\"yoast-schema-graph\">{\"@context\":\"https:\/\/schema.org\",\"@graph\":[{\"@type\":\"WebPage\",\"@id\":\"https:\/\/crime-passionnel.com\/pricerunner\/\",\"url\":\"https:\/\/crime-passionnel.com\/pricerunner\/\",\"name\":\"PriceRunner - Crime Passionnel\",\"isPartOf\":{\"@id\":\"https:\/\/crime-passionnel.com\/#website\"},\"primaryImageOfPage\":{\"@id\":\"https:\/\/crime-passionnel.com\/pricerunner\/#primaryimage\"},\"image\":{\"@id\":\"https:\/\/crime-passionnel.com\/pricerunner\/#primaryimage\"},\"thumbnailUrl\":\"https:\/\/crime-passionnel.com\/wp-content\/uploads\/2023\/09\/imageedit_2_7620632994.png\",\"datePublished\":\"2023-09-26T10:32:41+00:00\",\"dateModified\":\"2023-09-28T09:31:15+00:00\",\"breadcrumb\":{\"@id\":\"https:\/\/crime-passionnel.com\/pricerunner\/#breadcrumb\"},\"inLanguage\":\"da-DK\",\"potentialAction\":[{\"@type\":\"ReadAction\",\"target\":[\"https:\/\/crime-passionnel.com\/pricerunner\/\"]}]},{\"@type\":\"ImageObject\",\"inLanguage\":\"da-DK\",\"@id\":\"https:\/\/crime-passionnel.com\/pricerunner\/#primaryimage\",\"url\":\"https:\/\/crime-passionnel.com\/wp-content\/uploads\/2023\/09\/imageedit_2_7620632994.png\",\"contentUrl\":\"https:\/\/crime-passionnel.com\/wp-content\/uploads\/2023\/09\/imageedit_2_7620632994.png\"},{\"@type\":\"BreadcrumbList\",\"@id\":\"https:\/\/crime-passionnel.com\/pricerunner\/#breadcrumb\",\"itemListElement\":[{\"@type\":\"ListItem\",\"position\":1,\"name\":\"Home\",\"item\":\"https:\/\/crime-passionnel.com\/\"},{\"@type\":\"ListItem\",\"position\":2,\"name\":\"PriceRunner\"}]},{\"@type\":\"WebSite\",\"@id\":\"https:\/\/crime-passionnel.com\/#website\",\"url\":\"https:\/\/crime-passionnel.com\/\",\"name\":\"Crime Passionnel\",\"description\":\"\",\"publisher\":{\"@id\":\"https:\/\/crime-passionnel.com\/#organization\"},\"potentialAction\":[{\"@type\":\"SearchAction\",\"target\":{\"@type\":\"EntryPoint\",\"urlTemplate\":\"https:\/\/crime-passionnel.com\/?s={search_term_string}\"},\"query-input\":{\"@type\":\"PropertyValueSpecification\",\"valueRequired\":true,\"valueName\":\"search_term_string\"}}],\"inLanguage\":\"da-DK\"},{\"@type\":\"Organization\",\"@id\":\"https:\/\/crime-passionnel.com\/#organization\",\"name\":\"Crime Passionnel\",\"url\":\"https:\/\/crime-passionnel.com\/\",\"logo\":{\"@type\":\"ImageObject\",\"inLanguage\":\"da-DK\",\"@id\":\"https:\/\/crime-passionnel.com\/#\/schema\/logo\/image\/\",\"url\":\"https:\/\/crime-passionnel.com\/wp-content\/uploads\/2021\/07\/logo.png\",\"contentUrl\":\"https:\/\/crime-passionnel.com\/wp-content\/uploads\/2021\/07\/logo.png\",\"width\":128,\"height\":50,\"caption\":\"Crime Passionnel\"},\"image\":{\"@id\":\"https:\/\/crime-passionnel.com\/#\/schema\/logo\/image\/\"},\"sameAs\":[\"https:\/\/www.facebook.com\/crimepassionnel\/\",\"https:\/\/www.instagram.com\/crime.passionnel\/\"]}]}<\/script>\n<!-- \/ Yoast SEO plugin. -->","yoast_head_json":{"title":"PriceRunner - Forbrydelse Passionnel","robots":{"index":"index","follow":"follow","max-snippet":"max-snippet:-1","max-image-preview":"max-image-preview:large","max-video-preview":"max-video-preview:-1"},"canonical":"https:\/\/crime-passionnel.com\/da\/pricerunner\/","og_locale":"da_DK","og_type":"article","og_title":"PriceRunner - Crime Passionnel","og_description":"PriceRunner Buyer Protection (K\u00f8bsgaranti\/K\u00f6pgaranti) As a member of PriceRunner, your purchase is secured up to 50,000 DKK\/SEK if any issues arise with your purchase. The Buyer Protection is free or charge for you as a consumer and applies to all purchases when you shop with us. If you&#8217;re not already a member of PriceRuSnner and &hellip;","og_url":"https:\/\/crime-passionnel.com\/da\/pricerunner\/","og_site_name":"Crime Passionnel","article_publisher":"https:\/\/www.facebook.com\/crimepassionnel\/","article_modified_time":"2023-09-28T09:31:15+00:00","og_image":[{"url":"https:\/\/crime-passionnel.com\/wp-content\/uploads\/2023\/09\/imageedit_2_7620632994.png","type":"","width":"","height":""}],"twitter_card":"summary_large_image","twitter_misc":{"Estimeret l\u00e6setid":"2 minutter"},"schema":{"@context":"https:\/\/schema.org","@graph":[{"@type":"WebPage","@id":"https:\/\/crime-passionnel.com\/pricerunner\/","url":"https:\/\/crime-passionnel.com\/pricerunner\/","name":"PriceRunner - Forbrydelse Passionnel","isPartOf":{"@id":"https:\/\/crime-passionnel.com\/#website"},"primaryImageOfPage":{"@id":"https:\/\/crime-passionnel.com\/pricerunner\/#primaryimage"},"image":{"@id":"https:\/\/crime-passionnel.com\/pricerunner\/#primaryimage"},"thumbnailUrl":"https:\/\/crime-passionnel.com\/wp-content\/uploads\/2023\/09\/imageedit_2_7620632994.png","datePublished":"2023-09-26T10:32:41+00:00","dateModified":"2023-09-28T09:31:15+00:00","breadcrumb":{"@id":"https:\/\/crime-passionnel.com\/pricerunner\/#breadcrumb"},"inLanguage":"da-DK","potentialAction":[{"@type":"ReadAction","target":["https:\/\/crime-passionnel.com\/pricerunner\/"]}]},{"@type":"ImageObject","inLanguage":"da-DK","@id":"https:\/\/crime-passionnel.com\/pricerunner\/#primaryimage","url":"https:\/\/crime-passionnel.com\/wp-content\/uploads\/2023\/09\/imageedit_2_7620632994.png","contentUrl":"https:\/\/crime-passionnel.com\/wp-content\/uploads\/2023\/09\/imageedit_2_7620632994.png"},{"@type":"BreadcrumbList","@id":"https:\/\/crime-passionnel.com\/pricerunner\/#breadcrumb","itemListElement":[{"@type":"ListItem","position":1,"name":"Home","item":"https:\/\/crime-passionnel.com\/"},{"@type":"ListItem","position":2,"name":"PriceRunner"}]},{"@type":"WebSite","@id":"https:\/\/crime-passionnel.com\/#website","url":"https:\/\/crime-passionnel.com\/","name":"Forbrydelse og lidenskab","description":"","publisher":{"@id":"https:\/\/crime-passionnel.com\/#organization"},"potentialAction":[{"@type":"SearchAction","target":{"@type":"EntryPoint","urlTemplate":"https:\/\/crime-passionnel.com\/?s={search_term_string}"},"query-input":{"@type":"PropertyValueSpecification","valueRequired":true,"valueName":"search_term_string"}}],"inLanguage":"da-DK"},{"@type":"Organization","@id":"https:\/\/crime-passionnel.com\/#organization","name":"Forbrydelse og lidenskab","url":"https:\/\/crime-passionnel.com\/","logo":{"@type":"ImageObject","inLanguage":"da-DK","@id":"https:\/\/crime-passionnel.com\/#\/schema\/logo\/image\/","url":"https:\/\/crime-passionnel.com\/wp-content\/uploads\/2021\/07\/logo.png","contentUrl":"https:\/\/crime-passionnel.com\/wp-content\/uploads\/2021\/07\/logo.png","width":128,"height":50,"caption":"Crime Passionnel"},"image":{"@id":"https:\/\/crime-passionnel.com\/#\/schema\/logo\/image\/"},"sameAs":["https:\/\/www.facebook.com\/crimepassionnel\/","https:\/\/www.instagram.com\/crime.passionnel\/"]}]}},"_links":{"self":[{"href":"https:\/\/crime-passionnel.com\/da\/wp-json\/wp\/v2\/pages\/19751","targetHints":{"allow":["GET"]}}],"collection":[{"href":"https:\/\/crime-passionnel.com\/da\/wp-json\/wp\/v2\/pages"}],"about":[{"href":"https:\/\/crime-passionnel.com\/da\/wp-json\/wp\/v2\/types\/page"}],"author":[{"embeddable":true,"href":"https:\/\/crime-passionnel.com\/da\/wp-json\/wp\/v2\/users\/2"}],"replies":[{"embeddable":true,"href":"https:\/\/crime-passionnel.com\/da\/wp-json\/wp\/v2\/comments?post=19751"}],"version-history":[{"count":8,"href":"https:\/\/crime-passionnel.com\/da\/wp-json\/wp\/v2\/pages\/19751\/revisions"}],"predecessor-version":[{"id":19796,"href":"https:\/\/crime-passionnel.com\/da\/wp-json\/wp\/v2\/pages\/19751\/revisions\/19796"}],"wp:attachment":[{"href":"https:\/\/crime-passionnel.com\/da\/wp-json\/wp\/v2\/media?parent=19751"}],"curies":[{"name":"wp","href":"https:\/\/api.w.org\/{rel}","templated":true}]}}