{"id":1837,"date":"2021-05-24T07:48:53","date_gmt":"2021-05-24T07:48:53","guid":{"rendered":"http:\/\/crimepassionnel.nextwebdev.lt\/?page_id=1837"},"modified":"2026-03-26T09:40:10","modified_gmt":"2026-03-26T09:40:10","slug":"terms-conditions","status":"publish","type":"page","link":"https:\/\/crime-passionnel.com\/da\/terms-conditions\/","title":{"rendered":"Vilk\u00e5r og betingelser"},"content":{"rendered":"<p>Alle priser er i DKK og inklusive dansk moms p\u00e5 25%, medmindre andet er angivet.<\/p>\n\n\n\n<p>Betaling:<\/p>\n\n\n\n<p>CRIME PASSIONNEL tager imod betaling med Visa, MasterCard, Maestro, Dankort, <a href=\"https:\/\/crime-passionnel.com\/da\/how-to-pay-with-klarna\/\">Klarna<\/a> og MobilePay. Betalingen tr\u00e6kkes og udlignes fra din konto ved afsendelse af varerne. CRIME PASSIONNEL krypterer alle oplysninger med SSL (Secure Socket Layer), hvilket betyder, at uvedkommende ikke kan afl\u00e6se dit kontonummer eller andre oplysninger under transaktionen via PBS.<\/p>\n\n\n\n<p><\/p>\n\n\n\n<p>For at kunne tilbyde dig Klarnas betalingsmetoder kan vi i kassen videregive dine personoplysninger i form af kontakt- og ordreoplysninger til Klarna, s\u00e5 Klarna kan vurdere, om du er kvalificeret til deres betalingsmetoder, og for at skr\u00e6ddersy disse betalingsmetoder til dig. Dine overf\u00f8rte personoplysninger behandles i overensstemmelse med <a href=\"https:\/\/www.klarna.com\/international\/privacy-policy\/\" target=\"_blank\" rel=\"noreferrer noopener\"><strong>Klarnas egen meddelelse om beskyttelse af personlige oplysninger<\/strong><\/a>.<\/p>\n\n\n\n<p>Defekte elementer:<\/p>\n\n\n\n<p>Som kunde har du ret til at returnere varer med produktionsfejl. Varer accepteres, hvis varerne er solgt og leveret med defekter, der vises 14 dage. De defekte varer skal skyldes materiale- eller fabrikationsfejl. I dette usandsynlige tilf\u00e6lde bedes du straks kontakte os p\u00e5 +45 42 76 66 11 eller info@crime-passionnel.com, og vi vil venligst l\u00f8se eventuelle problemer.<\/p>\n\n\n\n<p>Afbestilling og returnering:<\/p>\n\n\n\n<p>Ved onlinebestillinger tilbyder vi 14 dages fortrydelsesret. Hvis du fortryder dit k\u00f8b, og du ikke har \u00e5bnet bevisposen endnu, returnerer vi bel\u00f8bet for varerne og leveringsomkostningerne. Vi betaler ikke returfragten.<br><br>2 ml-pr\u00f8ver er specialfremstillede specielt til kunden, og n\u00e5r en pr\u00f8veordre er gennemf\u00f8rt, kan vi ikke acceptere refusioner eller ombytninger.<\/p>\n\n\n\n<p>Kontakt os straks p\u00e5 +45 42 76 66 11 eller info@crime-passionnel.com<\/p>\n\n\n\n<p>Returnering af varer:<\/p>\n\n\n\n<p>Varer skal returneres til f\u00f8lgende adresse.<\/p>\n\n\n\n<p><strong>Forbrydelse og lidenskab<\/strong><\/p>\n\n\n\n<p>Hyskenstr\u00e6de 14,<br>1207 K\u00f8benhavn,<br>Danmark<\/p>\n\n\n\n<p><\/p>","protected":false},"excerpt":{"rendered":"<p>All prices are in DKK and including Danish vat of 25%, unless otherwise stated. Payment: CRIME PASSIONNEL accepts payment by&nbsp;Visa, MasterCard, Maestro, Dankort, Klarna and MobilePay. Payment will be debited and cleared from your account, on dispatch of the goods. CRIME PASSIONNEL encrypts all information with SSL (Secure Socket Layer) which means, that&nbsp;unauthorised&nbsp;persons will not &hellip;<\/p>","protected":false},"author":2,"featured_media":0,"parent":0,"menu_order":0,"comment_status":"closed","ping_status":"closed","template":"plain.php","meta":{"_acf_changed":false,"footnotes":""},"class_list":["post-1837","page","type-page","status-publish","hentry"],"acf":[],"yoast_head":"<!-- This site is optimized with the Yoast SEO plugin v27.1.1 - https:\/\/yoast.com\/product\/yoast-seo-wordpress\/ -->\n<title>Terms &amp; Conditions - Crime Passionnel<\/title>\n<meta name=\"robots\" content=\"noindex, follow\" \/>\n<meta property=\"og:locale\" content=\"da_DK\" \/>\n<meta property=\"og:type\" content=\"article\" \/>\n<meta property=\"og:title\" content=\"Terms &amp; Conditions - Crime Passionnel\" \/>\n<meta property=\"og:description\" content=\"All prices are in DKK and including Danish vat of 25%, unless otherwise stated. Payment: CRIME PASSIONNEL accepts payment by&nbsp;Visa, MasterCard, Maestro, Dankort, Klarna and MobilePay. Payment will be debited and cleared from your account, on dispatch of the goods. CRIME PASSIONNEL encrypts all information with SSL (Secure Socket Layer) which means, that&nbsp;unauthorised&nbsp;persons will not &hellip;\" \/>\n<meta property=\"og:url\" content=\"https:\/\/crime-passionnel.com\/da\/terms-conditions\/\" \/>\n<meta property=\"og:site_name\" content=\"Crime Passionnel\" \/>\n<meta property=\"article:publisher\" content=\"https:\/\/www.facebook.com\/crimepassionnel\/\" \/>\n<meta property=\"article:modified_time\" content=\"2026-03-26T09:40:10+00:00\" \/>\n<meta name=\"twitter:card\" content=\"summary_large_image\" \/>\n<meta name=\"twitter:label1\" content=\"Estimeret l\u00e6setid\" \/>\n\t<meta name=\"twitter:data1\" content=\"2 minutter\" \/>\n<script type=\"application\/ld+json\" class=\"yoast-schema-graph\">{\"@context\":\"https:\/\/schema.org\",\"@graph\":[{\"@type\":\"WebPage\",\"@id\":\"https:\/\/crime-passionnel.com\/terms-conditions\/\",\"url\":\"https:\/\/crime-passionnel.com\/terms-conditions\/\",\"name\":\"Terms & Conditions - Crime Passionnel\",\"isPartOf\":{\"@id\":\"https:\/\/crime-passionnel.com\/#website\"},\"datePublished\":\"2021-05-24T07:48:53+00:00\",\"dateModified\":\"2026-03-26T09:40:10+00:00\",\"breadcrumb\":{\"@id\":\"https:\/\/crime-passionnel.com\/terms-conditions\/#breadcrumb\"},\"inLanguage\":\"da-DK\",\"potentialAction\":[{\"@type\":\"ReadAction\",\"target\":[\"https:\/\/crime-passionnel.com\/terms-conditions\/\"]}]},{\"@type\":\"BreadcrumbList\",\"@id\":\"https:\/\/crime-passionnel.com\/terms-conditions\/#breadcrumb\",\"itemListElement\":[{\"@type\":\"ListItem\",\"position\":1,\"name\":\"Home\",\"item\":\"https:\/\/crime-passionnel.com\/\"},{\"@type\":\"ListItem\",\"position\":2,\"name\":\"Terms &#038; Conditions\"}]},{\"@type\":\"WebSite\",\"@id\":\"https:\/\/crime-passionnel.com\/#website\",\"url\":\"https:\/\/crime-passionnel.com\/\",\"name\":\"Crime Passionnel\",\"description\":\"\",\"publisher\":{\"@id\":\"https:\/\/crime-passionnel.com\/#organization\"},\"potentialAction\":[{\"@type\":\"SearchAction\",\"target\":{\"@type\":\"EntryPoint\",\"urlTemplate\":\"https:\/\/crime-passionnel.com\/?s={search_term_string}\"},\"query-input\":{\"@type\":\"PropertyValueSpecification\",\"valueRequired\":true,\"valueName\":\"search_term_string\"}}],\"inLanguage\":\"da-DK\"},{\"@type\":\"Organization\",\"@id\":\"https:\/\/crime-passionnel.com\/#organization\",\"name\":\"Crime Passionnel\",\"url\":\"https:\/\/crime-passionnel.com\/\",\"logo\":{\"@type\":\"ImageObject\",\"inLanguage\":\"da-DK\",\"@id\":\"https:\/\/crime-passionnel.com\/#\/schema\/logo\/image\/\",\"url\":\"https:\/\/crime-passionnel.com\/wp-content\/uploads\/2021\/07\/logo.png\",\"contentUrl\":\"https:\/\/crime-passionnel.com\/wp-content\/uploads\/2021\/07\/logo.png\",\"width\":128,\"height\":50,\"caption\":\"Crime Passionnel\"},\"image\":{\"@id\":\"https:\/\/crime-passionnel.com\/#\/schema\/logo\/image\/\"},\"sameAs\":[\"https:\/\/www.facebook.com\/crimepassionnel\/\",\"https:\/\/www.instagram.com\/crime.passionnel\/\"]}]}<\/script>\n<!-- \/ Yoast SEO plugin. -->","yoast_head_json":{"title":"Terms & Conditions - Crime Passionnel","robots":{"index":"noindex","follow":"follow"},"og_locale":"da_DK","og_type":"article","og_title":"Terms & Conditions - Crime Passionnel","og_description":"All prices are in DKK and including Danish vat of 25%, unless otherwise stated. Payment: CRIME PASSIONNEL accepts payment by&nbsp;Visa, MasterCard, Maestro, Dankort, Klarna and MobilePay. Payment will be debited and cleared from your account, on dispatch of the goods. CRIME PASSIONNEL encrypts all information with SSL (Secure Socket Layer) which means, that&nbsp;unauthorised&nbsp;persons will not &hellip;","og_url":"https:\/\/crime-passionnel.com\/da\/terms-conditions\/","og_site_name":"Crime Passionnel","article_publisher":"https:\/\/www.facebook.com\/crimepassionnel\/","article_modified_time":"2026-03-26T09:40:10+00:00","twitter_card":"summary_large_image","twitter_misc":{"Estimeret l\u00e6setid":"2 minutter"},"schema":{"@context":"https:\/\/schema.org","@graph":[{"@type":"WebPage","@id":"https:\/\/crime-passionnel.com\/terms-conditions\/","url":"https:\/\/crime-passionnel.com\/terms-conditions\/","name":"Terms & Conditions - Crime Passionnel","isPartOf":{"@id":"https:\/\/crime-passionnel.com\/#website"},"datePublished":"2021-05-24T07:48:53+00:00","dateModified":"2026-03-26T09:40:10+00:00","breadcrumb":{"@id":"https:\/\/crime-passionnel.com\/terms-conditions\/#breadcrumb"},"inLanguage":"da-DK","potentialAction":[{"@type":"ReadAction","target":["https:\/\/crime-passionnel.com\/terms-conditions\/"]}]},{"@type":"BreadcrumbList","@id":"https:\/\/crime-passionnel.com\/terms-conditions\/#breadcrumb","itemListElement":[{"@type":"ListItem","position":1,"name":"Home","item":"https:\/\/crime-passionnel.com\/"},{"@type":"ListItem","position":2,"name":"Terms &#038; Conditions"}]},{"@type":"WebSite","@id":"https:\/\/crime-passionnel.com\/#website","url":"https:\/\/crime-passionnel.com\/","name":"Forbrydelse og lidenskab","description":"","publisher":{"@id":"https:\/\/crime-passionnel.com\/#organization"},"potentialAction":[{"@type":"SearchAction","target":{"@type":"EntryPoint","urlTemplate":"https:\/\/crime-passionnel.com\/?s={search_term_string}"},"query-input":{"@type":"PropertyValueSpecification","valueRequired":true,"valueName":"search_term_string"}}],"inLanguage":"da-DK"},{"@type":"Organization","@id":"https:\/\/crime-passionnel.com\/#organization","name":"Forbrydelse og lidenskab","url":"https:\/\/crime-passionnel.com\/","logo":{"@type":"ImageObject","inLanguage":"da-DK","@id":"https:\/\/crime-passionnel.com\/#\/schema\/logo\/image\/","url":"https:\/\/crime-passionnel.com\/wp-content\/uploads\/2021\/07\/logo.png","contentUrl":"https:\/\/crime-passionnel.com\/wp-content\/uploads\/2021\/07\/logo.png","width":128,"height":50,"caption":"Crime Passionnel"},"image":{"@id":"https:\/\/crime-passionnel.com\/#\/schema\/logo\/image\/"},"sameAs":["https:\/\/www.facebook.com\/crimepassionnel\/","https:\/\/www.instagram.com\/crime.passionnel\/"]}]}},"_links":{"self":[{"href":"https:\/\/crime-passionnel.com\/da\/wp-json\/wp\/v2\/pages\/1837","targetHints":{"allow":["GET"]}}],"collection":[{"href":"https:\/\/crime-passionnel.com\/da\/wp-json\/wp\/v2\/pages"}],"about":[{"href":"https:\/\/crime-passionnel.com\/da\/wp-json\/wp\/v2\/types\/page"}],"author":[{"embeddable":true,"href":"https:\/\/crime-passionnel.com\/da\/wp-json\/wp\/v2\/users\/2"}],"replies":[{"embeddable":true,"href":"https:\/\/crime-passionnel.com\/da\/wp-json\/wp\/v2\/comments?post=1837"}],"version-history":[{"count":11,"href":"https:\/\/crime-passionnel.com\/da\/wp-json\/wp\/v2\/pages\/1837\/revisions"}],"predecessor-version":[{"id":33029,"href":"https:\/\/crime-passionnel.com\/da\/wp-json\/wp\/v2\/pages\/1837\/revisions\/33029"}],"wp:attachment":[{"href":"https:\/\/crime-passionnel.com\/da\/wp-json\/wp\/v2\/media?parent=1837"}],"curies":[{"name":"wp","href":"https:\/\/api.w.org\/{rel}","templated":true}]}}