{"id":1834,"date":"2021-05-24T07:48:27","date_gmt":"2021-05-24T07:48:27","guid":{"rendered":"http:\/\/crimepassionnel.nextwebdev.lt\/?page_id=1834"},"modified":"2023-02-06T03:54:22","modified_gmt":"2023-02-06T03:54:22","slug":"delivery-information","status":"publish","type":"page","link":"https:\/\/crime-passionnel.com\/da\/delivery-information\/","title":{"rendered":"Information om levering"},"content":{"rendered":"<p><strong>LEVERINGSBETINGELSER:<\/strong><\/p>\n\n\n\n<p>Varerne leveres til den leveringsadresse, der er angivet p\u00e5 bestillingstidspunktet.<\/p>\n\n\n\n<p><strong>LEVERINGSTIDER:<\/strong><\/p>\n\n\n\n<p>Varer afsendes f\u00f8rst efter kundens effektive betaling. Leveringstider er angivet nedenfor. Selv om vi bestr\u00e6ber os p\u00e5 at overholde disse leveringstider s\u00e5 n\u00f8jagtigt som muligt, afh\u00e6nger de af transportmulighederne.<\/p>\n\n\n\n<p><strong>Danmark<\/strong>: 1 - 2 arbejdsdage <\/p>\n\n\n\n<p><strong>Sverige<\/strong>: 2 - 4 arbejdsdage <\/p>\n\n\n\n<p><strong>Den Europ\u00e6iske Union<\/strong>: mellem 3 og 10 arbejdsdage i henhold til GLS kurers vejledende leveringstider.\u00a0<\/p>\n\n\n\n<p><br><strong>FORSENDELSESOMKOSTNINGER:<\/strong><\/p>\n\n\n\n<p><strong>Danmark<\/strong> - 39 DKK, GRATIS forsendelse for ordrer over 500 DKK. <\/p>\n\n\n\n<p><strong>Sverige<\/strong> - 59 SEK, GRATIS forsendelse for ordrer over 700 SEK. <\/p>\n\n\n\n<p><strong>Tyskland<\/strong> - 9 EUR, GRATIS forsendelse for ordrer over 150 EUR. <\/p>\n\n\n\n<p><strong>Holland<\/strong> - 9 EUR, GRATIS forsendelse for ordrer over 150 EUR. <\/p>\n\n\n\n<p><strong>\u00d8strig<\/strong> - 15 EUR, GRATIS forsendelse for ordrer over 200 EUR. <\/p>\n\n\n\n<p><strong>Belgien<\/strong> - 15 EUR, GRATIS forsendelse for ordrer over 200 EUR. <\/p>\n\n\n\n<p><strong>Estland<\/strong> - 15 EUR, GRATIS forsendelse for ordrer over 200 EUR.  <\/p>\n\n\n\n<p><strong>Frankrig<\/strong> - 15 EUR, GRATIS forsendelse for ordrer over 200 EUR.  <\/p>\n\n\n\n<p><strong>Italien<\/strong> - 15 EUR, GRATIS forsendelse for ordrer over 200 EUR. <\/p>\n\n\n\n<p><strong>Letland<\/strong> - 15 EUR, GRATIS forsendelse for ordrer over 200 EUR. <\/p>\n\n\n\n<p><strong>Litauen <\/strong>- 15 EUR, GRATIS forsendelse for ordrer over 200 EUR. <\/p>\n\n\n\n<p><strong>Luxembourg <\/strong>- 15 EUR, GRATIS forsendelse for ordrer over 200 EUR. <\/p>\n\n\n\n<p><strong>Polen<\/strong> - 15 EUR, GRATIS forsendelse for ordrer over 200 EUR. <\/p>\n\n\n\n<p><strong>Slovakiet<\/strong> 15 EUR, GRATIS forsendelse for ordrer over 200 EUR. <\/p>\n\n\n\n<p><strong>Tjekkisk<\/strong> - 15 EUR, GRATIS forsendelse for ordrer over 200 EUR.  <\/p>\n\n\n\n<p><strong>Ungarn<\/strong> 25 EUR, GRATIS forsendelse for ordrer over 250 EUR.<\/p>\n\n\n\n<p><strong> Slovenien<\/strong> 25 EUR, GRATIS forsendelse for ordrer over 250 EUR. <\/p>\n\n\n\n<p><strong>Bulgarien<\/strong> 25 EUR, GRATIS forsendelse for ordrer over 250 EUR. <\/p>\n\n\n\n<p><strong>Kroatien<\/strong> 25 EUR, GRATIS forsendelse for ordrer over 250 EUR. <\/p>\n\n\n\n<p><strong>Rum\u00e6nien<\/strong> 25 EUR, GRATIS forsendelse for ordrer over 250 EUR.<\/p>\n\n\n\n<p><br><strong>EU-pr\u00f8veforsendelse uden sporingsnummer<\/strong>:  45 DKK<br><\/p>","protected":false},"excerpt":{"rendered":"<p>TERMS OF DELIVERY: Articles will be delivered to the delivery address mentioned at the time of the order. DELIVERY TIMES: Articles are only shipped after the client\u2019s effective payment. Delivery times are indicated below. Even though we shall endeavour to respect these delivery times as accurately as possible, they depend on transportation possibilities. Denmark: 1 &hellip;<\/p>","protected":false},"author":2,"featured_media":0,"parent":0,"menu_order":0,"comment_status":"closed","ping_status":"closed","template":"plain.php","meta":{"_acf_changed":false,"footnotes":""},"class_list":["post-1834","page","type-page","status-publish","hentry"],"acf":[],"yoast_head":"<!-- This site is optimized with the Yoast SEO plugin v27.1.1 - https:\/\/yoast.com\/product\/yoast-seo-wordpress\/ -->\n<title>Delivery information - Crime Passionnel<\/title>\n<meta name=\"robots\" content=\"noindex, follow\" \/>\n<meta property=\"og:locale\" content=\"da_DK\" \/>\n<meta property=\"og:type\" content=\"article\" \/>\n<meta property=\"og:title\" content=\"Delivery information - Crime Passionnel\" \/>\n<meta property=\"og:description\" content=\"TERMS OF DELIVERY: Articles will be delivered to the delivery address mentioned at the time of the order. DELIVERY TIMES: Articles are only shipped after the client\u2019s effective payment. Delivery times are indicated below. Even though we shall endeavour to respect these delivery times as accurately as possible, they depend on transportation possibilities. Denmark: 1 &hellip;\" \/>\n<meta property=\"og:url\" content=\"https:\/\/crime-passionnel.com\/da\/delivery-information\/\" \/>\n<meta property=\"og:site_name\" content=\"Crime Passionnel\" \/>\n<meta property=\"article:publisher\" content=\"https:\/\/www.facebook.com\/crimepassionnel\/\" \/>\n<meta property=\"article:modified_time\" content=\"2023-02-06T03:54:22+00:00\" \/>\n<meta name=\"twitter:card\" content=\"summary_large_image\" \/>\n<meta name=\"twitter:label1\" content=\"Estimeret l\u00e6setid\" \/>\n\t<meta name=\"twitter:data1\" content=\"2 minutter\" \/>\n<script type=\"application\/ld+json\" class=\"yoast-schema-graph\">{\"@context\":\"https:\/\/schema.org\",\"@graph\":[{\"@type\":\"WebPage\",\"@id\":\"https:\/\/crime-passionnel.com\/delivery-information\/\",\"url\":\"https:\/\/crime-passionnel.com\/delivery-information\/\",\"name\":\"Delivery information - Crime Passionnel\",\"isPartOf\":{\"@id\":\"https:\/\/crime-passionnel.com\/#website\"},\"datePublished\":\"2021-05-24T07:48:27+00:00\",\"dateModified\":\"2023-02-06T03:54:22+00:00\",\"breadcrumb\":{\"@id\":\"https:\/\/crime-passionnel.com\/delivery-information\/#breadcrumb\"},\"inLanguage\":\"da-DK\",\"potentialAction\":[{\"@type\":\"ReadAction\",\"target\":[\"https:\/\/crime-passionnel.com\/delivery-information\/\"]}]},{\"@type\":\"BreadcrumbList\",\"@id\":\"https:\/\/crime-passionnel.com\/delivery-information\/#breadcrumb\",\"itemListElement\":[{\"@type\":\"ListItem\",\"position\":1,\"name\":\"Home\",\"item\":\"https:\/\/crime-passionnel.com\/\"},{\"@type\":\"ListItem\",\"position\":2,\"name\":\"Delivery information\"}]},{\"@type\":\"WebSite\",\"@id\":\"https:\/\/crime-passionnel.com\/#website\",\"url\":\"https:\/\/crime-passionnel.com\/\",\"name\":\"Crime Passionnel\",\"description\":\"\",\"publisher\":{\"@id\":\"https:\/\/crime-passionnel.com\/#organization\"},\"potentialAction\":[{\"@type\":\"SearchAction\",\"target\":{\"@type\":\"EntryPoint\",\"urlTemplate\":\"https:\/\/crime-passionnel.com\/?s={search_term_string}\"},\"query-input\":{\"@type\":\"PropertyValueSpecification\",\"valueRequired\":true,\"valueName\":\"search_term_string\"}}],\"inLanguage\":\"da-DK\"},{\"@type\":\"Organization\",\"@id\":\"https:\/\/crime-passionnel.com\/#organization\",\"name\":\"Crime Passionnel\",\"url\":\"https:\/\/crime-passionnel.com\/\",\"logo\":{\"@type\":\"ImageObject\",\"inLanguage\":\"da-DK\",\"@id\":\"https:\/\/crime-passionnel.com\/#\/schema\/logo\/image\/\",\"url\":\"https:\/\/crime-passionnel.com\/wp-content\/uploads\/2021\/07\/logo.png\",\"contentUrl\":\"https:\/\/crime-passionnel.com\/wp-content\/uploads\/2021\/07\/logo.png\",\"width\":128,\"height\":50,\"caption\":\"Crime Passionnel\"},\"image\":{\"@id\":\"https:\/\/crime-passionnel.com\/#\/schema\/logo\/image\/\"},\"sameAs\":[\"https:\/\/www.facebook.com\/crimepassionnel\/\",\"https:\/\/www.instagram.com\/crime.passionnel\/\"]}]}<\/script>\n<!-- \/ Yoast SEO plugin. -->","yoast_head_json":{"title":"Delivery information - Crime Passionnel","robots":{"index":"noindex","follow":"follow"},"og_locale":"da_DK","og_type":"article","og_title":"Delivery information - Crime Passionnel","og_description":"TERMS OF DELIVERY: Articles will be delivered to the delivery address mentioned at the time of the order. DELIVERY TIMES: Articles are only shipped after the client\u2019s effective payment. Delivery times are indicated below. Even though we shall endeavour to respect these delivery times as accurately as possible, they depend on transportation possibilities. Denmark: 1 &hellip;","og_url":"https:\/\/crime-passionnel.com\/da\/delivery-information\/","og_site_name":"Crime Passionnel","article_publisher":"https:\/\/www.facebook.com\/crimepassionnel\/","article_modified_time":"2023-02-06T03:54:22+00:00","twitter_card":"summary_large_image","twitter_misc":{"Estimeret l\u00e6setid":"2 minutter"},"schema":{"@context":"https:\/\/schema.org","@graph":[{"@type":"WebPage","@id":"https:\/\/crime-passionnel.com\/delivery-information\/","url":"https:\/\/crime-passionnel.com\/delivery-information\/","name":"Delivery information - Crime Passionnel","isPartOf":{"@id":"https:\/\/crime-passionnel.com\/#website"},"datePublished":"2021-05-24T07:48:27+00:00","dateModified":"2023-02-06T03:54:22+00:00","breadcrumb":{"@id":"https:\/\/crime-passionnel.com\/delivery-information\/#breadcrumb"},"inLanguage":"da-DK","potentialAction":[{"@type":"ReadAction","target":["https:\/\/crime-passionnel.com\/delivery-information\/"]}]},{"@type":"BreadcrumbList","@id":"https:\/\/crime-passionnel.com\/delivery-information\/#breadcrumb","itemListElement":[{"@type":"ListItem","position":1,"name":"Home","item":"https:\/\/crime-passionnel.com\/"},{"@type":"ListItem","position":2,"name":"Delivery information"}]},{"@type":"WebSite","@id":"https:\/\/crime-passionnel.com\/#website","url":"https:\/\/crime-passionnel.com\/","name":"Forbrydelse og lidenskab","description":"","publisher":{"@id":"https:\/\/crime-passionnel.com\/#organization"},"potentialAction":[{"@type":"SearchAction","target":{"@type":"EntryPoint","urlTemplate":"https:\/\/crime-passionnel.com\/?s={search_term_string}"},"query-input":{"@type":"PropertyValueSpecification","valueRequired":true,"valueName":"search_term_string"}}],"inLanguage":"da-DK"},{"@type":"Organization","@id":"https:\/\/crime-passionnel.com\/#organization","name":"Forbrydelse og lidenskab","url":"https:\/\/crime-passionnel.com\/","logo":{"@type":"ImageObject","inLanguage":"da-DK","@id":"https:\/\/crime-passionnel.com\/#\/schema\/logo\/image\/","url":"https:\/\/crime-passionnel.com\/wp-content\/uploads\/2021\/07\/logo.png","contentUrl":"https:\/\/crime-passionnel.com\/wp-content\/uploads\/2021\/07\/logo.png","width":128,"height":50,"caption":"Crime Passionnel"},"image":{"@id":"https:\/\/crime-passionnel.com\/#\/schema\/logo\/image\/"},"sameAs":["https:\/\/www.facebook.com\/crimepassionnel\/","https:\/\/www.instagram.com\/crime.passionnel\/"]}]}},"_links":{"self":[{"href":"https:\/\/crime-passionnel.com\/da\/wp-json\/wp\/v2\/pages\/1834","targetHints":{"allow":["GET"]}}],"collection":[{"href":"https:\/\/crime-passionnel.com\/da\/wp-json\/wp\/v2\/pages"}],"about":[{"href":"https:\/\/crime-passionnel.com\/da\/wp-json\/wp\/v2\/types\/page"}],"author":[{"embeddable":true,"href":"https:\/\/crime-passionnel.com\/da\/wp-json\/wp\/v2\/users\/2"}],"replies":[{"embeddable":true,"href":"https:\/\/crime-passionnel.com\/da\/wp-json\/wp\/v2\/comments?post=1834"}],"version-history":[{"count":17,"href":"https:\/\/crime-passionnel.com\/da\/wp-json\/wp\/v2\/pages\/1834\/revisions"}],"predecessor-version":[{"id":13663,"href":"https:\/\/crime-passionnel.com\/da\/wp-json\/wp\/v2\/pages\/1834\/revisions\/13663"}],"wp:attachment":[{"href":"https:\/\/crime-passionnel.com\/da\/wp-json\/wp\/v2\/media?parent=1834"}],"curies":[{"name":"wp","href":"https:\/\/api.w.org\/{rel}","templated":true}]}}